{"id":194,"date":"2022-02-08T15:56:02","date_gmt":"2022-02-08T17:56:02","guid":{"rendered":"https:\/\/sites.usp.br\/epigen\/?page_id=194"},"modified":"2024-11-07T23:37:55","modified_gmt":"2024-11-08T01:37:55","slug":"people","status":"publish","type":"page","link":"https:\/\/sites.usp.br\/epigen\/people\/","title":{"rendered":"People"},"content":{"rendered":"<span style=\"font-size: 16pt; color: #000000;\"><strong><span style=\"font-family: terminal, monaco, monospace;\">Who we are<\/span><\/strong><\/span><\/p>\n<p><span style=\"color: #ab115d; font-size: 12pt;\"><strong><span style=\"font-family: terminal, monaco, monospace;\">Team Members<\/span><\/strong><\/span><\/p>\n<p><span style=\"color: #ab115d; font-size: 12pt;\"><strong><span style=\"font-family: terminal, monaco, monospace;\"><img loading=\"lazy\" decoding=\"async\" class=\"alignnone wp-image-455\" src=\"https:\/\/sites.usp.br\/epigen\/wp-content\/uploads\/sites\/950\/2022\/04\/profa_carolina.jpg\" alt=\"\" width=\"112\" height=\"131\" \/><br \/>\n<\/span><\/strong><\/span><\/p>\n<p><span style=\"font-family: terminal, monaco, monospace; font-size: 11pt;\"><a href=\"http:\/\/lattes.cnpq.br\/4683692076330621\" target=\"_blank\" rel=\"noopener\">Carolina Bonilla<\/a> <span style=\"color: #000000;\">(Richero), Principal Investigator<\/span><\/span><\/p>\n<p>&nbsp;<\/p>\n<p><span style=\"font-family: terminal, monaco, monospace; color: #000000; font-size: 12pt;\">Postgraduate students<\/span><\/p>\n<p><span style=\"font-family: terminal, monaco, monospace; color: #000000; font-size: 10pt;\">Estefany Alves de Oliveira, MSc student (2024-2026)<\/span><\/p>\n<p>&nbsp;<\/p>\n<p><span style=\"font-family: terminal, monaco, monospace; color: #000000; font-size: 12pt;\">Graduate students<\/span><\/p>\n<p><span style=\"font-family: terminal, monaco, monospace; color: #000000; font-size: 10pt;\">Alex Amorim Palomino, Inicia\u00e7\u00e3o Cient\u00edfica student (PUB 2024-2025)<\/span><\/p>\n<p><span style=\"font-family: terminal, monaco, monospace; color: #000000; font-size: 10pt;\">Leticia Silveira Arut, Inicia\u00e7\u00e3o Cient\u00edfica student (2024-2025)<\/span><\/p>\n<p><span style=\"font-family: terminal, monaco, monospace; color: #000000; font-size: 10pt;\">Gabriel de Biase Hermann, Inicia\u00e7\u00e3o Cient\u00edfica student (PUB 2023-2024)<\/span><\/p>\n<p><span style=\"font-family: terminal, monaco, monospace; color: #000000; font-size: 10pt;\">Jessica Goncalves de Moraes, Inicia\u00e7\u00e3o Cient\u00edfica student (PUB 2022-2023)<\/span><\/p>\n<p><span style=\"color: #000000; font-family: terminal, monaco, monospace; font-size: 10pt;\">Caroline de Souza Silverio, Inicia\u00e7\u00e3o Cient\u00edfica student (PUB 2021-2022)<\/span><\/p>\n<p><span style=\"font-family: terminal, monaco, monospace; color: #000000; font-size: 10pt;\">Matheus Aoki Andaku, Inicia\u00e7\u00e3o Cient\u00edfica student (PUB 2021-2022)<\/span><\/p>\n<p>&nbsp;<\/p>\n<p><span style=\"font-size: 12pt; color: #ab115d;\"><strong><span style=\"font-family: terminal, monaco, monospace;\">Collaborations<\/span><\/strong><\/span><\/p>\n<p><span style=\"font-family: terminal, monaco, monospace; color: #000000; font-size: 11pt;\"><em>In Brazil<\/em><\/span><\/p>\n<p><span style=\"font-family: terminal, monaco, monospace; font-size: 11pt;\"><a href=\"http:\/\/lattes.cnpq.br\/3015004307520493\" target=\"_blank\" rel=\"noopener\">Alicia Matijasevich<\/a> <span style=\"color: #000000;\">(Departamento de Medicina Preventiva, FMUSP)<\/span><\/span><\/p>\n<p><span style=\"font-size: 11pt;\"><span style=\"font-family: terminal, monaco, monospace; color: #000000;\">Mario C\u00e9sar Scheffer (Departamento de Medicina Preventiva, FMUSP)<br \/>\n<\/span><span style=\"font-family: terminal, monaco, monospace;\"><span style=\"color: #000000;\">Grupo de Estudos de Demografia M\u00e9dica:<\/span> <a href=\"https:\/\/sites.usp.br\/gedm\/\" target=\"_blank\" rel=\"noopener\">https:\/\/sites.usp.br\/gedm\/<\/a><\/span><\/span><\/p>\n<p><span style=\"font-family: terminal, monaco, monospace; font-size: 11pt;\"><a href=\"https:\/\/www.researchgate.net\/profile\/Roger-Chammas\" target=\"_blank\" rel=\"noopener\">Roger Chammas<\/a> <span style=\"color: #000000;\">(Instituto de Cancer do Estado de S\u00e3o Paulo [ICESP])<\/span><\/span><\/p>\n<p><span style=\"font-family: terminal, monaco, monospace; font-size: 11pt;\"><a href=\"http:\/\/lattes.cnpq.br\/1428714535243632\" target=\"_blank\" rel=\"noopener\">Luciana Tovo-Rodrigues<\/a> <span style=\"color: #000000;\">(Departamento de Medicina Social, Faculdade de Medicina, Universidade Federal de Pelotas)<\/span><\/span><\/p>\n<p><span style=\"font-size: 11pt;\"><a href=\"http:\/\/lattes.cnpq.br\/9393903837681988\" target=\"_blank\" rel=\"noopener\"><span style=\"font-family: terminal, monaco, monospace;\">Lavinia Schuler-Faccini<\/span><\/a><span style=\"font-family: terminal, monaco, monospace; color: #000000;\">\u00a0(Instituto de Bioci\u00eancias, Universidade Federal do Rio Grande do Sul)<\/span><\/span><\/p>\n<p>&nbsp;<\/p>\n<p><span style=\"font-family: terminal, monaco, monospace; color: #000000; font-size: 11pt;\"><em>Outside Brazil<\/em><\/span><\/p>\n<p><span style=\"font-family: terminal, monaco, monospace; font-size: 11pt;\"><a href=\"http:\/\/www.genetica.fmed.edu.uy\/investigacion\/epidemiologia-genetica\" target=\"_blank\" rel=\"noopener\">Bernardo Bertoni<\/a> <span style=\"color: #000000;\">(Laboratorio de Epidemiologia Gen\u00e9tica, Departamento de Gen\u00e9tica, Facultad de Medicina, Universidad de la Rep\u00fablica, Uruguay)<\/span><\/span><\/p>\n<p><span style=\"font-family: terminal, monaco, monospace; font-size: 11pt;\"><a href=\"https:\/\/orcid.org\/0000-0002-1564-8761\" target=\"_blank\" rel=\"noopener\">M\u00f3nica Sans<\/a> <span style=\"color: #000000;\">(Departamento de Antropolog\u00eda Biol\u00f3gica, Instituto de Ciencias Antropol\u00f3gicas, Facultad de Humanidades y Ciencias de la Educaci\u00f3n, Universidad de la Rep\u00fablica, Uruguay)<\/span><\/span><\/p>\n<p><span style=\"font-family: terminal, monaco, monospace; color: #000000; font-size: 11pt;\">Nora Artagaveytia (Departamento B\u00e1sico de Medicina, Facultad de Medicina, Universidad de la Rep\u00fablica, Uruguay)<\/span><\/p>\n<p><span style=\"font-family: terminal, monaco, monospace; font-size: 11pt;\"><a href=\"https:\/\/maphealth.ca\/mejia-lancheros\/\" target=\"_blank\" rel=\"noopener\">Cilia Mejia-Lancheros<\/a> <span style=\"color: #000000;\">(MAP Centre for Urban Health Solutions, Li Ka Shing Knowledge Institute, St Michael&#8217;s Hospital, Unity Health Toronto, Toronto, Canada)<\/span><\/span><\/p>\n<p><span style=\"font-family: terminal, monaco, monospace; font-size: 11pt;\"><a href=\"https:\/\/www.hsph.harvard.edu\/profile\/diana-juvinao-quintero\/\" target=\"_blank\" rel=\"noopener\">Diana Juvinao-Quintero<\/a><span style=\"color: #000000;\"> (Departament of Population Medicine, Harvard Medical School, Boston, MA, United States)<\/span><\/span><\/p>\n<p><span style=\"font-size: 11pt;\"><a href=\"https:\/\/dceg.cancer.gov\/research\/cancer-types\/breast-cancer\/confluence-project\" target=\"_blank\" rel=\"noopener\"><span style=\"font-family: terminal, monaco, monospace;\">Latin America Genomics Breast Cancer Consortium (LAGENO-BC) &amp; Confluence<\/span><\/a><\/span><\/p>\n<p>&nbsp;","protected":false},"excerpt":{"rendered":"<p>Who we are Team Members Carolina Bonilla (Richero), Principal Investigator &nbsp; Postgraduate students Estefany Alves de Oliveira, MSc student (2024-2026)&#46;&#46;&#46;<\/p>\n","protected":false},"author":22756,"featured_media":0,"parent":0,"menu_order":0,"comment_status":"closed","ping_status":"closed","template":"","meta":{"_monsterinsights_skip_tracking":false,"_monsterinsights_sitenote_active":false,"_monsterinsights_sitenote_note":"","_monsterinsights_sitenote_category":0,"footnotes":"","_links_to":"","_links_to_target":""},"class_list":["post-194","page","type-page","status-publish","hentry"],"_links":{"self":[{"href":"https:\/\/sites.usp.br\/epigen\/wp-json\/wp\/v2\/pages\/194","targetHints":{"allow":["GET"]}}],"collection":[{"href":"https:\/\/sites.usp.br\/epigen\/wp-json\/wp\/v2\/pages"}],"about":[{"href":"https:\/\/sites.usp.br\/epigen\/wp-json\/wp\/v2\/types\/page"}],"author":[{"embeddable":true,"href":"https:\/\/sites.usp.br\/epigen\/wp-json\/wp\/v2\/users\/22756"}],"replies":[{"embeddable":true,"href":"https:\/\/sites.usp.br\/epigen\/wp-json\/wp\/v2\/comments?post=194"}],"version-history":[{"count":4,"href":"https:\/\/sites.usp.br\/epigen\/wp-json\/wp\/v2\/pages\/194\/revisions"}],"predecessor-version":[{"id":546,"href":"https:\/\/sites.usp.br\/epigen\/wp-json\/wp\/v2\/pages\/194\/revisions\/546"}],"wp:attachment":[{"href":"https:\/\/sites.usp.br\/epigen\/wp-json\/wp\/v2\/media?parent=194"}],"curies":[{"name":"wp","href":"https:\/\/api.w.org\/{rel}","templated":true}]}}