{"id":200,"date":"2022-02-08T15:57:42","date_gmt":"2022-02-08T17:57:42","guid":{"rendered":"https:\/\/sites.usp.br\/epigen\/?page_id=200"},"modified":"2023-10-03T12:16:59","modified_gmt":"2023-10-03T14:16:59","slug":"teaching","status":"publish","type":"page","link":"https:\/\/sites.usp.br\/epigen\/teaching\/","title":{"rendered":"Teaching"},"content":{"rendered":"<span style=\"color: #000000;\"><strong><span style=\"font-family: terminal, monaco, monospace; font-size: 16pt;\">Classes we teach<\/span><\/strong><\/span><\/p>\n<p><span style=\"font-family: terminal, monaco, monospace; color: #000000; font-size: 11pt;\">The GEG participates in the following:<\/span><\/p>\n<p><span style=\"color: #ab115d; font-size: 12pt;\"><strong><span style=\"font-family: terminal, monaco, monospace;\">Undergraduate courses<\/span><\/strong><\/span><\/p>\n<p><span style=\"font-family: terminal, monaco, monospace; color: #000000; font-size: 11pt;\">1- <strong>UC29<\/strong> Fundamentos da Pesquisa Cient\u00edfica em Medicina<\/span><\/p>\n<p><span style=\"font-family: terminal, monaco, monospace; color: #000000; font-size: 11pt;\">2- <strong>MSP5204<\/strong> Est\u00e1gio Integrado em Medicina da Fam\u00edlia e Comunidade e Sa\u00fade Mental<\/span><\/p>\n<p>&nbsp;<\/p>\n<p><span style=\"font-size: 12pt;\"><strong><span style=\"font-family: terminal, monaco, monospace; color: #ab115d;\">Graduate courses<\/span><\/strong><\/span><\/p>\n<p><span style=\"font-family: terminal, monaco, monospace; color: #000000; font-size: 11pt;\">1- <strong>MPR5728<\/strong> Tipos de Estudos Epidemiol\u00f3gicos<\/span><\/p>\n<p><span style=\"font-family: terminal, monaco, monospace; color: #000000; font-size: 11pt;\">2- <strong>MPR5729<\/strong> An\u00e1lise de Estudos Epidemiol\u00f3gicos<\/span><\/p>\n<p><span style=\"font-family: terminal, monaco, monospace; color: #000000; font-size: 11pt;\">3- <strong>MPR5749<\/strong> Semin\u00e1rios de Epidemiologia<\/span><\/p>\n<p>&nbsp;<\/p>\n<p><span style=\"color: #ab115d; font-size: 12pt;\"><strong><span style=\"font-family: terminal, monaco, monospace;\">Medical and multi-professional residency course<\/span><\/strong><\/span><\/p>\n<p><span style=\"font-family: terminal, monaco, monospace; color: #000000; font-size: 11pt;\">1- Introdu\u00e7\u00e3o \u00e0 Epidemiologia module<\/span>","protected":false},"excerpt":{"rendered":"<p>Classes we teach The GEG participates in the following: Undergraduate courses 1- UC29 Fundamentos da Pesquisa Cient\u00edfica em Medicina 2-&#46;&#46;&#46;<\/p>\n","protected":false},"author":22756,"featured_media":0,"parent":0,"menu_order":0,"comment_status":"closed","ping_status":"closed","template":"","meta":{"_monsterinsights_skip_tracking":false,"_monsterinsights_sitenote_active":false,"_monsterinsights_sitenote_note":"","_monsterinsights_sitenote_category":0,"footnotes":"","_links_to":"","_links_to_target":""},"class_list":["post-200","page","type-page","status-publish","hentry"],"_links":{"self":[{"href":"https:\/\/sites.usp.br\/epigen\/wp-json\/wp\/v2\/pages\/200","targetHints":{"allow":["GET"]}}],"collection":[{"href":"https:\/\/sites.usp.br\/epigen\/wp-json\/wp\/v2\/pages"}],"about":[{"href":"https:\/\/sites.usp.br\/epigen\/wp-json\/wp\/v2\/types\/page"}],"author":[{"embeddable":true,"href":"https:\/\/sites.usp.br\/epigen\/wp-json\/wp\/v2\/users\/22756"}],"replies":[{"embeddable":true,"href":"https:\/\/sites.usp.br\/epigen\/wp-json\/wp\/v2\/comments?post=200"}],"version-history":[{"count":4,"href":"https:\/\/sites.usp.br\/epigen\/wp-json\/wp\/v2\/pages\/200\/revisions"}],"predecessor-version":[{"id":531,"href":"https:\/\/sites.usp.br\/epigen\/wp-json\/wp\/v2\/pages\/200\/revisions\/531"}],"wp:attachment":[{"href":"https:\/\/sites.usp.br\/epigen\/wp-json\/wp\/v2\/media?parent=200"}],"curies":[{"name":"wp","href":"https:\/\/api.w.org\/{rel}","templated":true}]}}