{"id":64,"date":"2024-02-12T11:28:54","date_gmt":"2024-02-12T13:28:54","guid":{"rendered":"http:\/\/sites.usp.br\/equonomia\/?page_id=64"},"modified":"2024-07-15T22:52:33","modified_gmt":"2024-07-16T00:52:33","slug":"pagina-2","status":"publish","type":"page","link":"https:\/\/sites.usp.br\/equonomia\/pagina-2\/","title":{"rendered":"Complexo do Agroneg\u00f3cio do Cavalo"},"content":{"rendered":"<p>No ano de 2006 foi publicado o trabalho \u201cComplexo do Agroneg\u00f3cio do Cavalo\u201d. Pela primeira vez, no Brasil, uma publica\u00e7\u00e3o buscava dimensionar a import\u00e2ncia econ\u00f4mica e social do cavalo neste pa\u00eds. Por se tratar de um trabalho pioneiro, foi uma primeira aproxima\u00e7\u00e3o, como uma foto sem a defini\u00e7\u00e3o ideal, mas que j\u00e1 permitia enxergar diversos aspectos.<\/p>\n<p>O trabalho tornou-se refer\u00eancia econ\u00f4mica para diversos artigos t\u00e9cnicos, cient\u00edficos e jornal\u00edsticos. Em 2016 foi realizada uma revis\u00e3o do Estudo a pedido da C\u00e2mara Setorial de Equideocultura do MAPA.<\/p>\n<p>Ambos trabalhos podem ser vistos clicando nas respectivas imagens.<\/p>\n<p><a href=\"https:\/\/www.cepea.esalq.usp.br\/en\/documentos\/texto\/estudo-do-complexo-do-agronegocio-do-cavalo-resumo-coletanea-estudos-gleba.aspx\"><img loading=\"lazy\" decoding=\"async\" class=\"alignnone size-medium wp-image-374\" src=\"https:\/\/sites.usp.br\/equonomia\/wp-content\/uploads\/sites\/1405\/2024\/01\/cac-300x211.png\" alt=\"\" width=\"300\" height=\"211\" srcset=\"https:\/\/sites.usp.br\/equonomia\/wp-content\/uploads\/sites\/1405\/2024\/01\/cac-300x211.png 300w, https:\/\/sites.usp.br\/equonomia\/wp-content\/uploads\/sites\/1405\/2024\/01\/cac-400x282.png 400w, https:\/\/sites.usp.br\/equonomia\/wp-content\/uploads\/sites\/1405\/2024\/01\/cac.png 757w\" sizes=\"auto, (max-width: 300px) 100vw, 300px\" \/>\u00a0 \u00a0 \u00a0 \u00a0 \u00a0 \u00a0 \u00a0<\/a><a href=\"https:\/\/www.gov.br\/agricultura\/pt-br\/assuntos\/camaras-setoriais-tematicas\/documentos\/camaras-setoriais\/equideocultura\/anos-anteriores\/revisao-do-estudo-do-complexo-do-agronegocio-do-cavalo\"><img loading=\"lazy\" decoding=\"async\" class=\"alignnone size-medium wp-image-373\" src=\"https:\/\/sites.usp.br\/equonomia\/wp-content\/uploads\/sites\/1405\/2024\/01\/revisao-210x300.png\" alt=\"\" width=\"210\" height=\"300\" srcset=\"https:\/\/sites.usp.br\/equonomia\/wp-content\/uploads\/sites\/1405\/2024\/01\/revisao-210x300.png 210w, https:\/\/sites.usp.br\/equonomia\/wp-content\/uploads\/sites\/1405\/2024\/01\/revisao-400x571.png 400w, https:\/\/sites.usp.br\/equonomia\/wp-content\/uploads\/sites\/1405\/2024\/01\/revisao.png 549w\" sizes=\"auto, (max-width: 210px) 100vw, 210px\" \/><\/a><\/p>\n","protected":false},"excerpt":{"rendered":"<p>No ano de 2006 foi publicado o trabalho \u201cComplexo do Agroneg\u00f3cio do Cavalo\u201d. Pela primeira vez, no Brasil, uma publica\u00e7\u00e3o buscava dimensionar a import\u00e2ncia econ\u00f4mica e social do cavalo neste pa\u00eds. Por se tratar de um trabalho pioneiro, foi uma primeira aproxima\u00e7\u00e3o, como uma foto sem a defini\u00e7\u00e3o ideal, mas que j\u00e1 permitia enxergar diversos<a href=\"https:\/\/sites.usp.br\/equonomia\/pagina-2\/\">[&#8230;]<\/a><\/p>\n","protected":false},"author":1,"featured_media":0,"parent":0,"menu_order":0,"comment_status":"closed","ping_status":"closed","template":"","meta":{"footnotes":"","_links_to":"","_links_to_target":""},"class_list":["post-64","page","type-page","status-publish","hentry"],"_links":{"self":[{"href":"https:\/\/sites.usp.br\/equonomia\/wp-json\/wp\/v2\/pages\/64","targetHints":{"allow":["GET"]}}],"collection":[{"href":"https:\/\/sites.usp.br\/equonomia\/wp-json\/wp\/v2\/pages"}],"about":[{"href":"https:\/\/sites.usp.br\/equonomia\/wp-json\/wp\/v2\/types\/page"}],"author":[{"embeddable":true,"href":"https:\/\/sites.usp.br\/equonomia\/wp-json\/wp\/v2\/users\/1"}],"replies":[{"embeddable":true,"href":"https:\/\/sites.usp.br\/equonomia\/wp-json\/wp\/v2\/comments?post=64"}],"version-history":[{"count":4,"href":"https:\/\/sites.usp.br\/equonomia\/wp-json\/wp\/v2\/pages\/64\/revisions"}],"predecessor-version":[{"id":375,"href":"https:\/\/sites.usp.br\/equonomia\/wp-json\/wp\/v2\/pages\/64\/revisions\/375"}],"wp:attachment":[{"href":"https:\/\/sites.usp.br\/equonomia\/wp-json\/wp\/v2\/media?parent=64"}],"curies":[{"name":"wp","href":"https:\/\/api.w.org\/{rel}","templated":true}]}}