{"id":79,"date":"2014-02-24T16:51:20","date_gmt":"2014-02-24T18:51:20","guid":{"rendered":"http:\/\/sites.usp.br\/equonomia\/?page_id=79"},"modified":"2025-03-25T11:31:03","modified_gmt":"2025-03-25T13:31:03","slug":"pagina-inicial","status":"publish","type":"page","link":"https:\/\/sites.usp.br\/equonomia\/","title":{"rendered":"P\u00e1gina Inicial"},"content":{"rendered":"<div id=\"pl-79\"  class=\"panel-layout\" ><div id=\"pg-79-0\"  class=\"panel-grid panel-no-style\" ><div id=\"pgc-79-0-0\"  class=\"panel-grid-cell\" ><div id=\"panel-79-0-0-0\" class=\"so-panel widget widget_sow-slider panel-first-child panel-last-child\" data-index=\"0\" ><div\n\t\t\t\n\t\t\tclass=\"so-widget-sow-slider so-widget-sow-slider-default-d7757604e2ce-79\"\n\t\t\t\n\t\t>\t\t\t\t<div class=\"sow-slider-base\" style=\"display: none\" tabindex=\"0\">\n\t\t\t\t\t<ul\n\t\t\t\t\tclass=\"sow-slider-images\"\n\t\t\t\t\tdata-settings=\"{&quot;pagination&quot;:true,&quot;speed&quot;:800,&quot;timeout&quot;:8000,&quot;paused&quot;:false,&quot;pause_on_hover&quot;:false,&quot;swipe&quot;:true,&quot;nav_always_show_desktop&quot;:&quot;&quot;,&quot;nav_always_show_mobile&quot;:&quot;&quot;,&quot;breakpoint&quot;:&quot;780px&quot;,&quot;unmute&quot;:false,&quot;anchor&quot;:null}\"\n\t\t\t\t\t\t\t\t\t\tdata-anchor-id=\"\"\n\t\t\t\t>\t\t<li class=\"sow-slider-image\" style=\"visibility: visible;;background-color: #ffffff\" >\n\t\t\t\t\t\t<img loading=\"lazy\" decoding=\"async\" width=\"332\" height=\"220\" src=\"https:\/\/sites.usp.br\/equonomia\/wp-content\/uploads\/sites\/1405\/2023\/12\/Logo-equonomia-nome.png\" class=\"sow-slider-background-image\" alt=\"\" style=\"height: 75px; width: auto; margin: 0 auto;\" srcset=\"https:\/\/sites.usp.br\/equonomia\/wp-content\/uploads\/sites\/1405\/2023\/12\/Logo-equonomia-nome.png 332w, https:\/\/sites.usp.br\/equonomia\/wp-content\/uploads\/sites\/1405\/2023\/12\/Logo-equonomia-nome-300x199.png 300w\" sizes=\"auto, (max-width: 332px) 100vw, 332px\" \/>\t\t<\/li>\n\t\t\t\t<li class=\"sow-slider-image\" style=\"visibility: hidden;\" >\n\t\t\t\t\t\t\t\t<\/li>\n\t\t<\/ul>\t\t\t\t<ol class=\"sow-slider-pagination\">\n\t\t\t\t\t\t\t\t\t\t\t<li><a href=\"#\" data-goto=\"0\" aria-label=\"Display slide 1\"><\/a><\/li>\n\t\t\t\t\t\t\t\t\t\t\t<li><a href=\"#\" data-goto=\"1\" aria-label=\"Display slide 2\"><\/a><\/li>\n\t\t\t\t\t\t\t\t\t<\/ol>\n\n\t\t\t\t<div class=\"sow-slide-nav sow-slide-nav-next\">\n\t\t\t\t\t<a href=\"#\" data-goto=\"next\" aria-label=\"Next slide\" data-action=\"next\">\n\t\t\t\t\t\t<em class=\"sow-sld-icon-thin-right\"><\/em>\n\t\t\t\t\t<\/a>\n\t\t\t\t<\/div>\n\n\t\t\t\t<div class=\"sow-slide-nav sow-slide-nav-prev\">\n\t\t\t\t\t<a href=\"#\" data-goto=\"previous\" aria-label=\"Previous slide\" data-action=\"prev\">\n\t\t\t\t\t\t<em class=\"sow-sld-icon-thin-left\"><\/em>\n\t\t\t\t\t<\/a>\n\t\t\t\t<\/div>\n\t\t\t\t<\/div><\/div><\/div><\/div><\/div><div id=\"pg-79-1\"  class=\"panel-grid panel-has-style\" ><div class=\"panel-row-style panel-row-style-for-79-1\" ><div id=\"pgc-79-1-0\"  class=\"panel-grid-cell panel-grid-cell-empty\" ><\/div><div id=\"pgc-79-1-1\"  class=\"panel-grid-cell panel-grid-cell-mobile-last\" ><div id=\"panel-79-1-1-0\" class=\"so-panel widget widget_sow-image panel-first-child panel-last-child\" data-index=\"1\" ><div\n\t\t\t\n\t\t\tclass=\"so-widget-sow-image so-widget-sow-image-default-8b5b6f678277-79\"\n\t\t\t\n\t\t>\n<div class=\"sow-image-container\">\n\t\t<img \n\tsrc=\"https:\/\/sites.usp.br\/equonomia\/wp-content\/uploads\/sites\/1405\/2024\/12\/capa.png\" width=\"1038\" height=\"259\" srcset=\"https:\/\/sites.usp.br\/equonomia\/wp-content\/uploads\/sites\/1405\/2024\/12\/capa.png 1038w, https:\/\/sites.usp.br\/equonomia\/wp-content\/uploads\/sites\/1405\/2024\/12\/capa-300x75.png 300w, https:\/\/sites.usp.br\/equonomia\/wp-content\/uploads\/sites\/1405\/2024\/12\/capa-1024x256.png 1024w, https:\/\/sites.usp.br\/equonomia\/wp-content\/uploads\/sites\/1405\/2024\/12\/capa-768x192.png 768w, https:\/\/sites.usp.br\/equonomia\/wp-content\/uploads\/sites\/1405\/2024\/12\/capa-400x100.png 400w\" sizes=\"(max-width: 1038px) 100vw, 1038px\" alt=\"\" \t\tclass=\"so-widget-image\"\/>\n\t<\/div>\n\n<\/div><\/div><\/div><div id=\"pgc-79-1-2\"  class=\"panel-grid-cell panel-grid-cell-empty\" ><\/div><\/div><\/div><div id=\"pg-79-2\"  class=\"panel-grid panel-has-style\" ><div class=\"panel-row-style panel-row-style-for-79-2\" ><div id=\"pgc-79-2-0\"  class=\"panel-grid-cell\" ><div id=\"panel-79-2-0-0\" class=\"so-panel widget widget_sow-editor panel-first-child\" data-index=\"2\" ><div\n\t\t\t\n\t\t\tclass=\"so-widget-sow-editor so-widget-sow-editor-base\"\n\t\t\t\n\t\t><h3 class=\"widget-title\">Equonomia e Cetebr\u00e1s firmam parceria para impulsionar o agroneg\u00f3cio equino e projetos sociais<\/h3>\n<div class=\"siteorigin-widget-tinymce textwidget\">\n\t<\/div>\n<\/div><\/div><div id=\"panel-79-2-0-1\" class=\"so-panel widget widget_sow-image\" data-index=\"3\" ><div\n\t\t\t\n\t\t\tclass=\"so-widget-sow-image so-widget-sow-image-default-8b5b6f678277-79\"\n\t\t\t\n\t\t>\n<div class=\"sow-image-container\">\n\t\t\t<a href=\"https:\/\/sites.usp.br\/equonomia\/equonomia-e-cetebras-firmam-parceria-para-impulsionar-o-agronegocio-equino-e-projetos-sociais\/\"\n\t\t\t\t\t>\n\t\t\t<img \n\tsrc=\"https:\/\/sites.usp.br\/equonomia\/wp-content\/uploads\/sites\/1405\/2025\/03\/assinando_protocolo-scaled.jpg\" width=\"2560\" height=\"1707\" srcset=\"https:\/\/sites.usp.br\/equonomia\/wp-content\/uploads\/sites\/1405\/2025\/03\/assinando_protocolo-scaled.jpg 2560w, https:\/\/sites.usp.br\/equonomia\/wp-content\/uploads\/sites\/1405\/2025\/03\/assinando_protocolo-300x200.jpg 300w, https:\/\/sites.usp.br\/equonomia\/wp-content\/uploads\/sites\/1405\/2025\/03\/assinando_protocolo-1024x683.jpg 1024w, https:\/\/sites.usp.br\/equonomia\/wp-content\/uploads\/sites\/1405\/2025\/03\/assinando_protocolo-768x512.jpg 768w, https:\/\/sites.usp.br\/equonomia\/wp-content\/uploads\/sites\/1405\/2025\/03\/assinando_protocolo-1536x1024.jpg 1536w, https:\/\/sites.usp.br\/equonomia\/wp-content\/uploads\/sites\/1405\/2025\/03\/assinando_protocolo-2048x1366.jpg 2048w, https:\/\/sites.usp.br\/equonomia\/wp-content\/uploads\/sites\/1405\/2025\/03\/assinando_protocolo-750x500.jpg 750w, https:\/\/sites.usp.br\/equonomia\/wp-content\/uploads\/sites\/1405\/2025\/03\/assinando_protocolo-272x182.jpg 272w, https:\/\/sites.usp.br\/equonomia\/wp-content\/uploads\/sites\/1405\/2025\/03\/assinando_protocolo-400x267.jpg 400w\" sizes=\"(max-width: 2560px) 100vw, 2560px\" title=\"assinando_protocolo\" alt=\"\" \t\tclass=\"so-widget-image\"\/>\n\t\t\t<\/a><\/div>\n\n<\/div><\/div><div id=\"panel-79-2-0-2\" class=\"so-panel widget widget_sow-editor panel-last-child\" data-index=\"4\" ><div\n\t\t\t\n\t\t\tclass=\"so-widget-sow-editor so-widget-sow-editor-base\"\n\t\t\t\n\t\t><h3 class=\"widget-title\">Boletim Equon\u00f4mico - Mar\u00e7o 2025<\/h3>\n<div class=\"siteorigin-widget-tinymce textwidget\">\n\t<p>Leia <a href=\"https:\/\/sites.usp.br\/equonomia\/boletim-equonomico-marco-2025\/\">aqui<\/a>.<\/p>\n<\/div>\n<\/div><\/div><\/div><div id=\"pgc-79-2-1\"  class=\"panel-grid-cell\" ><div id=\"panel-79-2-1-0\" class=\"so-panel widget widget_sow-editor panel-first-child\" data-index=\"5\" ><div\n\t\t\t\n\t\t\tclass=\"so-widget-sow-editor so-widget-sow-editor-base\"\n\t\t\t\n\t\t><h3 class=\"widget-title\">PROCESSO SELETIVO 2025.1<\/h3>\n<div class=\"siteorigin-widget-tinymce textwidget\">\n\t<p>Clique <a href=\"https:\/\/sites.usp.br\/equonomia\/processo-seletivo-2025-1\/\">aqui<\/a> para participar.<\/p>\n<\/div>\n<\/div><\/div><div id=\"panel-79-2-1-1\" class=\"so-panel widget widget_sow-image panel-last-child\" data-index=\"6\" ><div\n\t\t\t\n\t\t\tclass=\"so-widget-sow-image so-widget-sow-image-default-8b5b6f678277-79\"\n\t\t\t\n\t\t>\n<div class=\"sow-image-container\">\n\t\t\t<a href=\"https:\/\/sites.usp.br\/equonomia\/processo-seletivo-2025-1\/\"\n\t\t\t\t\t>\n\t\t\t<img \n\tsrc=\"https:\/\/sites.usp.br\/equonomia\/wp-content\/uploads\/sites\/1405\/2025\/03\/processo_seletivo_2025.1.jpg\" width=\"1080\" height=\"1080\" srcset=\"https:\/\/sites.usp.br\/equonomia\/wp-content\/uploads\/sites\/1405\/2025\/03\/processo_seletivo_2025.1.jpg 1080w, https:\/\/sites.usp.br\/equonomia\/wp-content\/uploads\/sites\/1405\/2025\/03\/processo_seletivo_2025.1-300x300.jpg 300w, https:\/\/sites.usp.br\/equonomia\/wp-content\/uploads\/sites\/1405\/2025\/03\/processo_seletivo_2025.1-1024x1024.jpg 1024w, https:\/\/sites.usp.br\/equonomia\/wp-content\/uploads\/sites\/1405\/2025\/03\/processo_seletivo_2025.1-150x150.jpg 150w, https:\/\/sites.usp.br\/equonomia\/wp-content\/uploads\/sites\/1405\/2025\/03\/processo_seletivo_2025.1-768x768.jpg 768w, https:\/\/sites.usp.br\/equonomia\/wp-content\/uploads\/sites\/1405\/2025\/03\/processo_seletivo_2025.1-250x250.jpg 250w, https:\/\/sites.usp.br\/equonomia\/wp-content\/uploads\/sites\/1405\/2025\/03\/processo_seletivo_2025.1-174x174.jpg 174w, https:\/\/sites.usp.br\/equonomia\/wp-content\/uploads\/sites\/1405\/2025\/03\/processo_seletivo_2025.1-45x45.jpg 45w, https:\/\/sites.usp.br\/equonomia\/wp-content\/uploads\/sites\/1405\/2025\/03\/processo_seletivo_2025.1-200x200.jpg 200w, https:\/\/sites.usp.br\/equonomia\/wp-content\/uploads\/sites\/1405\/2025\/03\/processo_seletivo_2025.1-400x400.jpg 400w\" sizes=\"(max-width: 1080px) 100vw, 1080px\" alt=\"\" \t\tclass=\"so-widget-image\"\/>\n\t\t\t<\/a><\/div>\n\n<\/div><\/div><\/div><div id=\"pgc-79-2-2\"  class=\"panel-grid-cell\" ><div id=\"panel-79-2-2-0\" class=\"so-panel widget widget_sow-image panel-first-child\" data-index=\"7\" ><div\n\t\t\t\n\t\t\tclass=\"so-widget-sow-image so-widget-sow-image-default-8b5b6f678277-79\"\n\t\t\t\n\t\t>\n<div class=\"sow-image-container\">\n\t\t\t<a href=\"https:\/\/docs.google.com\/forms\/d\/e\/1FAIpQLScmdwVdsLoJAMOMGb98lWjYGufkUdZhYDax8kR7WlVSAkfMbQ\/viewform\"\n\t\t\t\t\t>\n\t\t\t<img \n\tsrc=\"https:\/\/sites.usp.br\/equonomia\/wp-content\/uploads\/sites\/1405\/2024\/01\/equinos-quantidade-1090x618-1.jpg\" width=\"1090\" height=\"618\" srcset=\"https:\/\/sites.usp.br\/equonomia\/wp-content\/uploads\/sites\/1405\/2024\/01\/equinos-quantidade-1090x618-1.jpg 1090w, https:\/\/sites.usp.br\/equonomia\/wp-content\/uploads\/sites\/1405\/2024\/01\/equinos-quantidade-1090x618-1-300x170.jpg 300w, https:\/\/sites.usp.br\/equonomia\/wp-content\/uploads\/sites\/1405\/2024\/01\/equinos-quantidade-1090x618-1-1024x581.jpg 1024w, https:\/\/sites.usp.br\/equonomia\/wp-content\/uploads\/sites\/1405\/2024\/01\/equinos-quantidade-1090x618-1-768x435.jpg 768w, https:\/\/sites.usp.br\/equonomia\/wp-content\/uploads\/sites\/1405\/2024\/01\/equinos-quantidade-1090x618-1-400x227.jpg 400w\" sizes=\"(max-width: 1090px) 100vw, 1090px\" title=\"equinos-quantidade-1090&#215;618\" alt=\"\" \t\tclass=\"so-widget-image\"\/>\n\t\t\t<\/a><\/div>\n\n<\/div><\/div><div id=\"panel-79-2-2-1\" class=\"so-panel widget widget_sow-editor panel-last-child\" data-index=\"8\" ><div\n\t\t\t\n\t\t\tclass=\"so-widget-sow-editor so-widget-sow-editor-base\"\n\t\t\t\n\t\t><h3 class=\"widget-title\">Participe do levantamento sobre a popula\u00e7\u00e3o de equinos, asininos e muares no Brasil<\/h3>\n<div class=\"siteorigin-widget-tinymce textwidget\">\n\t<p>O intuito dessa pesquisa \u00e9 realizar um levantamento mais acurado sobre a popula\u00e7\u00e3o brasileira de equinos, visando assim fornecer informa\u00e7\u00f5es mais atualizadas, sobre a quantidade e distribui\u00e7\u00e3o dos animais, para os diferentes agentes desse setor que tanto cresce.<\/p>\n<p>Sua participa\u00e7\u00e3o \u00e9 essencial! Acesse o link clicando <a href=\"https:\/\/forms.gle\/k4xiVHZtMJFaa5KQ8\">aqui<\/a>.<\/p>\n<\/div>\n<\/div><\/div><\/div><\/div><\/div><div id=\"pg-79-3\"  class=\"panel-grid panel-no-style\" ><div id=\"pgc-79-3-0\"  class=\"panel-grid-cell\" ><div id=\"panel-79-3-0-0\" class=\"so-panel widget widget_sow-editor panel-first-child\" data-index=\"9\" ><div class=\"panel-widget-style panel-widget-style-for-79-3-0-0\" ><div\n\t\t\t\n\t\t\tclass=\"so-widget-sow-editor so-widget-sow-editor-base\"\n\t\t\t\n\t\t>\n<div class=\"siteorigin-widget-tinymce textwidget\">\n\t<h2 style=\"text-align: left\"><span style=\"color: #000000\">NOT\u00cdCIAS<\/span><\/h2>\n<\/div>\n<\/div><\/div><\/div><div id=\"panel-79-3-0-1\" class=\"so-panel widget widget_rpwe_widget rpwe_widget recent-posts-extended panel-last-child\" data-index=\"10\" ><div  class=\"rpwe-block\"><ul class=\"rpwe-ul\"><li class=\"rpwe-li rpwe-clearfix\"><h3 class=\"rpwe-title\"><a href=\"https:\/\/sites.usp.br\/equonomia\/equonomia-e-cetebras-firmam-parceria-para-impulsionar-o-agronegocio-equino-e-projetos-sociais\/\" target=\"_self\">Equonomia e Cetebr\u00e1s firmam parceria para impulsionar o agroneg\u00f3cio equino e projetos sociais<\/a><\/h3><time class=\"rpwe-time published\" datetime=\"2025-03-25T11:22:54-02:00\">25\/03\/2025<\/time><div class=\"rpwe-summary\">No dia 13 de fevereiro, a Universidade de S\u00e3o Paulo (USP), por meio da Escola Superior de Agricultura Luiz de Queiroz (Esalq) e o Grupo de Extens\u00e3o do Complexo do &hellip;<a href=\"https:\/\/sites.usp.br\/equonomia\/equonomia-e-cetebras-firmam-parceria-para-impulsionar-o-agronegocio-equino-e-projetos-sociais\/\" class=\"more-link\">Leia mais \u00bb<\/a><\/div><\/li><li class=\"rpwe-li rpwe-clearfix\"><h3 class=\"rpwe-title\"><a href=\"https:\/\/sites.usp.br\/equonomia\/processo-seletivo-2025-1\/\" target=\"_self\">PROCESSO SELETIVO 2025.1<\/a><\/h3><time class=\"rpwe-time published\" datetime=\"2025-03-24T19:44:54-02:00\">24\/03\/2025<\/time><div class=\"rpwe-summary\">Est\u00e3o abertas as inscri\u00e7\u00f5es para participar do\u00a0Processo Seletivo 2025.1 &#8211; Grupo Equonomia Se voc\u00ea se interessa por economia e equ\u00eddeos, esse \u00e9 o grupo ideal para voc\u00ea fazer parte! O &hellip;<a href=\"https:\/\/sites.usp.br\/equonomia\/processo-seletivo-2025-1\/\" class=\"more-link\">Leia mais \u00bb<\/a><\/div><\/li><li class=\"rpwe-li rpwe-clearfix\"><h3 class=\"rpwe-title\"><a href=\"https:\/\/sites.usp.br\/equonomia\/palestra-desafios-e-oportunidades-do-complexo-do-agronegocio-do-cavalo-na-43a-efapi\/\" target=\"_self\">Palestra &#8220;Desafios e Oportunidades do Complexo do Agroneg\u00f3cio do Cavalo&#8221; na 43\u00aa Efapi<\/a><\/h3><time class=\"rpwe-time published\" datetime=\"2024-09-03T17:18:57-02:00\">03\/09\/2024<\/time><div class=\"rpwe-summary\">Dentre os dias 10 a 15 de setembro, acontece a 43\u00aa Exposi\u00e7\u00e3o Feira Agropecu\u00e1ria e Industrial de Ponta Grossa (Efapi), em Ponta Grossa &#8211; Paran\u00e1. Realizado no Centro de Eventos, &hellip;<a href=\"https:\/\/sites.usp.br\/equonomia\/palestra-desafios-e-oportunidades-do-complexo-do-agronegocio-do-cavalo-na-43a-efapi\/\" class=\"more-link\">Leia mais \u00bb<\/a><\/div><\/li><\/ul><\/div><!-- Generated by http:\/\/wordpress.org\/plugins\/recent-posts-widget-extended\/ --><\/div><\/div><div id=\"pgc-79-3-1\"  class=\"panel-grid-cell\" ><div id=\"panel-79-3-1-0\" class=\"so-panel widget widget_sow-editor panel-first-child\" data-index=\"11\" ><div class=\"panel-widget-style panel-widget-style-for-79-3-1-0\" ><div\n\t\t\t\n\t\t\tclass=\"so-widget-sow-editor so-widget-sow-editor-base\"\n\t\t\t\n\t\t>\n<div class=\"siteorigin-widget-tinymce textwidget\">\n\t<h2><span style=\"color: #000000;\">BOLETIM EQUON\u00d4MICO<\/span><\/h2>\n<\/div>\n<\/div><\/div><\/div><div id=\"panel-79-3-1-1\" class=\"so-panel widget widget_sow-editor panel-last-child\" data-index=\"12\" ><div\n\t\t\t\n\t\t\tclass=\"so-widget-sow-editor so-widget-sow-editor-base\"\n\t\t\t\n\t\t>\n<div class=\"siteorigin-widget-tinymce textwidget\">\n\t<p>Boletim Edi\u00e7\u00e3o Maio [download id=\"443\"]\n<\/div>\n<\/div><\/div><\/div><\/div><\/div>","protected":false},"excerpt":{"rendered":"<p>Equonomia e Cetebr\u00e1s firmam parceria para impulsionar o agroneg\u00f3cio equino e projetos sociais Boletim Equon\u00f4mico &#8211; Mar\u00e7o 2025 Leia aqui. PROCESSO SELETIVO 2025.1 Clique aqui para participar. Participe do levantamento sobre a popula\u00e7\u00e3o de equinos, asininos e muares no Brasil O intuito dessa pesquisa \u00e9 realizar um levantamento mais acurado sobre a popula\u00e7\u00e3o brasileira de<a href=\"https:\/\/sites.usp.br\/equonomia\/\">[&#8230;]<\/a><\/p>\n","protected":false},"author":1,"featured_media":0,"parent":0,"menu_order":0,"comment_status":"closed","ping_status":"closed","template":"template-fullwidth-no-title.php","meta":{"footnotes":"","_links_to":"","_links_to_target":""},"class_list":["post-79","page","type-page","status-publish","hentry"],"_links":{"self":[{"href":"https:\/\/sites.usp.br\/equonomia\/wp-json\/wp\/v2\/pages\/79","targetHints":{"allow":["GET"]}}],"collection":[{"href":"https:\/\/sites.usp.br\/equonomia\/wp-json\/wp\/v2\/pages"}],"about":[{"href":"https:\/\/sites.usp.br\/equonomia\/wp-json\/wp\/v2\/types\/page"}],"author":[{"embeddable":true,"href":"https:\/\/sites.usp.br\/equonomia\/wp-json\/wp\/v2\/users\/1"}],"replies":[{"embeddable":true,"href":"https:\/\/sites.usp.br\/equonomia\/wp-json\/wp\/v2\/comments?post=79"}],"version-history":[{"count":7,"href":"https:\/\/sites.usp.br\/equonomia\/wp-json\/wp\/v2\/pages\/79\/revisions"}],"predecessor-version":[{"id":577,"href":"https:\/\/sites.usp.br\/equonomia\/wp-json\/wp\/v2\/pages\/79\/revisions\/577"}],"wp:attachment":[{"href":"https:\/\/sites.usp.br\/equonomia\/wp-json\/wp\/v2\/media?parent=79"}],"curies":[{"name":"wp","href":"https:\/\/api.w.org\/{rel}","templated":true}]}}