{"id":581,"date":"2024-02-07T10:32:14","date_gmt":"2024-02-07T13:32:14","guid":{"rendered":"https:\/\/sites.usp.br\/escolausp\/08-03-2017\/"},"modified":"2024-05-29T15:39:04","modified_gmt":"2024-05-29T18:39:04","slug":"08-03-2017","status":"publish","type":"page","link":"https:\/\/sites.usp.br\/escolausp\/08-03-2017\/","title":{"rendered":"08\/03\/2017"},"content":{"rendered":"<div id=\"pl-581\"  class=\"panel-layout\" ><div id=\"pg-581-0\"  class=\"panel-grid panel-no-style\" ><div id=\"pgc-581-0-0\"  class=\"panel-grid-cell\" ><div id=\"panel-581-0-0-0\" class=\"so-panel widget_sow-editor panel-first-child panel-last-child\" data-index=\"0\" ><div\n\t\t\t\n\t\t\tclass=\"so-widget-sow-editor so-widget-sow-editor-base\"\n\t\t\t\n\t\t>\n<div class=\"siteorigin-widget-tinymce textwidget\">\n\t<h1>\u00bfSON EMPRENDEDORES NUESTROS J\u00d3VENES UNIVERSITARIOS? \u00bfLES ENSE\u00d1AMOS A SERLO?<\/h1>\n<h2>Por Escolauspasdfasdf | 08\/03\/2017<\/h2>\n<hr \/>\n<p>H\u00e1 quem diga que n\u00e3o se pode ensinar a empreender, mas que \u00e9 poss\u00edvel aprender a empreender. Se por meio da educa\u00e7\u00e3o \u00e9 poss\u00edvel alcan\u00e7ar um perfil empreendedor, ent\u00e3o as quest\u00f5es que se colocam s\u00e3o os objetivos, conte\u00fados, meios, m\u00e9todos e at\u00e9 espa\u00e7os para aprender e ensinar a empreender. Sabe-se que o conhecimento pr\u00e9vio do perfil de jovens envolvidos com o tema pode auxiliar nesse caminho, especialmente em rela\u00e7\u00e3o \u00e0s expectativas e atitudes do futuro empreendedor e sua percep\u00e7\u00e3o de empreendedorismo como op\u00e7\u00e3o de carreira. Apesar de necess\u00e1rio, o tema n\u00e3o \u00e9 usual em escolas ou universidades.<\/p>\n<p>ABERTURA<br \/>\nGuilherme Ary Plonski (EP, FEA e IEA \u2013 USP)<\/p>\n<p>EXPOSI\u00c7\u00c3O<br \/>\nSen\u00e9n Barro Ameneiro (RedEmprendia e Universidad de Santiago de Compostela)<\/p>\n<p>COMENT\u00c1RIOS<br \/>\nJos\u00e9 Alberto Aranha (Anprotec e PUC-RJ)<br \/>\nJos\u00e9 Antonio Lerosa de Siqueira (SENAI e EP-USP)<\/p>\n<p>15 de mar\u00e7o de 2017, das 9h30 \u00e0s 12h30<br \/>\nSala de Eventos do IEA<br \/>\n<a href=\"http:\/\/www.usp.us13.list-manage1.com\/track\/click?u=0859adae7a49c901edb7f69dd&amp;id=6a6f99d816&amp;e=528cdc708e\" target=\"_blank\" rel=\"noopener\">Mais informa\u00e7\u00f5es<\/a><\/p>\n<p>ORGANIZA\u00c7\u00c3O<\/p>\n<p>N\u00facleo de Pol\u00edtica e Gest\u00e3o Tecnol\u00f3gica<br \/>\nInstituto de Estudos Avan\u00e7ados (IEA) da USP<\/p>\n<p>Evento gratuito e com inscri\u00e7\u00e3o pr\u00e9via<br \/>\nEm espanhol, sem tradu\u00e7\u00e3o simult\u00e2nea<br \/>\nLocal Sala de Eventos do IEA \u2013 <a href=\"https:\/\/www.google.com\/maps\/place\/Instituto+de+Estudos+Avan%C3%A7ados+da+Universidade+de+S%C3%A3o+Paulo\/@-23.561185,-46.722028,14z\/data=!4m2!3m1!1s0x0:0x7a6f51c7d025b049?hl=pt-BR\" target=\"_blank\" rel=\"noopener\">Mapa de localiza\u00e7\u00e3o<\/a><br \/>\nRua Pra\u00e7a do Rel\u00f3gio, 109, bloco K, 5\u00ba andar, Cidade Universit\u00e1ria, S\u00e3o Paulo, SP<br \/>\nTransmiss\u00e3o pela web <a href=\"http:\/\/www.iea.usp.br\/aovivo\" target=\"_blank\" rel=\"noopener\">www.iea.usp.br\/aovivo<\/a> ou <a href=\"https:\/\/www.iptv.usp.br\" target=\"_blank\" rel=\"noopener\">www.iptv.usp.br\/aovivo<\/a><br \/>\nInforma\u00e7\u00f5es Claudia Regina, clauregi@usp.br<\/p>\n<\/div>\n<\/div><\/div><\/div><\/div><div id=\"pg-581-1\"  class=\"panel-grid panel-no-style\" ><div id=\"pgc-581-1-0\"  class=\"panel-grid-cell panel-grid-cell-mobile-last\" ><div id=\"panel-581-1-0-0\" class=\"widget_text so-panel widget_custom_html panel-first-child panel-last-child\" data-index=\"1\" ><div class=\"textwidget custom-html-widget\"><a href= \"https:\/\/sites.usp.br\/escolausp\/posts\/20-02-2017\/\">\n\t<h3 style=\"text-align: center; margin-bottom: 0px;\">Anterior<\/h3>\n\t\n\t<p style=\"text-align: center;\"> \n\t\tGest\u00e3o Estrat\u00e9gica com foco na Administra\u00e7\u00e3o P\u00fablica \u2013 Turma 01 A\n\t<\/p>\n<\/a><\/div><\/div><\/div><div id=\"pgc-581-1-1\"  class=\"panel-grid-cell panel-grid-cell-empty\" ><\/div><\/div><\/div>","protected":false},"excerpt":{"rendered":"<p>\u00bfSON EMPRENDEDORES NUESTROS J\u00d3VENES UNIVERSITARIOS? \u00bfLES ENSE\u00d1AMOS A SERLO? Por Escolauspasdfasdf | 08\/03\/2017 H\u00e1 quem [&hellip;]<\/p>\n","protected":false},"author":23905,"featured_media":0,"parent":0,"menu_order":21,"comment_status":"closed","ping_status":"closed","template":"","meta":{"footnotes":"","_links_to":"","_links_to_target":""},"class_list":["post-581","page","type-page","status-publish","hentry"],"_links":{"self":[{"href":"https:\/\/sites.usp.br\/escolausp\/wp-json\/wp\/v2\/pages\/581","targetHints":{"allow":["GET"]}}],"collection":[{"href":"https:\/\/sites.usp.br\/escolausp\/wp-json\/wp\/v2\/pages"}],"about":[{"href":"https:\/\/sites.usp.br\/escolausp\/wp-json\/wp\/v2\/types\/page"}],"author":[{"embeddable":true,"href":"https:\/\/sites.usp.br\/escolausp\/wp-json\/wp\/v2\/users\/23905"}],"replies":[{"embeddable":true,"href":"https:\/\/sites.usp.br\/escolausp\/wp-json\/wp\/v2\/comments?post=581"}],"version-history":[{"count":4,"href":"https:\/\/sites.usp.br\/escolausp\/wp-json\/wp\/v2\/pages\/581\/revisions"}],"predecessor-version":[{"id":711,"href":"https:\/\/sites.usp.br\/escolausp\/wp-json\/wp\/v2\/pages\/581\/revisions\/711"}],"wp:attachment":[{"href":"https:\/\/sites.usp.br\/escolausp\/wp-json\/wp\/v2\/media?parent=581"}],"curies":[{"name":"wp","href":"https:\/\/api.w.org\/{rel}","templated":true}]}}