{"id":182,"date":"2021-10-06T16:37:44","date_gmt":"2021-10-06T18:37:44","guid":{"rendered":"https:\/\/sites.usp.br\/estagiosfilo\/?page_id=182"},"modified":"2022-09-14T12:47:29","modified_gmt":"2022-09-14T15:47:29","slug":"pagina-inicial","status":"publish","type":"page","link":"https:\/\/sites.usp.br\/estagiosfilo\/","title":{"rendered":"P\u00e1gina Inicial"},"content":{"rendered":"<p style=\"text-align: left;\">Bem-vindo(a) ao site de Est\u00e1gios do Servi\u00e7o de Gradua\u00e7\u00e3o da FFCLRP.<\/p>\n<p style=\"text-align: left;\">Clique nas imagens abaixo para acessar as p\u00e1ginas dispon\u00edveis.<\/p>\n<p style=\"text-align: left;\"><a href=\"https:\/\/sites.usp.br\/estagiosfilo\/inicio\/\"><img loading=\"lazy\" decoding=\"async\" class=\"wp-image-213 size-full\" src=\"https:\/\/sites.usp.br\/estagiosfilo\/wp-content\/uploads\/sites\/963\/2021\/11\/1-inicio.png\" alt=\"\" width=\"432\" height=\"99\" srcset=\"https:\/\/sites.usp.br\/estagiosfilo\/wp-content\/uploads\/sites\/963\/2021\/11\/1-inicio.png 432w, https:\/\/sites.usp.br\/estagiosfilo\/wp-content\/uploads\/sites\/963\/2021\/11\/1-inicio-300x69.png 300w, https:\/\/sites.usp.br\/estagiosfilo\/wp-content\/uploads\/sites\/963\/2021\/11\/1-inicio-400x92.png 400w\" sizes=\"auto, (max-width: 432px) 100vw, 432px\" \/><\/a><br \/>\n<a href=\"https:\/\/sites.usp.br\/estagiosfilo\/acompanhamento\/\"><img loading=\"lazy\" decoding=\"async\" class=\"wp-image-214 size-full alignnone\" src=\"https:\/\/sites.usp.br\/estagiosfilo\/wp-content\/uploads\/sites\/963\/2021\/11\/2-acompanhamento.png\" alt=\"\" width=\"432\" height=\"99\" srcset=\"https:\/\/sites.usp.br\/estagiosfilo\/wp-content\/uploads\/sites\/963\/2021\/11\/2-acompanhamento.png 432w, https:\/\/sites.usp.br\/estagiosfilo\/wp-content\/uploads\/sites\/963\/2021\/11\/2-acompanhamento-300x69.png 300w, https:\/\/sites.usp.br\/estagiosfilo\/wp-content\/uploads\/sites\/963\/2021\/11\/2-acompanhamento-400x92.png 400w\" sizes=\"auto, (max-width: 432px) 100vw, 432px\" \/><\/a><br \/>\n<a href=\"https:\/\/sites.usp.br\/estagiosfilo\/acompanhamento\/aditamento\/\"><img loading=\"lazy\" decoding=\"async\" class=\"alignnone wp-image-215 size-full\" src=\"https:\/\/sites.usp.br\/estagiosfilo\/wp-content\/uploads\/sites\/963\/2021\/11\/3-aditamento.png\" alt=\"\" width=\"432\" height=\"99\" srcset=\"https:\/\/sites.usp.br\/estagiosfilo\/wp-content\/uploads\/sites\/963\/2021\/11\/3-aditamento.png 432w, https:\/\/sites.usp.br\/estagiosfilo\/wp-content\/uploads\/sites\/963\/2021\/11\/3-aditamento-300x69.png 300w, https:\/\/sites.usp.br\/estagiosfilo\/wp-content\/uploads\/sites\/963\/2021\/11\/3-aditamento-400x92.png 400w\" sizes=\"auto, (max-width: 432px) 100vw, 432px\" \/><\/a><br \/>\n<a href=\"https:\/\/sites.usp.br\/estagiosfilo\/finalizacao\/\"><img loading=\"lazy\" decoding=\"async\" class=\"alignnone wp-image-216 size-full\" src=\"https:\/\/sites.usp.br\/estagiosfilo\/wp-content\/uploads\/sites\/963\/2021\/11\/4-finalizacao.png\" alt=\"\" width=\"432\" height=\"99\" srcset=\"https:\/\/sites.usp.br\/estagiosfilo\/wp-content\/uploads\/sites\/963\/2021\/11\/4-finalizacao.png 432w, https:\/\/sites.usp.br\/estagiosfilo\/wp-content\/uploads\/sites\/963\/2021\/11\/4-finalizacao-300x69.png 300w, https:\/\/sites.usp.br\/estagiosfilo\/wp-content\/uploads\/sites\/963\/2021\/11\/4-finalizacao-400x92.png 400w\" sizes=\"auto, (max-width: 432px) 100vw, 432px\" \/><\/a><\/p>\n","protected":false},"excerpt":{"rendered":"<p>Bem-vindo(a) ao site de Est\u00e1gios do Servi\u00e7o de Gradua\u00e7\u00e3o da FFCLRP. Clique nas imagens abaixo para acessar as p\u00e1ginas dispon\u00edveis.<\/p>\n","protected":false},"author":783,"featured_media":0,"parent":0,"menu_order":0,"comment_status":"closed","ping_status":"closed","template":"","meta":{"footnotes":"","_links_to":"","_links_to_target":""},"class_list":["post-182","page","type-page","status-publish","hentry","entry"],"_links":{"self":[{"href":"https:\/\/sites.usp.br\/estagiosfilo\/wp-json\/wp\/v2\/pages\/182","targetHints":{"allow":["GET"]}}],"collection":[{"href":"https:\/\/sites.usp.br\/estagiosfilo\/wp-json\/wp\/v2\/pages"}],"about":[{"href":"https:\/\/sites.usp.br\/estagiosfilo\/wp-json\/wp\/v2\/types\/page"}],"author":[{"embeddable":true,"href":"https:\/\/sites.usp.br\/estagiosfilo\/wp-json\/wp\/v2\/users\/783"}],"replies":[{"embeddable":true,"href":"https:\/\/sites.usp.br\/estagiosfilo\/wp-json\/wp\/v2\/comments?post=182"}],"version-history":[{"count":5,"href":"https:\/\/sites.usp.br\/estagiosfilo\/wp-json\/wp\/v2\/pages\/182\/revisions"}],"predecessor-version":[{"id":279,"href":"https:\/\/sites.usp.br\/estagiosfilo\/wp-json\/wp\/v2\/pages\/182\/revisions\/279"}],"wp:attachment":[{"href":"https:\/\/sites.usp.br\/estagiosfilo\/wp-json\/wp\/v2\/media?parent=182"}],"curies":[{"name":"wp","href":"https:\/\/api.w.org\/{rel}","templated":true}]}}