{"id":189,"date":"2021-10-06T15:49:57","date_gmt":"2021-10-06T18:49:57","guid":{"rendered":"https:\/\/sites.usp.br\/estagiosfilo\/?page_id=189"},"modified":"2025-03-18T10:17:20","modified_gmt":"2025-03-18T13:17:20","slug":"inicio","status":"publish","type":"page","link":"https:\/\/sites.usp.br\/estagiosfilo\/inicio\/","title":{"rendered":"In\u00edcio de Est\u00e1gio"},"content":{"rendered":"<p>Clique na op\u00e7\u00e3o desejada, conforme o tipo do est\u00e1gio e o local:<\/p>\n<ul>\n<li><a href=\"https:\/\/sites.usp.br\/estagiosfilo\/inicio\/oficializacao-de-estagios\/\">Est\u00e1gio obrigat\u00f3rio fora da USP<\/a><\/li>\n<li><a href=\"https:\/\/sites.usp.br\/estagiosfilo\/inicio\/oficializacao-de-estagios\/\">Est\u00e1gio n\u00e3o obrigat\u00f3rio fora da USP<\/a><\/li>\n<li><a href=\"https:\/\/sites.usp.br\/estagiosfilo\/estagio-quimica\/\">Est\u00e1gio obrigat\u00f3rio na USP (alunos da Qu\u00edmica)<\/a><\/li>\n<li><a href=\"https:\/\/sites.usp.br\/estagiosfilo\/estagio-usp\/\">Est\u00e1gio obrigat\u00f3rio na USP (outros cursos)<\/a><\/li>\n<li><a href=\"https:\/\/sites.usp.br\/estagiosfilo\/estagio-usp\/\">Est\u00e1gio n\u00e3o obrigat\u00f3rio na USP<\/a><\/li>\n<li><a href=\"https:\/\/sites.usp.br\/estagiosfilo\/inicio\/estagio-no-hc-fmrp\/\">Est\u00e1gio obrigat\u00f3rio no HC-FMRP<\/a><\/li>\n<li><a href=\"https:\/\/sites.usp.br\/estagiosfilo\/estagio-sms\/\">Est\u00e1gio obrigat\u00f3rio na SMS<\/a><\/li>\n<\/ul>\n<p>Outras op\u00e7\u00f5es:<\/p>\n<ul>\n<li><a href=\"https:\/\/sites.usp.br\/estagiosfilo\/acompanhamento\/aditamento\/\">Prorroga\u00e7\u00e3o ou Altera\u00e7\u00e3o de Dados<\/a><\/li>\n<li>Conv\u00eanios (opcional)<\/li>\n<\/ul>\n","protected":false},"excerpt":{"rendered":"<p>Clique na op\u00e7\u00e3o desejada, conforme o tipo do est\u00e1gio e o local: Est\u00e1gio obrigat\u00f3rio fora da USP Est\u00e1gio n\u00e3o obrigat\u00f3rio fora da USP Est\u00e1gio obrigat\u00f3rio na USP (alunos da Qu\u00edmica) Est\u00e1gio obrigat\u00f3rio na USP (outros cursos) Est\u00e1gio n\u00e3o obrigat\u00f3rio na USP Est\u00e1gio obrigat\u00f3rio no HC-FMRP Est\u00e1gio obrigat\u00f3rio na SMS Outras op\u00e7\u00f5es: Prorroga\u00e7\u00e3o ou Altera\u00e7\u00e3o de &hellip; <\/p>\n<p class=\"link-more\"><a href=\"https:\/\/sites.usp.br\/estagiosfilo\/inicio\/\" class=\"more-link\">Continue lendo<span class=\"screen-reader-text\"> &#8220;In\u00edcio de Est\u00e1gio&#8221;<\/span><\/a><\/p>\n","protected":false},"author":783,"featured_media":0,"parent":0,"menu_order":1,"comment_status":"closed","ping_status":"closed","template":"","meta":{"footnotes":"","_links_to":"","_links_to_target":""},"class_list":["post-189","page","type-page","status-publish","hentry","entry"],"_links":{"self":[{"href":"https:\/\/sites.usp.br\/estagiosfilo\/wp-json\/wp\/v2\/pages\/189","targetHints":{"allow":["GET"]}}],"collection":[{"href":"https:\/\/sites.usp.br\/estagiosfilo\/wp-json\/wp\/v2\/pages"}],"about":[{"href":"https:\/\/sites.usp.br\/estagiosfilo\/wp-json\/wp\/v2\/types\/page"}],"author":[{"embeddable":true,"href":"https:\/\/sites.usp.br\/estagiosfilo\/wp-json\/wp\/v2\/users\/783"}],"replies":[{"embeddable":true,"href":"https:\/\/sites.usp.br\/estagiosfilo\/wp-json\/wp\/v2\/comments?post=189"}],"version-history":[{"count":4,"href":"https:\/\/sites.usp.br\/estagiosfilo\/wp-json\/wp\/v2\/pages\/189\/revisions"}],"predecessor-version":[{"id":318,"href":"https:\/\/sites.usp.br\/estagiosfilo\/wp-json\/wp\/v2\/pages\/189\/revisions\/318"}],"wp:attachment":[{"href":"https:\/\/sites.usp.br\/estagiosfilo\/wp-json\/wp\/v2\/media?parent=189"}],"curies":[{"name":"wp","href":"https:\/\/api.w.org\/{rel}","templated":true}]}}