{"id":196,"date":"2021-10-06T15:56:32","date_gmt":"2021-10-06T18:56:32","guid":{"rendered":"https:\/\/sites.usp.br\/estagiosfilo\/?page_id=196"},"modified":"2022-04-29T09:58:26","modified_gmt":"2022-04-29T12:58:26","slug":"finalizacao","status":"publish","type":"page","link":"https:\/\/sites.usp.br\/estagiosfilo\/finalizacao\/","title":{"rendered":"Finaliza\u00e7\u00e3o"},"content":{"rendered":"<p>Para finalizar seu est\u00e1gio <strong>antes da data prevista<\/strong>, voc\u00ea deve preencher o <strong>formul\u00e1rio de rescis\u00e3o<\/strong>.<\/p>\n<ul>\n<li><a href=\"https:\/\/forms.gle\/cbxdHTLmfc9dnuMZ7\" target=\"_blank\" rel=\"noopener\"><strong>Formul\u00e1rio de Rescis\u00e3o<\/strong><\/a><\/li>\n<\/ul>\n<p>O formul\u00e1rio acima <strong>j\u00e1 possui os dados necess\u00e1rios<\/strong> para o <strong>relat\u00f3rio de acompanhamento final<\/strong>.<\/p>\n<p>Caso seu est\u00e1gio tenha <strong>finalizado na data prevista<\/strong>, n\u00e3o h\u00e1 necessidade do preenchimento deste formul\u00e1rio, apenas do <strong>relat\u00f3rio de acompanhamento final<\/strong>.<\/p>\n<ul>\n<li><a href=\"https:\/\/forms.gle\/xmw4hse8zZH4EDkN9\" target=\"_blank\" rel=\"noopener\"><strong>Relat\u00f3rio de Acompanhamento Final\u00a0<\/strong><\/a><\/li>\n<\/ul>\n<p><strong>Est\u00e1gios Obrigat\u00f3rios<\/strong><\/p>\n<p>Se o seu est\u00e1gio for\u00a0<strong>obrigat\u00f3rio<\/strong>,\u00a0al\u00e9m dos procedimentos acima, voc\u00ea deve consultar os procedimentos espec\u00edficos para o seu curso junto \u00e0 Secretaria ou Coordena\u00e7\u00e3o.<\/p>\n<p>O preenchimento do relat\u00f3rio de acompanhamento <strong>n\u00e3o substitui a necessidade<\/strong> da entrega do relat\u00f3rio circunstanciado para obten\u00e7\u00e3o da nota na disciplina.<\/p>\n","protected":false},"excerpt":{"rendered":"<p>Para finalizar seu est\u00e1gio antes da data prevista, voc\u00ea deve preencher o formul\u00e1rio de rescis\u00e3o. Formul\u00e1rio de Rescis\u00e3o O formul\u00e1rio acima j\u00e1 possui os dados necess\u00e1rios para o relat\u00f3rio de acompanhamento final. Caso seu est\u00e1gio tenha finalizado na data prevista, n\u00e3o h\u00e1 necessidade do preenchimento deste formul\u00e1rio, apenas do relat\u00f3rio de acompanhamento final. Relat\u00f3rio de &hellip; <\/p>\n<p class=\"link-more\"><a href=\"https:\/\/sites.usp.br\/estagiosfilo\/finalizacao\/\" class=\"more-link\">Continue lendo<span class=\"screen-reader-text\"> &#8220;Finaliza\u00e7\u00e3o&#8221;<\/span><\/a><\/p>\n","protected":false},"author":783,"featured_media":0,"parent":0,"menu_order":3,"comment_status":"closed","ping_status":"closed","template":"","meta":{"footnotes":"","_links_to":"","_links_to_target":""},"class_list":["post-196","page","type-page","status-publish","hentry","entry"],"_links":{"self":[{"href":"https:\/\/sites.usp.br\/estagiosfilo\/wp-json\/wp\/v2\/pages\/196","targetHints":{"allow":["GET"]}}],"collection":[{"href":"https:\/\/sites.usp.br\/estagiosfilo\/wp-json\/wp\/v2\/pages"}],"about":[{"href":"https:\/\/sites.usp.br\/estagiosfilo\/wp-json\/wp\/v2\/types\/page"}],"author":[{"embeddable":true,"href":"https:\/\/sites.usp.br\/estagiosfilo\/wp-json\/wp\/v2\/users\/783"}],"replies":[{"embeddable":true,"href":"https:\/\/sites.usp.br\/estagiosfilo\/wp-json\/wp\/v2\/comments?post=196"}],"version-history":[{"count":4,"href":"https:\/\/sites.usp.br\/estagiosfilo\/wp-json\/wp\/v2\/pages\/196\/revisions"}],"predecessor-version":[{"id":264,"href":"https:\/\/sites.usp.br\/estagiosfilo\/wp-json\/wp\/v2\/pages\/196\/revisions\/264"}],"wp:attachment":[{"href":"https:\/\/sites.usp.br\/estagiosfilo\/wp-json\/wp\/v2\/media?parent=196"}],"curies":[{"name":"wp","href":"https:\/\/api.w.org\/{rel}","templated":true}]}}