{"id":247,"date":"2022-04-29T09:58:21","date_gmt":"2022-04-29T12:58:21","guid":{"rendered":"https:\/\/sites.usp.br\/estagiosfilo\/?page_id=247"},"modified":"2022-09-14T12:30:47","modified_gmt":"2022-09-14T15:30:47","slug":"oficializacao-de-estagios","status":"publish","type":"page","link":"https:\/\/sites.usp.br\/estagiosfilo\/inicio\/oficializacao-de-estagios\/","title":{"rendered":"Oficializa\u00e7\u00e3o de Est\u00e1gios"},"content":{"rendered":"<p>Siga as instru\u00e7\u00f5es abaixo para os seguintes tipos de est\u00e1gios:<\/p>\n<ul>\n<li>Est\u00e1gio obrigat\u00f3rio n\u00e3o remunerado fora da USP<\/li>\n<li>Est\u00e1gio obrigat\u00f3rio remunerado fora da USP<\/li>\n<li>Est\u00e1gio remunerado n\u00e3o obrigat\u00f3rio fora da USP<\/li>\n<li>Est\u00e1gio obrigat\u00f3rio n\u00e3o remunerado na USP (fora da FFCLRP)<\/li>\n<\/ul>\n<p>Para <strong>oficializar seu est\u00e1gio<\/strong>\u00a0\u00e9 necess\u00e1rio preencher o\u00a0<strong>formul\u00e1rio de in\u00edcio<\/strong>.<\/p>\n<ul>\n<li><a href=\"https:\/\/forms.gle\/xyZoHTFzSk2JGF4b8\" target=\"_blank\" rel=\"noopener\"><strong>Formul\u00e1rio de In\u00edcio<\/strong><\/a><\/li>\n<\/ul>\n<p>Ap\u00f3s o preenchimento, iremos gerar a documenta\u00e7\u00e3o necess\u00e1ria e coletar as assinaturas digitais.<\/p>\n<p>Nenhum est\u00e1gio, mesmo que n\u00e3o obrigat\u00f3rio, poder\u00e1 ser realizado sem o preenchimento do formul\u00e1rio acima.<\/p>\n<p><strong>Prazos<\/strong><\/p>\n<p>O prazo para os documentos serem gerados, depois do envio deste formul\u00e1rio, \u00e9 de at\u00e9 5 dias \u00fateis.<\/p>\n<p>Com o documento gerado, o prazo para assinatura das partes da FFCLRP (Interveniente e Docente Supervisor) \u00e9 de mais 5 dias \u00fateis, totalizando o prazo de at\u00e9 10 dias \u00fateis para o documento ser conclu\u00eddo.<\/p>\n<p><strong>Instru\u00e7\u00f5es para Preenchimento<\/strong><\/p>\n<p>Leia atentamente todas as informa\u00e7\u00f5es que constam no formul\u00e1rio. \u00c9 importante se atentar:<\/p>\n<ul>\n<li>Est\u00e1gios n\u00e3o obrigat\u00f3rios e n\u00e3o remunerados <strong>n\u00e3o s\u00e3o permitidos<\/strong>;<\/li>\n<li>\u00c9 imprescind\u00edvel que as informa\u00e7\u00f5es sejam preenchidas corretamente, <strong>principalmente os endere\u00e7os de e-mail<\/strong> \u2013 eles ser\u00e3o utilizados para solicita\u00e7\u00e3o e valida\u00e7\u00e3o das assinaturas digitais;<\/li>\n<li>Se o est\u00e1gio for remunerado, <strong>o seguro dever\u00e1 ter sido contratado pela Concedente<\/strong>, antes de iniciar o preenchimento do formul\u00e1rio;<\/li>\n<li>A <strong>carga hor\u00e1ria m\u00e1xima semanal \u00e9 de 30 horas<\/strong> \u2013 com algumas exce\u00e7\u00f5es. Se estiver na d\u00favida, converse com a Coordena\u00e7\u00e3o do seu curso;<\/li>\n<li>Docente Supervisor \u2013 \u00e9 obrigat\u00f3rio em todos os tipos de est\u00e1gios (obrigat\u00f3rios e n\u00e3o obrigat\u00f3rios). Entre em contato com a Secretaria ou Coordena\u00e7\u00e3o do seu curso em caso de d\u00favidas.<\/li>\n<\/ul>\n<p><strong>Acompanhamento<\/strong><\/p>\n<p>Durante o per\u00edodo do est\u00e1gio, voc\u00ea deve seguir instru\u00e7\u00f5es espec\u00edficas.<br \/>\nClique na imagem para acessar a p\u00e1gina.<\/p>\n<p><a href=\"https:\/\/sites.usp.br\/estagiosfilo\/acompanhamento\/\" target=\"_blank\" rel=\"noopener\"><img loading=\"lazy\" decoding=\"async\" class=\"alignnone wp-image-214 size-full\" src=\"https:\/\/sites.usp.br\/estagiosfilo\/wp-content\/uploads\/sites\/963\/2021\/11\/2-acompanhamento.png\" alt=\"\" width=\"432\" height=\"99\" srcset=\"https:\/\/sites.usp.br\/estagiosfilo\/wp-content\/uploads\/sites\/963\/2021\/11\/2-acompanhamento.png 432w, https:\/\/sites.usp.br\/estagiosfilo\/wp-content\/uploads\/sites\/963\/2021\/11\/2-acompanhamento-300x69.png 300w, https:\/\/sites.usp.br\/estagiosfilo\/wp-content\/uploads\/sites\/963\/2021\/11\/2-acompanhamento-400x92.png 400w\" sizes=\"auto, (max-width: 432px) 100vw, 432px\" \/><\/a><\/p>\n<p><strong>Est\u00e1gios Obrigat\u00f3rios<\/strong><\/p>\n<p>Se seu est\u00e1gio for obrigat\u00f3rio, ou seja, <strong>ligado a alguma disciplina do seu curso<\/strong>, al\u00e9m dos procedimentos acima podem ser necess\u00e1rios outros procedimentos ou documentos junto \u00e0 Secretaria, ou Coordena\u00e7\u00e3o do seu curso. Entre em contato para verificar.<\/p>\n","protected":false},"excerpt":{"rendered":"<p>Siga as instru\u00e7\u00f5es abaixo para os seguintes tipos de est\u00e1gios: Est\u00e1gio obrigat\u00f3rio n\u00e3o remunerado fora da USP Est\u00e1gio obrigat\u00f3rio remunerado fora da USP Est\u00e1gio remunerado n\u00e3o obrigat\u00f3rio fora da USP Est\u00e1gio obrigat\u00f3rio n\u00e3o remunerado na USP (fora da FFCLRP) Para oficializar seu est\u00e1gio\u00a0\u00e9 necess\u00e1rio preencher o\u00a0formul\u00e1rio de in\u00edcio. Formul\u00e1rio de In\u00edcio Ap\u00f3s o preenchimento, iremos &hellip; <\/p>\n<p class=\"link-more\"><a href=\"https:\/\/sites.usp.br\/estagiosfilo\/inicio\/oficializacao-de-estagios\/\" class=\"more-link\">Continue lendo<span class=\"screen-reader-text\"> &#8220;Oficializa\u00e7\u00e3o de Est\u00e1gios&#8221;<\/span><\/a><\/p>\n","protected":false},"author":783,"featured_media":0,"parent":189,"menu_order":0,"comment_status":"closed","ping_status":"closed","template":"","meta":{"footnotes":"","_links_to":"","_links_to_target":""},"class_list":["post-247","page","type-page","status-publish","hentry","entry"],"_links":{"self":[{"href":"https:\/\/sites.usp.br\/estagiosfilo\/wp-json\/wp\/v2\/pages\/247","targetHints":{"allow":["GET"]}}],"collection":[{"href":"https:\/\/sites.usp.br\/estagiosfilo\/wp-json\/wp\/v2\/pages"}],"about":[{"href":"https:\/\/sites.usp.br\/estagiosfilo\/wp-json\/wp\/v2\/types\/page"}],"author":[{"embeddable":true,"href":"https:\/\/sites.usp.br\/estagiosfilo\/wp-json\/wp\/v2\/users\/783"}],"replies":[{"embeddable":true,"href":"https:\/\/sites.usp.br\/estagiosfilo\/wp-json\/wp\/v2\/comments?post=247"}],"version-history":[{"count":1,"href":"https:\/\/sites.usp.br\/estagiosfilo\/wp-json\/wp\/v2\/pages\/247\/revisions"}],"predecessor-version":[{"id":256,"href":"https:\/\/sites.usp.br\/estagiosfilo\/wp-json\/wp\/v2\/pages\/247\/revisions\/256"}],"up":[{"embeddable":true,"href":"https:\/\/sites.usp.br\/estagiosfilo\/wp-json\/wp\/v2\/pages\/189"}],"wp:attachment":[{"href":"https:\/\/sites.usp.br\/estagiosfilo\/wp-json\/wp\/v2\/media?parent=247"}],"curies":[{"name":"wp","href":"https:\/\/api.w.org\/{rel}","templated":true}]}}