{"id":248,"date":"2022-04-29T09:58:23","date_gmt":"2022-04-29T12:58:23","guid":{"rendered":"https:\/\/sites.usp.br\/estagiosfilo\/?page_id=248"},"modified":"2022-09-14T12:32:03","modified_gmt":"2022-09-14T15:32:03","slug":"aditamento","status":"publish","type":"page","link":"https:\/\/sites.usp.br\/estagiosfilo\/acompanhamento\/aditamento\/","title":{"rendered":"Prorroga\u00e7\u00e3o ou Altera\u00e7\u00e3o de Dados"},"content":{"rendered":"<p>Em caso de <strong>prorroga\u00e7\u00e3o do est\u00e1gio<\/strong> ou <strong>altera\u00e7\u00e3o de dados<\/strong>, voc\u00ea deve preencher o <strong>formul\u00e1rio de aditamento<\/strong>.<\/p>\n<ul>\n<li><strong><a href=\"https:\/\/forms.gle\/cQ1ZeR1WgtRRTngi8\" target=\"_blank\" rel=\"noopener\">Formul\u00e1rio de Aditamento<\/a><\/strong><\/li>\n<\/ul>\n<p><strong>Prazos<\/strong><\/p>\n<p>O prazo para os documentos serem gerados, depois do envio deste formul\u00e1rio, \u00e9 de at\u00e9 5 dias \u00fateis.<\/p>\n<p>Com o documento gerado, o prazo para assinatura das partes da FFCLRP (Interveniente e Docente Supervisor) \u00e9 de mais 5 dias \u00fateis, totalizando o prazo de at\u00e9 10 dias \u00fateis para o documento ser conclu\u00eddo.<\/p>\n<p><strong>Instru\u00e7\u00f5es para Preenchimento<\/strong><\/p>\n<p>Leia atentamente todas as informa\u00e7\u00f5es que constam no formul\u00e1rio. \u00c9 imprescind\u00edvel que as informa\u00e7\u00f5es sejam preenchidas corretamente, <strong>principalmente os endere\u00e7os de e-mail<\/strong> \u2013 eles ser\u00e3o utilizados para solicita\u00e7\u00e3o e valida\u00e7\u00e3o das assinaturas digitais.<\/p>\n<p><strong>Acompanhamento<\/strong><\/p>\n<p>Durante o per\u00edodo do est\u00e1gio, voc\u00ea deve seguir instru\u00e7\u00f5es espec\u00edficas.<br \/>\nClique na imagem para acessar a p\u00e1gina.<\/p>\n<p><a href=\"https:\/\/sites.usp.br\/estagiosfilo\/acompanhamento\/\" target=\"_blank\" rel=\"noopener\"><img loading=\"lazy\" decoding=\"async\" class=\"alignnone wp-image-214 size-full\" src=\"https:\/\/sites.usp.br\/estagiosfilo\/wp-content\/uploads\/sites\/963\/2021\/11\/2-acompanhamento.png\" alt=\"\" width=\"432\" height=\"99\" srcset=\"https:\/\/sites.usp.br\/estagiosfilo\/wp-content\/uploads\/sites\/963\/2021\/11\/2-acompanhamento.png 432w, https:\/\/sites.usp.br\/estagiosfilo\/wp-content\/uploads\/sites\/963\/2021\/11\/2-acompanhamento-300x69.png 300w, https:\/\/sites.usp.br\/estagiosfilo\/wp-content\/uploads\/sites\/963\/2021\/11\/2-acompanhamento-400x92.png 400w\" sizes=\"auto, (max-width: 432px) 100vw, 432px\" \/><\/a><\/p>\n","protected":false},"excerpt":{"rendered":"<p>Em caso de prorroga\u00e7\u00e3o do est\u00e1gio ou altera\u00e7\u00e3o de dados, voc\u00ea deve preencher o formul\u00e1rio de aditamento. Formul\u00e1rio de Aditamento Prazos O prazo para os documentos serem gerados, depois do envio deste formul\u00e1rio, \u00e9 de at\u00e9 5 dias \u00fateis. Com o documento gerado, o prazo para assinatura das partes da FFCLRP (Interveniente e Docente Supervisor) &hellip; <\/p>\n<p class=\"link-more\"><a href=\"https:\/\/sites.usp.br\/estagiosfilo\/acompanhamento\/aditamento\/\" class=\"more-link\">Continue lendo<span class=\"screen-reader-text\"> &#8220;Prorroga\u00e7\u00e3o ou Altera\u00e7\u00e3o de Dados&#8221;<\/span><\/a><\/p>\n","protected":false},"author":783,"featured_media":0,"parent":210,"menu_order":0,"comment_status":"closed","ping_status":"closed","template":"","meta":{"footnotes":"","_links_to":"","_links_to_target":""},"class_list":["post-248","page","type-page","status-publish","hentry","entry"],"_links":{"self":[{"href":"https:\/\/sites.usp.br\/estagiosfilo\/wp-json\/wp\/v2\/pages\/248","targetHints":{"allow":["GET"]}}],"collection":[{"href":"https:\/\/sites.usp.br\/estagiosfilo\/wp-json\/wp\/v2\/pages"}],"about":[{"href":"https:\/\/sites.usp.br\/estagiosfilo\/wp-json\/wp\/v2\/types\/page"}],"author":[{"embeddable":true,"href":"https:\/\/sites.usp.br\/estagiosfilo\/wp-json\/wp\/v2\/users\/783"}],"replies":[{"embeddable":true,"href":"https:\/\/sites.usp.br\/estagiosfilo\/wp-json\/wp\/v2\/comments?post=248"}],"version-history":[{"count":1,"href":"https:\/\/sites.usp.br\/estagiosfilo\/wp-json\/wp\/v2\/pages\/248\/revisions"}],"predecessor-version":[{"id":260,"href":"https:\/\/sites.usp.br\/estagiosfilo\/wp-json\/wp\/v2\/pages\/248\/revisions\/260"}],"up":[{"embeddable":true,"href":"https:\/\/sites.usp.br\/estagiosfilo\/wp-json\/wp\/v2\/pages\/210"}],"wp:attachment":[{"href":"https:\/\/sites.usp.br\/estagiosfilo\/wp-json\/wp\/v2\/media?parent=248"}],"curies":[{"name":"wp","href":"https:\/\/api.w.org\/{rel}","templated":true}]}}