{"id":295,"date":"2025-03-18T09:42:12","date_gmt":"2025-03-18T12:42:12","guid":{"rendered":"https:\/\/sites.usp.br\/estagiosfilo\/?page_id=295"},"modified":"2025-03-18T09:43:03","modified_gmt":"2025-03-18T12:43:03","slug":"estagio-quimica","status":"publish","type":"page","link":"https:\/\/sites.usp.br\/estagiosfilo\/estagio-quimica\/","title":{"rendered":"Est\u00e1gio obrigat\u00f3rio na USP (Qu\u00edmica)"},"content":{"rendered":"<p><strong id=\"quimica\">Est\u00e1gios Obrigat\u00f3rios na USP (alunos da Qu\u00edmica)<\/strong><\/p>\n<p>Para est\u00e1gios obrigat\u00f3rios n\u00e3o remunerados nos laborat\u00f3rios da USP (para alunos da Qu\u00edmica), preencha o documento abaixo e envie para a <strong>Secretaria <\/strong>do curso no prazo estipulado.<\/p>\n<p>Em caso de d\u00favidas, entre em contato com a Secretaria ou Coordena\u00e7\u00e3o.<\/p>\n<ul>\n<li><strong><a href=\"https:\/\/www.ffclrp.usp.br\/down.php?id=658&amp;d\" target=\"_blank\" rel=\"noopener\">Termo de Compromisso Est\u00e1gios no DQ<\/a><\/strong><\/li>\n<\/ul>\n<div class=\"su-divider su-divider-style-default\" style=\"margin:20px 0;border-width:2px;border-color:#999999\"><\/div>\n<p>Para outros tipos de est\u00e1gios na FFCLRP, entre em contato com a Secretaria do seu curso para verificar os procedimentos necess\u00e1rios. Pode ser necess\u00e1rio seguir os procedimentos padr\u00f5es de <a href=\"https:\/\/sites.usp.br\/estagiosfilo\/inicio\/oficializacao-de-estagios\/\">oficializa\u00e7\u00e3o de est\u00e1gios<\/a>.<\/p>\n","protected":false},"excerpt":{"rendered":"<p>Est\u00e1gios Obrigat\u00f3rios na USP (alunos da Qu\u00edmica) Para est\u00e1gios obrigat\u00f3rios n\u00e3o remunerados nos laborat\u00f3rios da USP (para alunos da Qu\u00edmica), preencha o documento abaixo e envie para a Secretaria do curso no prazo estipulado. Em caso de d\u00favidas, entre em contato com a Secretaria ou Coordena\u00e7\u00e3o. Termo de Compromisso Est\u00e1gios no DQ Para outros tipos &hellip; <\/p>\n<p class=\"link-more\"><a href=\"https:\/\/sites.usp.br\/estagiosfilo\/estagio-quimica\/\" class=\"more-link\">Continue lendo<span class=\"screen-reader-text\"> &#8220;Est\u00e1gio obrigat\u00f3rio na USP (Qu\u00edmica)&#8221;<\/span><\/a><\/p>\n","protected":false},"author":783,"featured_media":0,"parent":0,"menu_order":0,"comment_status":"closed","ping_status":"closed","template":"","meta":{"footnotes":"","_links_to":"","_links_to_target":""},"class_list":["post-295","page","type-page","status-publish","hentry","entry"],"_links":{"self":[{"href":"https:\/\/sites.usp.br\/estagiosfilo\/wp-json\/wp\/v2\/pages\/295","targetHints":{"allow":["GET"]}}],"collection":[{"href":"https:\/\/sites.usp.br\/estagiosfilo\/wp-json\/wp\/v2\/pages"}],"about":[{"href":"https:\/\/sites.usp.br\/estagiosfilo\/wp-json\/wp\/v2\/types\/page"}],"author":[{"embeddable":true,"href":"https:\/\/sites.usp.br\/estagiosfilo\/wp-json\/wp\/v2\/users\/783"}],"replies":[{"embeddable":true,"href":"https:\/\/sites.usp.br\/estagiosfilo\/wp-json\/wp\/v2\/comments?post=295"}],"version-history":[{"count":1,"href":"https:\/\/sites.usp.br\/estagiosfilo\/wp-json\/wp\/v2\/pages\/295\/revisions"}],"predecessor-version":[{"id":297,"href":"https:\/\/sites.usp.br\/estagiosfilo\/wp-json\/wp\/v2\/pages\/295\/revisions\/297"}],"wp:attachment":[{"href":"https:\/\/sites.usp.br\/estagiosfilo\/wp-json\/wp\/v2\/media?parent=295"}],"curies":[{"name":"wp","href":"https:\/\/api.w.org\/{rel}","templated":true}]}}