{"id":299,"date":"2025-03-18T09:51:31","date_gmt":"2025-03-18T12:51:31","guid":{"rendered":"https:\/\/sites.usp.br\/estagiosfilo\/?page_id=299"},"modified":"2025-03-18T09:52:42","modified_gmt":"2025-03-18T12:52:42","slug":"estagio-usp","status":"publish","type":"page","link":"https:\/\/sites.usp.br\/estagiosfilo\/estagio-usp\/","title":{"rendered":"Est\u00e1gio na USP"},"content":{"rendered":"<p><strong id=\"quimica\">Est\u00e1gio obrigat\u00f3rio na USP<\/strong><\/p>\n<p>Se voc\u00ea for aluno da Qu\u00edmica, <a href=\"https:\/\/sites.usp.br\/estagiosfilo\/estagio-quimica\/\">clique aqui<\/a>.<\/p>\n<p>Para alunos de outros cursos, entre em contato atrav\u00e9s do e-mail estagios@ffclrp.usp.br (com os dados acad\u00eamicos e todas as informa\u00e7\u00f5es e detalhes do est\u00e1gio) ou com a Secretaria ou Coordena\u00e7\u00e3o do curso para orienta\u00e7\u00f5es.<\/p>\n<p><strong>Est\u00e1gio n\u00e3o obrigat\u00f3rio na USP<\/strong><\/p>\n<p>Est\u00e1gios n\u00e3o obrigat\u00f3rios precisam ser, obrigatoriamente, remunerados. Sendo assim, esse tipo de est\u00e1gio \u00e9 considerado &#8220;Pago pela USP&#8221;, e segue um procedimento diferente, atrav\u00e9s de processo interno. Pe\u00e7a para o <strong>solicitante do est\u00e1gio<\/strong> entrar em contato atrav\u00e9s do e-mail estagios@ffclrp.usp.br para orienta\u00e7\u00f5es.<\/p>\n","protected":false},"excerpt":{"rendered":"<p>Est\u00e1gio obrigat\u00f3rio na USP Se voc\u00ea for aluno da Qu\u00edmica, clique aqui. Para alunos de outros cursos, entre em contato atrav\u00e9s do e-mail estagios@ffclrp.usp.br (com os dados acad\u00eamicos e todas as informa\u00e7\u00f5es e detalhes do est\u00e1gio) ou com a Secretaria ou Coordena\u00e7\u00e3o do curso para orienta\u00e7\u00f5es. Est\u00e1gio n\u00e3o obrigat\u00f3rio na USP Est\u00e1gios n\u00e3o obrigat\u00f3rios precisam &hellip; <\/p>\n<p class=\"link-more\"><a href=\"https:\/\/sites.usp.br\/estagiosfilo\/estagio-usp\/\" class=\"more-link\">Continue lendo<span class=\"screen-reader-text\"> &#8220;Est\u00e1gio na USP&#8221;<\/span><\/a><\/p>\n","protected":false},"author":783,"featured_media":0,"parent":0,"menu_order":0,"comment_status":"closed","ping_status":"closed","template":"","meta":{"footnotes":"","_links_to":"","_links_to_target":""},"class_list":["post-299","page","type-page","status-publish","hentry","entry"],"_links":{"self":[{"href":"https:\/\/sites.usp.br\/estagiosfilo\/wp-json\/wp\/v2\/pages\/299","targetHints":{"allow":["GET"]}}],"collection":[{"href":"https:\/\/sites.usp.br\/estagiosfilo\/wp-json\/wp\/v2\/pages"}],"about":[{"href":"https:\/\/sites.usp.br\/estagiosfilo\/wp-json\/wp\/v2\/types\/page"}],"author":[{"embeddable":true,"href":"https:\/\/sites.usp.br\/estagiosfilo\/wp-json\/wp\/v2\/users\/783"}],"replies":[{"embeddable":true,"href":"https:\/\/sites.usp.br\/estagiosfilo\/wp-json\/wp\/v2\/comments?post=299"}],"version-history":[{"count":3,"href":"https:\/\/sites.usp.br\/estagiosfilo\/wp-json\/wp\/v2\/pages\/299\/revisions"}],"predecessor-version":[{"id":306,"href":"https:\/\/sites.usp.br\/estagiosfilo\/wp-json\/wp\/v2\/pages\/299\/revisions\/306"}],"wp:attachment":[{"href":"https:\/\/sites.usp.br\/estagiosfilo\/wp-json\/wp\/v2\/media?parent=299"}],"curies":[{"name":"wp","href":"https:\/\/api.w.org\/{rel}","templated":true}]}}