{"id":1006,"date":"2020-10-27T12:26:50","date_gmt":"2020-10-27T15:26:50","guid":{"rendered":"http:\/\/sites.usp.br\/etnopsicologia\/?page_id=1006"},"modified":"2020-10-27T12:26:50","modified_gmt":"2020-10-27T15:26:50","slug":"juventudes-negras","status":"publish","type":"page","link":"https:\/\/sites.usp.br\/etnopsicologia\/juventudes-negras\/","title":{"rendered":"Juventudes Negras"},"content":{"rendered":"<p>Oi, gente!<\/p>\n<p>N\u00f3s somos o Projeto de Cultura e Extens\u00e3o \u201c<em>Juventudes Negras<\/em>\u201d, promovido pelo Laborat\u00f3rio de Etnopsicologia, da Faculdade de Filosofia, Ci\u00eancias e Letras, com apoio da Pr\u00f3-Reitoria de Cultura e Extens\u00e3o Universit\u00e1ria, da Universidade de S\u00e3o Paulo.<br \/>\nEstamos sob orienta\u00e7\u00e3o do Prof. Dr. Jos\u00e9 Miguel Bairr\u00e3o e nosso objetivo \u00e9 estabelecer proximidade entre os jovens negros universit\u00e1rios e n\u00e3o universit\u00e1rios. Como? Por meio de conversas, trocas de experi\u00eancias, refer\u00eancias e indica\u00e7\u00f5es. Ahhh! Temos um canal no YouTube para nossos podcast, \u201cJuventudes Negras\u201d e um perfil no Instagram <strong>@juventudesnegras<\/strong>.<br \/>\nEsperamos voc\u00eas!<\/p>\n<p><a href=\"https:\/\/www.instagram.com\/juventudesnegras\/\">Instagram<\/a><\/p>\n<p><a href=\"https:\/\/www.youtube.com\/channel\/UCeclTQAuRxjM4vSfG4ctRDg\">Canal no YouTube<\/a> https:\/\/www.youtube.com\/channel\/UCeclTQAuRxjM4vSfG4ctRDg<\/p>\n","protected":false},"excerpt":{"rendered":"<p>Oi, gente! N\u00f3s somos o Projeto de Cultura e Extens\u00e3o \u201cJuventudes Negras\u201d, promovido pelo Laborat\u00f3rio de Etnopsicologia, da Faculdade de Filosofia, Ci\u00eancias e Letras, com apoio da Pr\u00f3-Reitoria de Cultura e Extens\u00e3o Universit\u00e1ria, da Universidade de S\u00e3o Paulo. Estamos sob orienta\u00e7\u00e3o do Prof. Dr. Jos\u00e9 Miguel Bairr\u00e3o e nosso objetivo \u00e9 estabelecer proximidade entre os jovens negros universit\u00e1rios e n\u00e3o universit\u00e1rios. Como? Por meio de conversas, trocas de experi\u00eancias, refer\u00eancias e indica\u00e7\u00f5es. Ahhh! Temos um canal no YouTube para nossos podcast, \u201cJuventudes Negras\u201d e um perfil no Instagram @juventudesnegras. Esperamos voc\u00eas! Instagram Canal no YouTube https:\/\/www.youtube.com\/channel\/UCeclTQAuRxjM4vSfG4ctRDg<\/p>\n","protected":false},"author":260,"featured_media":1007,"parent":0,"menu_order":0,"comment_status":"closed","ping_status":"closed","template":"","meta":{"footnotes":"","_links_to":"","_links_to_target":""},"class_list":["post-1006","page","type-page","status-publish","has-post-thumbnail","hentry"],"_links":{"self":[{"href":"https:\/\/sites.usp.br\/etnopsicologia\/wp-json\/wp\/v2\/pages\/1006","targetHints":{"allow":["GET"]}}],"collection":[{"href":"https:\/\/sites.usp.br\/etnopsicologia\/wp-json\/wp\/v2\/pages"}],"about":[{"href":"https:\/\/sites.usp.br\/etnopsicologia\/wp-json\/wp\/v2\/types\/page"}],"author":[{"embeddable":true,"href":"https:\/\/sites.usp.br\/etnopsicologia\/wp-json\/wp\/v2\/users\/260"}],"replies":[{"embeddable":true,"href":"https:\/\/sites.usp.br\/etnopsicologia\/wp-json\/wp\/v2\/comments?post=1006"}],"version-history":[{"count":1,"href":"https:\/\/sites.usp.br\/etnopsicologia\/wp-json\/wp\/v2\/pages\/1006\/revisions"}],"predecessor-version":[{"id":1009,"href":"https:\/\/sites.usp.br\/etnopsicologia\/wp-json\/wp\/v2\/pages\/1006\/revisions\/1009"}],"wp:featuredmedia":[{"embeddable":true,"href":"https:\/\/sites.usp.br\/etnopsicologia\/wp-json\/wp\/v2\/media\/1007"}],"wp:attachment":[{"href":"https:\/\/sites.usp.br\/etnopsicologia\/wp-json\/wp\/v2\/media?parent=1006"}],"curies":[{"name":"wp","href":"https:\/\/api.w.org\/{rel}","templated":true}]}}