{"id":1014,"date":"2020-10-27T13:00:57","date_gmt":"2020-10-27T16:00:57","guid":{"rendered":"http:\/\/sites.usp.br\/etnopsicologia\/?page_id=1014"},"modified":"2022-02-22T17:29:07","modified_gmt":"2022-02-22T20:29:07","slug":"racismo-e-sofrimento-psiquico","status":"publish","type":"page","link":"https:\/\/sites.usp.br\/etnopsicologia\/racismo-e-sofrimento-psiquico\/","title":{"rendered":"Racismo e Sofrimento Ps\u00edquico"},"content":{"rendered":"<p style=\"text-align: center;\"><strong>Atendimento Psicol\u00f3gico<\/strong><\/p>\n<p style=\"text-align: center;\">O Laborat\u00f3rio de Etnopsicologia oferece acolhimento psicol\u00f3gico em quest\u00f5es \u00e9tnico-raciais.<\/p>\n<p>&nbsp;<\/p>\n<p>No Brasil, historicamente, os arranjos e pol\u00edticas sociais limitam oportunidades, formas de tratamento e expectativas de vida \u00e0 parte da popula\u00e7\u00e3o n\u00e3o branca. Este racismo presente nas rela\u00e7\u00f5es produz humilha\u00e7\u00e3o social e sofrimento ps\u00edquico. Partindo desta afirma\u00e7\u00e3o, se oferece \u00e0 comunidade da Universidade de S\u00e3o Paulo de Ribeir\u00e3o Preto e ao seu entorno, um local de acolhimento psicol\u00f3gico a indiv\u00edduos que se sintam, direta ou indiretamente, afetados, humilhados ou discriminados por atitudes preconceituosas com base em diferen\u00e7as \u00e9tnico-raciais. S\u00e3o oferecidos atendimentos individuais e em grupo, visando criar um espa\u00e7o que seja refer\u00eancia de apoio e empoderamento para quem est\u00e1 em sofrimento ps\u00edquico.<\/p>\n<p>&nbsp;<\/p>\n<p>Os interessados no servi\u00e7o devem entrar em contato pelo email <a href=\"mailto:etnopsi@hotmail.com\">etnopsi@hotmail.com<\/a> para agendamento do atendimento.<\/p>\n<p>&nbsp;<\/p>\n<p>&nbsp;<\/p>\n","protected":false},"excerpt":{"rendered":"<p>Atendimento Psicol\u00f3gico O Laborat\u00f3rio de Etnopsicologia oferece acolhimento psicol\u00f3gico em quest\u00f5es \u00e9tnico-raciais. &nbsp; No Brasil, historicamente, os arranjos e pol\u00edticas sociais limitam oportunidades, formas de tratamento e expectativas de vida \u00e0 parte da popula\u00e7\u00e3o n\u00e3o branca. Este racismo presente nas rela\u00e7\u00f5es produz humilha\u00e7\u00e3o social e sofrimento ps\u00edquico. Partindo desta afirma\u00e7\u00e3o, se oferece \u00e0 comunidade da Universidade de S\u00e3o Paulo de Ribeir\u00e3o Preto e ao seu entorno, um local de acolhimento psicol\u00f3gico a indiv\u00edduos que se sintam, direta ou indiretamente, afetados, humilhados ou discriminados por atitudes preconceituosas com base em diferen\u00e7as \u00e9tnico-raciais. S\u00e3o oferecidos atendimentos individuais e em grupo, visando criar um espa\u00e7o que seja refer\u00eancia de apoio e empoderamento para quem est\u00e1 em sofrimento ps\u00edquico. &nbsp; Os interessados no servi\u00e7o devem entrar em contato pelo email etnopsi@hotmail.com para agendamento do atendimento. &nbsp; &nbsp;<\/p>\n","protected":false},"author":260,"featured_media":0,"parent":0,"menu_order":0,"comment_status":"closed","ping_status":"closed","template":"","meta":{"footnotes":"","_links_to":"","_links_to_target":""},"class_list":["post-1014","page","type-page","status-publish","hentry"],"_links":{"self":[{"href":"https:\/\/sites.usp.br\/etnopsicologia\/wp-json\/wp\/v2\/pages\/1014","targetHints":{"allow":["GET"]}}],"collection":[{"href":"https:\/\/sites.usp.br\/etnopsicologia\/wp-json\/wp\/v2\/pages"}],"about":[{"href":"https:\/\/sites.usp.br\/etnopsicologia\/wp-json\/wp\/v2\/types\/page"}],"author":[{"embeddable":true,"href":"https:\/\/sites.usp.br\/etnopsicologia\/wp-json\/wp\/v2\/users\/260"}],"replies":[{"embeddable":true,"href":"https:\/\/sites.usp.br\/etnopsicologia\/wp-json\/wp\/v2\/comments?post=1014"}],"version-history":[{"count":5,"href":"https:\/\/sites.usp.br\/etnopsicologia\/wp-json\/wp\/v2\/pages\/1014\/revisions"}],"predecessor-version":[{"id":1211,"href":"https:\/\/sites.usp.br\/etnopsicologia\/wp-json\/wp\/v2\/pages\/1014\/revisions\/1211"}],"wp:attachment":[{"href":"https:\/\/sites.usp.br\/etnopsicologia\/wp-json\/wp\/v2\/media?parent=1014"}],"curies":[{"name":"wp","href":"https:\/\/api.w.org\/{rel}","templated":true}]}}