{"id":527,"date":"2015-06-29T15:41:21","date_gmt":"2015-06-29T18:41:21","guid":{"rendered":"http:\/\/sites.usp.br\/etnopsicologia\/?page_id=527"},"modified":"2025-10-20T15:04:05","modified_gmt":"2025-10-20T18:04:05","slug":"equipe","status":"publish","type":"page","link":"https:\/\/sites.usp.br\/etnopsicologia\/equipe\/","title":{"rendered":"Equipe e Projetos em Andamento"},"content":{"rendered":"<p><strong>COORDENA\u00c7\u00c3O:<\/strong><\/p>\n<p><strong>Prof. Dr. Jos\u00e9 Francisco Miguel Henriques Bairr\u00e3o<\/strong><\/p>\n<p>Graduou-se em Psicologia e em Filosofia pela Universidade de S\u00e3o Paulo (FFLCH e IP). Doutorou-se em Filosofia pela Universidade Estadual de Campinas (IFCH) e \u00e9 Livre-Docente pela Universidade de S\u00e3o Paulo (FFCLRP). Atualmente \u00e9 pesquisador e docente de Psicologia Social no Departamento de Psicologia da Faculdade de Filosofia, Ci\u00eancias e Letras de Ribeir\u00e3o Preto da Universidade de S\u00e3o Paulo. Coordena o Laborat\u00f3rio de Etnopsicologia desta institui\u00e7\u00e3o, onde orienta e desenvolve pesquisas pautadas pelo interesse em n\u00e3o divorciar reflex\u00e3o epistemol\u00f3gica (Epistemologia da Psicologia, Filosofia da Psican\u00e1lise) e pesquisa emp\u00edrica (Psicologia da Cultura, Psicologia da Religi\u00e3o), bem como abertas a argumentos e contribui\u00e7\u00f5es interdisciplinares. \u00c9 lider do grupo de pesquisa em etnopsicologia do CNPQ.<br \/>\n<strong>e-mail:<\/strong>\u00a0bairrao@usp.br<\/p>\n<p><strong>Lattes:<\/strong><a href=\"http:\/\/lattes.cnpq.br\/6050765190622445\" target=\"_blank\" rel=\"noopener noreferrer\"> http:\/\/lattes.cnpq.br\/6050765190622445<\/a><strong><br \/>\nP\u00e1gina na Fapesp:<\/strong> <a href=\"http:\/\/www.bv.fapesp.br\/37698\" target=\"_blank\" rel=\"noopener noreferrer\">http:\/\/www.bv.fapesp.br\/37698<\/a><\/p>\n<p>&nbsp;<\/p>\n<p><strong>PROJETOS EM ANDAMENTO<\/strong><\/p>\n<p>&nbsp;<\/p>\n<div class=\"cita-artigos\"><b>Disserta\u00e7\u00e3o de mestrado<\/b><\/div>\n<div class=\"layout-cell layout-cell-1 text-align-right\">\n<div class=\"layout-cell-pad-5 text-align-right\"><b>1.<\/b><\/div>\n<div><\/div>\n<\/div>\n<div class=\"layout-cell layout-cell-11\">\n<div class=\"layout-cell-pad-5\">Andr\u00e9 Alexandre \u00c2ngelo Nunes. <strong>Alquimistas de Aruanda: Estudo etnopsicol\u00f3gico do simbolismo na umbanda esot\u00e9rica.<\/strong> In\u00edcio: 2023. Disserta\u00e7\u00e3o (Mestrado em Psicologia) &#8211; Universidade de S\u00e3o Paulo.<\/div>\n<\/div>\n<p><b>2.<\/b><\/p>\n<p>Carolina Mikaela Silva Kato. <strong>Facetas do budismo no Brasil: Entrela\u00e7amentos entre etnia e convers\u00e3o.<\/strong> In\u00edcio: 2023. Disserta\u00e7\u00e3o (Mestrado em Psicologia) &#8211; Universidade de S\u00e3o Paulo.<\/p>\n<p><b>3.<\/b><\/p>\n<p>Libna Pires Gomes. <strong>Nixi P\u00e3e na cidade: Os Guardi\u00f5es Huni Kuin.<\/strong> In\u00edcio: 2023. Disserta\u00e7\u00e3o (Mestrado em Psicologia) &#8211; Universidade de S\u00e3o Paulo.<\/p>\n<p>&nbsp;<\/p>\n<div class=\"cita-artigos\"><b>Tese de doutorado<\/b><\/div>\n<div class=\"layout-cell layout-cell-1 text-align-right\">\n<div class=\"layout-cell-pad-5 text-align-right\"><b>1.<\/b><\/div>\n<div><\/div>\n<\/div>\n<div class=\"layout-cell layout-cell-11\">\n<div class=\"layout-cell-pad-5\">Marcela Maria dos Santos. <strong>De Wapara a Ipari: Morte e cura na fronteira entre sa\u00fade ind\u00edgena e o povo Arara.<\/strong> In\u00edcio: 2024. Tese (Doutorado em Psicologia) &#8211; Universidade de S\u00e3o Paulo.<\/div>\n<\/div>\n<div><\/div>\n<div><b>2.<\/b><\/div>\n<div><\/div>\n<div>Pedro Henrique Affonso. <strong>O estatuto da natureza na psican\u00e1lise de Jacques Lacan.<\/strong> In\u00edcio: 2020. Tese (Doutorado em Psicologia) \u2013 Universidade de S\u00e3o Paulo.<\/div>\n<div><\/div>\n<div><strong>3.<\/strong><\/div>\n<div><\/div>\n<div>Rafael Henrique Teixeira. <strong>\u201cFreud, L\u00e9vi-Strauss e Lacan: O mito de Totem e Tabu, seu redimensionamento levistraussiano e sua fortuna psicanal\u00edtica\u201d.<\/strong> In\u00edcio: 2022. Tese (Doutorado em Psicologia) &#8211; Universidade de S\u00e3o Paulo.<\/div>\n<div><\/div>\n<p>&nbsp;<\/p>\n<div class=\"cita-artigos\"><b>Supervis\u00e3o de p\u00f3s-doutorado<\/b><\/div>\n<div class=\"layout-cell layout-cell-1 text-align-right\"><\/div>\n<div class=\"layout-cell layout-cell-11\">\n<div class=\"layout-cell-pad-5\">&#8211; Sem Orienta\u00e7\u00f5es.<\/div>\n<\/div>\n<p>&nbsp;<\/p>\n<div class=\"cita-artigos\"><b>Inicia\u00e7\u00e3o cient\u00edfica<\/b><\/div>\n<div><\/div>\n<div class=\"layout-cell layout-cell-1 text-align-right\">\n<div class=\"layout-cell-pad-5 text-align-right\"><b>1. <\/b><\/div>\n<\/div>\n<div class=\"layout-cell layout-cell-11\">\n<div class=\"layout-cell-pad-5\">Rainele Santana Ferreira dos Santos. <strong>Uso e Sentidos de Bebidas Alco\u00f3licas em Rituais Afro-Brasileiros.<\/strong> In\u00edcio: 2024. Inicia\u00e7\u00e3o cient\u00edfica (Graduando em Psicologia) &#8211; Universidade de S\u00e3o Paulo, Conselho Nacional de Desenvolvimento Cient\u00edfico e Tecnol\u00f3gico.<\/div>\n<\/div>\n","protected":false},"excerpt":{"rendered":"<p>COORDENA\u00c7\u00c3O: Prof. Dr. Jos\u00e9 Francisco Miguel Henriques Bairr\u00e3o Graduou-se em Psicologia e em Filosofia pela Universidade de S\u00e3o Paulo (FFLCH e IP). Doutorou-se em Filosofia pela Universidade Estadual de Campinas (IFCH) e \u00e9 Livre-Docente pela Universidade de S\u00e3o Paulo (FFCLRP). Atualmente \u00e9 pesquisador e docente de Psicologia Social no Departamento de Psicologia da Faculdade de Filosofia, Ci\u00eancias e Letras de Ribeir\u00e3o Preto da Universidade de S\u00e3o Paulo. Coordena o Laborat\u00f3rio de Etnopsicologia desta institui\u00e7\u00e3o, onde orienta e desenvolve pesquisas pautadas pelo interesse em n\u00e3o divorciar reflex\u00e3o epistemol\u00f3gica (Epistemologia da Psicologia, Filosofia da Psican\u00e1lise) e pesquisa emp\u00edrica (Psicologia da Cultura, Psicologia da Religi\u00e3o), bem como abertas a argumentos e contribui\u00e7\u00f5es interdisciplinares. \u00c9 lider do grupo de pesquisa em etnopsicologia do CNPQ. e-mail:\u00a0bairrao@usp.br Lattes: http:\/\/lattes.cnpq.br\/6050765190622445 P\u00e1gina na Fapesp: http:\/\/www.bv.fapesp.br\/37698 &nbsp; PROJETOS EM ANDAMENTO &nbsp; Disserta\u00e7\u00e3o de mestrado 1. Andr\u00e9 Alexandre \u00c2ngelo Nunes. Alquimistas de Aruanda: Estudo etnopsicol\u00f3gico do simbolismo na umbanda esot\u00e9rica. In\u00edcio: 2023. Disserta\u00e7\u00e3o (Mestrado em Psicologia) &#8211; Universidade de S\u00e3o Paulo. 2. Carolina Mikaela Silva Kato. Facetas do budismo no Brasil: Entrela\u00e7amentos entre etnia e convers\u00e3o. In\u00edcio: 2023. Disserta\u00e7\u00e3o (Mestrado em Psicologia) &#8211; Universidade de S\u00e3o Paulo. 3. Libna Pires Gomes. Nixi P\u00e3e na cidade: Os Guardi\u00f5es Huni Kuin. In\u00edcio: [&#8230;]<\/p>\n","protected":false},"author":118,"featured_media":0,"parent":0,"menu_order":0,"comment_status":"closed","ping_status":"closed","template":"","meta":{"footnotes":"","_links_to":"","_links_to_target":""},"class_list":["post-527","page","type-page","status-publish","hentry"],"_links":{"self":[{"href":"https:\/\/sites.usp.br\/etnopsicologia\/wp-json\/wp\/v2\/pages\/527","targetHints":{"allow":["GET"]}}],"collection":[{"href":"https:\/\/sites.usp.br\/etnopsicologia\/wp-json\/wp\/v2\/pages"}],"about":[{"href":"https:\/\/sites.usp.br\/etnopsicologia\/wp-json\/wp\/v2\/types\/page"}],"author":[{"embeddable":true,"href":"https:\/\/sites.usp.br\/etnopsicologia\/wp-json\/wp\/v2\/users\/118"}],"replies":[{"embeddable":true,"href":"https:\/\/sites.usp.br\/etnopsicologia\/wp-json\/wp\/v2\/comments?post=527"}],"version-history":[{"count":5,"href":"https:\/\/sites.usp.br\/etnopsicologia\/wp-json\/wp\/v2\/pages\/527\/revisions"}],"predecessor-version":[{"id":1291,"href":"https:\/\/sites.usp.br\/etnopsicologia\/wp-json\/wp\/v2\/pages\/527\/revisions\/1291"}],"wp:attachment":[{"href":"https:\/\/sites.usp.br\/etnopsicologia\/wp-json\/wp\/v2\/media?parent=527"}],"curies":[{"name":"wp","href":"https:\/\/api.w.org\/{rel}","templated":true}]}}