{"id":803,"date":"2016-08-08T14:54:12","date_gmt":"2016-08-08T17:54:12","guid":{"rendered":"http:\/\/sites.usp.br\/etnopsicologia\/?page_id=803"},"modified":"2016-08-08T23:29:37","modified_gmt":"2016-08-09T02:29:37","slug":"labetnopsi-2","status":"publish","type":"page","link":"https:\/\/sites.usp.br\/etnopsicologia\/labetnopsi-2\/","title":{"rendered":"Laborat\u00f3rio"},"content":{"rendered":"<p><a href=\"http:\/\/sites.usp.br\/etnopsicologia\/wp-content\/uploads\/sites\/150\/2016\/08\/13417560_10208453444008106_3961971869281850529_n.jpg\"><img loading=\"lazy\" decoding=\"async\" class=\"  wp-image-815 aligncenter\" src=\"http:\/\/sites.usp.br\/etnopsicologia\/wp-content\/uploads\/sites\/150\/2016\/08\/13417560_10208453444008106_3961971869281850529_n-168x300.jpg\" alt=\"13417560_10208453444008106_3961971869281850529_n\" width=\"240\" height=\"429\" srcset=\"https:\/\/sites.usp.br\/etnopsicologia\/wp-content\/uploads\/sites\/150\/2016\/08\/13417560_10208453444008106_3961971869281850529_n-168x300.jpg 168w, https:\/\/sites.usp.br\/etnopsicologia\/wp-content\/uploads\/sites\/150\/2016\/08\/13417560_10208453444008106_3961971869281850529_n-336x600.jpg 336w, https:\/\/sites.usp.br\/etnopsicologia\/wp-content\/uploads\/sites\/150\/2016\/08\/13417560_10208453444008106_3961971869281850529_n.jpg 538w\" sizes=\"auto, (max-width: 240px) 100vw, 240px\" \/><\/a><\/p>\n<p>&nbsp;<\/p>\n<p>O <strong>Laborat\u00f3rio de Etnopsicologia<\/strong>\u00a0do Departamento de Psicologia (DP), da Faculda<span class=\"text_exposed_show\">de de Filosofia, Ci\u00eancias e Letras de Ribeir\u00e3o Preto (FFCLRP), da Universidade de S\u00e3o Paulo (USP). Fundado e coordenado pelo professor Dr. Jos\u00e9 Francisco Miguel Henriques Bairr\u00e3o, com apoio de uma equipe diversificada de acad\u00eamicos e colaboradores, \u00a0tem por objetivo produzir conhecimentos sobre a etnopsicologia, nos campos da subjetividade, cultura, quest\u00f5es \u00e9tnicas e sociais e suas decorrencias para a psicologia, em contexto nacional e internacional. \u00a0O grupo de pesquisadores que o constitui contemplou em suas pesquisas, desde 2000 em sua funda\u00e7\u00e3o, tem\u00e1ticas como da religiosidade brasileira, de movimentos sociais e culturais, e quest\u00f5es \u00e9tnicas.<\/span><\/p>\n","protected":false},"excerpt":{"rendered":"<p>&nbsp; O Laborat\u00f3rio de Etnopsicologia\u00a0do Departamento de Psicologia (DP), da Faculdade de Filosofia, Ci\u00eancias e Letras de Ribeir\u00e3o Preto (FFCLRP), da Universidade de S\u00e3o Paulo (USP). Fundado e coordenado pelo professor Dr. Jos\u00e9 Francisco Miguel Henriques Bairr\u00e3o, com apoio de uma equipe diversificada de acad\u00eamicos e colaboradores, \u00a0tem por objetivo produzir conhecimentos sobre a etnopsicologia, nos campos da subjetividade, cultura, quest\u00f5es \u00e9tnicas e sociais e suas decorrencias para a psicologia, em contexto nacional e internacional. \u00a0O grupo de pesquisadores que o constitui contemplou em suas pesquisas, desde 2000 em sua funda\u00e7\u00e3o, tem\u00e1ticas como da religiosidade brasileira, de movimentos sociais e culturais, e quest\u00f5es \u00e9tnicas.<\/p>\n","protected":false},"author":260,"featured_media":0,"parent":0,"menu_order":0,"comment_status":"open","ping_status":"closed","template":"","meta":{"footnotes":"","_links_to":"","_links_to_target":""},"class_list":["post-803","page","type-page","status-publish","hentry"],"_links":{"self":[{"href":"https:\/\/sites.usp.br\/etnopsicologia\/wp-json\/wp\/v2\/pages\/803","targetHints":{"allow":["GET"]}}],"collection":[{"href":"https:\/\/sites.usp.br\/etnopsicologia\/wp-json\/wp\/v2\/pages"}],"about":[{"href":"https:\/\/sites.usp.br\/etnopsicologia\/wp-json\/wp\/v2\/types\/page"}],"author":[{"embeddable":true,"href":"https:\/\/sites.usp.br\/etnopsicologia\/wp-json\/wp\/v2\/users\/260"}],"replies":[{"embeddable":true,"href":"https:\/\/sites.usp.br\/etnopsicologia\/wp-json\/wp\/v2\/comments?post=803"}],"version-history":[{"count":6,"href":"https:\/\/sites.usp.br\/etnopsicologia\/wp-json\/wp\/v2\/pages\/803\/revisions"}],"predecessor-version":[{"id":847,"href":"https:\/\/sites.usp.br\/etnopsicologia\/wp-json\/wp\/v2\/pages\/803\/revisions\/847"}],"wp:attachment":[{"href":"https:\/\/sites.usp.br\/etnopsicologia\/wp-json\/wp\/v2\/media?parent=803"}],"curies":[{"name":"wp","href":"https:\/\/api.w.org\/{rel}","templated":true}]}}