{"id":999,"date":"2020-05-19T16:13:55","date_gmt":"2020-05-19T19:13:55","guid":{"rendered":"http:\/\/sites.usp.br\/etnopsicologia\/?page_id=999"},"modified":"2021-01-26T12:09:34","modified_gmt":"2021-01-26T15:09:34","slug":"estudo-e-extensao","status":"publish","type":"page","link":"https:\/\/sites.usp.br\/etnopsicologia\/estudo-e-extensao\/","title":{"rendered":"Cultura e Extens\u00e3o"},"content":{"rendered":"<p>Os programas de Cultura e Extens\u00e3o promovidos pelo Laborat\u00f3rio de Etnopsicologia da FFCLRP-USP visam construir v\u00ednculos com a sociedade, por meio da intera\u00e7\u00e3o e interc\u00e2mbio de conhecimentos com comunidades. Atualmente os projetos em andamento s\u00e3o &#8220;Racismo e Sofrimento Ps\u00edquico&#8221;, &#8220;Juventudes Negras&#8221; e &#8220;Rede de Psicologia e Povos ind\u00edgenas&#8221;.<\/p>\n","protected":false},"excerpt":{"rendered":"<p>Os programas de Cultura e Extens\u00e3o promovidos pelo Laborat\u00f3rio de Etnopsicologia da FFCLRP-USP visam construir v\u00ednculos com a sociedade, por meio da intera\u00e7\u00e3o e interc\u00e2mbio de conhecimentos com comunidades. Atualmente os projetos em andamento s\u00e3o &#8220;Racismo e Sofrimento Ps\u00edquico&#8221;, &#8220;Juventudes Negras&#8221; e &#8220;Rede de Psicologia e Povos ind\u00edgenas&#8221;.<\/p>\n","protected":false},"author":260,"featured_media":0,"parent":0,"menu_order":0,"comment_status":"closed","ping_status":"closed","template":"","meta":{"footnotes":"","_links_to":"","_links_to_target":""},"class_list":["post-999","page","type-page","status-publish","hentry"],"_links":{"self":[{"href":"https:\/\/sites.usp.br\/etnopsicologia\/wp-json\/wp\/v2\/pages\/999","targetHints":{"allow":["GET"]}}],"collection":[{"href":"https:\/\/sites.usp.br\/etnopsicologia\/wp-json\/wp\/v2\/pages"}],"about":[{"href":"https:\/\/sites.usp.br\/etnopsicologia\/wp-json\/wp\/v2\/types\/page"}],"author":[{"embeddable":true,"href":"https:\/\/sites.usp.br\/etnopsicologia\/wp-json\/wp\/v2\/users\/260"}],"replies":[{"embeddable":true,"href":"https:\/\/sites.usp.br\/etnopsicologia\/wp-json\/wp\/v2\/comments?post=999"}],"version-history":[{"count":4,"href":"https:\/\/sites.usp.br\/etnopsicologia\/wp-json\/wp\/v2\/pages\/999\/revisions"}],"predecessor-version":[{"id":1154,"href":"https:\/\/sites.usp.br\/etnopsicologia\/wp-json\/wp\/v2\/pages\/999\/revisions\/1154"}],"wp:attachment":[{"href":"https:\/\/sites.usp.br\/etnopsicologia\/wp-json\/wp\/v2\/media?parent=999"}],"curies":[{"name":"wp","href":"https:\/\/api.w.org\/{rel}","templated":true}]}}