{"id":530,"date":"2016-05-05T09:52:35","date_gmt":"2016-05-05T12:52:35","guid":{"rendered":"http:\/\/sites.usp.br\/famb\/?page_id=530"},"modified":"2025-03-18T15:59:33","modified_gmt":"2025-03-18T18:59:33","slug":"pesquisa","status":"publish","type":"page","link":"https:\/\/sites.usp.br\/famb\/pb\/pesquisa\/","title":{"rendered":"Pesquisa"},"content":{"rendered":"<p>Atualmente o Programa FAMB conta com linhas de pesquisa que vieram de reestrutura\u00e7\u00e3o rec\u00e9m realizada e que culminaram em tr\u00eas grandes linhas:<\/p>\n<p><strong>Biof\u00edsica Molecular<\/strong><br \/>\n<strong> F\u00edsica M\u00e9dica<\/strong><br \/>\n<strong> F\u00edsica de Sistemas Complexos<\/strong><\/p>\n<p>Cada linha de pesquisa conta com um n\u00famero equilibrado de projetos de pesquisa e sua quantidade reflete em parte a distribui\u00e7\u00e3o de docentes entre as linhas. A linha de pesquisa em Biof\u00edsica Molecular envolve aqueles orientadores que se interessam pelo estudo do comportamento de mol\u00e9culas de interesse biol\u00f3gico e que, para tanto, se valem de m\u00e9todos em F\u00edsica como as chamadas t\u00e9cnicas espectrosc\u00f3picas. Em F\u00edsica M\u00e9dica, est\u00e3o os pesquisadores com atua\u00e7\u00e3o marcadamente voltada para a interface F\u00edsica\/Medicina e que abrange temas como radioterapia, radiodiagnostica, imagens m\u00e9dicas, dentre outros.<\/p>\n<p>Por fim, na linha de F\u00edsica de Sistemas Complexos est\u00e3o os orientadores que trabalham com problemas em neuroci\u00eancias, redes complexas, estat\u00edstica de sistemas biol\u00f3gicos, todos majoritariamente abordados do ponto de vista de modelos te\u00f3ricos e computacionais. Pode-se inferir, por conseguinte, que as linhas de pesquisa, apesar de apresentadas separadamente, encontram sobreposi\u00e7\u00f5es de interesses de forma que os orientadores possam atuar, mesmo que estando em uma dada linha, de forma integrada e flex\u00edvel nos temas de pesquisa.<\/p>\n<hr \/>\n<div id=\"abas\">\n<ul style=\"padding: 0;margin: 0\">\n<li><a href=\"#grupos\">Grupos de Pesquisa<\/a><\/li>\n<li><a href=\"#linhas\">Linhas de Pesquisa<\/a><\/li>\n<\/ul>\n<div id=\"grupos\" style=\"padding: 0;margin: 5px\">\n<hr \/>\n<h3>Grupo de Inova\u00e7\u00e3o em Instrumenta\u00e7\u00e3o M\u00e9dica e Ultrasom &#8211; GIIMUS<\/h3>\n<p>        <a title=\"Visitar P\u00e1gina do Grupo\" href=\"https:\/\/sites.usp.br\/giimus\/pt\/\" target=\"_blank\" rel=\"noopener noreferrer\"> Site do Grupo <\/a><br \/>\n        <strong> Docentes: <\/strong>Adilton Carneiro &#8211; Theo Pavan<\/p>\n<hr \/>\n<h3>Inbrain<\/h3>\n<p>        <a title=\"Visitar P\u00e1gina do Grupo\" href=\"https:\/\/inbrainlab.wixsite.com\/inbrainlab\" target=\"_blank\" rel=\"noopener noreferrer\"> Site do Grupo <\/a><br \/>\n        <strong> Docentes: <\/strong>Carlos Garrido &#8211; Renata Leoni<\/p>\n<hr \/>\n<h3>Laborat\u00f3rio de Sistemas Neurais &#8211; SisNe<\/h3>\n<p>        <a title=\"Visitar P\u00e1gina do Grupo\" href=\"http:\/\/www.sisne.org\" target=\"_blank\" rel=\"noopener noreferrer\"> Site do Grupo <\/a><br \/>\n        <strong> Docentes: <\/strong>Ant\u00f4nio Carlos Roque<\/p>\n<hr \/>\n<h3>Simula\u00e7\u00e3o Monte Carlo Aplicada \u00e0 Radioterapia \u2013 SMART<\/h3>\n<p>       <a title=\"Visitar P\u00e1gina do Grupo\" href=\"https:\/\/pnicolucci2.wixsite.com\/smart\" target=\"_blank\" rel=\"noopener noreferrer\"> Site do Grupo <\/a><br \/>\n        <strong> Docentes: <\/strong>Patr\u00edcia Nicolucci<\/p>\n<hr \/>\n<h3>Sensores e Materiais &#8211; Sensormat<\/h3>\n<p>        <a title=\"Visitar P\u00e1gina do Grupo\" href=\"\/\/sites.usp.br\/sensormat\/\" target=\"_blank\" rel=\"noopener noreferrer\"> Site do Grupo <\/a><br \/>\n        <strong> Docentes: <\/strong>Marcelo Mulato<\/p>\n<hr \/>\n<h3>Grupo de Computa\u00e7\u00e3o em Sinais e Imagens M\u00e9dicas \u2013 CSIM<\/h3>\n<p>        <a title=\"Visitar P\u00e1gina do Grupo\" href=\"\/\/sites.google.com\/site\/grupocsim\/\" target=\"_blank\" rel=\"noopener noreferrer\"> Site do Grupo <\/a><br \/>\n        <strong> Docentes: <\/strong>Luiz Ot\u00e1vio Murta<\/p>\n<hr \/>\n<h3>Laborat\u00f3rio de Biof\u00edsica Molecular &#8211; LBM<\/h3>\n<p>        <a title=\"Visitar P\u00e1gina do Grupo\" href=\"https:\/\/sites.usp.br\/lbm\" target=\"_blank\" rel=\"noopener noreferrer\"> Site do Grupo <\/a><br \/>\n        <strong> Docentes: <\/strong>Ant\u00f4nio Jos\u00e9 da Costa Filho<\/p>\n<hr \/>\n<h3>Laborat\u00f3rio de Fotobiof\u00edsica<\/h3>\n<p>        <a title=\"Visitar P\u00e1gina do Grupo\" href=\"https:\/\/sites.usp.br\/fotobiofisica\/\" target=\"_blank\" rel=\"noopener noreferrer\"> Site do Grupo <\/a><br \/>\n        <strong> Docentes: <\/strong>Luciano Bachmann &#8211; Amando Ito &#8211; Iouri Borissevitch &#8211; George Cunha Cardoso<\/p>\n<hr \/>\n<h3>Laborat\u00f3rio de Modelagem em Sistemas Complexos<\/h3>\n<p>        <a title=\"Visitar P\u00e1gina do Grupo\" href=\"https:\/\/sites.usp.br\/lmsc\/\" target=\"_blank\" rel=\"noopener noreferrer\"> Site do Grupo <\/a><br \/>\n        <strong> Docentes: <\/strong>Alexandre Souto Martinez<\/p>\n<hr \/>\n<h3>F\u00edsica Radiol\u00f3gica e Dosimetria<\/h3>\n<p>        <a title=\"Visitar P\u00e1gina do Grupo\" href=\"http:\/\/dgp.cnpq.br\/dgp\/espelhogrupo\/7548264580175587\" target=\"_blank\" rel=\"noopener noreferrer\"> Site do Grupo <\/a><br \/>\n        <strong> Docentes: <\/strong>Martin Poletti &#8211; Patr\u00edcia Nicolucci<\/p>\n<hr \/>\n<h3>Laborat\u00f3rio de Biomagnetismo<\/h3>\n<p>        <a title=\"Visitar P\u00e1gina do Grupo\" href=\"https:\/\/biomaglab.wordpress.com\/\" target=\"_blank\" rel=\"noopener noreferrer\"> Site do Grupo <\/a><br \/>\n        <strong> Docente: <\/strong>Oswaldo Baffa Filho<\/p>\n<hr \/>\n<h3>Grupo de NanoDose &#8211; Nanotecnologia e dosimetria das radia\u00e7\u00f5eso<\/h3>\n<p>        <a title=\"Visitar P\u00e1gina do Grupo\" href=\"https:\/\/guidelli.wixsite.com\/nanodose\" target=\"_blank\" rel=\"noopener noreferrer\"> Site do Grupo <\/a><br \/>\n        <strong> Docente: <\/strong>Eder Jos\u00e9 Guidelli<\/p>\n<hr \/>\n<h3>Grupo de F\u00edsico-Qu\u00edmica de Col\u00f3ides e Supef\u00edcies<\/h3>\n<p>        <a title=\"Visitar P\u00e1gina do Grupo\" href=\"https:\/\/sites.usp.br\/labfqsupcol\/\" target=\"_blank\" rel=\"noopener noreferrer\"> Site do Grupo <\/a><br \/>\n        <strong> Docente: <\/strong>Ana Paula Ramos     <\/p>\n<hr \/><\/div>\n<div id=\"linhas\" style=\"padding: 0;margin: 5px\">\n        \n<!-- iframe plugin v.6.0 wordpress.org\/plugins\/iframe\/ -->\n<iframe loading=\"lazy\" frameborder=\"0\" height=\"1024px\" marginheight=\"0\" marginwidth=\"0\" scrolling=\"auto\" src=\"https:\/\/pos.ffclrp.usp.br\/pgusp\/pt-br\/ffclrp\/famb\/pesquisa\/areas.html\" width=\"100%\" class=\"iframe-class\"><\/iframe>\n\n    <\/div>\n<\/div>\n<p><\/p>","protected":false},"excerpt":{"rendered":"<p>Atualmente o Programa FAMB conta com linhas de pesquisa que vieram de reestrutura\u00e7\u00e3o rec\u00e9m realizada [&hellip;]<\/p>\n","protected":false},"author":211,"featured_media":0,"parent":0,"menu_order":0,"comment_status":"closed","ping_status":"closed","template":"","meta":{"footnotes":"","_links_to":"","_links_to_target":""},"class_list":["post-530","page","type-page","status-publish","hentry"],"_links":{"self":[{"href":"https:\/\/sites.usp.br\/famb\/pb\/wp-json\/wp\/v2\/pages\/530","targetHints":{"allow":["GET"]}}],"collection":[{"href":"https:\/\/sites.usp.br\/famb\/pb\/wp-json\/wp\/v2\/pages"}],"about":[{"href":"https:\/\/sites.usp.br\/famb\/pb\/wp-json\/wp\/v2\/types\/page"}],"author":[{"embeddable":true,"href":"https:\/\/sites.usp.br\/famb\/pb\/wp-json\/wp\/v2\/users\/211"}],"replies":[{"embeddable":true,"href":"https:\/\/sites.usp.br\/famb\/pb\/wp-json\/wp\/v2\/comments?post=530"}],"version-history":[{"count":4,"href":"https:\/\/sites.usp.br\/famb\/pb\/wp-json\/wp\/v2\/pages\/530\/revisions"}],"predecessor-version":[{"id":1272,"href":"https:\/\/sites.usp.br\/famb\/pb\/wp-json\/wp\/v2\/pages\/530\/revisions\/1272"}],"wp:attachment":[{"href":"https:\/\/sites.usp.br\/famb\/pb\/wp-json\/wp\/v2\/media?parent=530"}],"curies":[{"name":"wp","href":"https:\/\/api.w.org\/{rel}","templated":true}]}}