{"id":537,"date":"2016-05-05T10:01:25","date_gmt":"2016-05-05T13:01:25","guid":{"rendered":"http:\/\/sites.usp.br\/famb\/?page_id=537"},"modified":"2021-05-06T13:16:04","modified_gmt":"2021-05-06T16:16:04","slug":"producoes","status":"publish","type":"page","link":"https:\/\/sites.usp.br\/famb\/pb\/producoes\/","title":{"rendered":"Produ\u00e7\u00f5es"},"content":{"rendered":"<p><\/p>\n<div id=\"abas\">\n<ul style=\"padding: 0;margin: 0\">\n<li><a href=\"#prod\">Disserta\u00e7\u00f5es e Teses<\/a><\/li>\n<li><a href=\"#seminarios\">Semin\u00e1rios<\/a><\/li>\n<\/ul>\n<div id=\"prod\" style=\"padding: 0;margin: 5px\">\n        \n<!-- iframe plugin v.6.0 wordpress.org\/plugins\/iframe\/ -->\n<iframe loading=\"lazy\" frameborder=\"0\" height=\"1024px\" marginheight=\"0\" marginwidth=\"0\" scrolling=\"auto\" src=\"https:\/\/pos.ffclrp.usp.br\/pgusp\/pt-br\/ffclrp\/famb\/defesas\/defendidas.html\" width=\"100%\" class=\"iframe-class\"><\/iframe>\n\n    <\/div>\n<div id=\"seminarios\" style=\"padding: 0;margin: 5px\">\n<p>\nOs semin\u00e1rios promovidos pelo programa de p\u00f3s-gradua\u00e7\u00e3o FAMB ocorrem semanalmente e preferencialmente as quartas-feiras, 10:00 da manh\u00e3. <br \/>\nOs semin\u00e1rios s\u00e3o transmitidos pelo canal no <a href=\"https:\/\/www.youtube.com\/c\/fambusp\">www.youtube.com\/c\/fambusp <\/a><br \/>\nParticipe!!!\n<\/p>\n<\/p><\/div>\n<\/div>\n<p><\/p>","protected":false},"excerpt":{"rendered":"<p>Disserta\u00e7\u00f5es e Teses Semin\u00e1rios Os semin\u00e1rios promovidos pelo programa de p\u00f3s-gradua\u00e7\u00e3o FAMB ocorrem semanalmente e [&hellip;]<\/p>\n","protected":false},"author":211,"featured_media":0,"parent":0,"menu_order":0,"comment_status":"closed","ping_status":"closed","template":"","meta":{"footnotes":"","_links_to":"","_links_to_target":""},"class_list":["post-537","page","type-page","status-publish","hentry"],"_links":{"self":[{"href":"https:\/\/sites.usp.br\/famb\/pb\/wp-json\/wp\/v2\/pages\/537","targetHints":{"allow":["GET"]}}],"collection":[{"href":"https:\/\/sites.usp.br\/famb\/pb\/wp-json\/wp\/v2\/pages"}],"about":[{"href":"https:\/\/sites.usp.br\/famb\/pb\/wp-json\/wp\/v2\/types\/page"}],"author":[{"embeddable":true,"href":"https:\/\/sites.usp.br\/famb\/pb\/wp-json\/wp\/v2\/users\/211"}],"replies":[{"embeddable":true,"href":"https:\/\/sites.usp.br\/famb\/pb\/wp-json\/wp\/v2\/comments?post=537"}],"version-history":[{"count":5,"href":"https:\/\/sites.usp.br\/famb\/pb\/wp-json\/wp\/v2\/pages\/537\/revisions"}],"predecessor-version":[{"id":1162,"href":"https:\/\/sites.usp.br\/famb\/pb\/wp-json\/wp\/v2\/pages\/537\/revisions\/1162"}],"wp:attachment":[{"href":"https:\/\/sites.usp.br\/famb\/pb\/wp-json\/wp\/v2\/media?parent=537"}],"curies":[{"name":"wp","href":"https:\/\/api.w.org\/{rel}","templated":true}]}}