{"id":648,"date":"2016-05-04T10:21:20","date_gmt":"2016-05-04T13:21:20","guid":{"rendered":"http:\/\/sites.usp.br\/famb\/?page_id=512"},"modified":"2024-02-23T09:17:14","modified_gmt":"2024-02-23T12:17:14","slug":"apresentacao","status":"publish","type":"page","link":"https:\/\/sites.usp.br\/famb\/pb\/apresentacao\/","title":{"rendered":"Apresenta\u00e7\u00e3o"},"content":{"rendered":"<p><\/p>\n<div id=\"abas\">\n<ul style=\"padding: 0; margin: 0;\">\n<li><a href=\"#historico\">Hist\u00f3rico<\/a><\/li>\n<li><a href=\"#objetivos\">Objetivos<\/a><\/li>\n<li><a href=\"#CCP\">Coordena\u00e7\u00e3o<\/a><\/li>\n<li><a href=\"#calReunioes\">Calend\u00e1rio de Reuni\u00f5es<\/a><\/li>\n<li><a href=\"#contato\">Contato<\/a><\/li>\n<\/ul>\n<div id=\"historico\">\n<p>O programa de P\u00f3s-gradua\u00e7\u00e3o em F\u00edsica Aplicada \u00e0 Medicina e Biologia (FAMB) \u00e9 programa singular no cen\u00e1rio da p\u00f3s-gradua\u00e7\u00e3o nacional dada sua dedica\u00e7\u00e3o exclusiva ao emprego de m\u00e9todos de F\u00edsica para investiga\u00e7\u00e3o de problemas em Medicina e Biologia. A origem dessa dedica\u00e7\u00e3o se remete \u00e0 sua g\u00eanese ainda em meados da d\u00e9cada de 1990 e que, por sua vez, nasceu das caracter\u00edsticas pioneiras do hoje Departamento de F\u00edsica (DF) da Faculdade de Filosofia, Ci\u00eancias e Letras de Ribeir\u00e3o Preto (FFCLRP) da Universidade de S\u00e3o Paulo (USP).<\/p>\n<p>A atitude de vanguarda do corpo docente da FFCLRP levou, j\u00e1 no final da d\u00e9cada de 1970, a uma reformula\u00e7\u00e3o no setor de F\u00edsica, que culminou com a contrata\u00e7\u00e3o de v\u00e1rios docentes com experi\u00eancia de atua\u00e7\u00e3o na interface F\u00edsica\/Medicina\/Biologia. A exist\u00eancia de cursos e grupos de pesquisa com destacada produ\u00e7\u00e3o na \u00e1rea das Ci\u00eancias Biom\u00e9dicas fazia do campus da USP em Ribeir\u00e3o Preto local ideal para estabelecimento de iniciativas inovadoras como a ent\u00e3o incipiente participa\u00e7\u00e3o de f\u00edsicos em projetos da \u00e1rea m\u00e9dica. Portanto, nessa mesma \u00e9poca, foram unidos esfor\u00e7os no sentido de se iniciarem projetos ligados \u00e0 \u00e1rea de F\u00edsica M\u00e9dica que visassem acumular subs\u00eddios para elabora\u00e7\u00e3o de um plano de trabalho, que permitisse elaborar projetos de pesquisa com financiamento dos \u00f3rg\u00e3os governamentais.<\/p>\n<p>Contando com a estrutura existente no Hospital das Cl\u00ednicas e do Centro de Instrumenta\u00e7\u00e3o Dosimetria e Radioprote\u00e7\u00e3o (CIDRA), a proposta de cria\u00e7\u00e3o do curso de P\u00f3s-gradua\u00e7\u00e3o em F\u00edsica Aplicada \u00e0 Medicina e Biologia foi aprovada, em agosto de 1986, ap\u00f3s dois anos de tramita\u00e7\u00e3o, em n\u00edvel de Mestrado. Em 1995, o curso foi estendido para o n\u00edvel de doutorado. Vale ressaltar que a P\u00f3s-gradua\u00e7\u00e3o FAMB foi pioneira nessa especialidade na Am\u00e9rica Latina, criando nicho \u00fanico de atua\u00e7\u00e3o profissional e que se mant\u00e9m na vanguarda do conhecimento at\u00e9 os dias atuais.<\/p>\n<p>Os cursos de p\u00f3s-gradua\u00e7\u00e3o em F\u00edsica Aplicada \u00e0 Medicina e Biologia e de gradua\u00e7\u00e3o em F\u00edsica M\u00e9dica permitiram, ainda, o delineamento de um horizonte de pesquisa bem definido e com caracter\u00edsticas singulares no universo do Ensino Superior nacional, em particular em n\u00edvel de P\u00f3s-gradua\u00e7\u00e3o, como se depreende ao se constatar que o programa FAMB \u00e9 o \u00fanico programa de P\u00f3s-gradua\u00e7\u00e3o na \u00e1rea Medicina II da CAPES que integra amplo espectro de profissionais de \u00e1reas aparentemente distintas como F\u00edsica, Engenharia e Medicina, mas que encontram seu ponto intersec\u00e7\u00e3o quando os objetivos a serem alcan\u00e7ados passam por abordar problemas t\u00e3o complexos quanto aqueles que envolvem quest\u00f5es ligadas \u00e0 Sa\u00fade. A realiza\u00e7\u00e3o de tais objetivos requereu e requer um desenvolvimento de infraestrutura tamb\u00e9m \u00fanica nessa \u00e1rea, o que confere, ao programa FAMB, outro aspecto diferenciado dentro de seu nicho de compet\u00eancias. Al\u00e9m disso, as pesquisas e os servi\u00e7os de extens\u00e3o realizados est\u00e3o todos concentrados em torno das grandes \u00e1reas do saber de F\u00edsica.<\/p>\n<p>V\u00ea-se, portanto, que, ap\u00f3s esses 20 anos desde a cria\u00e7\u00e3o do curso em n\u00edvel de doutorado, o programa FAMB est\u00e1, apesar de consolidado, em constante evolu\u00e7\u00e3o e aprimoramento com vistas \u00e0 manuten\u00e7\u00e3o dos n\u00edveis de excel\u00eancia alcan\u00e7ados e com forte inser\u00e7\u00e3o regional, nacional e internacional.<\/p>\n<\/div>\n<div id=\"objetivos\">\n<p>O Programa de P\u00f3s-Gradua\u00e7\u00e3o em F\u00edsica Aplicada \u00e0 Medicina e Biologia (FAMB) \u00e9 o \u00fanico programa de p\u00f3s-gradua\u00e7\u00e3o no Brasil com total \u00eanfase em aplica\u00e7\u00f5es da F\u00edsica em Medicina e Biologia. Tem por objetivo formar um profissional com uma ampla vis\u00e3o interdisciplinar, capaz de desenvolver novas pesquisas e aplica\u00e7\u00f5es nas \u00e1reas de interface entre a F\u00edsica e a Medicina e as Ci\u00eancias Biol\u00f3gicas. Este \u00e9 um importante segmento de pesquisa interdisciplinar que tem impacto direto em v\u00e1rias \u00e1reas de relev\u00e2ncia social e contribui criando novos conhecimentos em Medicina e Biologia atrav\u00e9s de pesquisas que utilizam t\u00e9cnicas e m\u00e9todos da F\u00edsica e demais ci\u00eancias exatas. Como resultado, almejamos um aprofundamento do conhecimento sobre os sistemas vivos e de novas aplica\u00e7\u00f5es tecnol\u00f3gicas na \u00e1rea da sa\u00fade. Por isso as principais \u00e1reas afins s\u00e3o: F\u00edsica, Medicina, Interdisciplinar, Multidisciplinar, Engenharias, inclusive Biom\u00e9dica, Materiais, Qu\u00edmica, Biof\u00edsica, Ci\u00eancia da Computa\u00e7\u00e3o, Odontologia, Farm\u00e1cia, Sa\u00fade Coletiva, Matem\u00e1tica, Probabilidade e Estat\u00edstica. O Programa \u00e9 constantemente atualizado para acompanhar a evolu\u00e7\u00e3o da sua \u00e1rea de atua\u00e7\u00e3o, tanto no \u00e2mbito das suas disciplinas quanto das suas linhas e projetos de pesquisa.<\/p>\n<p>Procuramos, ativa e permanentemente, consolidar o Programa em F\u00edsica Aplicada \u00e0 Medicina e Biologia atrav\u00e9s do incentivo \u00e0 investiga\u00e7\u00e3o cient\u00edfica, especialmente em n\u00edvel de doutorado, que utilize os conhecimentos de fronteira em F\u00edsica para a solu\u00e7\u00e3o dos problemas mais relevantes nas Ci\u00eancias M\u00e9dicas. A\u00e7\u00f5es importantes nesse sentido visam intensificar a participa\u00e7\u00e3o ativa de docentes da \u00e1rea m\u00e9dica do campus (representada pela Faculdade de Medicina, Hospital das Cl\u00ednicas e Hemocentro) em nosso Programa, desenvolvendo pesquisas translacionais e interdisciplinares com estudantes do Programa, al\u00e9m de v\u00e1rias colabora\u00e7\u00f5es com e sem v\u00ednculo formal. Como exemplos de alguns t\u00f3picos da pesquisa desenvolvida citamos: i) aplica\u00e7\u00f5es dos conhecimentos da intera\u00e7\u00e3o da radia\u00e7\u00e3o ionizante e n\u00e3o ionizante com a mat\u00e9ria para se obter imagens, oferecer terapias e desenvolver novos sensores, produtos e processos; ii) a utiliza\u00e7\u00e3o de algoritmos da f\u00edsica-matem\u00e1tica para auxiliar na tomada de decis\u00f5es no processo de diagn\u00f3stico m\u00e9dico, na avalia\u00e7\u00e3o de imagens m\u00e9dicas e na modelagem de processos biol\u00f3gicos; iii) aplica\u00e7\u00f5es das t\u00e9cnicas de resson\u00e2ncia paramagn\u00e9tica eletr\u00f4nica (EPR) em dosimetria e de resson\u00e2ncia magn\u00e9tica nuclear (RMN) em diagn\u00f3stico, inclusive com imagem funcional; iv) desenvolvimento de modelos te\u00f3ricos que auxiliam na compreens\u00e3o de fen\u00f4menos observados nas Ci\u00eancias M\u00e9dicas e Biol\u00f3gicas; v) desenvolvimento de novas t\u00e9cnicas de diagn\u00f3stico cl\u00ednico por ultrassom, assim como desenvolvimento de nova instrumenta\u00e7\u00e3o em geral; vi) desenvolvimento de biossensores e transdutores variados de interesse no uso do monitoramento e controle da sa\u00fade humana; vii) biomateriais, etc.<\/p>\n<p>O programa FAMB vem passando por uma intensa renova\u00e7\u00e3o de seu corpo docente, visto que uma parte significativa dos docentes credenciados foi contratada h\u00e1 relativamente pouco tempo em nosso departamento. Isto se deve ao preenchimento de novas vagas ou \u00e0 reposi\u00e7\u00e3o devido ao fluxo de docentes que se aposentaram. Novas \u00e1reas, pioneiras em F\u00edsica M\u00e9dica no Brasil, est\u00e3o sendo implementadas em nosso programa. A pol\u00edtica de incentivo a est\u00e1gios no exterior (sab\u00e1ticos, p\u00f3s-doc, professor visitante, etc) tamb\u00e9m vem aumentando, contribuindo para a internacionaliza\u00e7\u00e3o do programa. No per\u00edodo de 2013\/2014, por exemplo, um docente realizou p\u00f3s-doutoramento na \u00e1rea de Imagens Funcionais por Resson\u00e2ncia Magn\u00e9tica Nuclear na Inglaterra, aumentando a potencialidade de novos projetos serem desenvolvidos nessa \u00e1rea dentro do programa.<\/p>\n<p>Em suma, como parte dos objetivos temos a consolida\u00e7\u00e3o de \u00e1reas importantes para a forma\u00e7\u00e3o b\u00e1sica do f\u00edsico e f\u00edsico m\u00e9dico, como ci\u00eancias, desenvolvimento e aplica\u00e7\u00f5es de materiais, espectroscopia e teoria, al\u00e9m de investir no credenciamento de novos docentes com propostas de pesquisas inovadoras para a implanta\u00e7\u00e3o de \u00e1reas e m\u00e9todos que, apesar de tradicionais da F\u00edsica M\u00e9dica, ainda eram incipientes em nosso pa\u00eds com pouca atua\u00e7\u00e3o de f\u00edsicos como: ultrassom, medicina nuclear, radioterapia e dosimetria.<\/p>\n<\/div>\n<div id=\"CCP\">\n\n<!-- iframe plugin v.6.0 wordpress.org\/plugins\/iframe\/ -->\n<iframe loading=\"lazy\" frameborder=\"0\" scrolling=\"no\" marginheight=\"0\" marginwidth=\"0\" src=\"https:\/\/pos.ffclrp.usp.br\/pgusp\/pt-br\/ffclrp\/famb\/coordenacao.html\" width=\"100%\" height=\"124px\" class=\"iframe-class\"><\/iframe>\n\n<table border=\"0\" width=\"100%\" cellspacing=\"1\" cellpadding=\"3\" bgcolor=\"#000\">\n<thead>\n<tr>\n<th bgcolor=\"white\">Nome Completo<\/th>\n<th bgcolor=\"white\">Fun\u00e7\u00e3o<\/th>\n<\/tr>\n<\/thead>\n<tbody>\n<tr>\n<td bgcolor=\"white\">Ant\u00f4nio Jos\u00e9 da Costa Filho<\/td>\n<td bgcolor=\"white\">Titular<\/td>\n<\/tr>\n<tr>\n<td bgcolor=\"white\">Marcelo Mulato<\/td>\n<td bgcolor=\"white\">Suplente<\/td>\n<\/tr>\n<tr>\n<td colspan=\"3\" bgcolor=\"white\"><\/td>\n<\/tr>\n<tr>\n<td bgcolor=\"white\">Antonio Carlos Roque da Silva Filho<\/td>\n<td bgcolor=\"white\">Titular<\/td>\n<\/tr>\n<tr>\n<td bgcolor=\"white\">Adilton Antonio Oliveira Carneiro<\/td>\n<td bgcolor=\"white\">Suplente<\/td>\n<\/tr>\n<tr>\n<td colspan=\"3\" bgcolor=\"white\"><\/td>\n<\/tr>\n<tr>\n<td bgcolor=\"white\">Carlos Ernesto Garrido Salmon<\/td>\n<td bgcolor=\"white\">Titular<\/td>\n<\/tr>\n<tr>\n<td bgcolor=\"white\">Alexandre Souto Martinez<\/td>\n<td bgcolor=\"white\">Suplente<\/td>\n<\/tr>\n<tr>\n<td colspan=\"3\" bgcolor=\"white\"><\/td>\n<\/tr>\n<tr>\n<td bgcolor=\"white\">Patr\u00edcia Nicolucci<\/td>\n<td bgcolor=\"white\">Titular<\/td>\n<\/tr>\n<tr>\n<td bgcolor=\"white\">Martin Eduardo Poletti<\/td>\n<td bgcolor=\"white\">Suplente<\/td>\n<\/tr>\n<tr>\n<td colspan=\"3\" bgcolor=\"white\"><\/td>\n<\/tr>\n<tr>\n<td bgcolor=\"white\">Felipe Wilker Grillo<\/td>\n<td bgcolor=\"white\">Titular<\/td>\n<\/tr>\n<tr>\n<td bgcolor=\"white\">Victor Hugo de Oliveira e Souza<\/td>\n<td bgcolor=\"white\">Suplente<\/td>\n<\/tr>\n<\/tbody>\n<\/table>\n<\/div>\n<div id=\"calReunioes\">\n<h2>Calend\u00e1rio de Reuni\u00f5es<\/h2>\n<p><object data=\"https:\/\/sites.usp.br\/famb\/wp-content\/uploads\/sites\/112\/2024\/02\/CalendarioReunioesCCP2024.pdf\" width=\"100%\" height=\"1024\"><\/object> <\/p>\n<\/div>\n<div id=\"contato\">\n<!-- iframe plugin v.6.0 wordpress.org\/plugins\/iframe\/ -->\n<iframe loading=\"lazy\" frameborder=\"0\" scrolling=\"auto\" marginheight=\"0\" marginwidth=\"0\" src=\"https:\/\/pos.ffclrp.usp.br\/pgusp\/pt-br\/ffclrp\/famb\/contato.html\" width=\"100%\" height=\"1024px\" class=\"iframe-class\"><\/iframe>\n<\/div>\n<\/div>\n<p><\/p>","protected":false},"excerpt":{"rendered":"<p>Hist\u00f3rico Objetivos Coordena\u00e7\u00e3o Calend\u00e1rio de Reuni\u00f5es Contato O programa de P\u00f3s-gradua\u00e7\u00e3o em F\u00edsica Aplicada \u00e0 [&hellip;]<\/p>\n","protected":false},"author":211,"featured_media":0,"parent":0,"menu_order":1,"comment_status":"closed","ping_status":"closed","template":"","meta":{"footnotes":"","_links_to":"","_links_to_target":""},"class_list":["post-648","page","type-page","status-publish","hentry"],"_links":{"self":[{"href":"https:\/\/sites.usp.br\/famb\/pb\/wp-json\/wp\/v2\/pages\/648","targetHints":{"allow":["GET"]}}],"collection":[{"href":"https:\/\/sites.usp.br\/famb\/pb\/wp-json\/wp\/v2\/pages"}],"about":[{"href":"https:\/\/sites.usp.br\/famb\/pb\/wp-json\/wp\/v2\/types\/page"}],"author":[{"embeddable":true,"href":"https:\/\/sites.usp.br\/famb\/pb\/wp-json\/wp\/v2\/users\/211"}],"replies":[{"embeddable":true,"href":"https:\/\/sites.usp.br\/famb\/pb\/wp-json\/wp\/v2\/comments?post=648"}],"version-history":[{"count":4,"href":"https:\/\/sites.usp.br\/famb\/pb\/wp-json\/wp\/v2\/pages\/648\/revisions"}],"predecessor-version":[{"id":1222,"href":"https:\/\/sites.usp.br\/famb\/pb\/wp-json\/wp\/v2\/pages\/648\/revisions\/1222"}],"wp:attachment":[{"href":"https:\/\/sites.usp.br\/famb\/pb\/wp-json\/wp\/v2\/media?parent=648"}],"curies":[{"name":"wp","href":"https:\/\/api.w.org\/{rel}","templated":true}]}}