{"id":64,"date":"2014-02-12T11:28:54","date_gmt":"2014-02-12T13:28:54","guid":{"rendered":"http:\/\/sites.usp.br\/farmacocardiolab\/?page_id=64"},"modified":"2022-07-14T11:10:20","modified_gmt":"2022-07-14T13:10:20","slug":"pagina-2","status":"publish","type":"page","link":"https:\/\/sites.usp.br\/farmacocardiolab\/pagina-2\/","title":{"rendered":"Linhas de Pesquisa"},"content":{"rendered":"\t\t<div data-elementor-type=\"wp-post\" data-elementor-id=\"64\" class=\"elementor elementor-64\" data-elementor-post-type=\"page\">\n\t\t\t\t\t\t<section class=\"elementor-section elementor-top-section elementor-element elementor-element-93e9ca0 elementor-section-boxed elementor-section-height-default elementor-section-height-default\" data-id=\"93e9ca0\" data-element_type=\"section\">\n\t\t\t\t\t\t<div class=\"elementor-container elementor-column-gap-default\">\n\t\t\t\t\t<div class=\"elementor-column elementor-col-100 elementor-top-column elementor-element elementor-element-0b07882\" data-id=\"0b07882\" data-element_type=\"column\">\n\t\t\t<div class=\"elementor-widget-wrap elementor-element-populated\">\n\t\t\t\t\t\t<div class=\"elementor-element elementor-element-f13baa2 elementor-widget elementor-widget-heading\" data-id=\"f13baa2\" data-element_type=\"widget\" data-widget_type=\"heading.default\">\n\t\t\t\t<div class=\"elementor-widget-container\">\n\t\t\t<h2 class=\"elementor-heading-title elementor-size-xl\">Fisiopatologia Vascular<\/h2>\t\t<\/div>\n\t\t\t\t<\/div>\n\t\t\t\t<div class=\"elementor-element elementor-element-9f63938 elementor-widget elementor-widget-text-editor\" data-id=\"9f63938\" data-element_type=\"widget\" data-widget_type=\"text-editor.default\">\n\t\t\t\t<div class=\"elementor-widget-container\">\n\t\t\t\t\t\t\t<p>Os estudos desenvolvidos no Laborat\u00f3rio de Farmacologia Cardiovascular visam compreender os mecanismos envolvidos nas altera\u00e7\u00f5es vasculares (funcionais e estruturais) associadas \u00e0 hipertens\u00e3o arterial, sepse e obesidade por meio da elucida\u00e7\u00e3o das vias de sinaliza\u00e7\u00e3o celular e das bases moleculares envolvidas nos ajustes funcionais.<\/p><p>S\u00e3o realizadas interven\u00e7\u00f5es farmacol\u00f3gicas que objetivam restaurar ou prevenir a disfun\u00e7\u00e3o vascular. Abordagens funcionais e moleculares s\u00e3o utilizadas com o prop\u00f3sito de identificar potenciais alvos farmacol\u00f3gicos para o tratamento ou preven\u00e7\u00e3o dessas disfun\u00e7\u00f5es cardiovasculares.<\/p>\t\t\t\t\t\t<\/div>\n\t\t\t\t<\/div>\n\t\t\t\t\t<\/div>\n\t\t<\/div>\n\t\t\t\t\t<\/div>\n\t\t<\/section>\n\t\t\t\t<section class=\"elementor-section elementor-top-section elementor-element elementor-element-86635a6 elementor-section-boxed elementor-section-height-default elementor-section-height-default\" data-id=\"86635a6\" data-element_type=\"section\">\n\t\t\t\t\t\t<div class=\"elementor-container elementor-column-gap-default\">\n\t\t\t\t\t<div class=\"elementor-column elementor-col-100 elementor-top-column elementor-element elementor-element-4e00dbb\" data-id=\"4e00dbb\" data-element_type=\"column\">\n\t\t\t<div class=\"elementor-widget-wrap elementor-element-populated\">\n\t\t\t\t\t\t<div class=\"elementor-element elementor-element-4955eeb elementor-widget elementor-widget-heading\" data-id=\"4955eeb\" data-element_type=\"widget\" data-widget_type=\"heading.default\">\n\t\t\t\t<div class=\"elementor-widget-container\">\n\t\t\t<h2 class=\"elementor-heading-title elementor-size-xl\">A\u00e7\u00e3o de F\u00e1rmacos no Sistema Cardiovascular<\/h2>\t\t<\/div>\n\t\t\t\t<\/div>\n\t\t\t\t<div class=\"elementor-element elementor-element-79afc58 elementor-widget elementor-widget-text-editor\" data-id=\"79afc58\" data-element_type=\"widget\" data-widget_type=\"text-editor.default\">\n\t\t\t\t<div class=\"elementor-widget-container\">\n\t\t\t\t\t\t\t<p>Desenvolvemos estudos que visam compreender os efeitos e mecanismos de subst\u00e2ncias com potencial uso farmacol\u00f3gico. Avaliamos a\u00e7\u00f5es de f\u00e1rmacos j\u00e1 empregados na cl\u00ednica no contexto cardiovascular identificando os mecanismos associados \u00e0s suas a\u00e7\u00f5es pleiotr\u00f3picas.<\/p>\t\t\t\t\t\t<\/div>\n\t\t\t\t<\/div>\n\t\t\t\t\t<\/div>\n\t\t<\/div>\n\t\t\t\t\t<\/div>\n\t\t<\/section>\n\t\t\t\t<section class=\"elementor-section elementor-top-section elementor-element elementor-element-6dcca60 elementor-section-boxed elementor-section-height-default elementor-section-height-default\" data-id=\"6dcca60\" data-element_type=\"section\">\n\t\t\t\t\t\t<div class=\"elementor-container elementor-column-gap-default\">\n\t\t\t\t\t<div class=\"elementor-column elementor-col-50 elementor-top-column elementor-element elementor-element-eb6aa08\" data-id=\"eb6aa08\" data-element_type=\"column\">\n\t\t\t<div class=\"elementor-widget-wrap elementor-element-populated\">\n\t\t\t\t\t\t<div class=\"elementor-element elementor-element-f7d6dfc elementor-widget elementor-widget-image\" data-id=\"f7d6dfc\" data-element_type=\"widget\" data-widget_type=\"image.default\">\n\t\t\t\t<div class=\"elementor-widget-container\">\n\t\t\t\t\t\t\t\t\t\t\t\t\t<img fetchpriority=\"high\" decoding=\"async\" width=\"300\" height=\"199\" src=\"https:\/\/sites.usp.br\/farmacocardiolab\/wp-content\/uploads\/sites\/1071\/2022\/05\/istockphoto-94098912-170667a-300x199.jpg\" class=\"attachment-medium size-medium wp-image-337\" alt=\"\" srcset=\"https:\/\/sites.usp.br\/farmacocardiolab\/wp-content\/uploads\/sites\/1071\/2022\/05\/istockphoto-94098912-170667a-300x199.jpg 300w, https:\/\/sites.usp.br\/farmacocardiolab\/wp-content\/uploads\/sites\/1071\/2022\/05\/istockphoto-94098912-170667a-400x265.jpg 400w, https:\/\/sites.usp.br\/farmacocardiolab\/wp-content\/uploads\/sites\/1071\/2022\/05\/istockphoto-94098912-170667a.jpg 510w\" sizes=\"(max-width: 300px) 100vw, 300px\" \/>\t\t\t\t\t\t\t\t\t\t\t\t\t<\/div>\n\t\t\t\t<\/div>\n\t\t\t\t\t<\/div>\n\t\t<\/div>\n\t\t\t\t<div class=\"elementor-column elementor-col-50 elementor-top-column elementor-element elementor-element-6e158fd\" data-id=\"6e158fd\" data-element_type=\"column\">\n\t\t\t<div class=\"elementor-widget-wrap elementor-element-populated\">\n\t\t\t\t\t\t<div class=\"elementor-element elementor-element-bfaab6f elementor-widget elementor-widget-image\" data-id=\"bfaab6f\" data-element_type=\"widget\" data-widget_type=\"image.default\">\n\t\t\t\t<div class=\"elementor-widget-container\">\n\t\t\t\t\t\t\t\t\t\t\t\t\t<img decoding=\"async\" width=\"300\" height=\"200\" src=\"https:\/\/sites.usp.br\/farmacocardiolab\/wp-content\/uploads\/sites\/1071\/2022\/07\/IndustriaFarmaceutica-300x200.jpg\" class=\"attachment-medium size-medium wp-image-793\" alt=\"\" srcset=\"https:\/\/sites.usp.br\/farmacocardiolab\/wp-content\/uploads\/sites\/1071\/2022\/07\/IndustriaFarmaceutica-300x200.jpg 300w, https:\/\/sites.usp.br\/farmacocardiolab\/wp-content\/uploads\/sites\/1071\/2022\/07\/IndustriaFarmaceutica-768x512.jpg 768w, https:\/\/sites.usp.br\/farmacocardiolab\/wp-content\/uploads\/sites\/1071\/2022\/07\/IndustriaFarmaceutica-400x267.jpg 400w, https:\/\/sites.usp.br\/farmacocardiolab\/wp-content\/uploads\/sites\/1071\/2022\/07\/IndustriaFarmaceutica.jpg 848w\" sizes=\"(max-width: 300px) 100vw, 300px\" \/>\t\t\t\t\t\t\t\t\t\t\t\t\t<\/div>\n\t\t\t\t<\/div>\n\t\t\t\t\t<\/div>\n\t\t<\/div>\n\t\t\t\t\t<\/div>\n\t\t<\/section>\n\t\t\t\t<\/div>\n\t\t","protected":false},"excerpt":{"rendered":"<p>Fisiopatologia Vascular Os estudos desenvolvidos no Laborat\u00f3rio de Farmacologia Cardiovascular visam compreender os mecanismos envolvidos nas altera\u00e7\u00f5es vasculares (funcionais e estruturais) associadas \u00e0 hipertens\u00e3o arterial, sepse e obesidade por meio da elucida\u00e7\u00e3o das vias de sinaliza\u00e7\u00e3o celular e das bases moleculares envolvidas nos ajustes funcionais. S\u00e3o realizadas interven\u00e7\u00f5es farmacol\u00f3gicas que objetivam restaurar ou prevenir a [&hellip;]<\/p>\n","protected":false},"author":1,"featured_media":0,"parent":0,"menu_order":0,"comment_status":"closed","ping_status":"closed","template":"elementor_header_footer","meta":{"footnotes":"","_links_to":"","_links_to_target":""},"class_list":["post-64","page","type-page","status-publish","hentry","entry"],"_links":{"self":[{"href":"https:\/\/sites.usp.br\/farmacocardiolab\/wp-json\/wp\/v2\/pages\/64","targetHints":{"allow":["GET"]}}],"collection":[{"href":"https:\/\/sites.usp.br\/farmacocardiolab\/wp-json\/wp\/v2\/pages"}],"about":[{"href":"https:\/\/sites.usp.br\/farmacocardiolab\/wp-json\/wp\/v2\/types\/page"}],"author":[{"embeddable":true,"href":"https:\/\/sites.usp.br\/farmacocardiolab\/wp-json\/wp\/v2\/users\/1"}],"replies":[{"embeddable":true,"href":"https:\/\/sites.usp.br\/farmacocardiolab\/wp-json\/wp\/v2\/comments?post=64"}],"version-history":[{"count":4,"href":"https:\/\/sites.usp.br\/farmacocardiolab\/wp-json\/wp\/v2\/pages\/64\/revisions"}],"predecessor-version":[{"id":895,"href":"https:\/\/sites.usp.br\/farmacocardiolab\/wp-json\/wp\/v2\/pages\/64\/revisions\/895"}],"wp:attachment":[{"href":"https:\/\/sites.usp.br\/farmacocardiolab\/wp-json\/wp\/v2\/media?parent=64"}],"curies":[{"name":"wp","href":"https:\/\/api.w.org\/{rel}","templated":true}]}}