{"id":196,"date":"2022-07-27T11:20:34","date_gmt":"2022-07-27T13:20:34","guid":{"rendered":"https:\/\/sites.usp.br\/fernandodeazevedo\/?page_id=196"},"modified":"2023-03-30T18:08:09","modified_gmt":"2023-03-30T20:08:09","slug":"sobre-a-pesquisa","status":"publish","type":"page","link":"https:\/\/sites.usp.br\/fernandodeazevedo\/","title":{"rendered":"Sobre a Pesquisa"},"content":{"rendered":"<p style=\"text-align: left;\">Essa p\u00e1gina \u00e9 um dos resultados do projeto de pesquisa: Humanidades digitais: estudo piloto a partir do Fundo Fernando de Azevedo do Instituto de Estudos Brasileiros, financiado pelo PIPAE\/PRP\/USP.<\/p>\n<p style=\"text-align: left;\">Em 1971, o arquivo do educador foi doado ao Instituto de Estudos Brasileiros, e foi organizado nos anos finais da d\u00e9cada de 1990 por uma equipe liderada pela profa. Dra. Diana Vidal, em um projeto financiado pela FAPESP.<\/p>\n<p style=\"text-align: left;\">Em 2000, um CD-ROM foi lan\u00e7ado com a produ\u00e7\u00e3o decorrente dessa pesquisa. Como forma de atualizar e divulgar o acesso a esse conte\u00fado este site foi idealizado.<\/p>\n<p style=\"text-align: left;\">Esperamos que ele contribua para ampliar o conhecimento n\u00e3o s\u00f3 sobre o intelectual Fernando de Azevedo, como tamb\u00e9m sobre a Hist\u00f3ria da Educa\u00e7\u00e3o no Brasil.<\/p>\n<p>Para consultar o acervo documental do fundo Fernando de Azevedo <a href=\"http:\/\/200.144.255.59\/catalogo_eletronico\/consultaUnidadesLogicas.asp?Tipo_Unidade_Logica_Codigo=35&amp;Setor_Codigo=1&amp;Acervo_Codigo=38&amp;Numero_Documentos=\">clique aqui<\/a><\/p>\n<p><strong>Equipe de pesquisa<\/strong><\/p>\n<p>Coordenadora &#8211; Profa. Dra. Diana Vidal<\/p>\n<p>P\u00f3s-doutoranda &#8211; Profa. Dra. Patricia Raffaini<\/p>\n<p>Bolsistas de inicia\u00e7\u00e3o cient\u00edfica &#8211; Let\u00edcia Cescon da Rosa e\u00a0 Jos\u00e9 Guilherme Veras Closs<\/p>\n<p>Projeto financiado pela Pr\u00f3- reitoria de pesquisa, edital de apoio a projetos integrados de pesquisa em \u00e1reas estrat\u00e9gicas. PIPAE\/ PRP. 2021-2022.<\/p>\n<p>&nbsp;<\/p>\n<p><strong>Pesquisadores colaboradores do CD-ROM (2000)<\/strong><\/p>\n<p>Projeto:\u00a0<a title=\"Mais informa\u00e7\u00f5es\" href=\"https:\/\/bv.fapesp.br\/pt\/auxilios\/3211\/a-escola-na-sua-materialidade-estrategias-e-taticas-distrito-federal-1927-1930\/\">A escola na sua materialidade: estrat\u00e9gias e t\u00e1ticas (Distrito Federal, 1927-1930)<\/a><\/p>\n<p>Coordenadora &#8211; Profa. Dra. Diana Vidal<\/p>\n<p>Pesquisadores<\/p>\n<p>Andr\u00e9 Luiz Paulilo,<br \/>\nJos\u00e9 Cl\u00e1udio Sooma Silva,<br \/>\nMaria Cec\u00edlia Ferraz de Castro Cardoso,<br \/>\nRaquel Duarte Abdala,<br \/>\nRosane Nunes Rodrigues e<br \/>\nTeresa Marcela Meza Baeza<\/p>\n<p>Pesquisa financiada pela FAPESP Processo 1995\/09361-6.<\/p>\n<p>&nbsp;<\/p>\n","protected":false},"excerpt":{"rendered":"<p>Essa p\u00e1gina \u00e9 um dos resultados do projeto de pesquisa: Humanidades digitais: estudo piloto a partir do Fundo Fernando de Azevedo do Instituto de Estudos Brasileiros, financiado pelo PIPAE\/PRP\/USP. Em 1971, o arquivo do educador foi doado ao Instituto de Estudos Brasileiros, e foi organizado nos anos finais da d\u00e9cada de 1990 por uma equipe &hellip; <\/p>\n<p class=\"link-more\"><a href=\"https:\/\/sites.usp.br\/fernandodeazevedo\/\" class=\"more-link\">Continue lendo<span class=\"screen-reader-text\"> &#8220;Sobre a Pesquisa&#8221;<\/span><\/a><\/p>\n","protected":false},"author":23149,"featured_media":0,"parent":0,"menu_order":0,"comment_status":"closed","ping_status":"closed","template":"","meta":{"footnotes":"","_links_to":"","_links_to_target":""},"class_list":["post-196","page","type-page","status-publish","hentry"],"_links":{"self":[{"href":"https:\/\/sites.usp.br\/fernandodeazevedo\/wp-json\/wp\/v2\/pages\/196","targetHints":{"allow":["GET"]}}],"collection":[{"href":"https:\/\/sites.usp.br\/fernandodeazevedo\/wp-json\/wp\/v2\/pages"}],"about":[{"href":"https:\/\/sites.usp.br\/fernandodeazevedo\/wp-json\/wp\/v2\/types\/page"}],"author":[{"embeddable":true,"href":"https:\/\/sites.usp.br\/fernandodeazevedo\/wp-json\/wp\/v2\/users\/23149"}],"replies":[{"embeddable":true,"href":"https:\/\/sites.usp.br\/fernandodeazevedo\/wp-json\/wp\/v2\/comments?post=196"}],"version-history":[{"count":5,"href":"https:\/\/sites.usp.br\/fernandodeazevedo\/wp-json\/wp\/v2\/pages\/196\/revisions"}],"predecessor-version":[{"id":281,"href":"https:\/\/sites.usp.br\/fernandodeazevedo\/wp-json\/wp\/v2\/pages\/196\/revisions\/281"}],"wp:attachment":[{"href":"https:\/\/sites.usp.br\/fernandodeazevedo\/wp-json\/wp\/v2\/media?parent=196"}],"curies":[{"name":"wp","href":"https:\/\/api.w.org\/{rel}","templated":true}]}}