{"id":130,"date":"2025-05-21T21:27:49","date_gmt":"2025-05-22T00:27:49","guid":{"rendered":"https:\/\/sites.usp.br\/festival-jca-fdrp\/?page_id=130"},"modified":"2025-05-26T13:35:08","modified_gmt":"2025-05-26T16:35:08","slug":"terca-27","status":"publish","type":"page","link":"https:\/\/sites.usp.br\/festival-jca-fdrp\/programacao\/terca-27\/","title":{"rendered":"Ter\u00e7a &#8211; 27"},"content":{"rendered":"\t\t<div data-elementor-type=\"wp-page\" data-elementor-id=\"130\" class=\"elementor elementor-130\">\n\t\t\t\t\t\t<section class=\"elementor-section elementor-top-section elementor-element elementor-element-1ae9e495 elementor-section-full_width elementor-section-height-default elementor-section-height-default\" data-id=\"1ae9e495\" data-element_type=\"section\">\n\t\t\t\t\t\t<div class=\"elementor-container elementor-column-gap-default\">\n\t\t\t\t\t<div class=\"elementor-column elementor-col-100 elementor-top-column elementor-element elementor-element-225ddc91\" data-id=\"225ddc91\" data-element_type=\"column\">\n\t\t\t<div class=\"elementor-widget-wrap elementor-element-populated\">\n\t\t\t\t\t\t<div class=\"elementor-element elementor-element-693e4778 elementor-position-left elementor-vertical-align-middle elementor-widget elementor-widget-image-box\" data-id=\"693e4778\" data-element_type=\"widget\" data-widget_type=\"image-box.default\">\n\t\t\t\t<div class=\"elementor-widget-container\">\n\t\t\t<div class=\"elementor-image-box-wrapper\"><figure class=\"elementor-image-box-img\"><a href=\"https:\/\/sites.usp.br\/festival-jca-fdrp\/programacao\/terca-27\/cine-cidadania-curtas-vida-maria-e-preta\/\" tabindex=\"-1\"><img fetchpriority=\"high\" decoding=\"async\" width=\"310\" height=\"174\" src=\"https:\/\/sites.usp.br\/festival-jca-fdrp\/wp-content\/uploads\/sites\/1670\/2025\/05\/Pg-E-Filme-Vida-Maria-310x174.jpeg\" class=\"elementor-animation-grow attachment-featured size-featured wp-image-197\" alt=\"\" srcset=\"https:\/\/sites.usp.br\/festival-jca-fdrp\/wp-content\/uploads\/sites\/1670\/2025\/05\/Pg-E-Filme-Vida-Maria-310x174.jpeg 310w, https:\/\/sites.usp.br\/festival-jca-fdrp\/wp-content\/uploads\/sites\/1670\/2025\/05\/Pg-E-Filme-Vida-Maria-800x450.jpeg 800w\" sizes=\"(max-width: 310px) 100vw, 310px\" \/><\/a><\/figure><div class=\"elementor-image-box-content\"><h2 class=\"elementor-image-box-title\"><a href=\"https:\/\/sites.usp.br\/festival-jca-fdrp\/programacao\/terca-27\/cine-cidadania-curtas-vida-maria-e-preta\/\">Cine Cidadania - Curtas: Vida Maria e Preta<\/a><\/h2><p class=\"elementor-image-box-description\"><a href=\"https:\/\/sites.usp.br\/festival-jca-fdrp\/programacao\/terca-27\/cine-cidadania-curtas-vida-maria-e-preta\/\">9h - Audit\u00f3rio - Saiba mai<\/a>s<\/p><\/div><\/div>\t\t<\/div>\n\t\t\t\t<\/div>\n\t\t\t\t<div class=\"elementor-element elementor-element-628346ae elementor-position-left elementor-vertical-align-middle elementor-widget elementor-widget-image-box\" data-id=\"628346ae\" data-element_type=\"widget\" data-widget_type=\"image-box.default\">\n\t\t\t\t<div class=\"elementor-widget-container\">\n\t\t\t<div class=\"elementor-image-box-wrapper\"><figure class=\"elementor-image-box-img\"><a href=\"https:\/\/sites.usp.br\/festival-jca-fdrp\/programacao\/terca-27\/roda-de-conversas-sobre-o-livro-mata-doce-com-herika-aguiar\/\" tabindex=\"-1\"><img decoding=\"async\" width=\"310\" height=\"174\" src=\"https:\/\/sites.usp.br\/festival-jca-fdrp\/wp-content\/uploads\/sites\/1670\/2025\/05\/Pg-E-Mata-Doce-310x174.jpg\" class=\"elementor-animation-grow attachment-featured size-featured wp-image-198\" alt=\"\" srcset=\"https:\/\/sites.usp.br\/festival-jca-fdrp\/wp-content\/uploads\/sites\/1670\/2025\/05\/Pg-E-Mata-Doce-310x174.jpg 310w, https:\/\/sites.usp.br\/festival-jca-fdrp\/wp-content\/uploads\/sites\/1670\/2025\/05\/Pg-E-Mata-Doce-800x450.jpg 800w\" sizes=\"(max-width: 310px) 100vw, 310px\" \/><\/a><\/figure><div class=\"elementor-image-box-content\"><h2 class=\"elementor-image-box-title\"><a href=\"https:\/\/sites.usp.br\/festival-jca-fdrp\/programacao\/terca-27\/roda-de-conversas-sobre-o-livro-mata-doce-com-herika-aguiar\/\">Roda de conversas sobre o livro Mata Doce, com Herika Aguiar<\/a><\/h2><p class=\"elementor-image-box-description\"><a href=\"https:\/\/sites.usp.br\/festival-jca-fdrp\/programacao\/terca-27\/roda-de-conversas-sobre-o-livro-mata-doce-com-herika-aguiar\/\">12h30 - Sala de Bem-Estar - B15 - Saiba mais<\/a><\/p><\/div><\/div>\t\t<\/div>\n\t\t\t\t<\/div>\n\t\t\t\t<div class=\"elementor-element elementor-element-288dd2c1 elementor-position-left elementor-vertical-align-middle elementor-widget elementor-widget-image-box\" data-id=\"288dd2c1\" data-element_type=\"widget\" data-widget_type=\"image-box.default\">\n\t\t\t\t<div class=\"elementor-widget-container\">\n\t\t\t<div class=\"elementor-image-box-wrapper\"><figure class=\"elementor-image-box-img\"><a href=\"https:\/\/sites.usp.br\/festival-jca-fdrp\/programacao\/terca-27\/oficina-colagem-afrofuturista-com-carolina-gregorio\/\" tabindex=\"-1\"><img decoding=\"async\" width=\"310\" height=\"174\" src=\"https:\/\/sites.usp.br\/festival-jca-fdrp\/wp-content\/uploads\/sites\/1670\/2025\/05\/Pg-E-Afrofuturista-1-310x174.jpeg\" class=\"elementor-animation-grow attachment-featured size-featured wp-image-200\" alt=\"\" \/><\/a><\/figure><div class=\"elementor-image-box-content\"><h2 class=\"elementor-image-box-title\"><a href=\"https:\/\/sites.usp.br\/festival-jca-fdrp\/programacao\/terca-27\/oficina-colagem-afrofuturista-com-carolina-gregorio\/\">Oficina: Colagem Afrofuturista, com Carolina Greg\u00f3rio<\/a><\/h2><p class=\"elementor-image-box-description\"><a href=\"https:\/\/sites.usp.br\/festival-jca-fdrp\/programacao\/terca-27\/oficina-colagem-afrofuturista-com-carolina-gregorio\/\">14h - C32 - Saiba mais<\/a><\/p><\/div><\/div>\t\t<\/div>\n\t\t\t\t<\/div>\n\t\t\t\t<div class=\"elementor-element elementor-element-3cbacce8 elementor-position-left elementor-vertical-align-middle elementor-widget elementor-widget-image-box\" data-id=\"3cbacce8\" data-element_type=\"widget\" data-widget_type=\"image-box.default\">\n\t\t\t\t<div class=\"elementor-widget-container\">\n\t\t\t<div class=\"elementor-image-box-wrapper\"><figure class=\"elementor-image-box-img\"><a href=\"https:\/\/sites.usp.br\/festival-jca-fdrp\/programacao\/terca-27\/oficina-danca-com-a-perea-estudio-de-forro\/\" tabindex=\"-1\"><img loading=\"lazy\" decoding=\"async\" width=\"310\" height=\"174\" src=\"https:\/\/sites.usp.br\/festival-jca-fdrp\/wp-content\/uploads\/sites\/1670\/2025\/05\/Pg-E4-danca-forro-310x174.jpg\" class=\"elementor-animation-grow attachment-featured size-featured wp-image-201\" alt=\"\" srcset=\"https:\/\/sites.usp.br\/festival-jca-fdrp\/wp-content\/uploads\/sites\/1670\/2025\/05\/Pg-E4-danca-forro-310x174.jpg 310w, https:\/\/sites.usp.br\/festival-jca-fdrp\/wp-content\/uploads\/sites\/1670\/2025\/05\/Pg-E4-danca-forro-800x450.jpg 800w\" sizes=\"(max-width: 310px) 100vw, 310px\" \/><\/a><\/figure><div class=\"elementor-image-box-content\"><h2 class=\"elementor-image-box-title\"><a href=\"https:\/\/sites.usp.br\/festival-jca-fdrp\/programacao\/terca-27\/oficina-danca-com-a-perea-estudio-de-forro\/\">Oficina: Dan\u00e7a com a Pere\u00e1 Est\u00fadio de Forr\u00f3<\/a><\/h2><p class=\"elementor-image-box-description\"><a href=\"https:\/\/sites.usp.br\/festival-jca-fdrp\/programacao\/terca-27\/oficina-danca-com-a-perea-estudio-de-forro\/\">17h - Sala de Bem-Estar - B15 - Saiba mais<\/a><\/p><\/div><\/div>\t\t<\/div>\n\t\t\t\t<\/div>\n\t\t\t\t<div class=\"elementor-element elementor-element-18785297 elementor-position-left elementor-vertical-align-middle elementor-widget elementor-widget-image-box\" data-id=\"18785297\" data-element_type=\"widget\" data-widget_type=\"image-box.default\">\n\t\t\t\t<div class=\"elementor-widget-container\">\n\t\t\t<div class=\"elementor-image-box-wrapper\"><figure class=\"elementor-image-box-img\"><a href=\"https:\/\/sites.usp.br\/festival-jca-fdrp\/programacao\/terca-27\/show-de-forro-com-o-grupo-tres-de-raiz\/\" tabindex=\"-1\"><img loading=\"lazy\" decoding=\"async\" width=\"310\" height=\"174\" src=\"https:\/\/sites.usp.br\/festival-jca-fdrp\/wp-content\/uploads\/sites\/1670\/2025\/05\/Pg-A-Trio-de-Forro-cartaz-310x174.jpeg\" class=\"elementor-animation-grow attachment-featured size-featured wp-image-80\" alt=\"\" srcset=\"https:\/\/sites.usp.br\/festival-jca-fdrp\/wp-content\/uploads\/sites\/1670\/2025\/05\/Pg-A-Trio-de-Forro-cartaz-310x174.jpeg 310w, https:\/\/sites.usp.br\/festival-jca-fdrp\/wp-content\/uploads\/sites\/1670\/2025\/05\/Pg-A-Trio-de-Forro-cartaz-800x450.jpeg 800w\" sizes=\"(max-width: 310px) 100vw, 310px\" \/><\/a><\/figure><div class=\"elementor-image-box-content\"><h2 class=\"elementor-image-box-title\"><a href=\"https:\/\/sites.usp.br\/festival-jca-fdrp\/programacao\/terca-27\/show-de-forro-com-o-grupo-tres-de-raiz\/\">Show de forr\u00f3 com o grupo Tr\u00eas de Raiz<\/a><\/h2><p class=\"elementor-image-box-description\"><a href=\"https:\/\/sites.usp.br\/festival-jca-fdrp\/programacao\/terca-27\/show-de-forro-com-o-grupo-tres-de-raiz\/\">18h30 - Fonte da FDRP - Saiba mais<\/a><\/p><\/div><\/div>\t\t<\/div>\n\t\t\t\t<\/div>\n\t\t\t\t\t<\/div>\n\t\t<\/div>\n\t\t\t\t\t<\/div>\n\t\t<\/section>\n\t\t\t\t<\/div>\n\t\t","protected":false},"excerpt":{"rendered":"<p>Cine Cidadania &#8211; Curtas: Vida Maria e Preta 9h &#8211; Audit\u00f3rio &#8211; Saiba mais Roda de conversas sobre o livro Mata Doce, com Herika Aguiar 12h30 &#8211; Sala de Bem-Estar &#8211; B15 &#8211; Saiba mais Oficina: Colagem Afrofuturista, com Carolina Greg\u00f3rio 14h &#8211; C32 &#8211; Saiba mais Oficina: Dan\u00e7a com a Pere\u00e1 Est\u00fadio de Forr\u00f3 [&hellip;]<\/p>\n","protected":false},"author":306,"featured_media":0,"parent":61,"menu_order":0,"comment_status":"closed","ping_status":"closed","template":"","meta":{"ocean_post_layout":"","ocean_both_sidebars_style":"","ocean_both_sidebars_content_width":0,"ocean_both_sidebars_sidebars_width":0,"ocean_sidebar":"0","ocean_second_sidebar":"0","ocean_disable_margins":"enable","ocean_add_body_class":"","ocean_shortcode_before_top_bar":"","ocean_shortcode_after_top_bar":"","ocean_shortcode_before_header":"","ocean_shortcode_after_header":"","ocean_has_shortcode":"","ocean_shortcode_after_title":"","ocean_shortcode_before_footer_widgets":"","ocean_shortcode_after_footer_widgets":"","ocean_shortcode_before_footer_bottom":"","ocean_shortcode_after_footer_bottom":"","ocean_display_top_bar":"default","ocean_display_header":"default","ocean_header_style":"","ocean_center_header_left_menu":"0","ocean_custom_header_template":"0","ocean_custom_logo":0,"ocean_custom_retina_logo":0,"ocean_custom_logo_max_width":0,"ocean_custom_logo_tablet_max_width":0,"ocean_custom_logo_mobile_max_width":0,"ocean_custom_logo_max_height":0,"ocean_custom_logo_tablet_max_height":0,"ocean_custom_logo_mobile_max_height":0,"ocean_header_custom_menu":"0","ocean_menu_typo_font_family":"0","ocean_menu_typo_font_subset":"","ocean_menu_typo_font_size":0,"ocean_menu_typo_font_size_tablet":0,"ocean_menu_typo_font_size_mobile":0,"ocean_menu_typo_font_size_unit":"px","ocean_menu_typo_font_weight":"","ocean_menu_typo_font_weight_tablet":"","ocean_menu_typo_font_weight_mobile":"","ocean_menu_typo_transform":"","ocean_menu_typo_transform_tablet":"","ocean_menu_typo_transform_mobile":"","ocean_menu_typo_line_height":0,"ocean_menu_typo_line_height_tablet":0,"ocean_menu_typo_line_height_mobile":0,"ocean_menu_typo_line_height_unit":"","ocean_menu_typo_spacing":0,"ocean_menu_typo_spacing_tablet":0,"ocean_menu_typo_spacing_mobile":0,"ocean_menu_typo_spacing_unit":"","ocean_menu_link_color":"","ocean_menu_link_color_hover":"","ocean_menu_link_color_active":"","ocean_menu_link_background":"","ocean_menu_link_hover_background":"","ocean_menu_link_active_background":"","ocean_menu_social_links_bg":"","ocean_menu_social_hover_links_bg":"","ocean_menu_social_links_color":"","ocean_menu_social_hover_links_color":"","ocean_disable_title":"default","ocean_disable_heading":"default","ocean_post_title":"","ocean_post_subheading":"","ocean_post_title_style":"","ocean_post_title_background_color":"","ocean_post_title_background":0,"ocean_post_title_bg_image_position":"","ocean_post_title_bg_image_attachment":"","ocean_post_title_bg_image_repeat":"","ocean_post_title_bg_image_size":"","ocean_post_title_height":0,"ocean_post_title_bg_overlay":0.5,"ocean_post_title_bg_overlay_color":"","ocean_disable_breadcrumbs":"default","ocean_breadcrumbs_color":"","ocean_breadcrumbs_separator_color":"","ocean_breadcrumbs_links_color":"","ocean_breadcrumbs_links_hover_color":"","ocean_display_footer_widgets":"default","ocean_display_footer_bottom":"default","ocean_custom_footer_template":"0","footnotes":"","_links_to":"","_links_to_target":""},"class_list":["post-130","page","type-page","status-publish","hentry","entry"],"_links":{"self":[{"href":"https:\/\/sites.usp.br\/festival-jca-fdrp\/wp-json\/wp\/v2\/pages\/130","targetHints":{"allow":["GET"]}}],"collection":[{"href":"https:\/\/sites.usp.br\/festival-jca-fdrp\/wp-json\/wp\/v2\/pages"}],"about":[{"href":"https:\/\/sites.usp.br\/festival-jca-fdrp\/wp-json\/wp\/v2\/types\/page"}],"author":[{"embeddable":true,"href":"https:\/\/sites.usp.br\/festival-jca-fdrp\/wp-json\/wp\/v2\/users\/306"}],"replies":[{"embeddable":true,"href":"https:\/\/sites.usp.br\/festival-jca-fdrp\/wp-json\/wp\/v2\/comments?post=130"}],"version-history":[{"count":4,"href":"https:\/\/sites.usp.br\/festival-jca-fdrp\/wp-json\/wp\/v2\/pages\/130\/revisions"}],"predecessor-version":[{"id":670,"href":"https:\/\/sites.usp.br\/festival-jca-fdrp\/wp-json\/wp\/v2\/pages\/130\/revisions\/670"}],"up":[{"embeddable":true,"href":"https:\/\/sites.usp.br\/festival-jca-fdrp\/wp-json\/wp\/v2\/pages\/61"}],"wp:attachment":[{"href":"https:\/\/sites.usp.br\/festival-jca-fdrp\/wp-json\/wp\/v2\/media?parent=130"}],"curies":[{"name":"wp","href":"https:\/\/api.w.org\/{rel}","templated":true}]}}