{"id":132,"date":"2025-05-21T21:28:22","date_gmt":"2025-05-22T00:28:22","guid":{"rendered":"https:\/\/sites.usp.br\/festival-jca-fdrp\/?page_id=132"},"modified":"2025-05-26T13:37:08","modified_gmt":"2025-05-26T16:37:08","slug":"quarta-28","status":"publish","type":"page","link":"https:\/\/sites.usp.br\/festival-jca-fdrp\/programacao\/quarta-28\/","title":{"rendered":"Quarta &#8211; 28"},"content":{"rendered":"\t\t<div data-elementor-type=\"wp-page\" data-elementor-id=\"132\" class=\"elementor elementor-132\">\n\t\t\t\t\t\t<section class=\"elementor-section elementor-top-section elementor-element elementor-element-42247c2c elementor-section-full_width elementor-section-height-default elementor-section-height-default\" data-id=\"42247c2c\" data-element_type=\"section\">\n\t\t\t\t\t\t<div class=\"elementor-container elementor-column-gap-default\">\n\t\t\t\t\t<div class=\"elementor-column elementor-col-100 elementor-top-column elementor-element elementor-element-3822d42a\" data-id=\"3822d42a\" data-element_type=\"column\">\n\t\t\t<div class=\"elementor-widget-wrap elementor-element-populated\">\n\t\t\t\t\t\t<div class=\"elementor-element elementor-element-1d4ab416 elementor-position-left elementor-vertical-align-middle elementor-widget elementor-widget-image-box\" data-id=\"1d4ab416\" data-element_type=\"widget\" data-widget_type=\"image-box.default\">\n\t\t\t\t<div class=\"elementor-widget-container\">\n\t\t\t<div class=\"elementor-image-box-wrapper\"><figure class=\"elementor-image-box-img\"><a href=\"https:\/\/sites.usp.br\/festival-jca-fdrp\/programacao\/quarta-28\/show-de-talentos-da-escola-publica\/\" tabindex=\"-1\"><img fetchpriority=\"high\" decoding=\"async\" width=\"310\" height=\"174\" src=\"https:\/\/sites.usp.br\/festival-jca-fdrp\/wp-content\/uploads\/sites\/1670\/2025\/05\/Pg-F-Show-escola-publica-310x174.jpeg\" class=\"elementor-animation-grow attachment-featured size-featured wp-image-210\" alt=\"\" srcset=\"https:\/\/sites.usp.br\/festival-jca-fdrp\/wp-content\/uploads\/sites\/1670\/2025\/05\/Pg-F-Show-escola-publica-310x174.jpeg 310w, https:\/\/sites.usp.br\/festival-jca-fdrp\/wp-content\/uploads\/sites\/1670\/2025\/05\/Pg-F-Show-escola-publica-300x169.jpeg 300w, https:\/\/sites.usp.br\/festival-jca-fdrp\/wp-content\/uploads\/sites\/1670\/2025\/05\/Pg-F-Show-escola-publica-1024x576.jpeg 1024w, https:\/\/sites.usp.br\/festival-jca-fdrp\/wp-content\/uploads\/sites\/1670\/2025\/05\/Pg-F-Show-escola-publica-768x432.jpeg 768w, https:\/\/sites.usp.br\/festival-jca-fdrp\/wp-content\/uploads\/sites\/1670\/2025\/05\/Pg-F-Show-escola-publica-1536x864.jpeg 1536w, https:\/\/sites.usp.br\/festival-jca-fdrp\/wp-content\/uploads\/sites\/1670\/2025\/05\/Pg-F-Show-escola-publica-2048x1153.jpeg 2048w, https:\/\/sites.usp.br\/festival-jca-fdrp\/wp-content\/uploads\/sites\/1670\/2025\/05\/Pg-F-Show-escola-publica-800x450.jpeg 800w\" sizes=\"(max-width: 310px) 100vw, 310px\" \/><\/a><\/figure><div class=\"elementor-image-box-content\"><h2 class=\"elementor-image-box-title\"><a href=\"https:\/\/sites.usp.br\/festival-jca-fdrp\/programacao\/quarta-28\/show-de-talentos-da-escola-publica\/\">Show de talentos da Escola P\u00fablica<\/a><\/h2><p class=\"elementor-image-box-description\">9h - Audit\u00f3rio - <a href=\"https:\/\/sites.usp.br\/festival-jca-fdrp\/programacao\/quarta-28\/show-de-talentos-da-escola-publica\/\">Saiba mai<\/a>s<\/p><\/div><\/div>\t\t<\/div>\n\t\t\t\t<\/div>\n\t\t\t\t<div class=\"elementor-element elementor-element-50f61e84 elementor-position-left elementor-vertical-align-middle elementor-widget elementor-widget-image-box\" data-id=\"50f61e84\" data-element_type=\"widget\" data-widget_type=\"image-box.default\">\n\t\t\t\t<div class=\"elementor-widget-container\">\n\t\t\t<div class=\"elementor-image-box-wrapper\"><figure class=\"elementor-image-box-img\"><a href=\"https:\/\/sites.usp.br\/festival-jca-fdrp\/programacao\/quarta-28\/oficina-praticas-interativas-e-confeccao-de-pinda-com-herika-aguiar\/\" tabindex=\"-1\"><img decoding=\"async\" width=\"310\" height=\"174\" src=\"https:\/\/sites.usp.br\/festival-jca-fdrp\/wp-content\/uploads\/sites\/1670\/2025\/05\/Pg-F-Pinda-2-310x174.jpeg\" class=\"elementor-animation-grow attachment-featured size-featured wp-image-211\" alt=\"\" \/><\/a><\/figure><div class=\"elementor-image-box-content\"><h2 class=\"elementor-image-box-title\"><a href=\"https:\/\/sites.usp.br\/festival-jca-fdrp\/programacao\/quarta-28\/oficina-praticas-interativas-e-confeccao-de-pinda-com-herika-aguiar\/\">Oficina: Pr\u00e1ticas interativas e confec\u00e7\u00e3o de pinda, com Herika Aguiar<\/a><\/h2><p class=\"elementor-image-box-description\"><a href=\"https:\/\/sites.usp.br\/festival-jca-fdrp\/programacao\/quarta-28\/oficina-praticas-interativas-e-confeccao-de-pinda-com-herika-aguiar\/\">12h30 - Sala de Bem-Estar - B15 - Saiba mais<\/a><\/p><\/div><\/div>\t\t<\/div>\n\t\t\t\t<\/div>\n\t\t\t\t<div class=\"elementor-element elementor-element-58ffaf1 elementor-position-left elementor-vertical-align-middle elementor-widget elementor-widget-image-box\" data-id=\"58ffaf1\" data-element_type=\"widget\" data-widget_type=\"image-box.default\">\n\t\t\t\t<div class=\"elementor-widget-container\">\n\t\t\t<div class=\"elementor-image-box-wrapper\"><figure class=\"elementor-image-box-img\"><a href=\"https:\/\/sites.usp.br\/festival-jca-fdrp\/programacao\/quarta-28\/oficina-do-riso-ao-corpo-poetico-com-renata-alonso\/\" tabindex=\"-1\"><img decoding=\"async\" width=\"310\" height=\"174\" src=\"https:\/\/sites.usp.br\/festival-jca-fdrp\/wp-content\/uploads\/sites\/1670\/2025\/05\/Pg-F-Of-teatro-1-310x174.jpeg\" class=\"elementor-animation-grow attachment-featured size-featured wp-image-212\" alt=\"\" srcset=\"https:\/\/sites.usp.br\/festival-jca-fdrp\/wp-content\/uploads\/sites\/1670\/2025\/05\/Pg-F-Of-teatro-1-310x174.jpeg 310w, https:\/\/sites.usp.br\/festival-jca-fdrp\/wp-content\/uploads\/sites\/1670\/2025\/05\/Pg-F-Of-teatro-1-800x450.jpeg 800w\" sizes=\"(max-width: 310px) 100vw, 310px\" \/><\/a><\/figure><div class=\"elementor-image-box-content\"><h2 class=\"elementor-image-box-title\"><a href=\"https:\/\/sites.usp.br\/festival-jca-fdrp\/programacao\/quarta-28\/oficina-do-riso-ao-corpo-poetico-com-renata-alonso\/\">Oficina: Do Riso ao Corpo Po\u00e9tico, com Renata Alonso<\/a><\/h2><p class=\"elementor-image-box-description\"><a href=\"https:\/\/sites.usp.br\/festival-jca-fdrp\/programacao\/quarta-28\/oficina-do-riso-ao-corpo-poetico-com-renata-alonso\/\">14h - Sala de Bem-Estar - B15 - Saiba mais<\/a><\/p><\/div><\/div>\t\t<\/div>\n\t\t\t\t<\/div>\n\t\t\t\t<div class=\"elementor-element elementor-element-5ff4c5e0 elementor-position-left elementor-vertical-align-middle elementor-widget elementor-widget-image-box\" data-id=\"5ff4c5e0\" data-element_type=\"widget\" data-widget_type=\"image-box.default\">\n\t\t\t\t<div class=\"elementor-widget-container\">\n\t\t\t<div class=\"elementor-image-box-wrapper\"><figure class=\"elementor-image-box-img\"><a href=\"https:\/\/sites.usp.br\/festival-jca-fdrp\/programacao\/quarta-28\/plumas-a-paulista-um-espetaculo-burlesco-drag\/\" tabindex=\"-1\"><img loading=\"lazy\" decoding=\"async\" width=\"310\" height=\"174\" src=\"https:\/\/sites.usp.br\/festival-jca-fdrp\/wp-content\/uploads\/sites\/1670\/2025\/05\/Pg-F-Drag-310x174.jpeg\" class=\"elementor-animation-grow attachment-featured size-featured wp-image-213\" alt=\"\" srcset=\"https:\/\/sites.usp.br\/festival-jca-fdrp\/wp-content\/uploads\/sites\/1670\/2025\/05\/Pg-F-Drag-310x174.jpeg 310w, https:\/\/sites.usp.br\/festival-jca-fdrp\/wp-content\/uploads\/sites\/1670\/2025\/05\/Pg-F-Drag-800x450.jpeg 800w\" sizes=\"(max-width: 310px) 100vw, 310px\" \/><\/a><\/figure><div class=\"elementor-image-box-content\"><h2 class=\"elementor-image-box-title\"><a href=\"https:\/\/sites.usp.br\/festival-jca-fdrp\/programacao\/quarta-28\/plumas-a-paulista-um-espetaculo-burlesco-drag\/\">Plumas \u00e0 Paulista - Um espet\u00e1culo burlesco Drag<\/a><\/h2><p class=\"elementor-image-box-description\"><a href=\"https:\/\/sites.usp.br\/festival-jca-fdrp\/programacao\/quarta-28\/plumas-a-paulista-um-espetaculo-burlesco-drag\/\">20h - Audit\u00f3rio -  Saiba mais<\/a><\/p><\/div><\/div>\t\t<\/div>\n\t\t\t\t<\/div>\n\t\t\t\t\t<\/div>\n\t\t<\/div>\n\t\t\t\t\t<\/div>\n\t\t<\/section>\n\t\t\t\t<\/div>\n\t\t","protected":false},"excerpt":{"rendered":"<p>Show de talentos da Escola P\u00fablica 9h &#8211; Audit\u00f3rio &#8211; Saiba mais Oficina: Pr\u00e1ticas interativas e confec\u00e7\u00e3o de pinda, com Herika Aguiar 12h30 &#8211; Sala de Bem-Estar &#8211; B15 &#8211; Saiba mais Oficina: Do Riso ao Corpo Po\u00e9tico, com Renata Alonso 14h &#8211; Sala de Bem-Estar &#8211; B15 &#8211; Saiba mais Plumas \u00e0 Paulista &#8211; [&hellip;]<\/p>\n","protected":false},"author":306,"featured_media":0,"parent":61,"menu_order":0,"comment_status":"closed","ping_status":"closed","template":"","meta":{"ocean_post_layout":"","ocean_both_sidebars_style":"","ocean_both_sidebars_content_width":0,"ocean_both_sidebars_sidebars_width":0,"ocean_sidebar":"0","ocean_second_sidebar":"0","ocean_disable_margins":"enable","ocean_add_body_class":"","ocean_shortcode_before_top_bar":"","ocean_shortcode_after_top_bar":"","ocean_shortcode_before_header":"","ocean_shortcode_after_header":"","ocean_has_shortcode":"","ocean_shortcode_after_title":"","ocean_shortcode_before_footer_widgets":"","ocean_shortcode_after_footer_widgets":"","ocean_shortcode_before_footer_bottom":"","ocean_shortcode_after_footer_bottom":"","ocean_display_top_bar":"default","ocean_display_header":"default","ocean_header_style":"","ocean_center_header_left_menu":"0","ocean_custom_header_template":"0","ocean_custom_logo":0,"ocean_custom_retina_logo":0,"ocean_custom_logo_max_width":0,"ocean_custom_logo_tablet_max_width":0,"ocean_custom_logo_mobile_max_width":0,"ocean_custom_logo_max_height":0,"ocean_custom_logo_tablet_max_height":0,"ocean_custom_logo_mobile_max_height":0,"ocean_header_custom_menu":"0","ocean_menu_typo_font_family":"0","ocean_menu_typo_font_subset":"","ocean_menu_typo_font_size":0,"ocean_menu_typo_font_size_tablet":0,"ocean_menu_typo_font_size_mobile":0,"ocean_menu_typo_font_size_unit":"px","ocean_menu_typo_font_weight":"","ocean_menu_typo_font_weight_tablet":"","ocean_menu_typo_font_weight_mobile":"","ocean_menu_typo_transform":"","ocean_menu_typo_transform_tablet":"","ocean_menu_typo_transform_mobile":"","ocean_menu_typo_line_height":0,"ocean_menu_typo_line_height_tablet":0,"ocean_menu_typo_line_height_mobile":0,"ocean_menu_typo_line_height_unit":"","ocean_menu_typo_spacing":0,"ocean_menu_typo_spacing_tablet":0,"ocean_menu_typo_spacing_mobile":0,"ocean_menu_typo_spacing_unit":"","ocean_menu_link_color":"","ocean_menu_link_color_hover":"","ocean_menu_link_color_active":"","ocean_menu_link_background":"","ocean_menu_link_hover_background":"","ocean_menu_link_active_background":"","ocean_menu_social_links_bg":"","ocean_menu_social_hover_links_bg":"","ocean_menu_social_links_color":"","ocean_menu_social_hover_links_color":"","ocean_disable_title":"default","ocean_disable_heading":"default","ocean_post_title":"","ocean_post_subheading":"","ocean_post_title_style":"","ocean_post_title_background_color":"","ocean_post_title_background":0,"ocean_post_title_bg_image_position":"","ocean_post_title_bg_image_attachment":"","ocean_post_title_bg_image_repeat":"","ocean_post_title_bg_image_size":"","ocean_post_title_height":0,"ocean_post_title_bg_overlay":0.5,"ocean_post_title_bg_overlay_color":"","ocean_disable_breadcrumbs":"default","ocean_breadcrumbs_color":"","ocean_breadcrumbs_separator_color":"","ocean_breadcrumbs_links_color":"","ocean_breadcrumbs_links_hover_color":"","ocean_display_footer_widgets":"default","ocean_display_footer_bottom":"default","ocean_custom_footer_template":"0","footnotes":"","_links_to":"","_links_to_target":""},"class_list":["post-132","page","type-page","status-publish","hentry","entry"],"_links":{"self":[{"href":"https:\/\/sites.usp.br\/festival-jca-fdrp\/wp-json\/wp\/v2\/pages\/132","targetHints":{"allow":["GET"]}}],"collection":[{"href":"https:\/\/sites.usp.br\/festival-jca-fdrp\/wp-json\/wp\/v2\/pages"}],"about":[{"href":"https:\/\/sites.usp.br\/festival-jca-fdrp\/wp-json\/wp\/v2\/types\/page"}],"author":[{"embeddable":true,"href":"https:\/\/sites.usp.br\/festival-jca-fdrp\/wp-json\/wp\/v2\/users\/306"}],"replies":[{"embeddable":true,"href":"https:\/\/sites.usp.br\/festival-jca-fdrp\/wp-json\/wp\/v2\/comments?post=132"}],"version-history":[{"count":4,"href":"https:\/\/sites.usp.br\/festival-jca-fdrp\/wp-json\/wp\/v2\/pages\/132\/revisions"}],"predecessor-version":[{"id":676,"href":"https:\/\/sites.usp.br\/festival-jca-fdrp\/wp-json\/wp\/v2\/pages\/132\/revisions\/676"}],"up":[{"embeddable":true,"href":"https:\/\/sites.usp.br\/festival-jca-fdrp\/wp-json\/wp\/v2\/pages\/61"}],"wp:attachment":[{"href":"https:\/\/sites.usp.br\/festival-jca-fdrp\/wp-json\/wp\/v2\/media?parent=132"}],"curies":[{"name":"wp","href":"https:\/\/api.w.org\/{rel}","templated":true}]}}