{"id":136,"date":"2025-05-21T21:29:20","date_gmt":"2025-05-22T00:29:20","guid":{"rendered":"https:\/\/sites.usp.br\/festival-jca-fdrp\/?page_id=136"},"modified":"2025-05-24T00:27:41","modified_gmt":"2025-05-24T03:27:41","slug":"sexta-30","status":"publish","type":"page","link":"https:\/\/sites.usp.br\/festival-jca-fdrp\/programacao\/sexta-30\/","title":{"rendered":"Sexta &#8211; 30"},"content":{"rendered":"\t\t<div data-elementor-type=\"wp-page\" data-elementor-id=\"136\" class=\"elementor elementor-136\">\n\t\t\t\t\t\t<section class=\"elementor-section elementor-top-section elementor-element elementor-element-5bf170e4 elementor-section-full_width elementor-section-height-default elementor-section-height-default\" data-id=\"5bf170e4\" data-element_type=\"section\">\n\t\t\t\t\t\t<div class=\"elementor-container elementor-column-gap-default\">\n\t\t\t\t\t<div class=\"elementor-column elementor-col-100 elementor-top-column elementor-element elementor-element-1d7868c6\" data-id=\"1d7868c6\" data-element_type=\"column\">\n\t\t\t<div class=\"elementor-widget-wrap elementor-element-populated\">\n\t\t\t\t\t\t<div class=\"elementor-element elementor-element-469e7108 elementor-position-left elementor-vertical-align-middle elementor-widget elementor-widget-image-box\" data-id=\"469e7108\" data-element_type=\"widget\" data-widget_type=\"image-box.default\">\n\t\t\t\t<div class=\"elementor-widget-container\">\n\t\t\t<div class=\"elementor-image-box-wrapper\"><figure class=\"elementor-image-box-img\"><a href=\"https:\/\/sites.usp.br\/festival-jca-fdrp\/programacao\/sexta-30\/cine-cidadania-curta-menino-23\/\" tabindex=\"-1\"><img fetchpriority=\"high\" decoding=\"async\" width=\"310\" height=\"174\" src=\"https:\/\/sites.usp.br\/festival-jca-fdrp\/wp-content\/uploads\/sites\/1670\/2025\/05\/Pg-H-Menino-23-310x174.jpeg\" class=\"elementor-animation-grow attachment-featured size-featured wp-image-243\" alt=\"\" srcset=\"https:\/\/sites.usp.br\/festival-jca-fdrp\/wp-content\/uploads\/sites\/1670\/2025\/05\/Pg-H-Menino-23-310x174.jpeg 310w, https:\/\/sites.usp.br\/festival-jca-fdrp\/wp-content\/uploads\/sites\/1670\/2025\/05\/Pg-H-Menino-23-800x450.jpeg 800w\" sizes=\"(max-width: 310px) 100vw, 310px\" \/><\/a><\/figure><div class=\"elementor-image-box-content\"><h2 class=\"elementor-image-box-title\"><a href=\"https:\/\/sites.usp.br\/festival-jca-fdrp\/programacao\/sexta-30\/cine-cidadania-curta-menino-23\/\">Cine Cidadania - Curta: Menino 23<\/a><\/h2><p class=\"elementor-image-box-description\"><a href=\"https:\/\/sites.usp.br\/festival-jca-fdrp\/programacao\/sexta-30\/cine-cidadania-curta-menino-23\/\">9h - Audit\u00f3rio - Saiba mais<\/a><\/p><\/div><\/div>\t\t<\/div>\n\t\t\t\t<\/div>\n\t\t\t\t<div class=\"elementor-element elementor-element-3b23e058 elementor-position-left elementor-vertical-align-middle elementor-widget elementor-widget-image-box\" data-id=\"3b23e058\" data-element_type=\"widget\" data-widget_type=\"image-box.default\">\n\t\t\t\t<div class=\"elementor-widget-container\">\n\t\t\t<div class=\"elementor-image-box-wrapper\"><figure class=\"elementor-image-box-img\"><a href=\"https:\/\/sites.usp.br\/festival-jca-fdrp\/programacao\/sexta-30\/sarau-da-fdrp\/\" tabindex=\"-1\"><img decoding=\"async\" width=\"310\" height=\"174\" src=\"https:\/\/sites.usp.br\/festival-jca-fdrp\/wp-content\/uploads\/sites\/1670\/2025\/05\/Pg-H-show-de-talentos-310x174.png\" class=\"elementor-animation-grow attachment-featured size-featured wp-image-252\" alt=\"\" srcset=\"https:\/\/sites.usp.br\/festival-jca-fdrp\/wp-content\/uploads\/sites\/1670\/2025\/05\/Pg-H-show-de-talentos-310x174.png 310w, https:\/\/sites.usp.br\/festival-jca-fdrp\/wp-content\/uploads\/sites\/1670\/2025\/05\/Pg-H-show-de-talentos-800x450.png 800w\" sizes=\"(max-width: 310px) 100vw, 310px\" \/><\/a><\/figure><div class=\"elementor-image-box-content\"><h2 class=\"elementor-image-box-title\"><a href=\"https:\/\/sites.usp.br\/festival-jca-fdrp\/programacao\/sexta-30\/sarau-da-fdrp\/\">Sarau da FDRP<\/a><\/h2><p class=\"elementor-image-box-description\"><a href=\"https:\/\/sites.usp.br\/festival-jca-fdrp\/programacao\/sexta-30\/sarau-da-fdrp\/\">12h - Audit\u00f3rio - Saiba mais<\/a><\/p><\/div><\/div>\t\t<\/div>\n\t\t\t\t<\/div>\n\t\t\t\t<div class=\"elementor-element elementor-element-316f1273 elementor-position-left elementor-vertical-align-middle elementor-widget elementor-widget-image-box\" data-id=\"316f1273\" data-element_type=\"widget\" data-widget_type=\"image-box.default\">\n\t\t\t\t<div class=\"elementor-widget-container\">\n\t\t\t<div class=\"elementor-image-box-wrapper\"><figure class=\"elementor-image-box-img\"><a href=\"https:\/\/sites.usp.br\/festival-jca-fdrp\/programacao\/sexta-30\/atelie-drag-oficina-de-maquiagem-artistica\/\" tabindex=\"-1\"><img decoding=\"async\" width=\"310\" height=\"174\" src=\"https:\/\/sites.usp.br\/festival-jca-fdrp\/wp-content\/uploads\/sites\/1670\/2025\/05\/Pg-H-Drag-8-310x174.jpeg\" class=\"elementor-animation-grow attachment-featured size-featured wp-image-241\" alt=\"\" srcset=\"https:\/\/sites.usp.br\/festival-jca-fdrp\/wp-content\/uploads\/sites\/1670\/2025\/05\/Pg-H-Drag-8-310x174.jpeg 310w, https:\/\/sites.usp.br\/festival-jca-fdrp\/wp-content\/uploads\/sites\/1670\/2025\/05\/Pg-H-Drag-8-800x450.jpeg 800w\" sizes=\"(max-width: 310px) 100vw, 310px\" \/><\/a><\/figure><div class=\"elementor-image-box-content\"><h2 class=\"elementor-image-box-title\"><a href=\"https:\/\/sites.usp.br\/festival-jca-fdrp\/programacao\/sexta-30\/atelie-drag-oficina-de-maquiagem-artistica\/\">Ateli\u00ea Drag: Oficina de Maquiagem Art\u00edstica, com a equipe do espet\u00e1culo Plumas \u00e0 Paulista<\/a><\/h2><p class=\"elementor-image-box-description\"><a href=\"https:\/\/sites.usp.br\/festival-jca-fdrp\/programacao\/sexta-30\/atelie-drag-oficina-de-maquiagem-artistica\/\">16h - C32 - Saiba mais<\/a><\/p><\/div><\/div>\t\t<\/div>\n\t\t\t\t<\/div>\n\t\t\t\t<div class=\"elementor-element elementor-element-35b30bea elementor-position-left elementor-vertical-align-middle elementor-widget elementor-widget-image-box\" data-id=\"35b30bea\" data-element_type=\"widget\" data-widget_type=\"image-box.default\">\n\t\t\t\t<div class=\"elementor-widget-container\">\n\t\t\t<div class=\"elementor-image-box-wrapper\"><figure class=\"elementor-image-box-img\"><a href=\"https:\/\/sites.usp.br\/festival-jca-fdrp\/programacao\/sexta-30\/apresentacao-do-mural-de-bboy-sobre-carolina-de-jesus\/\" tabindex=\"-1\"><img loading=\"lazy\" decoding=\"async\" width=\"310\" height=\"174\" src=\"https:\/\/sites.usp.br\/festival-jca-fdrp\/wp-content\/uploads\/sites\/1670\/2025\/05\/Pg-H-Carolina-de-Jesus-1-310x174.png\" class=\"elementor-animation-grow attachment-featured size-featured wp-image-240\" alt=\"\" \/><\/a><\/figure><div class=\"elementor-image-box-content\"><h2 class=\"elementor-image-box-title\"><a href=\"https:\/\/sites.usp.br\/festival-jca-fdrp\/programacao\/sexta-30\/apresentacao-do-mural-de-bboy-sobre-carolina-de-jesus\/\">Apresenta\u00e7\u00e3o do mural de Bboy sobre Carolina de Jesus<\/a><\/h2><p class=\"elementor-image-box-description\"><a href=\"https:\/\/sites.usp.br\/festival-jca-fdrp\/programacao\/sexta-30\/apresentacao-do-mural-de-bboy-sobre-carolina-de-jesus\/\">16h30 - \u00c1rea de Viv\u00eancia dos alunos - Pr\u00f3ximo \u00e0 fonte -  Saiba mais<\/a><\/p><\/div><\/div>\t\t<\/div>\n\t\t\t\t<\/div>\n\t\t\t\t<div class=\"elementor-element elementor-element-52a6101b elementor-position-left elementor-vertical-align-middle elementor-widget elementor-widget-image-box\" data-id=\"52a6101b\" data-element_type=\"widget\" data-widget_type=\"image-box.default\">\n\t\t\t\t<div class=\"elementor-widget-container\">\n\t\t\t<div class=\"elementor-image-box-wrapper\"><figure class=\"elementor-image-box-img\"><a href=\"https:\/\/sites.usp.br\/festival-jca-fdrp\/programacao\/sexta-30\/show-com-o-grupo-samba-de-opiniao\/\" tabindex=\"-1\"><img loading=\"lazy\" decoding=\"async\" width=\"310\" height=\"174\" src=\"https:\/\/sites.usp.br\/festival-jca-fdrp\/wp-content\/uploads\/sites\/1670\/2025\/05\/Pg-H-logo-samba-310x174.png\" class=\"elementor-animation-grow attachment-featured size-featured wp-image-242\" alt=\"\" srcset=\"https:\/\/sites.usp.br\/festival-jca-fdrp\/wp-content\/uploads\/sites\/1670\/2025\/05\/Pg-H-logo-samba-310x174.png 310w, https:\/\/sites.usp.br\/festival-jca-fdrp\/wp-content\/uploads\/sites\/1670\/2025\/05\/Pg-H-logo-samba-800x450.png 800w\" sizes=\"(max-width: 310px) 100vw, 310px\" \/><\/a><\/figure><div class=\"elementor-image-box-content\"><h2 class=\"elementor-image-box-title\"><a href=\"https:\/\/sites.usp.br\/festival-jca-fdrp\/programacao\/sexta-30\/show-com-o-grupo-samba-de-opiniao\/\">Show com o grupo Samba de Opini\u00e3o<\/a><\/h2><p class=\"elementor-image-box-description\"><a href=\"https:\/\/sites.usp.br\/festival-jca-fdrp\/programacao\/sexta-30\/show-com-o-grupo-samba-de-opiniao\/\">17h30 - Fonte da FDRP - Saiba mais<\/a><\/p><\/div><\/div>\t\t<\/div>\n\t\t\t\t<\/div>\n\t\t\t\t<div class=\"elementor-element elementor-element-2ed5f9bc elementor-position-left elementor-vertical-align-middle elementor-widget elementor-widget-image-box\" data-id=\"2ed5f9bc\" data-element_type=\"widget\" data-widget_type=\"image-box.default\">\n\t\t\t\t<div class=\"elementor-widget-container\">\n\t\t\t<div class=\"elementor-image-box-wrapper\"><figure class=\"elementor-image-box-img\"><a href=\"https:\/\/sites.usp.br\/festival-jca-fdrp\/programacao\/sexta-30\/espetaculo-a-ponte-memorias-de-um-grito-suspenso\/\" tabindex=\"-1\"><img loading=\"lazy\" decoding=\"async\" width=\"310\" height=\"174\" src=\"https:\/\/sites.usp.br\/festival-jca-fdrp\/wp-content\/uploads\/sites\/1670\/2025\/05\/Pg-H-teatrro-a-ponte-310x174.jpg\" class=\"elementor-animation-grow attachment-featured size-featured wp-image-244\" alt=\"\" srcset=\"https:\/\/sites.usp.br\/festival-jca-fdrp\/wp-content\/uploads\/sites\/1670\/2025\/05\/Pg-H-teatrro-a-ponte-310x174.jpg 310w, https:\/\/sites.usp.br\/festival-jca-fdrp\/wp-content\/uploads\/sites\/1670\/2025\/05\/Pg-H-teatrro-a-ponte-800x450.jpg 800w\" sizes=\"(max-width: 310px) 100vw, 310px\" \/><\/a><\/figure><div class=\"elementor-image-box-content\"><h2 class=\"elementor-image-box-title\"><a href=\"https:\/\/sites.usp.br\/festival-jca-fdrp\/programacao\/sexta-30\/espetaculo-a-ponte-memorias-de-um-grito-suspenso\/\">Espet\u00e1culo: A ponte \u2013 Mem\u00f3rias de um grito suspenso, com Cia do Trailler- Teatro em Movimento<\/a><\/h2><p class=\"elementor-image-box-description\"><a href=\"https:\/\/sites.usp.br\/festival-jca-fdrp\/programacao\/sexta-30\/espetaculo-a-ponte-memorias-de-um-grito-suspenso\/\">20 - Teatro do Campus - Saiba mais <\/a><\/p><\/div><\/div>\t\t<\/div>\n\t\t\t\t<\/div>\n\t\t\t\t\t<\/div>\n\t\t<\/div>\n\t\t\t\t\t<\/div>\n\t\t<\/section>\n\t\t\t\t<\/div>\n\t\t","protected":false},"excerpt":{"rendered":"<p>Cine Cidadania &#8211; Curta: Menino 23 9h &#8211; Audit\u00f3rio &#8211; Saiba mais Sarau da FDRP 12h &#8211; Audit\u00f3rio &#8211; Saiba mais Ateli\u00ea Drag: Oficina de Maquiagem Art\u00edstica, com a equipe do espet\u00e1culo Plumas \u00e0 Paulista 16h &#8211; C32 &#8211; Saiba mais Apresenta\u00e7\u00e3o do mural de Bboy sobre Carolina de Jesus 16h30 &#8211; \u00c1rea de Viv\u00eancia [&hellip;]<\/p>\n","protected":false},"author":306,"featured_media":0,"parent":61,"menu_order":0,"comment_status":"closed","ping_status":"closed","template":"","meta":{"ocean_post_layout":"","ocean_both_sidebars_style":"","ocean_both_sidebars_content_width":0,"ocean_both_sidebars_sidebars_width":0,"ocean_sidebar":"0","ocean_second_sidebar":"0","ocean_disable_margins":"enable","ocean_add_body_class":"","ocean_shortcode_before_top_bar":"","ocean_shortcode_after_top_bar":"","ocean_shortcode_before_header":"","ocean_shortcode_after_header":"","ocean_has_shortcode":"","ocean_shortcode_after_title":"","ocean_shortcode_before_footer_widgets":"","ocean_shortcode_after_footer_widgets":"","ocean_shortcode_before_footer_bottom":"","ocean_shortcode_after_footer_bottom":"","ocean_display_top_bar":"default","ocean_display_header":"default","ocean_header_style":"","ocean_center_header_left_menu":"0","ocean_custom_header_template":"0","ocean_custom_logo":0,"ocean_custom_retina_logo":0,"ocean_custom_logo_max_width":0,"ocean_custom_logo_tablet_max_width":0,"ocean_custom_logo_mobile_max_width":0,"ocean_custom_logo_max_height":0,"ocean_custom_logo_tablet_max_height":0,"ocean_custom_logo_mobile_max_height":0,"ocean_header_custom_menu":"0","ocean_menu_typo_font_family":"0","ocean_menu_typo_font_subset":"","ocean_menu_typo_font_size":0,"ocean_menu_typo_font_size_tablet":0,"ocean_menu_typo_font_size_mobile":0,"ocean_menu_typo_font_size_unit":"px","ocean_menu_typo_font_weight":"","ocean_menu_typo_font_weight_tablet":"","ocean_menu_typo_font_weight_mobile":"","ocean_menu_typo_transform":"","ocean_menu_typo_transform_tablet":"","ocean_menu_typo_transform_mobile":"","ocean_menu_typo_line_height":0,"ocean_menu_typo_line_height_tablet":0,"ocean_menu_typo_line_height_mobile":0,"ocean_menu_typo_line_height_unit":"","ocean_menu_typo_spacing":0,"ocean_menu_typo_spacing_tablet":0,"ocean_menu_typo_spacing_mobile":0,"ocean_menu_typo_spacing_unit":"","ocean_menu_link_color":"","ocean_menu_link_color_hover":"","ocean_menu_link_color_active":"","ocean_menu_link_background":"","ocean_menu_link_hover_background":"","ocean_menu_link_active_background":"","ocean_menu_social_links_bg":"","ocean_menu_social_hover_links_bg":"","ocean_menu_social_links_color":"","ocean_menu_social_hover_links_color":"","ocean_disable_title":"default","ocean_disable_heading":"default","ocean_post_title":"","ocean_post_subheading":"","ocean_post_title_style":"","ocean_post_title_background_color":"","ocean_post_title_background":0,"ocean_post_title_bg_image_position":"","ocean_post_title_bg_image_attachment":"","ocean_post_title_bg_image_repeat":"","ocean_post_title_bg_image_size":"","ocean_post_title_height":0,"ocean_post_title_bg_overlay":0.5,"ocean_post_title_bg_overlay_color":"","ocean_disable_breadcrumbs":"default","ocean_breadcrumbs_color":"","ocean_breadcrumbs_separator_color":"","ocean_breadcrumbs_links_color":"","ocean_breadcrumbs_links_hover_color":"","ocean_display_footer_widgets":"default","ocean_display_footer_bottom":"default","ocean_custom_footer_template":"0","footnotes":"","_links_to":"","_links_to_target":""},"class_list":["post-136","page","type-page","status-publish","hentry","entry"],"_links":{"self":[{"href":"https:\/\/sites.usp.br\/festival-jca-fdrp\/wp-json\/wp\/v2\/pages\/136","targetHints":{"allow":["GET"]}}],"collection":[{"href":"https:\/\/sites.usp.br\/festival-jca-fdrp\/wp-json\/wp\/v2\/pages"}],"about":[{"href":"https:\/\/sites.usp.br\/festival-jca-fdrp\/wp-json\/wp\/v2\/types\/page"}],"author":[{"embeddable":true,"href":"https:\/\/sites.usp.br\/festival-jca-fdrp\/wp-json\/wp\/v2\/users\/306"}],"replies":[{"embeddable":true,"href":"https:\/\/sites.usp.br\/festival-jca-fdrp\/wp-json\/wp\/v2\/comments?post=136"}],"version-history":[{"count":4,"href":"https:\/\/sites.usp.br\/festival-jca-fdrp\/wp-json\/wp\/v2\/pages\/136\/revisions"}],"predecessor-version":[{"id":485,"href":"https:\/\/sites.usp.br\/festival-jca-fdrp\/wp-json\/wp\/v2\/pages\/136\/revisions\/485"}],"up":[{"embeddable":true,"href":"https:\/\/sites.usp.br\/festival-jca-fdrp\/wp-json\/wp\/v2\/pages\/61"}],"wp:attachment":[{"href":"https:\/\/sites.usp.br\/festival-jca-fdrp\/wp-json\/wp\/v2\/media?parent=136"}],"curies":[{"name":"wp","href":"https:\/\/api.w.org\/{rel}","templated":true}]}}