{"id":138,"date":"2025-05-21T21:29:46","date_gmt":"2025-05-22T00:29:46","guid":{"rendered":"https:\/\/sites.usp.br\/festival-jca-fdrp\/?page_id=138"},"modified":"2025-05-27T20:26:39","modified_gmt":"2025-05-27T23:26:39","slug":"sabado-31","status":"publish","type":"page","link":"https:\/\/sites.usp.br\/festival-jca-fdrp\/programacao\/sabado-31\/","title":{"rendered":"S\u00e1bado &#8211; 31"},"content":{"rendered":"\t\t<div data-elementor-type=\"wp-page\" data-elementor-id=\"138\" class=\"elementor elementor-138\">\n\t\t\t\t\t\t<section class=\"elementor-section elementor-top-section elementor-element elementor-element-4a03d1d9 elementor-section-full_width elementor-section-height-default elementor-section-height-default\" data-id=\"4a03d1d9\" data-element_type=\"section\">\n\t\t\t\t\t\t<div class=\"elementor-container elementor-column-gap-default\">\n\t\t\t\t\t<div class=\"elementor-column elementor-col-100 elementor-top-column elementor-element elementor-element-4b5cd55\" data-id=\"4b5cd55\" data-element_type=\"column\">\n\t\t\t<div class=\"elementor-widget-wrap elementor-element-populated\">\n\t\t\t\t\t\t<div class=\"elementor-element elementor-element-2c9fe285 elementor-position-left elementor-vertical-align-middle elementor-widget elementor-widget-image-box\" data-id=\"2c9fe285\" data-element_type=\"widget\" data-widget_type=\"image-box.default\">\n\t\t\t\t<div class=\"elementor-widget-container\">\n\t\t\t<div class=\"elementor-image-box-wrapper\"><figure class=\"elementor-image-box-img\"><a href=\"https:\/\/sites.usp.br\/festival-jca-fdrp\/programacao\/sabado-31\/workshop-abelhas-e-a-justica\/\" tabindex=\"-1\"><img fetchpriority=\"high\" decoding=\"async\" width=\"310\" height=\"174\" src=\"https:\/\/sites.usp.br\/festival-jca-fdrp\/wp-content\/uploads\/sites\/1670\/2025\/05\/abelhas-e-a-justica-310x174.jpeg\" class=\"elementor-animation-grow attachment-featured size-featured wp-image-265\" alt=\"\" srcset=\"https:\/\/sites.usp.br\/festival-jca-fdrp\/wp-content\/uploads\/sites\/1670\/2025\/05\/abelhas-e-a-justica-310x174.jpeg 310w, https:\/\/sites.usp.br\/festival-jca-fdrp\/wp-content\/uploads\/sites\/1670\/2025\/05\/abelhas-e-a-justica-800x450.jpeg 800w\" sizes=\"(max-width: 310px) 100vw, 310px\" \/><\/a><\/figure><div class=\"elementor-image-box-content\"><h2 class=\"elementor-image-box-title\"><a href=\"https:\/\/sites.usp.br\/festival-jca-fdrp\/programacao\/sabado-31\/workshop-abelhas-e-a-justica\/\">Workshop: Abelhas e a Justi\u00e7a<\/a><\/h2><p class=\"elementor-image-box-description\"><a href=\"https:\/\/sites.usp.br\/festival-jca-fdrp\/programacao\/sabado-31\/workshop-abelhas-e-a-justica\/\">9h - FDRP - Audit\u00f3rio - Saiba mais<\/a><\/p><\/div><\/div>\t\t<\/div>\n\t\t\t\t<\/div>\n\t\t\t\t<div class=\"elementor-element elementor-element-700960ca elementor-position-left elementor-vertical-align-middle elementor-widget elementor-widget-image-box\" data-id=\"700960ca\" data-element_type=\"widget\" data-widget_type=\"image-box.default\">\n\t\t\t\t<div class=\"elementor-widget-container\">\n\t\t\t<div class=\"elementor-image-box-wrapper\"><figure class=\"elementor-image-box-img\"><a href=\"https:\/\/sites.usp.br\/festival-jca-fdrp\/programacao\/sabado-31\/workshop-entre-corpos-gritos-e-silencio\/\" tabindex=\"-1\"><img decoding=\"async\" width=\"310\" height=\"174\" src=\"https:\/\/sites.usp.br\/festival-jca-fdrp\/wp-content\/uploads\/sites\/1670\/2025\/05\/Pg-I-Cemiterio-foto-2-1-1-310x174.jpg\" class=\"elementor-animation-grow attachment-featured size-featured wp-image-266\" alt=\"\" srcset=\"https:\/\/sites.usp.br\/festival-jca-fdrp\/wp-content\/uploads\/sites\/1670\/2025\/05\/Pg-I-Cemiterio-foto-2-1-1-310x174.jpg 310w, https:\/\/sites.usp.br\/festival-jca-fdrp\/wp-content\/uploads\/sites\/1670\/2025\/05\/Pg-I-Cemiterio-foto-2-1-1-800x450.jpg 800w\" sizes=\"(max-width: 310px) 100vw, 310px\" \/><\/a><\/figure><div class=\"elementor-image-box-content\"><h2 class=\"elementor-image-box-title\"><a href=\"https:\/\/sites.usp.br\/festival-jca-fdrp\/programacao\/sabado-31\/workshop-entre-corpos-gritos-e-silencio\/\"><s>Workshop: Entre corpos, gritos e sil\u00eancio<\/s> ADIADO<\/a><\/h2><p class=\"elementor-image-box-description\"><s><a href=\"https:\/\/sites.usp.br\/festival-jca-fdrp\/programacao\/sabado-31\/workshop-entre-corpos-gritos-e-silencio\/\">14h - Teatro do Campus - Saiba mais<\/a><\/s><\/p><\/div><\/div>\t\t<\/div>\n\t\t\t\t<\/div>\n\t\t\t\t<div class=\"elementor-element elementor-element-ece1c1c elementor-position-left elementor-vertical-align-middle elementor-widget elementor-widget-image-box\" data-id=\"ece1c1c\" data-element_type=\"widget\" data-widget_type=\"image-box.default\">\n\t\t\t\t<div class=\"elementor-widget-container\">\n\t\t\t<div class=\"elementor-image-box-wrapper\"><figure class=\"elementor-image-box-img\"><a href=\"https:\/\/sites.usp.br\/festival-jca-fdrp\/programacao\/sabado-31\/espetaculo-cemiterio-de-mulheres-vivas\/\" tabindex=\"-1\"><img decoding=\"async\" width=\"310\" height=\"174\" src=\"https:\/\/sites.usp.br\/festival-jca-fdrp\/wp-content\/uploads\/sites\/1670\/2025\/05\/Pg-I-Cemiterio-foto-2-1-1-310x174.jpg\" class=\"elementor-animation-grow attachment-featured size-featured wp-image-266\" alt=\"\" srcset=\"https:\/\/sites.usp.br\/festival-jca-fdrp\/wp-content\/uploads\/sites\/1670\/2025\/05\/Pg-I-Cemiterio-foto-2-1-1-310x174.jpg 310w, https:\/\/sites.usp.br\/festival-jca-fdrp\/wp-content\/uploads\/sites\/1670\/2025\/05\/Pg-I-Cemiterio-foto-2-1-1-800x450.jpg 800w\" sizes=\"(max-width: 310px) 100vw, 310px\" \/><\/a><\/figure><div class=\"elementor-image-box-content\"><h2 class=\"elementor-image-box-title\"><a href=\"https:\/\/sites.usp.br\/festival-jca-fdrp\/programacao\/sabado-31\/espetaculo-cemiterio-de-mulheres-vivas\/\">Espet\u00e1culo: Cemit\u00e9rio de Mulheres Vivas<\/a><\/h2><p class=\"elementor-image-box-description\"><a href=\"https:\/\/sites.usp.br\/festival-jca-fdrp\/programacao\/sabado-31\/espetaculo-cemiterio-de-mulheres-vivas\/\">20h - Teatro do Campus - Saiba mais<\/a><\/p><\/div><\/div>\t\t<\/div>\n\t\t\t\t<\/div>\n\t\t\t\t\t<\/div>\n\t\t<\/div>\n\t\t\t\t\t<\/div>\n\t\t<\/section>\n\t\t\t\t<\/div>\n\t\t","protected":false},"excerpt":{"rendered":"<p>Workshop: Abelhas e a Justi\u00e7a 9h &#8211; FDRP &#8211; Audit\u00f3rio &#8211; Saiba mais Workshop: Entre corpos, gritos e sil\u00eancio ADIADO 14h &#8211; Teatro do Campus &#8211; Saiba mais Espet\u00e1culo: Cemit\u00e9rio de Mulheres Vivas 20h &#8211; Teatro do Campus &#8211; Saiba mais<\/p>\n","protected":false},"author":306,"featured_media":0,"parent":61,"menu_order":0,"comment_status":"closed","ping_status":"closed","template":"","meta":{"ocean_post_layout":"","ocean_both_sidebars_style":"","ocean_both_sidebars_content_width":0,"ocean_both_sidebars_sidebars_width":0,"ocean_sidebar":"0","ocean_second_sidebar":"0","ocean_disable_margins":"enable","ocean_add_body_class":"","ocean_shortcode_before_top_bar":"","ocean_shortcode_after_top_bar":"","ocean_shortcode_before_header":"","ocean_shortcode_after_header":"","ocean_has_shortcode":"","ocean_shortcode_after_title":"","ocean_shortcode_before_footer_widgets":"","ocean_shortcode_after_footer_widgets":"","ocean_shortcode_before_footer_bottom":"","ocean_shortcode_after_footer_bottom":"","ocean_display_top_bar":"default","ocean_display_header":"default","ocean_header_style":"","ocean_center_header_left_menu":"0","ocean_custom_header_template":"0","ocean_custom_logo":0,"ocean_custom_retina_logo":0,"ocean_custom_logo_max_width":0,"ocean_custom_logo_tablet_max_width":0,"ocean_custom_logo_mobile_max_width":0,"ocean_custom_logo_max_height":0,"ocean_custom_logo_tablet_max_height":0,"ocean_custom_logo_mobile_max_height":0,"ocean_header_custom_menu":"0","ocean_menu_typo_font_family":"0","ocean_menu_typo_font_subset":"","ocean_menu_typo_font_size":0,"ocean_menu_typo_font_size_tablet":0,"ocean_menu_typo_font_size_mobile":0,"ocean_menu_typo_font_size_unit":"px","ocean_menu_typo_font_weight":"","ocean_menu_typo_font_weight_tablet":"","ocean_menu_typo_font_weight_mobile":"","ocean_menu_typo_transform":"","ocean_menu_typo_transform_tablet":"","ocean_menu_typo_transform_mobile":"","ocean_menu_typo_line_height":0,"ocean_menu_typo_line_height_tablet":0,"ocean_menu_typo_line_height_mobile":0,"ocean_menu_typo_line_height_unit":"","ocean_menu_typo_spacing":0,"ocean_menu_typo_spacing_tablet":0,"ocean_menu_typo_spacing_mobile":0,"ocean_menu_typo_spacing_unit":"","ocean_menu_link_color":"","ocean_menu_link_color_hover":"","ocean_menu_link_color_active":"","ocean_menu_link_background":"","ocean_menu_link_hover_background":"","ocean_menu_link_active_background":"","ocean_menu_social_links_bg":"","ocean_menu_social_hover_links_bg":"","ocean_menu_social_links_color":"","ocean_menu_social_hover_links_color":"","ocean_disable_title":"default","ocean_disable_heading":"default","ocean_post_title":"","ocean_post_subheading":"","ocean_post_title_style":"","ocean_post_title_background_color":"","ocean_post_title_background":0,"ocean_post_title_bg_image_position":"","ocean_post_title_bg_image_attachment":"","ocean_post_title_bg_image_repeat":"","ocean_post_title_bg_image_size":"","ocean_post_title_height":0,"ocean_post_title_bg_overlay":0.5,"ocean_post_title_bg_overlay_color":"","ocean_disable_breadcrumbs":"default","ocean_breadcrumbs_color":"","ocean_breadcrumbs_separator_color":"","ocean_breadcrumbs_links_color":"","ocean_breadcrumbs_links_hover_color":"","ocean_display_footer_widgets":"default","ocean_display_footer_bottom":"default","ocean_custom_footer_template":"0","footnotes":"","_links_to":"","_links_to_target":""},"class_list":["post-138","page","type-page","status-publish","hentry","entry"],"_links":{"self":[{"href":"https:\/\/sites.usp.br\/festival-jca-fdrp\/wp-json\/wp\/v2\/pages\/138","targetHints":{"allow":["GET"]}}],"collection":[{"href":"https:\/\/sites.usp.br\/festival-jca-fdrp\/wp-json\/wp\/v2\/pages"}],"about":[{"href":"https:\/\/sites.usp.br\/festival-jca-fdrp\/wp-json\/wp\/v2\/types\/page"}],"author":[{"embeddable":true,"href":"https:\/\/sites.usp.br\/festival-jca-fdrp\/wp-json\/wp\/v2\/users\/306"}],"replies":[{"embeddable":true,"href":"https:\/\/sites.usp.br\/festival-jca-fdrp\/wp-json\/wp\/v2\/comments?post=138"}],"version-history":[{"count":4,"href":"https:\/\/sites.usp.br\/festival-jca-fdrp\/wp-json\/wp\/v2\/pages\/138\/revisions"}],"predecessor-version":[{"id":747,"href":"https:\/\/sites.usp.br\/festival-jca-fdrp\/wp-json\/wp\/v2\/pages\/138\/revisions\/747"}],"up":[{"embeddable":true,"href":"https:\/\/sites.usp.br\/festival-jca-fdrp\/wp-json\/wp\/v2\/pages\/61"}],"wp:attachment":[{"href":"https:\/\/sites.usp.br\/festival-jca-fdrp\/wp-json\/wp\/v2\/media?parent=138"}],"curies":[{"name":"wp","href":"https:\/\/api.w.org\/{rel}","templated":true}]}}