{"id":61,"date":"2025-05-21T19:59:26","date_gmt":"2025-05-21T22:59:26","guid":{"rendered":"https:\/\/sites.usp.br\/festival-jca-fdrp\/?page_id=61"},"modified":"2025-05-27T20:01:52","modified_gmt":"2025-05-27T23:01:52","slug":"programacao","status":"publish","type":"page","link":"https:\/\/sites.usp.br\/festival-jca-fdrp\/programacao\/","title":{"rendered":"Programa\u00e7\u00e3o"},"content":{"rendered":"\t\t<div data-elementor-type=\"wp-page\" data-elementor-id=\"61\" class=\"elementor elementor-61\">\n\t\t\t\t\t\t<section class=\"elementor-section elementor-top-section elementor-element elementor-element-139080f elementor-section-boxed elementor-section-height-default elementor-section-height-default\" data-id=\"139080f\" data-element_type=\"section\">\n\t\t\t\t\t\t<div class=\"elementor-container elementor-column-gap-default\">\n\t\t\t\t\t<div class=\"elementor-column elementor-col-100 elementor-top-column elementor-element elementor-element-7548922\" data-id=\"7548922\" data-element_type=\"column\">\n\t\t\t<div class=\"elementor-widget-wrap elementor-element-populated\">\n\t\t\t\t\t\t<div class=\"elementor-element elementor-element-9e949f1 elementor-align-center elementor-widget__width-inherit elementor-widget elementor-widget-button\" data-id=\"9e949f1\" data-element_type=\"widget\" data-widget_type=\"button.default\">\n\t\t\t\t<div class=\"elementor-widget-container\">\n\t\t\t\t\t\t\t<div class=\"elementor-button-wrapper\">\n\t\t\t\t\t<a class=\"elementor-button elementor-button-link elementor-size-sm\" href=\"https:\/\/sites.usp.br\/festival-jca-fdrp\/wp-content\/uploads\/sites\/1670\/2025\/05\/jca-2025_compressed.pdf\" target=\"_blank\">\n\t\t\t\t\t\t<span class=\"elementor-button-content-wrapper\">\n\t\t\t\t\t\t<span class=\"elementor-button-icon\">\n\t\t\t\t<i aria-hidden=\"true\" class=\"far fa-file-pdf\"><\/i>\t\t\t<\/span>\n\t\t\t\t\t\t\t\t\t<span class=\"elementor-button-text\">Baixe o cat\u00e1logo com a programa\u00e7\u00e3o completa do festival<\/span>\n\t\t\t\t\t<\/span>\n\t\t\t\t\t<\/a>\n\t\t\t\t<\/div>\n\t\t\t\t\t\t<\/div>\n\t\t\t\t<\/div>\n\t\t\t\t\t<\/div>\n\t\t<\/div>\n\t\t\t\t\t<\/div>\n\t\t<\/section>\n\t\t\t\t<section class=\"elementor-section elementor-top-section elementor-element elementor-element-abd0738 elementor-section-boxed elementor-section-height-default elementor-section-height-default\" data-id=\"abd0738\" data-element_type=\"section\">\n\t\t\t\t\t\t<div class=\"elementor-container elementor-column-gap-default\">\n\t\t\t\t\t<div class=\"elementor-column elementor-col-100 elementor-top-column elementor-element elementor-element-58bd545\" data-id=\"58bd545\" data-element_type=\"column\">\n\t\t\t<div class=\"elementor-widget-wrap elementor-element-populated\">\n\t\t\t\t\t\t<div class=\"elementor-element elementor-element-bd25ae4 elementor-widget elementor-widget-spacer\" data-id=\"bd25ae4\" data-element_type=\"widget\" data-widget_type=\"spacer.default\">\n\t\t\t\t<div class=\"elementor-widget-container\">\n\t\t\t\t\t<div class=\"elementor-spacer\">\n\t\t\t<div class=\"elementor-spacer-inner\"><\/div>\n\t\t<\/div>\n\t\t\t\t<\/div>\n\t\t\t\t<\/div>\n\t\t\t\t\t<\/div>\n\t\t<\/div>\n\t\t\t\t\t<\/div>\n\t\t<\/section>\n\t\t\t\t<section class=\"elementor-section elementor-top-section elementor-element elementor-element-53a2272c elementor-section-full_width elementor-section-height-default elementor-section-height-default\" data-id=\"53a2272c\" data-element_type=\"section\">\n\t\t\t\t\t\t<div class=\"elementor-container elementor-column-gap-default\">\n\t\t\t\t\t<div class=\"elementor-column elementor-col-100 elementor-top-column elementor-element elementor-element-261aff3e\" data-id=\"261aff3e\" data-element_type=\"column\">\n\t\t\t<div class=\"elementor-widget-wrap elementor-element-populated\">\n\t\t\t\t\t\t<div class=\"elementor-element elementor-element-51295918 elementor-position-left elementor-vertical-align-middle elementor-widget elementor-widget-image-box\" data-id=\"51295918\" data-element_type=\"widget\" data-widget_type=\"image-box.default\">\n\t\t\t\t<div class=\"elementor-widget-container\">\n\t\t\t<div class=\"elementor-image-box-wrapper\"><figure class=\"elementor-image-box-img\"><a href=\"https:\/\/sites.usp.br\/festival-jca-fdrp\/programacao\/segunda-26\/\" tabindex=\"-1\"><img fetchpriority=\"high\" decoding=\"async\" width=\"310\" height=\"174\" src=\"https:\/\/sites.usp.br\/festival-jca-fdrp\/wp-content\/uploads\/sites\/1670\/2025\/05\/Pg-A-Gemeos-310x174.jpeg\" class=\"elementor-animation-grow attachment-featured size-featured wp-image-65\" alt=\"\" srcset=\"https:\/\/sites.usp.br\/festival-jca-fdrp\/wp-content\/uploads\/sites\/1670\/2025\/05\/Pg-A-Gemeos-310x174.jpeg 310w, https:\/\/sites.usp.br\/festival-jca-fdrp\/wp-content\/uploads\/sites\/1670\/2025\/05\/Pg-A-Gemeos-800x450.jpeg 800w\" sizes=\"(max-width: 310px) 100vw, 310px\" \/><\/a><\/figure><div class=\"elementor-image-box-content\"><h2 class=\"elementor-image-box-title\"><a href=\"https:\/\/sites.usp.br\/festival-jca-fdrp\/programacao\/segunda-26\/\">SEGUNDA-FEIRA - 26<\/a><\/h2><p class=\"elementor-image-box-description\"><a href=\"https:\/\/sites.usp.br\/festival-jca-fdrp\/programacao\/segunda-26\/\">cine-debate, artes pl\u00e1sticas, canto coral e quadrinhos.   Saiba mai<\/a>s<\/p><\/div><\/div>\t\t<\/div>\n\t\t\t\t<\/div>\n\t\t\t\t<div class=\"elementor-element elementor-element-63eb1403 elementor-position-left elementor-vertical-align-middle elementor-widget elementor-widget-image-box\" data-id=\"63eb1403\" data-element_type=\"widget\" data-widget_type=\"image-box.default\">\n\t\t\t\t<div class=\"elementor-widget-container\">\n\t\t\t<div class=\"elementor-image-box-wrapper\"><figure class=\"elementor-image-box-img\"><a href=\"https:\/\/sites.usp.br\/festival-jca-fdrp\/programacao\/terca-27\/\" tabindex=\"-1\"><img decoding=\"async\" width=\"310\" height=\"174\" src=\"https:\/\/sites.usp.br\/festival-jca-fdrp\/wp-content\/uploads\/sites\/1670\/2025\/05\/Pg-A-Trio-de-Forro-cartaz-310x174.jpeg\" class=\"elementor-animation-grow attachment-featured size-featured wp-image-80\" alt=\"\" srcset=\"https:\/\/sites.usp.br\/festival-jca-fdrp\/wp-content\/uploads\/sites\/1670\/2025\/05\/Pg-A-Trio-de-Forro-cartaz-310x174.jpeg 310w, https:\/\/sites.usp.br\/festival-jca-fdrp\/wp-content\/uploads\/sites\/1670\/2025\/05\/Pg-A-Trio-de-Forro-cartaz-800x450.jpeg 800w\" sizes=\"(max-width: 310px) 100vw, 310px\" \/><\/a><\/figure><div class=\"elementor-image-box-content\"><h2 class=\"elementor-image-box-title\"><a href=\"https:\/\/sites.usp.br\/festival-jca-fdrp\/programacao\/terca-27\/\">TER\u00c7A-FEIRA - 27<\/a><\/h2><p class=\"elementor-image-box-description\"><a href=\"https:\/\/sites.usp.br\/festival-jca-fdrp\/programacao\/terca-27\/\">cinema, literatura, afrofuturismo e forr\u00f3.  Saiba mais<\/a><\/p><\/div><\/div>\t\t<\/div>\n\t\t\t\t<\/div>\n\t\t\t\t<div class=\"elementor-element elementor-element-54dffe3 elementor-position-left elementor-vertical-align-middle elementor-widget elementor-widget-image-box\" data-id=\"54dffe3\" data-element_type=\"widget\" data-widget_type=\"image-box.default\">\n\t\t\t\t<div class=\"elementor-widget-container\">\n\t\t\t<div class=\"elementor-image-box-wrapper\"><figure class=\"elementor-image-box-img\"><a href=\"https:\/\/sites.usp.br\/festival-jca-fdrp\/programacao\/quarta-28\/\" tabindex=\"-1\"><img decoding=\"async\" width=\"310\" height=\"174\" src=\"https:\/\/sites.usp.br\/festival-jca-fdrp\/wp-content\/uploads\/sites\/1670\/2025\/05\/Pg-A-2-Drag-310x174.jpg\" class=\"elementor-animation-grow attachment-featured size-featured wp-image-88\" alt=\"\" srcset=\"https:\/\/sites.usp.br\/festival-jca-fdrp\/wp-content\/uploads\/sites\/1670\/2025\/05\/Pg-A-2-Drag-310x174.jpg 310w, https:\/\/sites.usp.br\/festival-jca-fdrp\/wp-content\/uploads\/sites\/1670\/2025\/05\/Pg-A-2-Drag-800x450.jpg 800w\" sizes=\"(max-width: 310px) 100vw, 310px\" \/><\/a><\/figure><div class=\"elementor-image-box-content\"><h2 class=\"elementor-image-box-title\"><a href=\"https:\/\/sites.usp.br\/festival-jca-fdrp\/programacao\/quarta-28\/\">QUARTA-FEIRA - 28<\/a><\/h2><p class=\"elementor-image-box-description\"><a href=\"https:\/\/sites.usp.br\/festival-jca-fdrp\/programacao\/quarta-28\/\">show de talentos, oficinas e show de drag queens.  Saiba mais<\/a><\/p><\/div><\/div>\t\t<\/div>\n\t\t\t\t<\/div>\n\t\t\t\t<div class=\"elementor-element elementor-element-59e4f0c4 elementor-position-left elementor-vertical-align-middle elementor-widget elementor-widget-image-box\" data-id=\"59e4f0c4\" data-element_type=\"widget\" data-widget_type=\"image-box.default\">\n\t\t\t\t<div class=\"elementor-widget-container\">\n\t\t\t<div class=\"elementor-image-box-wrapper\"><figure class=\"elementor-image-box-img\"><a href=\"https:\/\/sites.usp.br\/festival-jca-fdrp\/programacao\/quinta-29\/\" tabindex=\"-1\"><img loading=\"lazy\" decoding=\"async\" width=\"310\" height=\"174\" src=\"https:\/\/sites.usp.br\/festival-jca-fdrp\/wp-content\/uploads\/sites\/1670\/2025\/05\/Pg-A-Fratres-Cello-Ensemble-310x174.jpeg\" class=\"elementor-animation-grow attachment-featured size-featured wp-image-87\" alt=\"\" srcset=\"https:\/\/sites.usp.br\/festival-jca-fdrp\/wp-content\/uploads\/sites\/1670\/2025\/05\/Pg-A-Fratres-Cello-Ensemble-310x174.jpeg 310w, https:\/\/sites.usp.br\/festival-jca-fdrp\/wp-content\/uploads\/sites\/1670\/2025\/05\/Pg-A-Fratres-Cello-Ensemble-300x169.jpeg 300w, https:\/\/sites.usp.br\/festival-jca-fdrp\/wp-content\/uploads\/sites\/1670\/2025\/05\/Pg-A-Fratres-Cello-Ensemble-1024x576.jpeg 1024w, https:\/\/sites.usp.br\/festival-jca-fdrp\/wp-content\/uploads\/sites\/1670\/2025\/05\/Pg-A-Fratres-Cello-Ensemble-768x432.jpeg 768w, https:\/\/sites.usp.br\/festival-jca-fdrp\/wp-content\/uploads\/sites\/1670\/2025\/05\/Pg-A-Fratres-Cello-Ensemble-1536x864.jpeg 1536w, https:\/\/sites.usp.br\/festival-jca-fdrp\/wp-content\/uploads\/sites\/1670\/2025\/05\/Pg-A-Fratres-Cello-Ensemble-800x450.jpeg 800w, https:\/\/sites.usp.br\/festival-jca-fdrp\/wp-content\/uploads\/sites\/1670\/2025\/05\/Pg-A-Fratres-Cello-Ensemble.jpeg 1600w\" sizes=\"(max-width: 310px) 100vw, 310px\" \/><\/a><\/figure><div class=\"elementor-image-box-content\"><h2 class=\"elementor-image-box-title\"><a href=\"https:\/\/sites.usp.br\/festival-jca-fdrp\/programacao\/quinta-29\/\">QUINTA-FEIRA - 29<\/a><\/h2><p class=\"elementor-image-box-description\"><a href=\"https:\/\/sites.usp.br\/festival-jca-fdrp\/programacao\/quinta-29\/\">cinema, oficinas, m\u00fasica cl\u00e1ssica e instrumental.  Saiba mais<\/a><\/p><\/div><\/div>\t\t<\/div>\n\t\t\t\t<\/div>\n\t\t\t\t<div class=\"elementor-element elementor-element-47eb67ad elementor-position-left elementor-vertical-align-middle elementor-widget elementor-widget-image-box\" data-id=\"47eb67ad\" data-element_type=\"widget\" data-widget_type=\"image-box.default\">\n\t\t\t\t<div class=\"elementor-widget-container\">\n\t\t\t<div class=\"elementor-image-box-wrapper\"><figure class=\"elementor-image-box-img\"><a href=\"https:\/\/sites.usp.br\/festival-jca-fdrp\/programacao\/sexta-30\/\" tabindex=\"-1\"><img loading=\"lazy\" decoding=\"async\" width=\"310\" height=\"174\" src=\"https:\/\/sites.usp.br\/festival-jca-fdrp\/wp-content\/uploads\/sites\/1670\/2025\/05\/Pg-A-Samba-de-opiniao-310x174.png\" class=\"elementor-animation-grow attachment-featured size-featured wp-image-90\" alt=\"\" srcset=\"https:\/\/sites.usp.br\/festival-jca-fdrp\/wp-content\/uploads\/sites\/1670\/2025\/05\/Pg-A-Samba-de-opiniao-310x174.png 310w, https:\/\/sites.usp.br\/festival-jca-fdrp\/wp-content\/uploads\/sites\/1670\/2025\/05\/Pg-A-Samba-de-opiniao-800x450.png 800w\" sizes=\"(max-width: 310px) 100vw, 310px\" \/><\/a><\/figure><div class=\"elementor-image-box-content\"><h2 class=\"elementor-image-box-title\"><a href=\"https:\/\/sites.usp.br\/festival-jca-fdrp\/programacao\/sexta-30\/\">SEXTA-FEIRA - 30<\/a><\/h2><p class=\"elementor-image-box-description\"><a href=\"https:\/\/sites.usp.br\/festival-jca-fdrp\/programacao\/sexta-30\/\">cinema, show de talentos da FDRP, samba e teatro. Saiba mais<\/a><\/p><\/div><\/div>\t\t<\/div>\n\t\t\t\t<\/div>\n\t\t\t\t<div class=\"elementor-element elementor-element-c09c0ad elementor-position-left elementor-vertical-align-middle elementor-widget elementor-widget-image-box\" data-id=\"c09c0ad\" data-element_type=\"widget\" data-widget_type=\"image-box.default\">\n\t\t\t\t<div class=\"elementor-widget-container\">\n\t\t\t<div class=\"elementor-image-box-wrapper\"><figure class=\"elementor-image-box-img\"><a href=\"https:\/\/sites.usp.br\/festival-jca-fdrp\/programacao\/sabado-31\/\" tabindex=\"-1\"><img loading=\"lazy\" decoding=\"async\" width=\"310\" height=\"174\" src=\"https:\/\/sites.usp.br\/festival-jca-fdrp\/wp-content\/uploads\/sites\/1670\/2025\/05\/Pg-A-Cemiterio-1-310x174.jpg\" class=\"elementor-animation-grow attachment-featured size-featured wp-image-91\" alt=\"\" srcset=\"https:\/\/sites.usp.br\/festival-jca-fdrp\/wp-content\/uploads\/sites\/1670\/2025\/05\/Pg-A-Cemiterio-1-310x174.jpg 310w, https:\/\/sites.usp.br\/festival-jca-fdrp\/wp-content\/uploads\/sites\/1670\/2025\/05\/Pg-A-Cemiterio-1-800x450.jpg 800w\" sizes=\"(max-width: 310px) 100vw, 310px\" \/><\/a><\/figure><div class=\"elementor-image-box-content\"><h2 class=\"elementor-image-box-title\"><a href=\"https:\/\/sites.usp.br\/festival-jca-fdrp\/programacao\/sabado-31\/\">S\u00c1BADO - 31<\/a><\/h2><p class=\"elementor-image-box-description\"><a href=\"https:\/\/sites.usp.br\/festival-jca-fdrp\/programacao\/sabado-31\/\">workshop e teatro. Saiba mais <\/a><\/p><\/div><\/div>\t\t<\/div>\n\t\t\t\t<\/div>\n\t\t\t\t<div class=\"elementor-element elementor-element-4b7cbd8 elementor-position-left elementor-vertical-align-middle elementor-widget elementor-widget-image-box\" data-id=\"4b7cbd8\" data-element_type=\"widget\" data-widget_type=\"image-box.default\">\n\t\t\t\t<div class=\"elementor-widget-container\">\n\t\t\t<div class=\"elementor-image-box-wrapper\"><figure class=\"elementor-image-box-img\"><a href=\"https:\/\/sites.usp.br\/festival-jca-fdrp\/programacao\/sabado-31\/\" tabindex=\"-1\"><img loading=\"lazy\" decoding=\"async\" width=\"310\" height=\"174\" src=\"https:\/\/sites.usp.br\/festival-jca-fdrp\/wp-content\/uploads\/sites\/1670\/2025\/05\/Pg-A-acaraje-1-310x174.jpeg\" class=\"elementor-animation-grow attachment-featured size-featured wp-image-640\" alt=\"\" srcset=\"https:\/\/sites.usp.br\/festival-jca-fdrp\/wp-content\/uploads\/sites\/1670\/2025\/05\/Pg-A-acaraje-1-310x174.jpeg 310w, https:\/\/sites.usp.br\/festival-jca-fdrp\/wp-content\/uploads\/sites\/1670\/2025\/05\/Pg-A-acaraje-1-800x450.jpeg 800w\" sizes=\"(max-width: 310px) 100vw, 310px\" \/><\/a><\/figure><div class=\"elementor-image-box-content\"><h2 class=\"elementor-image-box-title\"><a href=\"https:\/\/sites.usp.br\/festival-jca-fdrp\/programacao\/sabado-31\/\">CULIN\u00c1RIA DURANTE O FESTIVAL<\/a><\/h2><p class=\"elementor-image-box-description\"><a href=\"https:\/\/sites.usp.br\/festival-jca-fdrp\/programacao\/culinaria-durante-o-festival\/\">Durante o Festival Justi\u00e7a, Cultura e Arte, teremos tr\u00eas deliciosas op\u00e7\u00f5es de alimenta\u00e7\u00e3o na FDRP.  Saiba mais<\/a><\/p><\/div><\/div>\t\t<\/div>\n\t\t\t\t<\/div>\n\t\t\t\t<div class=\"elementor-element elementor-element-2fa9964 elementor-position-left elementor-vertical-align-middle elementor-widget elementor-widget-image-box\" data-id=\"2fa9964\" data-element_type=\"widget\" data-widget_type=\"image-box.default\">\n\t\t\t\t<div class=\"elementor-widget-container\">\n\t\t\t<div class=\"elementor-image-box-wrapper\"><figure class=\"elementor-image-box-img\"><a href=\"https:\/\/sites.usp.br\/festival-jca-fdrp\/programacao\/sabado-31\/\" tabindex=\"-1\"><img loading=\"lazy\" decoding=\"async\" width=\"310\" height=\"174\" src=\"https:\/\/sites.usp.br\/festival-jca-fdrp\/wp-content\/uploads\/sites\/1670\/2025\/05\/P-J-palhacada-na-divulgacao-310x174.png\" class=\"elementor-animation-grow attachment-featured size-featured wp-image-697\" alt=\"\" \/><\/a><\/figure><div class=\"elementor-image-box-content\"><h2 class=\"elementor-image-box-title\"><a href=\"https:\/\/sites.usp.br\/festival-jca-fdrp\/programacao\/sabado-31\/\">A PALHA\u00c7ADA NA DIVULGA\u00c7\u00c3O<\/a><\/h2><p class=\"elementor-image-box-description\"><a href=\"https:\/\/sites.usp.br\/festival-jca-fdrp\/programacao\/a-palhacada-na-divulgacao\/\">Saiba mais<\/a><\/p><\/div><\/div>\t\t<\/div>\n\t\t\t\t<\/div>\n\t\t\t\t<div class=\"elementor-element elementor-element-0c239c1 elementor-position-left elementor-vertical-align-middle elementor-widget elementor-widget-image-box\" data-id=\"0c239c1\" data-element_type=\"widget\" data-widget_type=\"image-box.default\">\n\t\t\t\t<div class=\"elementor-widget-container\">\n\t\t\t<div class=\"elementor-image-box-wrapper\"><figure class=\"elementor-image-box-img\"><a href=\"https:\/\/sites.usp.br\/festival-jca-fdrp\/programacao\/sabado-31\/\" tabindex=\"-1\"><img loading=\"lazy\" decoding=\"async\" width=\"310\" height=\"174\" src=\"https:\/\/sites.usp.br\/festival-jca-fdrp\/wp-content\/uploads\/sites\/1670\/2025\/05\/jca-pre-evento-310x174.jpg\" class=\"elementor-animation-grow attachment-featured size-featured wp-image-728\" alt=\"\" \/><\/a><\/figure><div class=\"elementor-image-box-content\"><h2 class=\"elementor-image-box-title\"><a href=\"https:\/\/sites.usp.br\/festival-jca-fdrp\/programacao\/sabado-31\/\">O PR\u00c9-FESTIVAL DO COLETIVO NEGRO<\/a><\/h2><p class=\"elementor-image-box-description\"><a href=\"https:\/\/sites.usp.br\/festival-jca-fdrp\/programacao\/o-pre-festival-do-coletivo-negro\/\">Saiba mais<\/a><\/p><\/div><\/div>\t\t<\/div>\n\t\t\t\t<\/div>\n\t\t\t\t\t<\/div>\n\t\t<\/div>\n\t\t\t\t\t<\/div>\n\t\t<\/section>\n\t\t\t\t<\/div>\n\t\t","protected":false},"excerpt":{"rendered":"<p>Baixe o cat\u00e1logo com a programa\u00e7\u00e3o completa do festival SEGUNDA-FEIRA &#8211; 26 cine-debate, artes pl\u00e1sticas, canto coral e quadrinhos. Saiba mais TER\u00c7A-FEIRA &#8211; 27 cinema, literatura, afrofuturismo e forr\u00f3. Saiba mais QUARTA-FEIRA &#8211; 28 show de talentos, oficinas e show de drag queens. Saiba mais QUINTA-FEIRA &#8211; 29 cinema, oficinas, m\u00fasica cl\u00e1ssica e instrumental. Saiba [&hellip;]<\/p>\n","protected":false},"author":306,"featured_media":0,"parent":0,"menu_order":0,"comment_status":"closed","ping_status":"closed","template":"","meta":{"ocean_post_layout":"","ocean_both_sidebars_style":"","ocean_both_sidebars_content_width":0,"ocean_both_sidebars_sidebars_width":0,"ocean_sidebar":"0","ocean_second_sidebar":"0","ocean_disable_margins":"enable","ocean_add_body_class":"","ocean_shortcode_before_top_bar":"","ocean_shortcode_after_top_bar":"","ocean_shortcode_before_header":"","ocean_shortcode_after_header":"","ocean_has_shortcode":"","ocean_shortcode_after_title":"","ocean_shortcode_before_footer_widgets":"","ocean_shortcode_after_footer_widgets":"","ocean_shortcode_before_footer_bottom":"","ocean_shortcode_after_footer_bottom":"","ocean_display_top_bar":"default","ocean_display_header":"default","ocean_header_style":"","ocean_center_header_left_menu":"0","ocean_custom_header_template":"0","ocean_custom_logo":0,"ocean_custom_retina_logo":0,"ocean_custom_logo_max_width":0,"ocean_custom_logo_tablet_max_width":0,"ocean_custom_logo_mobile_max_width":0,"ocean_custom_logo_max_height":0,"ocean_custom_logo_tablet_max_height":0,"ocean_custom_logo_mobile_max_height":0,"ocean_header_custom_menu":"2","ocean_menu_typo_font_family":"0","ocean_menu_typo_font_subset":"","ocean_menu_typo_font_size":0,"ocean_menu_typo_font_size_tablet":0,"ocean_menu_typo_font_size_mobile":0,"ocean_menu_typo_font_size_unit":"px","ocean_menu_typo_font_weight":"","ocean_menu_typo_font_weight_tablet":"","ocean_menu_typo_font_weight_mobile":"","ocean_menu_typo_transform":"","ocean_menu_typo_transform_tablet":"","ocean_menu_typo_transform_mobile":"","ocean_menu_typo_line_height":0,"ocean_menu_typo_line_height_tablet":0,"ocean_menu_typo_line_height_mobile":0,"ocean_menu_typo_line_height_unit":"","ocean_menu_typo_spacing":0,"ocean_menu_typo_spacing_tablet":0,"ocean_menu_typo_spacing_mobile":0,"ocean_menu_typo_spacing_unit":"","ocean_menu_link_color":"","ocean_menu_link_color_hover":"","ocean_menu_link_color_active":"","ocean_menu_link_background":"","ocean_menu_link_hover_background":"","ocean_menu_link_active_background":"","ocean_menu_social_links_bg":"","ocean_menu_social_hover_links_bg":"","ocean_menu_social_links_color":"","ocean_menu_social_hover_links_color":"","ocean_disable_title":"default","ocean_disable_heading":"default","ocean_post_title":"","ocean_post_subheading":"","ocean_post_title_style":"","ocean_post_title_background_color":"","ocean_post_title_background":0,"ocean_post_title_bg_image_position":"","ocean_post_title_bg_image_attachment":"","ocean_post_title_bg_image_repeat":"","ocean_post_title_bg_image_size":"","ocean_post_title_height":0,"ocean_post_title_bg_overlay":0.5,"ocean_post_title_bg_overlay_color":"","ocean_disable_breadcrumbs":"default","ocean_breadcrumbs_color":"","ocean_breadcrumbs_separator_color":"","ocean_breadcrumbs_links_color":"","ocean_breadcrumbs_links_hover_color":"","ocean_display_footer_widgets":"default","ocean_display_footer_bottom":"default","ocean_custom_footer_template":"0","footnotes":"","_links_to":"","_links_to_target":""},"class_list":["post-61","page","type-page","status-publish","hentry","entry"],"_links":{"self":[{"href":"https:\/\/sites.usp.br\/festival-jca-fdrp\/wp-json\/wp\/v2\/pages\/61","targetHints":{"allow":["GET"]}}],"collection":[{"href":"https:\/\/sites.usp.br\/festival-jca-fdrp\/wp-json\/wp\/v2\/pages"}],"about":[{"href":"https:\/\/sites.usp.br\/festival-jca-fdrp\/wp-json\/wp\/v2\/types\/page"}],"author":[{"embeddable":true,"href":"https:\/\/sites.usp.br\/festival-jca-fdrp\/wp-json\/wp\/v2\/users\/306"}],"replies":[{"embeddable":true,"href":"https:\/\/sites.usp.br\/festival-jca-fdrp\/wp-json\/wp\/v2\/comments?post=61"}],"version-history":[{"count":4,"href":"https:\/\/sites.usp.br\/festival-jca-fdrp\/wp-json\/wp\/v2\/pages\/61\/revisions"}],"predecessor-version":[{"id":737,"href":"https:\/\/sites.usp.br\/festival-jca-fdrp\/wp-json\/wp\/v2\/pages\/61\/revisions\/737"}],"wp:attachment":[{"href":"https:\/\/sites.usp.br\/festival-jca-fdrp\/wp-json\/wp\/v2\/media?parent=61"}],"curies":[{"name":"wp","href":"https:\/\/api.w.org\/{rel}","templated":true}]}}