{"id":195,"date":"2023-02-07T17:43:51","date_gmt":"2023-02-07T19:43:51","guid":{"rendered":"https:\/\/sites.usp.br\/fft\/?page_id=195"},"modified":"2023-03-09T17:46:22","modified_gmt":"2023-03-09T19:46:22","slug":"normas-avaliacao-capes","status":"publish","type":"page","link":"https:\/\/sites.usp.br\/fft\/normas-avaliacao-capes\/","title":{"rendered":"Normas \/ Avalia\u00e7\u00e3o CAPES"},"content":{"rendered":"\t\t<div data-elementor-type=\"wp-page\" data-elementor-id=\"195\" class=\"elementor elementor-195\" data-elementor-post-type=\"page\">\n\t\t\t\t\t\t<section class=\"elementor-section elementor-top-section elementor-element elementor-element-6ae0d65a elementor-section-boxed elementor-section-height-default elementor-section-height-default\" data-id=\"6ae0d65a\" data-element_type=\"section\">\n\t\t\t\t\t\t<div class=\"elementor-container elementor-column-gap-default\">\n\t\t\t\t\t<div class=\"elementor-column elementor-col-100 elementor-top-column elementor-element elementor-element-64752b30\" data-id=\"64752b30\" data-element_type=\"column\">\n\t\t\t<div class=\"elementor-widget-wrap elementor-element-populated\">\n\t\t\t\t\t\t<div class=\"elementor-element elementor-element-8eb935e elementor-widget elementor-widget-spacer\" data-id=\"8eb935e\" data-element_type=\"widget\" data-widget_type=\"spacer.default\">\n\t\t\t\t<div class=\"elementor-widget-container\">\n\t\t\t\t\t<div class=\"elementor-spacer\">\n\t\t\t<div class=\"elementor-spacer-inner\"><\/div>\n\t\t<\/div>\n\t\t\t\t<\/div>\n\t\t\t\t<\/div>\n\t\t\t\t<div class=\"elementor-element elementor-element-ae51df8 elementor-widget elementor-widget-heading\" data-id=\"ae51df8\" data-element_type=\"widget\" data-widget_type=\"heading.default\">\n\t\t\t\t<div class=\"elementor-widget-container\">\n\t\t\t<h2 class=\"elementor-heading-title elementor-size-default\">Curso de Mestrado e Doutorado<\/h2>\t\t<\/div>\n\t\t\t\t<\/div>\n\t\t\t\t<div class=\"elementor-element elementor-element-196bf5f elementor-widget elementor-widget-text-editor\" data-id=\"196bf5f\" data-element_type=\"widget\" data-widget_type=\"text-editor.default\">\n\t\t\t\t<div class=\"elementor-widget-container\">\n\t\t\t\t\t\t\t<header><div><a href=\"https:\/\/www.prpg.usp.br\/index.php\/pt-br\/faca-pos-na-usp\/programas-de-pos-graduacao\/165-farmacia-fisiopatologiaetox\" target=\"_blank\" rel=\"noopener\">Legisla\u00e7\u00f5es<\/a><\/div><\/header><p>Reconhecimento do curso:<\/p><p>\u00a0<\/p><p>Reconhecimento do Programa de P\u00f3s-Gradua\u00e7\u00e3o em Farm\u00e1cia (Fisiopatologia e Toxicologia)<\/p><p>CAPES &#8211; C\u00f3digo do Programa: 33002010079P5<\/p><p><a href=\"https:\/\/www.prpg.usp.br\/images\/Downloads\/Legislacao\/Portarias_MEC\/PortariaMEC_609_14032019.pdf\" target=\"_blank\" rel=\"noopener\">Portaria No. 609, de 14\/03\/2019<\/a><\/p>\t\t\t\t\t\t<\/div>\n\t\t\t\t<\/div>\n\t\t\t\t<div class=\"elementor-element elementor-element-d69f953 elementor-widget elementor-widget-spacer\" data-id=\"d69f953\" data-element_type=\"widget\" data-widget_type=\"spacer.default\">\n\t\t\t\t<div class=\"elementor-widget-container\">\n\t\t\t\t\t<div class=\"elementor-spacer\">\n\t\t\t<div class=\"elementor-spacer-inner\"><\/div>\n\t\t<\/div>\n\t\t\t\t<\/div>\n\t\t\t\t<\/div>\n\t\t\t\t<div class=\"elementor-element elementor-element-2ef3c8d elementor-widget elementor-widget-heading\" data-id=\"2ef3c8d\" data-element_type=\"widget\" data-widget_type=\"heading.default\">\n\t\t\t\t<div class=\"elementor-widget-container\">\n\t\t\t<h2 class=\"elementor-heading-title elementor-size-default\">Avalia\u00e7\u00e3o CAPES<\/h2>\t\t<\/div>\n\t\t\t\t<\/div>\n\t\t\t\t<div class=\"elementor-element elementor-element-66e4caf4 elementor-widget elementor-widget-text-editor\" data-id=\"66e4caf4\" data-element_type=\"widget\" data-widget_type=\"text-editor.default\">\n\t\t\t\t<div class=\"elementor-widget-container\">\n\t\t\t\t\t\t\t<header>\n<p><a style=\"font-weight: 600;\" href=\"http:\/\/trienal.capes.gov.br\/?page_id=100\"><img fetchpriority=\"high\" decoding=\"async\" src=\"http:\/\/www.fcf.usp.br\/arquivos\/departamentos\/2010.png\" alt=\"\" width=\"567\" height=\"133\"><\/a><\/p>\n<p>2010 &#8211; FARM\u00c1CIA (AN\u00c1LISES CL\u00cdNICAS): <b>NOTA 7<\/b><\/p><p><b><br><\/b><\/p><p><b><br><\/b><\/p><p><b><br><\/b><\/p>\n<p><\/p>\n<\/header>\n<p><a href=\"http:\/\/avaliacaotrienal2013.capes.gov.br\/\"><img decoding=\"async\" src=\"http:\/\/www.fcf.usp.br\/arquivos\/departamentos\/EMY\/Avalia%C3%A7%C3%A3o%20CAPES%202013.png\" alt=\"\" width=\"572\" height=\"151\"><\/a><\/p>\n<p><span style=\"color: var( --e-global-color-text );\">2013 &#8211; FARM\u00c1CIA (FISIOPATOLOGIA E TOXICOLOGIA): <b>NOTA 7<\/b><\/span><\/p>\n<p><span style=\"color: var( --e-global-color-text );\">&nbsp;<\/span><\/p>\n<p><span style=\"color: var( --e-global-color-text );\">&nbsp;<\/span><\/p>\n<p><span style=\"color: var( --e-global-color-text );\">&nbsp;<\/span><\/p>\n<p><a href=\"http:\/\/avaliacaoquadrienal.capes.gov.br\/resultado-da-avaliacao-quadrienal-2017-2\"><img decoding=\"async\" src=\"http:\/\/www.fcf.usp.br\/arquivos\/departamentos\/2017.png\" alt=\"\" width=\"565\" height=\"114\"><\/a><\/p>\n<p>2017 &#8211; FARM\u00c1CIA (FISIOPATOLOGIA E TOXICOLOGIA): <b>NOTA 7<\/b><\/p><p><b><br><\/b><\/p><p><b><br><\/b><\/p><p><b><br><\/b><\/p>\n<p><\/p>\n<p><img decoding=\"async\" src=\"http:\/\/www.fcf.usp.br\/arquivos\/20092022-073151.jpg\"><\/p>\n<p>2020 &#8211; FARM\u00c1CIA (FISIOPATOLOGIA E TOXICOLOGIA): <b>NOTA 7<\/b><\/p>\t\t\t\t\t\t<\/div>\n\t\t\t\t<\/div>\n\t\t\t\t\t<\/div>\n\t\t<\/div>\n\t\t\t\t\t<\/div>\n\t\t<\/section>\n\t\t\t\t<section class=\"elementor-section elementor-top-section elementor-element elementor-element-169b951 elementor-section-boxed elementor-section-height-default elementor-section-height-default\" data-id=\"169b951\" data-element_type=\"section\">\n\t\t\t\t\t\t<div class=\"elementor-container elementor-column-gap-default\">\n\t\t\t\t\t<div class=\"elementor-column elementor-col-100 elementor-top-column elementor-element elementor-element-b0ee15e\" data-id=\"b0ee15e\" data-element_type=\"column\">\n\t\t\t<div class=\"elementor-widget-wrap elementor-element-populated\">\n\t\t\t\t\t\t<div class=\"elementor-element elementor-element-55f5159 elementor-widget elementor-widget-spacer\" data-id=\"55f5159\" data-element_type=\"widget\" data-widget_type=\"spacer.default\">\n\t\t\t\t<div class=\"elementor-widget-container\">\n\t\t\t\t\t<div class=\"elementor-spacer\">\n\t\t\t<div class=\"elementor-spacer-inner\"><\/div>\n\t\t<\/div>\n\t\t\t\t<\/div>\n\t\t\t\t<\/div>\n\t\t\t\t\t<\/div>\n\t\t<\/div>\n\t\t\t\t\t<\/div>\n\t\t<\/section>\n\t\t\t\t<\/div>\n\t\t","protected":false},"excerpt":{"rendered":"<p>Curso de Mestrado e Doutorado Legisla\u00e7\u00f5es Reconhecimento do curso: \u00a0 Reconhecimento do Programa de P\u00f3s-Gradua\u00e7\u00e3o em Farm\u00e1cia (Fisiopatologia e Toxicologia)&#46;&#46;&#46;<\/p>\n","protected":false},"author":23435,"featured_media":0,"parent":0,"menu_order":0,"comment_status":"closed","ping_status":"closed","template":"elementor_header_footer","meta":{"footnotes":"","_links_to":"","_links_to_target":""},"class_list":["post-195","page","type-page","status-publish","hentry"],"_links":{"self":[{"href":"https:\/\/sites.usp.br\/fft\/wp-json\/wp\/v2\/pages\/195","targetHints":{"allow":["GET"]}}],"collection":[{"href":"https:\/\/sites.usp.br\/fft\/wp-json\/wp\/v2\/pages"}],"about":[{"href":"https:\/\/sites.usp.br\/fft\/wp-json\/wp\/v2\/types\/page"}],"author":[{"embeddable":true,"href":"https:\/\/sites.usp.br\/fft\/wp-json\/wp\/v2\/users\/23435"}],"replies":[{"embeddable":true,"href":"https:\/\/sites.usp.br\/fft\/wp-json\/wp\/v2\/comments?post=195"}],"version-history":[{"count":4,"href":"https:\/\/sites.usp.br\/fft\/wp-json\/wp\/v2\/pages\/195\/revisions"}],"predecessor-version":[{"id":1407,"href":"https:\/\/sites.usp.br\/fft\/wp-json\/wp\/v2\/pages\/195\/revisions\/1407"}],"wp:attachment":[{"href":"https:\/\/sites.usp.br\/fft\/wp-json\/wp\/v2\/media?parent=195"}],"curies":[{"name":"wp","href":"https:\/\/api.w.org\/{rel}","templated":true}]}}