{"id":201,"date":"2023-02-07T17:53:58","date_gmt":"2023-02-07T19:53:58","guid":{"rendered":"https:\/\/sites.usp.br\/fft\/?page_id=201"},"modified":"2025-07-28T11:23:11","modified_gmt":"2025-07-28T13:23:11","slug":"membros-da-ccp-comunicados","status":"publish","type":"page","link":"https:\/\/sites.usp.br\/fft\/membros-da-ccp-comunicados\/","title":{"rendered":"Membros da CCP \/ Comunicados"},"content":{"rendered":"\t\t<div data-elementor-type=\"wp-page\" data-elementor-id=\"201\" class=\"elementor elementor-201\" data-elementor-post-type=\"page\">\n\t\t\t\t\t\t<section class=\"elementor-section elementor-top-section elementor-element elementor-element-7fbd0e8d elementor-section-boxed elementor-section-height-default elementor-section-height-default\" data-id=\"7fbd0e8d\" data-element_type=\"section\">\n\t\t\t\t\t\t<div class=\"elementor-container elementor-column-gap-default\">\n\t\t\t\t\t<div class=\"elementor-column elementor-col-100 elementor-top-column elementor-element elementor-element-2d5fa876\" data-id=\"2d5fa876\" data-element_type=\"column\">\n\t\t\t<div class=\"elementor-widget-wrap elementor-element-populated\">\n\t\t\t\t\t\t<div class=\"elementor-element elementor-element-70ec0e7 elementor-widget elementor-widget-spacer\" data-id=\"70ec0e7\" data-element_type=\"widget\" data-widget_type=\"spacer.default\">\n\t\t\t\t<div class=\"elementor-widget-container\">\n\t\t\t\t\t<div class=\"elementor-spacer\">\n\t\t\t<div class=\"elementor-spacer-inner\"><\/div>\n\t\t<\/div>\n\t\t\t\t<\/div>\n\t\t\t\t<\/div>\n\t\t\t\t<div class=\"elementor-element elementor-element-771f109 elementor-widget elementor-widget-heading\" data-id=\"771f109\" data-element_type=\"widget\" data-widget_type=\"heading.default\">\n\t\t\t\t<div class=\"elementor-widget-container\">\n\t\t\t<h2 class=\"elementor-heading-title elementor-size-default\">Comiss\u00e3o Coordenadora do Programa de Farm\u00e1cia<\/h2>\t\t<\/div>\n\t\t\t\t<\/div>\n\t\t\t\t<div class=\"elementor-element elementor-element-4e45806 elementor-widget__width-inherit elementor-widget elementor-widget-image\" data-id=\"4e45806\" data-element_type=\"widget\" data-widget_type=\"image.default\">\n\t\t\t\t<div class=\"elementor-widget-container\">\n\t\t\t\t\t\t\t\t\t\t\t\t\t<img fetchpriority=\"high\" decoding=\"async\" width=\"1286\" height=\"400\" src=\"https:\/\/sites.usp.br\/fft\/wp-content\/uploads\/sites\/1251\/2016\/05\/Membros-da-CCP.jpg\" class=\"attachment-1536x1536 size-1536x1536 wp-image-1014\" alt=\"\" srcset=\"https:\/\/sites.usp.br\/fft\/wp-content\/uploads\/sites\/1251\/2016\/05\/Membros-da-CCP.jpg 1286w, https:\/\/sites.usp.br\/fft\/wp-content\/uploads\/sites\/1251\/2016\/05\/Membros-da-CCP-300x93.jpg 300w, https:\/\/sites.usp.br\/fft\/wp-content\/uploads\/sites\/1251\/2016\/05\/Membros-da-CCP-1024x319.jpg 1024w, https:\/\/sites.usp.br\/fft\/wp-content\/uploads\/sites\/1251\/2016\/05\/Membros-da-CCP-768x239.jpg 768w, https:\/\/sites.usp.br\/fft\/wp-content\/uploads\/sites\/1251\/2016\/05\/Membros-da-CCP-400x124.jpg 400w\" sizes=\"(max-width: 1286px) 100vw, 1286px\" \/>\t\t\t\t\t\t\t\t\t\t\t\t\t<\/div>\n\t\t\t\t<\/div>\n\t\t\t\t<div class=\"elementor-element elementor-element-c9bc94f elementor-widget elementor-widget-spacer\" data-id=\"c9bc94f\" data-element_type=\"widget\" data-widget_type=\"spacer.default\">\n\t\t\t\t<div class=\"elementor-widget-container\">\n\t\t\t\t\t<div class=\"elementor-spacer\">\n\t\t\t<div class=\"elementor-spacer-inner\"><\/div>\n\t\t<\/div>\n\t\t\t\t<\/div>\n\t\t\t\t<\/div>\n\t\t\t\t<div class=\"elementor-element elementor-element-d8b6854 elementor-widget elementor-widget-heading\" data-id=\"d8b6854\" data-element_type=\"widget\" data-widget_type=\"heading.default\">\n\t\t\t\t<div class=\"elementor-widget-container\">\n\t\t\t<h2 class=\"elementor-heading-title elementor-size-default\">Atribui\u00e7\u00f5es da CCP<\/h2>\t\t<\/div>\n\t\t\t\t<\/div>\n\t\t\t\t<div class=\"elementor-element elementor-element-63954142 elementor-widget elementor-widget-text-editor\" data-id=\"63954142\" data-element_type=\"widget\" data-widget_type=\"text-editor.default\">\n\t\t\t\t<div class=\"elementor-widget-container\">\n\t\t\t\t\t\t\t<p>Trecho do Regimento de P\u00f3s-Gradua\u00e7\u00e3o\/USP &#8211;<\/p><p class=\"entry-title\">RESOLU\u00c7\u00c3O N\u00ba 7493, DE 27 DE MAR\u00c7O DE 2018<\/p><p class=\"entry-title\">\u00a0<\/p><p>\u00a0<\/p><p><strong>Cap\u00edtulo V<\/strong><\/p><p><strong>Da Comiss\u00e3o Coordenadora de Programa<\/strong><\/p><p><strong>\u00a0<\/strong><\/p><p><strong>Artigo 32<\/strong>\u00a0\u2013 Cada Programa de P\u00f3s-Gradua\u00e7\u00e3o deve contar com uma Comiss\u00e3o Coordenadora de Programa (CCP) constitu\u00edda pelo Coordenador do Programa e seu Suplente, pelo menos mais um docente credenciado como orientador no Programa e pela representa\u00e7\u00e3o discente do Programa.<\/p><p>\u00a7 1\u00ba \u2013 A elei\u00e7\u00e3o dos membros da CCP e de seus respectivos Suplentes ser\u00e1 feita pelos orientadores plenos credenciados no Programa de P\u00f3s-Gradua\u00e7\u00e3o. O mandato dos membros docentes da CCP ser\u00e1 de dois anos, permitida a recondu\u00e7\u00e3o.<br \/>\u00a7 2\u00ba \u2013 Orientadores plenos do Programa externos \u00e0 USP poder\u00e3o compor a CCP, respeitado o disposto no par\u00e1grafo anterior, quando previsto no respectivo Regulamento.<br \/>\u00a7 3\u00ba \u2013 A CCP ter\u00e1 um Coordenador e seu Suplente, eleitos pela CCP, dentre seus membros, com mandato de dois anos, permitida uma recondu\u00e7\u00e3o. O Coordenador e seu Suplente dever\u00e3o ser docentes vinculados \u00e0 Unidade a qual pertence o Programa. Nos Programas Interunidades, o Coordenador e seu Suplente dever\u00e3o ser vinculados \u00e0s Unidades participantes do Programa.<br \/>\u00a7 4\u00ba \u2013 Os representantes discentes, titulares e suplentes, eleitos pelos seus pares, em n\u00famero correspondente a vinte por cento do total de docentes membros da CCP, sendo no m\u00ednimo um discente, devem ser alunos regularmente matriculados no Programa de P\u00f3s-Gradua\u00e7\u00e3o e n\u00e3o vinculados ao corpo docente da Universidade, com mandato de um ano, permitida uma recondu\u00e7\u00e3o.<br \/>\u00a7 5\u00ba \u2013 No caso de vac\u00e2ncia de membro titular ou suplente da CCP, proceder-se-\u00e1 nova elei\u00e7\u00e3o. O membro eleito nestes casos completar\u00e1 o per\u00edodo de mandato.<\/p><p>\u00a0<\/p><p><strong>Artigo 33<\/strong>\u00a0\u2013 Nas CPGs que tenham apenas um programa sob sua responsabilidade, a composi\u00e7\u00e3o da CCP, conforme estabelecido no Regimento da Unidade e no Regulamento do Programa, poder\u00e1 ser a mesma da CPG. Neste caso, o Presidente da CPG e o Vice-Presidente poder\u00e3o acumular as fun\u00e7\u00f5es de Coordenador de Programa e Suplente do Coordenador, respectivamente.<\/p><p>\u00a0<\/p><p><strong>Artigo 34<\/strong>\u00a0\u2013 Cabe a cada Programa de P\u00f3s-Gradua\u00e7\u00e3o elaborar seu regulamento, que dever\u00e1 ser aprovado pela CPG respons\u00e1vel pelo Programa, pela Congrega\u00e7\u00e3o da Unidade e pela C\u00e2mara de Normas e Recursos, com as particularidades de sua \u00e1rea, respeitando o estabelecido pela CPG e CoPGr em suas decis\u00f5es, Regimentos e Regulamentos.<\/p><p>\u00a0<\/p><p><strong>Artigo 35<\/strong>\u00a0\u2013 Compete \u00e0 CCP:<\/p><p>I \u2013 propor \u00e0 CPG o credenciamento e recredenciamento de disciplina e seus respons\u00e1veis;<br \/>II \u2013 propor \u00e0 CPG crit\u00e9rios de credenciamento e recredenciamento de orientadores e coorientadores, bem como a periodicidade do credenciamento, estabelecendo o per\u00edodo m\u00ednimo de tr\u00eas anos e, no m\u00e1ximo, de cinco;<br \/>III \u2013 estabelecer o n\u00famero m\u00e1ximo de alunos por orientador e coorientador, respeitados os limites m\u00e1ximos estabelecidos neste Regimento;<br \/>IV \u2013 propor \u00e0 CPG o credenciamento e recredenciamento de seus orientadores e coorientadores;<br \/>V \u2013 organizar e divulgar anualmente lista de orientadores credenciados;<br \/>VI \u2013 deliberar sobre o n\u00famero de vagas oferecido em cada processo seletivo para os cursos do Programa de P\u00f3s-Gradua\u00e7\u00e3o;<br \/>VII \u2013 submeter \u00e0 CPG para homologa\u00e7\u00e3o os crit\u00e9rios espec\u00edficos de sele\u00e7\u00e3o nos cursos do Programa de P\u00f3s-Gradua\u00e7\u00e3o;<br \/>VIII \u2013 coordenar o processo seletivo do Programa de P\u00f3s-Gradua\u00e7\u00e3o e designar os membros da comiss\u00e3o de sele\u00e7\u00e3o, quando necess\u00e1rio;<br \/>IX \u2013 encaminhar \u00e0 CPG a rela\u00e7\u00e3o dos candidatos selecionados para homologa\u00e7\u00e3o e divulga\u00e7\u00e3o;<br \/>X \u2013 referendar o aceite do orientador escolhido pelo aluno;<br \/>XI \u2013 deliberar sobre mudan\u00e7a de orientador;<br \/>XII \u2013 deliberar sobre desligamentos de alunos;<br \/>XIII \u2013 fixar o n\u00famero de l\u00ednguas estrangeiras obrigat\u00f3rias, discriminando-as, e estabelecer os crit\u00e9rios do exame de profici\u00eancia;<br \/>XIV \u2013 propor \u00e0 CPG o n\u00famero total de unidades de cr\u00e9dito exigido para os Cursos de Mestrado, Doutorado e Doutorado sem obten\u00e7\u00e3o pr\u00e9via do t\u00edtulo de Mestre, denominado Doutorado Direto, indicando explicitamente o n\u00famero m\u00ednimo de cr\u00e9ditos relacionados a disciplinas e a elabora\u00e7\u00e3o da disserta\u00e7\u00e3o ou tese;<br \/>XV \u2013 propor \u00e0 CPG o n\u00famero de unidades de cr\u00e9dito especiais de acordo com o disposto no art. 60 deste Regimento;<br \/>XVI \u2013 estabelecer crit\u00e9rios objetivos de desempenho acad\u00eamico a serem cumpridos pelo p\u00f3s-graduando at\u00e9 o dep\u00f3sito da disserta\u00e7\u00e3o ou tese;<br \/>XVII \u2013 organizar calend\u00e1rio escolar para cada per\u00edodo letivo, fixando as \u00e9pocas e prazos de matr\u00edcula em conformidade com as determina\u00e7\u00f5es dos \u00f3rg\u00e3os centrais da USP, para aprova\u00e7\u00e3o pela CPG, que far\u00e1 a sua divulga\u00e7\u00e3o com anteced\u00eancia;<br \/>XVIII \u2013 elaborar o calend\u00e1rio semestral de oferecimento das disciplinas para aprova\u00e7\u00e3o pela CPG, que far\u00e1 a sua divulga\u00e7\u00e3o com anteced\u00eancia;<br \/>XIX \u2013 autorizar a participa\u00e7\u00e3o de professores colaboradores em disciplinas de P\u00f3s-Gradua\u00e7\u00e3o;<br \/>XX \u2013 deliberar sobre solicita\u00e7\u00f5es de contagem de cr\u00e9ditos obtidos em disciplinas cursadas fora da USP de acordo com o disposto no \u00a7 3\u00ba do art. 67 deste Regimento;<br \/>XXI \u2013 deliberar sobre a matr\u00edcula de alunos especiais, com aprova\u00e7\u00e3o do docente respons\u00e1vel pela disciplina;<br \/>XXII \u2013 estabelecer crit\u00e9rios para cancelamento de turmas de disciplinas;<br \/>XXIII \u2013 estabelecer os crit\u00e9rios para o julgamento do exame de qualifica\u00e7\u00e3o;<br \/>XXIV \u2013 designar os membros titulares e suplentes da comiss\u00e3o examinadora do exame de qualifica\u00e7\u00e3o;<br \/>XXV \u2013 homologar o relat\u00f3rio da comiss\u00e3o examinadora do exame de qualifica\u00e7\u00e3o, no prazo m\u00e1ximo de quarenta e cinco dias, contados a partir da data de realiza\u00e7\u00e3o do exame;<br \/>XXVI \u2013 sugerir \u00e0 CPG, ouvido o orientador, a composi\u00e7\u00e3o da comiss\u00e3o julgadora de defesa de disserta\u00e7\u00e3o do Mestrado ou de tese do Doutorado;<br \/>XXVII \u2013 propor \u00e0 CPG para homologa\u00e7\u00e3o das reformula\u00e7\u00f5es nos cursos e no Programa como um todo;<br \/>XXVIII \u2013 submeter \u00e0 CPG as solicita\u00e7\u00f5es de trancamento de matr\u00edcula, prorroga\u00e7\u00e3o de prazo e transfer\u00eancia de Programa e\/ou \u00e1rea de concentra\u00e7\u00e3o;<br \/>XXIX \u2013 submeter \u00e0 CPG as solicita\u00e7\u00f5es de altera\u00e7\u00f5es de frequ\u00eancia e conceitos conforme o disposto no \u00a7 2\u00ba do art. 69 deste Regimento;<br \/>XXX \u2013 analisar e submeter \u00e0 CPG as propostas de conv\u00eanios interinstitucionais e outros relativos ao Programa;<br \/>XXXI \u2013 coordenar a execu\u00e7\u00e3o dos programas e conv\u00eanios de ag\u00eancias de fomento;<br \/>XXXII \u2013 estabelecer formas adicionais de avalia\u00e7\u00e3o de alunos quando previstas em sua norma;<br \/>XXXIII \u2013 deliberar sobre as solicita\u00e7\u00f5es de alunos para transfer\u00eancia de \u00e1rea de concentra\u00e7\u00e3o;<br \/>XXXIV \u2013 deliberar sobre a realiza\u00e7\u00e3o da avalia\u00e7\u00e3o escrita no julgamento das Disserta\u00e7\u00f5es e Teses, conforme disposto no par\u00e1grafo \u00fanico do art. 90 deste Regimento.<\/p><p>\u00a0<\/p><p>Acesso a\u00a0<a href=\"http:\/\/www.leginf.usp.br\/?resolucao=resolucao-no-7493-de-27-de-marco-de-2018\" target=\"_blank\" rel=\"noopener\">fonte<\/a><\/p>\t\t\t\t\t\t<\/div>\n\t\t\t\t<\/div>\n\t\t\t\t<div class=\"elementor-element elementor-element-19f217c elementor-widget elementor-widget-spacer\" data-id=\"19f217c\" data-element_type=\"widget\" data-widget_type=\"spacer.default\">\n\t\t\t\t<div class=\"elementor-widget-container\">\n\t\t\t\t\t<div class=\"elementor-spacer\">\n\t\t\t<div class=\"elementor-spacer-inner\"><\/div>\n\t\t<\/div>\n\t\t\t\t<\/div>\n\t\t\t\t<\/div>\n\t\t\t\t<div class=\"elementor-element elementor-element-6255f8b elementor-widget elementor-widget-heading\" data-id=\"6255f8b\" data-element_type=\"widget\" data-widget_type=\"heading.default\">\n\t\t\t\t<div class=\"elementor-widget-container\">\n\t\t\t<h2 class=\"elementor-heading-title elementor-size-default\">Comunicados da Comiss\u00e3o Coordenadora do Programa<\/h2>\t\t<\/div>\n\t\t\t\t<\/div>\n\t\t\t\t<div class=\"elementor-element elementor-element-7d3a56c elementor-widget elementor-widget-text-editor\" data-id=\"7d3a56c\" data-element_type=\"widget\" data-widget_type=\"text-editor.default\">\n\t\t\t\t<div class=\"elementor-widget-container\">\n\t\t\t\t\t\t\t<p><a href=\"http:\/\/www.fcf.usp.br\/arquivos\/departamentos\/Comunicado%20FFT%20no.%2001_2020,%20de%2023.11.2020.jpg\" target=\"_blank\" rel=\"noopener\">Comunicado FFT no. 01\/2020, de 23.11.2020 \u2013 Relat\u00f3rio de Atividades dos P\u00f3s-Graduandos<\/a><\/p><p><a href=\"http:\/\/www.fcf.usp.br\/arquivos\/departamentos\/Comunicado%20FFT%20no.%2002_2020,%20de%2023.11.2020.jpg\" target=\"_blank\" rel=\"noopener\">Comunicado FFT no. 02\/2020, de 23.11.2020 &#8211; Bolsa de Mestrado e Doutorado &#8211; Chamada CNPq no. 25\/2020<\/a><\/p><p><a href=\"http:\/\/www.fcf.usp.br\/arquivos\/departamentos\/Comunicado%20FFT%20no.%2003_2020,%20de%2030.11.2020.jpg\" target=\"_blank\" rel=\"noopener\">Comunicado FFT no. 03\/2020, de 30.11.2020 &#8211; Recoleta CAPES 2017, 2018 e 2019 e Coleta CAPES 2020<\/a><\/p><p><a href=\"https:\/\/sites.usp.br\/fft\/wp-content\/uploads\/sites\/1251\/2023\/03\/Comunicado-FFT-No.-01_2021-AGRADECIMENTOS-OBRIGATORIOS-A-CAPES-FINAL-1.pdf\">Comunicado FFT no. 01\/2021, de 23\/11\/2021 &#8211; Agradecimentos \u00e0s Ag\u00eancias de Fomentos<\/a><\/p><p>\u00a0<\/p>\t\t\t\t\t\t<\/div>\n\t\t\t\t<\/div>\n\t\t\t\t\t<\/div>\n\t\t<\/div>\n\t\t\t\t\t<\/div>\n\t\t<\/section>\n\t\t\t\t<section class=\"elementor-section elementor-top-section elementor-element elementor-element-de15deb elementor-section-boxed elementor-section-height-default elementor-section-height-default\" data-id=\"de15deb\" data-element_type=\"section\">\n\t\t\t\t\t\t<div class=\"elementor-container elementor-column-gap-default\">\n\t\t\t\t\t<div class=\"elementor-column elementor-col-100 elementor-top-column elementor-element elementor-element-dd75967\" data-id=\"dd75967\" data-element_type=\"column\">\n\t\t\t<div class=\"elementor-widget-wrap elementor-element-populated\">\n\t\t\t\t\t\t<div class=\"elementor-element elementor-element-625cdd8 elementor-widget elementor-widget-spacer\" data-id=\"625cdd8\" data-element_type=\"widget\" data-widget_type=\"spacer.default\">\n\t\t\t\t<div class=\"elementor-widget-container\">\n\t\t\t\t\t<div class=\"elementor-spacer\">\n\t\t\t<div class=\"elementor-spacer-inner\"><\/div>\n\t\t<\/div>\n\t\t\t\t<\/div>\n\t\t\t\t<\/div>\n\t\t\t\t\t<\/div>\n\t\t<\/div>\n\t\t\t\t\t<\/div>\n\t\t<\/section>\n\t\t\t\t<\/div>\n\t\t","protected":false},"excerpt":{"rendered":"<p>Comiss\u00e3o Coordenadora do Programa de Farm\u00e1cia Atribui\u00e7\u00f5es da CCP Trecho do Regimento de P\u00f3s-Gradua\u00e7\u00e3o\/USP &#8211; RESOLU\u00c7\u00c3O N\u00ba 7493, DE 27&#46;&#46;&#46;<\/p>\n","protected":false},"author":23435,"featured_media":0,"parent":0,"menu_order":0,"comment_status":"closed","ping_status":"closed","template":"elementor_header_footer","meta":{"footnotes":"","_links_to":"","_links_to_target":""},"class_list":["post-201","page","type-page","status-publish","hentry"],"_links":{"self":[{"href":"https:\/\/sites.usp.br\/fft\/wp-json\/wp\/v2\/pages\/201","targetHints":{"allow":["GET"]}}],"collection":[{"href":"https:\/\/sites.usp.br\/fft\/wp-json\/wp\/v2\/pages"}],"about":[{"href":"https:\/\/sites.usp.br\/fft\/wp-json\/wp\/v2\/types\/page"}],"author":[{"embeddable":true,"href":"https:\/\/sites.usp.br\/fft\/wp-json\/wp\/v2\/users\/23435"}],"replies":[{"embeddable":true,"href":"https:\/\/sites.usp.br\/fft\/wp-json\/wp\/v2\/comments?post=201"}],"version-history":[{"count":4,"href":"https:\/\/sites.usp.br\/fft\/wp-json\/wp\/v2\/pages\/201\/revisions"}],"predecessor-version":[{"id":1906,"href":"https:\/\/sites.usp.br\/fft\/wp-json\/wp\/v2\/pages\/201\/revisions\/1906"}],"wp:attachment":[{"href":"https:\/\/sites.usp.br\/fft\/wp-json\/wp\/v2\/media?parent=201"}],"curies":[{"name":"wp","href":"https:\/\/api.w.org\/{rel}","templated":true}]}}