{"id":211,"date":"2023-02-07T17:57:19","date_gmt":"2023-02-07T19:57:19","guid":{"rendered":"https:\/\/sites.usp.br\/fft\/?page_id=211"},"modified":"2023-03-13T15:56:21","modified_gmt":"2023-03-13T17:56:21","slug":"recredenciamento-de-orientador","status":"publish","type":"page","link":"https:\/\/sites.usp.br\/fft\/recredenciamento-de-orientador\/","title":{"rendered":"(Re)Credenciamento de Orientador"},"content":{"rendered":"\t\t<div data-elementor-type=\"wp-page\" data-elementor-id=\"211\" class=\"elementor elementor-211\" data-elementor-post-type=\"page\">\n\t\t\t\t\t\t<section class=\"elementor-section elementor-top-section elementor-element elementor-element-342390b2 elementor-section-boxed elementor-section-height-default elementor-section-height-default\" data-id=\"342390b2\" data-element_type=\"section\">\n\t\t\t\t\t\t<div class=\"elementor-container elementor-column-gap-default\">\n\t\t\t\t\t<div class=\"elementor-column elementor-col-100 elementor-top-column elementor-element elementor-element-ddd57c8\" data-id=\"ddd57c8\" data-element_type=\"column\">\n\t\t\t<div class=\"elementor-widget-wrap elementor-element-populated\">\n\t\t\t\t\t\t<div class=\"elementor-element elementor-element-c61cecd elementor-widget elementor-widget-spacer\" data-id=\"c61cecd\" data-element_type=\"widget\" data-widget_type=\"spacer.default\">\n\t\t\t\t<div class=\"elementor-widget-container\">\n\t\t\t\t\t<div class=\"elementor-spacer\">\n\t\t\t<div class=\"elementor-spacer-inner\"><\/div>\n\t\t<\/div>\n\t\t\t\t<\/div>\n\t\t\t\t<\/div>\n\t\t\t\t<div class=\"elementor-element elementor-element-b9db93d elementor-widget elementor-widget-heading\" data-id=\"b9db93d\" data-element_type=\"widget\" data-widget_type=\"heading.default\">\n\t\t\t\t<div class=\"elementor-widget-container\">\n\t\t\t<h2 class=\"elementor-heading-title elementor-size-default\">Credenciamento e Recredenciamento de Orientador<\/h2>\t\t<\/div>\n\t\t\t\t<\/div>\n\t\t\t\t<div class=\"elementor-element elementor-element-b92d38d elementor-widget elementor-widget-text-editor\" data-id=\"b92d38d\" data-element_type=\"widget\" data-widget_type=\"text-editor.default\">\n\t\t\t\t<div class=\"elementor-widget-container\">\n\t\t\t\t\t\t\t<p><a href=\"http:\/\/www.fcf.usp.br\/pos-graduacao\/pagina.php?menu=204&amp;pagina=1102\" target=\"_blank\" rel=\"noopener\">Credenciamento e Recredenciamento de Orientador<\/a><\/p>\n<p><\/p>\n<p>Para o credenciamento \/ recredenciamento \/ altera\u00e7\u00e3o de disciplina, o interessado dever\u00e1 encaminhar \u00e0 Secretaria da Comiss\u00e3o Coordenadora do Programa de P\u00f3s-Gradua\u00e7\u00e3o em Farm\u00e1cia (Fisiopatologia e Toxicologia) da FCF\/USP, o formul\u00e1rio de credenciamento de disciplina devidamente preenchido.<\/p><p><br><\/p>\t\t\t\t\t\t<\/div>\n\t\t\t\t<\/div>\n\t\t\t\t\t<\/div>\n\t\t<\/div>\n\t\t\t\t\t<\/div>\n\t\t<\/section>\n\t\t\t\t<section class=\"elementor-section elementor-top-section elementor-element elementor-element-c912960 elementor-section-boxed elementor-section-height-default elementor-section-height-default\" data-id=\"c912960\" data-element_type=\"section\">\n\t\t\t\t\t\t<div class=\"elementor-container elementor-column-gap-default\">\n\t\t\t\t\t<div class=\"elementor-column elementor-col-100 elementor-top-column elementor-element elementor-element-aeee90d\" data-id=\"aeee90d\" data-element_type=\"column\">\n\t\t\t<div class=\"elementor-widget-wrap elementor-element-populated\">\n\t\t\t\t\t\t<div class=\"elementor-element elementor-element-0c75435 elementor-widget elementor-widget-text-editor\" data-id=\"0c75435\" data-element_type=\"widget\" data-widget_type=\"text-editor.default\">\n\t\t\t\t<div class=\"elementor-widget-container\">\n\t\t\t\t\t\t\t<p>Modelo de <a href=\"https:\/\/sites.usp.br\/fft\/wp-content\/uploads\/sites\/1251\/2023\/03\/MODELO-PARECER-PARA-RE-CREDENCIAMENTO-DE-ORIENTADOR.docx\">PARECER<\/a> para (Re)Credenciamento de Orientador<\/p>\t\t\t\t\t\t<\/div>\n\t\t\t\t<\/div>\n\t\t\t\t<div class=\"elementor-element elementor-element-39969c5 elementor-widget elementor-widget-spacer\" data-id=\"39969c5\" data-element_type=\"widget\" data-widget_type=\"spacer.default\">\n\t\t\t\t<div class=\"elementor-widget-container\">\n\t\t\t\t\t<div class=\"elementor-spacer\">\n\t\t\t<div class=\"elementor-spacer-inner\"><\/div>\n\t\t<\/div>\n\t\t\t\t<\/div>\n\t\t\t\t<\/div>\n\t\t\t\t\t<\/div>\n\t\t<\/div>\n\t\t\t\t\t<\/div>\n\t\t<\/section>\n\t\t\t\t<\/div>\n\t\t","protected":false},"excerpt":{"rendered":"<p>Credenciamento e Recredenciamento de Orientador Credenciamento e Recredenciamento de Orientador Para o credenciamento \/ recredenciamento \/ altera\u00e7\u00e3o de disciplina, o&#46;&#46;&#46;<\/p>\n","protected":false},"author":23435,"featured_media":0,"parent":0,"menu_order":0,"comment_status":"closed","ping_status":"closed","template":"elementor_header_footer","meta":{"footnotes":"","_links_to":"","_links_to_target":""},"class_list":["post-211","page","type-page","status-publish","hentry"],"_links":{"self":[{"href":"https:\/\/sites.usp.br\/fft\/wp-json\/wp\/v2\/pages\/211","targetHints":{"allow":["GET"]}}],"collection":[{"href":"https:\/\/sites.usp.br\/fft\/wp-json\/wp\/v2\/pages"}],"about":[{"href":"https:\/\/sites.usp.br\/fft\/wp-json\/wp\/v2\/types\/page"}],"author":[{"embeddable":true,"href":"https:\/\/sites.usp.br\/fft\/wp-json\/wp\/v2\/users\/23435"}],"replies":[{"embeddable":true,"href":"https:\/\/sites.usp.br\/fft\/wp-json\/wp\/v2\/comments?post=211"}],"version-history":[{"count":4,"href":"https:\/\/sites.usp.br\/fft\/wp-json\/wp\/v2\/pages\/211\/revisions"}],"predecessor-version":[{"id":1811,"href":"https:\/\/sites.usp.br\/fft\/wp-json\/wp\/v2\/pages\/211\/revisions\/1811"}],"wp:attachment":[{"href":"https:\/\/sites.usp.br\/fft\/wp-json\/wp\/v2\/media?parent=211"}],"curies":[{"name":"wp","href":"https:\/\/api.w.org\/{rel}","templated":true}]}}