{"id":215,"date":"2023-02-07T17:58:47","date_gmt":"2023-02-07T19:58:47","guid":{"rendered":"https:\/\/sites.usp.br\/fft\/?page_id=215"},"modified":"2023-03-09T17:34:53","modified_gmt":"2023-03-09T19:34:53","slug":"recredenciamento-de-disciplina","status":"publish","type":"page","link":"https:\/\/sites.usp.br\/fft\/recredenciamento-de-disciplina\/","title":{"rendered":"(Re)Credenciamento de Disciplina"},"content":{"rendered":"\t\t<div data-elementor-type=\"wp-page\" data-elementor-id=\"215\" class=\"elementor elementor-215\" data-elementor-post-type=\"page\">\n\t\t\t\t\t\t<section class=\"elementor-section elementor-top-section elementor-element elementor-element-257497e8 elementor-section-boxed elementor-section-height-default elementor-section-height-default\" data-id=\"257497e8\" data-element_type=\"section\">\n\t\t\t\t\t\t<div class=\"elementor-container elementor-column-gap-default\">\n\t\t\t\t\t<div class=\"elementor-column elementor-col-100 elementor-top-column elementor-element elementor-element-1c6bae2c\" data-id=\"1c6bae2c\" data-element_type=\"column\">\n\t\t\t<div class=\"elementor-widget-wrap elementor-element-populated\">\n\t\t\t\t\t\t<div class=\"elementor-element elementor-element-3d3540d elementor-widget elementor-widget-spacer\" data-id=\"3d3540d\" data-element_type=\"widget\" data-widget_type=\"spacer.default\">\n\t\t\t\t<div class=\"elementor-widget-container\">\n\t\t\t\t\t<div class=\"elementor-spacer\">\n\t\t\t<div class=\"elementor-spacer-inner\"><\/div>\n\t\t<\/div>\n\t\t\t\t<\/div>\n\t\t\t\t<\/div>\n\t\t\t\t<div class=\"elementor-element elementor-element-b9d6a4a elementor-widget elementor-widget-heading\" data-id=\"b9d6a4a\" data-element_type=\"widget\" data-widget_type=\"heading.default\">\n\t\t\t\t<div class=\"elementor-widget-container\">\n\t\t\t<h2 class=\"elementor-heading-title elementor-size-default\">Credenciamento e Recredenciamento de Disciplina<\/h2>\t\t<\/div>\n\t\t\t\t<\/div>\n\t\t\t\t<div class=\"elementor-element elementor-element-4f4542ad elementor-widget elementor-widget-text-editor\" data-id=\"4f4542ad\" data-element_type=\"widget\" data-widget_type=\"text-editor.default\">\n\t\t\t\t<div class=\"elementor-widget-container\">\n\t\t\t\t\t\t\t<p><a href=\"http:\/\/www.fcf.usp.br\/pos-graduacao\/pagina.php?menu=204&amp;pagina=1101\" target=\"_blank\" rel=\"noopener\">Credenciamento e Recredenciamento de Disciplina<\/a><\/p><p>\u00a0<\/p><p>\u00a0<\/p><p>RESOLU\u00c7\u00c3O N\u00ba 7493, DE 27 DE MAR\u00c7O DE 2018\u00a0<\/p><p>\u00a0<\/p><p>Trecho do Regimento de P\u00f3s-Gradua\u00e7\u00e3o\/USP Se\u00e7\u00e3o I Das Disciplinas\u00a0<\/p><p>\u00a0<\/p><p><b>Artigo 62<\/b> \u2013 As disciplinas que comp\u00f5em o elenco inicial de cada Programa ou \u00e1rea de concentra\u00e7\u00e3o devem ser propostas pela CCP \u00e0 respectiva CPG para an\u00e1lise e delibera\u00e7\u00e3o da CaC do CoPGr.\u00a0<\/p><p>1\u00ba \u2013 As CPGs e o CoPGr poder\u00e3o propor disciplinas, sob sua coordena\u00e7\u00e3o, para delibera\u00e7\u00e3o da CaC do CoPGr.\u00a0<\/p><p>2\u00ba \u2013 A inclus\u00e3o, exclus\u00e3o ou reformula\u00e7\u00e3o de disciplinas que comp\u00f5em o elenco de cada Programa devem ser propostas pela CCP para an\u00e1lise e delibera\u00e7\u00e3o da CPG.<\/p><p>3\u00ba \u2013 Quando julgar necess\u00e1rio, o CoPGr poder\u00e1 estabelecer que as prerrogativas do \u00a7 1\u00ba sejam tamb\u00e9m analisadas por sua C\u00e2mara Curricular.<\/p><p>4\u00ba \u2013 Poder\u00e3o ser ministradas disciplinas em ingl\u00eas ou outros idiomas, presenciais ou n\u00e3o, no pa\u00eds ou no exterior, por proposta da CCP e aprovada pela CPG.<\/p><p>5\u00ba \u2013 As propostas de cria\u00e7\u00e3o de disciplinas n\u00e3o presenciais, devidamente acompanhadas de parecer de m\u00e9rito, dever\u00e3o atender crit\u00e9rios indicados pela CaC.\u00a0<\/p><p>\u00a0<\/p><p><b>Artigo 63<\/b> \u2013 Para an\u00e1lise das solicita\u00e7\u00f5es de credenciamento de disciplinas, a CCP deve designar um relator, cujo parecer ressalte o m\u00e9rito e a import\u00e2ncia da disciplina junto ao Programa ou \u00e1rea de concentra\u00e7\u00e3o, bem como a compet\u00eancia espec\u00edfica dos professores respons\u00e1veis pela mesma.\u00a0<\/p><p>1\u00ba \u2013 A carga hor\u00e1ria semanal da disciplina fica limitada a dois cr\u00e9ditos por semana (trinta horas).\u00a0<\/p><p>2\u00ba \u2013 O n\u00famero m\u00e1ximo de cr\u00e9ditos por disciplina n\u00e3o poder\u00e1 exceder o total de 15 cr\u00e9ditos.\u00a0<\/p><p>\u00a0<\/p><p><b>Artigo 64<\/b> \u2013 Cada disciplina pode ter at\u00e9 seis professores respons\u00e1veis, portadores do t\u00edtulo de Doutor, propostos pela CCP e aprovados pela CPG.\u00a0<\/p><p>1\u00ba \u2013 Em casos excepcionais, quando previsto em seu Regulamento, a CCP poder\u00e1 propor, mediante justificativa circunstanciada, o credenciamento como respons\u00e1vel por disciplina, de docente externo \u00e0 USP n\u00e3o portador do t\u00edtulo de doutor com reconhecida forma\u00e7\u00e3o acad\u00eamica, comprovada mediante t\u00edtulos, trabalhos e publica\u00e7\u00f5es. A proposta dever\u00e1 ser aprovada por maioria da CPG e da CaC e, por maioria absoluta, pela Congrega\u00e7\u00e3o e pelo CoPGr.<\/p><p>2\u00ba \u2013 Poder\u00e3o ser propostos, pela CCP, colaboradores para ministrar partes espec\u00edficas da disciplina.\u00a0<\/p><p>\u00a0<\/p><p><b>Artigo 65<\/b> \u2013 A cada cinco anos, os Programas e suas \u00e1reas de concentra\u00e7\u00e3o dever\u00e3o apresentar o conjunto atualizado de suas disciplinas \u00e0 CPG para fins de recredenciamento.\u00a0<\/p><p>\u00a0<\/p><p>\u00a0<\/p><p>Acesso \u00e0 <a href=\"http:\/\/www.leginf.usp.br\/?resolucao=resolucao-no-7493-de-27-de-marco-de-2018\" target=\"_blank\" rel=\"noopener\">fonte<\/a><span style=\"color: var( --e-global-color-text );\">\u00a0<\/span><\/p>\t\t\t\t\t\t<\/div>\n\t\t\t\t<\/div>\n\t\t\t\t\t<\/div>\n\t\t<\/div>\n\t\t\t\t\t<\/div>\n\t\t<\/section>\n\t\t\t\t<section class=\"elementor-section elementor-top-section elementor-element elementor-element-ebfa912 elementor-section-boxed elementor-section-height-default elementor-section-height-default\" data-id=\"ebfa912\" data-element_type=\"section\">\n\t\t\t\t\t\t<div class=\"elementor-container elementor-column-gap-default\">\n\t\t\t\t\t<div class=\"elementor-column elementor-col-100 elementor-top-column elementor-element elementor-element-2965a50\" data-id=\"2965a50\" data-element_type=\"column\">\n\t\t\t<div class=\"elementor-widget-wrap elementor-element-populated\">\n\t\t\t\t\t\t<div class=\"elementor-element elementor-element-f131583 elementor-widget elementor-widget-spacer\" data-id=\"f131583\" data-element_type=\"widget\" data-widget_type=\"spacer.default\">\n\t\t\t\t<div class=\"elementor-widget-container\">\n\t\t\t\t\t<div class=\"elementor-spacer\">\n\t\t\t<div class=\"elementor-spacer-inner\"><\/div>\n\t\t<\/div>\n\t\t\t\t<\/div>\n\t\t\t\t<\/div>\n\t\t\t\t\t<\/div>\n\t\t<\/div>\n\t\t\t\t\t<\/div>\n\t\t<\/section>\n\t\t\t\t<\/div>\n\t\t","protected":false},"excerpt":{"rendered":"<p>Credenciamento e Recredenciamento de Disciplina Credenciamento e Recredenciamento de Disciplina RESOLU\u00c7\u00c3O N\u00ba 7493, DE 27 DE MAR\u00c7O DE 2018 Trecho&#46;&#46;&#46;<\/p>\n","protected":false},"author":23435,"featured_media":0,"parent":0,"menu_order":0,"comment_status":"closed","ping_status":"closed","template":"elementor_header_footer","meta":{"footnotes":"","_links_to":"","_links_to_target":""},"class_list":["post-215","page","type-page","status-publish","hentry"],"_links":{"self":[{"href":"https:\/\/sites.usp.br\/fft\/wp-json\/wp\/v2\/pages\/215","targetHints":{"allow":["GET"]}}],"collection":[{"href":"https:\/\/sites.usp.br\/fft\/wp-json\/wp\/v2\/pages"}],"about":[{"href":"https:\/\/sites.usp.br\/fft\/wp-json\/wp\/v2\/types\/page"}],"author":[{"embeddable":true,"href":"https:\/\/sites.usp.br\/fft\/wp-json\/wp\/v2\/users\/23435"}],"replies":[{"embeddable":true,"href":"https:\/\/sites.usp.br\/fft\/wp-json\/wp\/v2\/comments?post=215"}],"version-history":[{"count":4,"href":"https:\/\/sites.usp.br\/fft\/wp-json\/wp\/v2\/pages\/215\/revisions"}],"predecessor-version":[{"id":1633,"href":"https:\/\/sites.usp.br\/fft\/wp-json\/wp\/v2\/pages\/215\/revisions\/1633"}],"wp:attachment":[{"href":"https:\/\/sites.usp.br\/fft\/wp-json\/wp\/v2\/media?parent=215"}],"curies":[{"name":"wp","href":"https:\/\/api.w.org\/{rel}","templated":true}]}}