{"id":234,"date":"2023-02-07T18:09:08","date_gmt":"2023-02-07T20:09:08","guid":{"rendered":"https:\/\/sites.usp.br\/fft\/?page_id=234"},"modified":"2023-03-09T17:43:00","modified_gmt":"2023-03-09T19:43:00","slug":"edital","status":"publish","type":"page","link":"https:\/\/sites.usp.br\/fft\/edital\/","title":{"rendered":"Edital"},"content":{"rendered":"\t\t<div data-elementor-type=\"wp-page\" data-elementor-id=\"234\" class=\"elementor elementor-234\" data-elementor-post-type=\"page\">\n\t\t\t\t\t\t<section class=\"elementor-section elementor-top-section elementor-element elementor-element-2f58740e elementor-section-boxed elementor-section-height-default elementor-section-height-default\" data-id=\"2f58740e\" data-element_type=\"section\">\n\t\t\t\t\t\t<div class=\"elementor-container elementor-column-gap-default\">\n\t\t\t\t\t<div class=\"elementor-column elementor-col-100 elementor-top-column elementor-element elementor-element-1f9cc69a\" data-id=\"1f9cc69a\" data-element_type=\"column\">\n\t\t\t<div class=\"elementor-widget-wrap elementor-element-populated\">\n\t\t\t\t\t\t<div class=\"elementor-element elementor-element-3ffb7b9 elementor-widget elementor-widget-spacer\" data-id=\"3ffb7b9\" data-element_type=\"widget\" data-widget_type=\"spacer.default\">\n\t\t\t\t<div class=\"elementor-widget-container\">\n\t\t\t\t\t<div class=\"elementor-spacer\">\n\t\t\t<div class=\"elementor-spacer-inner\"><\/div>\n\t\t<\/div>\n\t\t\t\t<\/div>\n\t\t\t\t<\/div>\n\t\t\t\t<div class=\"elementor-element elementor-element-4850e10 elementor-widget elementor-widget-heading\" data-id=\"4850e10\" data-element_type=\"widget\" data-widget_type=\"heading.default\">\n\t\t\t\t<div class=\"elementor-widget-container\">\n\t\t\t<h2 class=\"elementor-heading-title elementor-size-default\">Edital<\/h2>\t\t<\/div>\n\t\t\t\t<\/div>\n\t\t\t\t<div class=\"elementor-element elementor-element-64e59fde elementor-widget elementor-widget-text-editor\" data-id=\"64e59fde\" data-element_type=\"widget\" data-widget_type=\"text-editor.default\">\n\t\t\t\t<div class=\"elementor-widget-container\">\n\t\t\t\t\t\t\t<p><span style=\"color: var( --e-global-color-text );\">PROCESSO SELETIVO (MESTRADO E DOUTORADO)<\/span><\/p><p><span style=\"color: var( --e-global-color-text );\">\u00a0<\/span><\/p><p><a href=\"http:\/\/www.fcf.usp.br\/arquivos\/02012023-120219.pdf\">EDITAL DE ABERTURA DE PROCESSO SELETIVO<\/a>, publicado no D.O.E. do dia 21\/12\/2022 &#8211; p\u00e1gs. 114 e 115<\/p><p><a href=\"http:\/\/www.fcf.usp.br\/arquivos\/31012023-155254.pdf\" target=\"_blank\" rel=\"noopener\">EDITAL DE ABERTURA DE PROCESSO SELETIVO (PDF)\u00a0<\/a><\/p><p><a href=\"http:\/\/www.fcf.usp.br\/arquivos\/08082022-085252.pdf\" target=\"_blank\" rel=\"noopener\"><b><br \/><\/b><\/a>Processo Seletivo 2023\u00a0<\/p><p>Per\u00edodo das inscri\u00e7\u00f5es: 09 de janeiro a 30 de junho de 2023<\/p><p>\u00a0<\/p><p>Considerando as limita\u00e7\u00f5es de mobilidade devido \u00e0 pandemia de Covid-19, excepcionalmente, a Secretaria do Programa de P\u00f3s-Gradua\u00e7\u00e3o em Farm\u00e1cia (Fisiopatologia e Toxicologia) da Faculdade de Ci\u00eancias Farmac\u00eauticas da Universidade de S\u00e3o Paulo efetuar\u00e1 as inscri\u00e7\u00f5es em processo seletivo dos candidatos\u00a0de forma\u00a0n\u00e3o presencial\u00a0por e-mail (<strong>pgac@usp.br<\/strong>), desde que sejam respeitados os prazos sinalizados no edital de processo seletivo, bem como o envio de toda documenta\u00e7\u00e3o em formato PDF Leg\u00edvel, inclusive com as respectivas assinaturas nos documentos.<\/p><p>\u00a0<\/p><p>O candidato, caso seja aprovado no processo seletivo, se compromete a entregar, na secretaria, os documentos impressos de igual teor aos enviados em sua inscri\u00e7\u00e3o por e-mail, em data a ser comunicada posteriormente pela Secretaria do Programa de P\u00f3s-Gradua\u00e7\u00e3o em Farm\u00e1cia (Fisiopatologia e Toxicologia) da FCF\/USP, ap\u00f3s o retorno das atividades presenciais na FCF\/USP.<\/p>\t\t\t\t\t\t<\/div>\n\t\t\t\t<\/div>\n\t\t\t\t\t<\/div>\n\t\t<\/div>\n\t\t\t\t\t<\/div>\n\t\t<\/section>\n\t\t\t\t<section class=\"elementor-section elementor-top-section elementor-element elementor-element-5acc458 elementor-section-boxed elementor-section-height-default elementor-section-height-default\" data-id=\"5acc458\" data-element_type=\"section\">\n\t\t\t\t\t\t<div class=\"elementor-container elementor-column-gap-default\">\n\t\t\t\t\t<div class=\"elementor-column elementor-col-100 elementor-top-column elementor-element elementor-element-f828d00\" data-id=\"f828d00\" data-element_type=\"column\">\n\t\t\t<div class=\"elementor-widget-wrap elementor-element-populated\">\n\t\t\t\t\t\t<div class=\"elementor-element elementor-element-e50ea27 elementor-widget elementor-widget-spacer\" data-id=\"e50ea27\" data-element_type=\"widget\" data-widget_type=\"spacer.default\">\n\t\t\t\t<div class=\"elementor-widget-container\">\n\t\t\t\t\t<div class=\"elementor-spacer\">\n\t\t\t<div class=\"elementor-spacer-inner\"><\/div>\n\t\t<\/div>\n\t\t\t\t<\/div>\n\t\t\t\t<\/div>\n\t\t\t\t\t<\/div>\n\t\t<\/div>\n\t\t\t\t\t<\/div>\n\t\t<\/section>\n\t\t\t\t<\/div>\n\t\t","protected":false},"excerpt":{"rendered":"<p>Edital PROCESSO SELETIVO (MESTRADO E DOUTORADO) \u00a0 EDITAL DE ABERTURA DE PROCESSO SELETIVO, publicado no D.O.E. do dia 21\/12\/2022 &#8211;&#46;&#46;&#46;<\/p>\n","protected":false},"author":23435,"featured_media":0,"parent":0,"menu_order":0,"comment_status":"closed","ping_status":"closed","template":"elementor_header_footer","meta":{"footnotes":"","_links_to":"","_links_to_target":""},"class_list":["post-234","page","type-page","status-publish","hentry"],"_links":{"self":[{"href":"https:\/\/sites.usp.br\/fft\/wp-json\/wp\/v2\/pages\/234","targetHints":{"allow":["GET"]}}],"collection":[{"href":"https:\/\/sites.usp.br\/fft\/wp-json\/wp\/v2\/pages"}],"about":[{"href":"https:\/\/sites.usp.br\/fft\/wp-json\/wp\/v2\/types\/page"}],"author":[{"embeddable":true,"href":"https:\/\/sites.usp.br\/fft\/wp-json\/wp\/v2\/users\/23435"}],"replies":[{"embeddable":true,"href":"https:\/\/sites.usp.br\/fft\/wp-json\/wp\/v2\/comments?post=234"}],"version-history":[{"count":4,"href":"https:\/\/sites.usp.br\/fft\/wp-json\/wp\/v2\/pages\/234\/revisions"}],"predecessor-version":[{"id":1359,"href":"https:\/\/sites.usp.br\/fft\/wp-json\/wp\/v2\/pages\/234\/revisions\/1359"}],"wp:attachment":[{"href":"https:\/\/sites.usp.br\/fft\/wp-json\/wp\/v2\/media?parent=234"}],"curies":[{"name":"wp","href":"https:\/\/api.w.org\/{rel}","templated":true}]}}