{"id":240,"date":"2023-02-07T18:11:03","date_gmt":"2023-02-07T20:11:03","guid":{"rendered":"https:\/\/sites.usp.br\/fft\/?page_id=240"},"modified":"2023-03-14T08:49:25","modified_gmt":"2023-03-14T10:49:25","slug":"inscricao-online","status":"publish","type":"page","link":"https:\/\/sites.usp.br\/fft\/inscricao-online\/","title":{"rendered":"Inscri\u00e7\u00e3o Online"},"content":{"rendered":"\t\t<div data-elementor-type=\"wp-page\" data-elementor-id=\"240\" class=\"elementor elementor-240\" data-elementor-post-type=\"page\">\n\t\t\t\t\t\t<section class=\"elementor-section elementor-top-section elementor-element elementor-element-6db43f64 elementor-section-boxed elementor-section-height-default elementor-section-height-default\" data-id=\"6db43f64\" data-element_type=\"section\">\n\t\t\t\t\t\t<div class=\"elementor-container elementor-column-gap-default\">\n\t\t\t\t\t<div class=\"elementor-column elementor-col-100 elementor-top-column elementor-element elementor-element-30b40c8c\" data-id=\"30b40c8c\" data-element_type=\"column\">\n\t\t\t<div class=\"elementor-widget-wrap elementor-element-populated\">\n\t\t\t\t\t\t<div class=\"elementor-element elementor-element-941f524 elementor-widget elementor-widget-spacer\" data-id=\"941f524\" data-element_type=\"widget\" data-widget_type=\"spacer.default\">\n\t\t\t\t<div class=\"elementor-widget-container\">\n\t\t\t\t\t<div class=\"elementor-spacer\">\n\t\t\t<div class=\"elementor-spacer-inner\"><\/div>\n\t\t<\/div>\n\t\t\t\t<\/div>\n\t\t\t\t<\/div>\n\t\t\t\t<div class=\"elementor-element elementor-element-9ce08e2 elementor-widget elementor-widget-heading\" data-id=\"9ce08e2\" data-element_type=\"widget\" data-widget_type=\"heading.default\">\n\t\t\t\t<div class=\"elementor-widget-container\">\n\t\t\t<h2 class=\"elementor-heading-title elementor-size-default\">Inscri\u00e7\u00e3o Online<\/h2>\t\t<\/div>\n\t\t\t\t<\/div>\n\t\t\t\t<div class=\"elementor-element elementor-element-4e06e31c elementor-widget elementor-widget-text-editor\" data-id=\"4e06e31c\" data-element_type=\"widget\" data-widget_type=\"text-editor.default\">\n\t\t\t\t<div class=\"elementor-widget-container\">\n\t\t\t\t\t\t\t<p><span style=\"color: var( --e-global-color-text );\">INGRESSO NOS PROGRAMAS DE P\u00d3S-GRADUA\u00c7\u00c3O DA FCF USP<\/span><\/p><p>Como se inscrever:<\/p><p><span style=\"color: var( --e-global-color-text );\">\u00a0<\/span><\/p><p><span style=\"color: var( --e-global-color-text );\">Consulte as regras dos editais de cada Programa dispon\u00edveis em Mais Informa\u00e7\u00f5es, abaixo.<\/span><\/p><p>A inscri\u00e7\u00e3o dever\u00e1 ser feita exclusivamente por e-mail. Todos os documentos solicitados para a inscri\u00e7\u00e3o dever\u00e3o ser digitalizados no formato PDF, estar devidamente assinados e serem encaminhados em um \u00fanico e-mail para o endere\u00e7o de inscri\u00e7\u00e3o do respectivo programa escolhido, observando as seguintes orienta\u00e7\u00f5es:<\/p><p>1. Documentos de inscri\u00e7\u00e3o encaminhados de forma fragmentada em diversos e-mails n\u00e3o ser\u00e3o considerados, portanto, certifique-se de que voc\u00ea j\u00e1 reuniu todos os documentos antes de encaminhar a sua inscri\u00e7\u00e3o.<\/p><p>2. Certifique-se de que os documentos digitalizados estejam leg\u00edveis. Evite tirar fotos, preferindo o uso de scanner ou aplicativos pr\u00f3prios para digitaliza\u00e7\u00e3o de documentos. Lembre-se de que todos os documentos ser\u00e3o avaliados pela Secretaria do Programa. Os documentos n\u00e3o precisam ter resolu\u00e7\u00e3o alta mas cuidado com documentos digitalizados de forma invertida, em formatos incomuns ou ileg\u00edveis, pois sua avalia\u00e7\u00e3o poder\u00e1 ser comprometida.<\/p><p>3. Nomeie e numere seus arquivos na ordem em que aparecem na lista de documentos solicitados no edital de abertura do processo seletivo do programa escolhido.<\/p><ul><li><a href=\"http:\/\/www.fcf.usp.br\/arquivos\/21122022-125108.docx\" target=\"_blank\" rel=\"noopener\">Requerimento de Inscri\u00e7\u00e3o no Processo Seletivo<\/a><\/li><li><a href=\"http:\/\/www.fcf.usp.br\/arquivos\/21122022-125102.doc\" target=\"_blank\" rel=\"noopener\">Aceite do Orientador<\/a><\/li><li><a href=\"http:\/\/www.fcf.usp.br\/pos-graduacao\/pagina.php?menu=93&amp;pagina=698\" target=\"_blank\" rel=\"noopener\">Primeira Matr\u00edcula<\/a><\/li><li><a href=\"http:\/\/www.fcf.usp.br\/arquivos\/21122022-125055.doc\" target=\"_blank\" rel=\"noopener\">Equival\u00eancia de T\u00edtulo<\/a><\/li><\/ul><p>Observa\u00e7\u00e3o:\u00a0<\/p><p>A partir do m\u00eas de juho de 2023 a inscri\u00e7\u00e3o ser\u00e1 online pelo <a href=\"http:\/\/veradata.com.br\/projetos\/siad-fcf\/\">Sistema Integrado de Acompanhamento Discente &#8211; SIAD<\/a>.<\/p>\t\t\t\t\t\t<\/div>\n\t\t\t\t<\/div>\n\t\t\t\t\t<\/div>\n\t\t<\/div>\n\t\t\t\t\t<\/div>\n\t\t<\/section>\n\t\t\t\t<section class=\"elementor-section elementor-top-section elementor-element elementor-element-e6b8f70 elementor-section-boxed elementor-section-height-default elementor-section-height-default\" data-id=\"e6b8f70\" data-element_type=\"section\">\n\t\t\t\t\t\t<div class=\"elementor-container elementor-column-gap-default\">\n\t\t\t\t\t<div class=\"elementor-column elementor-col-100 elementor-top-column elementor-element elementor-element-1c32d00\" data-id=\"1c32d00\" data-element_type=\"column\">\n\t\t\t<div class=\"elementor-widget-wrap elementor-element-populated\">\n\t\t\t\t\t\t<div class=\"elementor-element elementor-element-f6d6b18 elementor-widget elementor-widget-spacer\" data-id=\"f6d6b18\" data-element_type=\"widget\" data-widget_type=\"spacer.default\">\n\t\t\t\t<div class=\"elementor-widget-container\">\n\t\t\t\t\t<div class=\"elementor-spacer\">\n\t\t\t<div class=\"elementor-spacer-inner\"><\/div>\n\t\t<\/div>\n\t\t\t\t<\/div>\n\t\t\t\t<\/div>\n\t\t\t\t\t<\/div>\n\t\t<\/div>\n\t\t\t\t\t<\/div>\n\t\t<\/section>\n\t\t\t\t<\/div>\n\t\t","protected":false},"excerpt":{"rendered":"<p>Inscri\u00e7\u00e3o Online INGRESSO NOS PROGRAMAS DE P\u00d3S-GRADUA\u00c7\u00c3O DA FCF USP Como se inscrever: \u00a0 Consulte as regras dos editais de&#46;&#46;&#46;<\/p>\n","protected":false},"author":23435,"featured_media":0,"parent":0,"menu_order":0,"comment_status":"closed","ping_status":"closed","template":"elementor_header_footer","meta":{"footnotes":"","_links_to":"","_links_to_target":""},"class_list":["post-240","page","type-page","status-publish","hentry"],"_links":{"self":[{"href":"https:\/\/sites.usp.br\/fft\/wp-json\/wp\/v2\/pages\/240","targetHints":{"allow":["GET"]}}],"collection":[{"href":"https:\/\/sites.usp.br\/fft\/wp-json\/wp\/v2\/pages"}],"about":[{"href":"https:\/\/sites.usp.br\/fft\/wp-json\/wp\/v2\/types\/page"}],"author":[{"embeddable":true,"href":"https:\/\/sites.usp.br\/fft\/wp-json\/wp\/v2\/users\/23435"}],"replies":[{"embeddable":true,"href":"https:\/\/sites.usp.br\/fft\/wp-json\/wp\/v2\/comments?post=240"}],"version-history":[{"count":4,"href":"https:\/\/sites.usp.br\/fft\/wp-json\/wp\/v2\/pages\/240\/revisions"}],"predecessor-version":[{"id":1823,"href":"https:\/\/sites.usp.br\/fft\/wp-json\/wp\/v2\/pages\/240\/revisions\/1823"}],"wp:attachment":[{"href":"https:\/\/sites.usp.br\/fft\/wp-json\/wp\/v2\/media?parent=240"}],"curies":[{"name":"wp","href":"https:\/\/api.w.org\/{rel}","templated":true}]}}