{"id":246,"date":"2023-02-07T18:16:03","date_gmt":"2023-02-07T20:16:03","guid":{"rendered":"https:\/\/sites.usp.br\/fft\/?page_id=246"},"modified":"2023-03-09T17:54:20","modified_gmt":"2023-03-09T19:54:20","slug":"como-solicitar-criar-e-mail-usp","status":"publish","type":"page","link":"https:\/\/sites.usp.br\/fft\/como-solicitar-criar-e-mail-usp\/","title":{"rendered":"Como solicitar (criar) e-mail USP"},"content":{"rendered":"\t\t<div data-elementor-type=\"wp-page\" data-elementor-id=\"246\" class=\"elementor elementor-246\" data-elementor-post-type=\"page\">\n\t\t\t\t\t\t<section class=\"elementor-section elementor-top-section elementor-element elementor-element-41a2ef08 elementor-section-boxed elementor-section-height-default elementor-section-height-default\" data-id=\"41a2ef08\" data-element_type=\"section\">\n\t\t\t\t\t\t<div class=\"elementor-container elementor-column-gap-default\">\n\t\t\t\t\t<div class=\"elementor-column elementor-col-100 elementor-top-column elementor-element elementor-element-7dbf6965\" data-id=\"7dbf6965\" data-element_type=\"column\">\n\t\t\t<div class=\"elementor-widget-wrap elementor-element-populated\">\n\t\t\t\t\t\t<div class=\"elementor-element elementor-element-4acc23d elementor-widget elementor-widget-spacer\" data-id=\"4acc23d\" data-element_type=\"widget\" data-widget_type=\"spacer.default\">\n\t\t\t\t<div class=\"elementor-widget-container\">\n\t\t\t\t\t<div class=\"elementor-spacer\">\n\t\t\t<div class=\"elementor-spacer-inner\"><\/div>\n\t\t<\/div>\n\t\t\t\t<\/div>\n\t\t\t\t<\/div>\n\t\t\t\t<div class=\"elementor-element elementor-element-d11da95 elementor-widget elementor-widget-heading\" data-id=\"d11da95\" data-element_type=\"widget\" data-widget_type=\"heading.default\">\n\t\t\t\t<div class=\"elementor-widget-container\">\n\t\t\t<h2 class=\"elementor-heading-title elementor-size-default\">Como solicitar (criar) um e-mail USP<\/h2>\t\t<\/div>\n\t\t\t\t<\/div>\n\t\t\t\t<div class=\"elementor-element elementor-element-711aa14a elementor-widget elementor-widget-text-editor\" data-id=\"711aa14a\" data-element_type=\"widget\" data-widget_type=\"text-editor.default\">\n\t\t\t\t<div class=\"elementor-widget-container\">\n\t\t\t\t\t\t\t<p>1) Acessar o Portal ID USP em&nbsp;<a href=\"https:\/\/id.usp.br\/\" target=\"_blank\" rel=\"noopener\">id.usp.br<\/a><span style=\"color: var( --e-global-color-text );\">&nbsp;e clicar em&nbsp;<\/span><strong style=\"color: var( --e-global-color-text );\">Entrar<\/strong><\/p>\n<p><strong style=\"color: var( --e-global-color-text );\"><br><\/strong><\/p>\n<p>2) Informar o seu&nbsp;<strong>N\u00famero USP<\/strong>&nbsp;e a sua&nbsp;<strong>senha \u00fanica<\/strong>&nbsp;e clicar em&nbsp;<strong>Entrar<\/strong><\/p>\n<p><strong><br><\/strong><\/p>\n<p>3) No menu esquerdo clicar em&nbsp;<strong>Solicitar e-mail&nbsp;<\/strong><\/p>\n<p><br><\/p>\n<p><\/p>\t\t\t\t\t\t<\/div>\n\t\t\t\t<\/div>\n\t\t\t\t\t<\/div>\n\t\t<\/div>\n\t\t\t\t\t<\/div>\n\t\t<\/section>\n\t\t\t\t<section class=\"elementor-section elementor-top-section elementor-element elementor-element-023da01 elementor-section-boxed elementor-section-height-default elementor-section-height-default\" data-id=\"023da01\" data-element_type=\"section\">\n\t\t\t\t\t\t<div class=\"elementor-container elementor-column-gap-default\">\n\t\t\t\t\t<div class=\"elementor-column elementor-col-33 elementor-top-column elementor-element elementor-element-4e8e924\" data-id=\"4e8e924\" data-element_type=\"column\">\n\t\t\t<div class=\"elementor-widget-wrap\">\n\t\t\t\t\t\t\t<\/div>\n\t\t<\/div>\n\t\t\t\t<div class=\"elementor-column elementor-col-33 elementor-top-column elementor-element elementor-element-793794b\" data-id=\"793794b\" data-element_type=\"column\">\n\t\t\t<div class=\"elementor-widget-wrap elementor-element-populated\">\n\t\t\t\t\t\t<div class=\"elementor-element elementor-element-591e9fc elementor-widget elementor-widget-image\" data-id=\"591e9fc\" data-element_type=\"widget\" data-widget_type=\"image.default\">\n\t\t\t\t<div class=\"elementor-widget-container\">\n\t\t\t\t\t\t\t\t\t\t\t\t\t<img fetchpriority=\"high\" decoding=\"async\" width=\"720\" height=\"378\" src=\"https:\/\/sites.usp.br\/fft\/wp-content\/uploads\/sites\/1251\/2023\/03\/Captura-de-tela-2023-03-01-191024.png\" class=\"attachment-large size-large wp-image-617\" alt=\"\" srcset=\"https:\/\/sites.usp.br\/fft\/wp-content\/uploads\/sites\/1251\/2023\/03\/Captura-de-tela-2023-03-01-191024.png 951w, https:\/\/sites.usp.br\/fft\/wp-content\/uploads\/sites\/1251\/2023\/03\/Captura-de-tela-2023-03-01-191024-300x157.png 300w, https:\/\/sites.usp.br\/fft\/wp-content\/uploads\/sites\/1251\/2023\/03\/Captura-de-tela-2023-03-01-191024-768x403.png 768w, https:\/\/sites.usp.br\/fft\/wp-content\/uploads\/sites\/1251\/2023\/03\/Captura-de-tela-2023-03-01-191024-400x210.png 400w\" sizes=\"(max-width: 720px) 100vw, 720px\" \/>\t\t\t\t\t\t\t\t\t\t\t\t\t<\/div>\n\t\t\t\t<\/div>\n\t\t\t\t\t<\/div>\n\t\t<\/div>\n\t\t\t\t<div class=\"elementor-column elementor-col-33 elementor-top-column elementor-element elementor-element-7752c53\" data-id=\"7752c53\" data-element_type=\"column\">\n\t\t\t<div class=\"elementor-widget-wrap\">\n\t\t\t\t\t\t\t<\/div>\n\t\t<\/div>\n\t\t\t\t\t<\/div>\n\t\t<\/section>\n\t\t\t\t<section class=\"elementor-section elementor-top-section elementor-element elementor-element-cfd402c elementor-section-boxed elementor-section-height-default elementor-section-height-default\" data-id=\"cfd402c\" data-element_type=\"section\">\n\t\t\t\t\t\t<div class=\"elementor-container elementor-column-gap-default\">\n\t\t\t\t\t<div class=\"elementor-column elementor-col-100 elementor-top-column elementor-element elementor-element-74010ab\" data-id=\"74010ab\" data-element_type=\"column\">\n\t\t\t<div class=\"elementor-widget-wrap elementor-element-populated\">\n\t\t\t\t\t\t<div class=\"elementor-element elementor-element-16a98fa elementor-widget elementor-widget-spacer\" data-id=\"16a98fa\" data-element_type=\"widget\" data-widget_type=\"spacer.default\">\n\t\t\t\t<div class=\"elementor-widget-container\">\n\t\t\t\t\t<div class=\"elementor-spacer\">\n\t\t\t<div class=\"elementor-spacer-inner\"><\/div>\n\t\t<\/div>\n\t\t\t\t<\/div>\n\t\t\t\t<\/div>\n\t\t\t\t<div class=\"elementor-element elementor-element-d5ec804 elementor-widget elementor-widget-text-editor\" data-id=\"d5ec804\" data-element_type=\"widget\" data-widget_type=\"text-editor.default\">\n\t\t\t\t<div class=\"elementor-widget-container\">\n\t\t\t\t\t\t\t<p><strong>Passo 1<\/strong>: Finalidade de uso escolha a op\u00e7\u00e3o:<\/p><p>\u00a0<\/p><ul><li>E-mail institucional para uso individual (acesso com Senha \u00danica)<\/li><li>clique em Pr\u00f3ximo passo<\/li><\/ul><p>\u00a0<\/p><p>\u00a0<\/p><p>\u00a0<\/p><p><strong>Passo 2<\/strong>: Escolha de e-mail USP<\/p><p>\u00a0<\/p><ul><li>Login \/ Caixa Postal: preencher com o nome da conta que voc\u00ea deseja criar<\/li><li>Dom\u00ednio: o padr\u00e3o \u00e9 @usp.br<\/li><li>V\u00ednculo: \u00e9 identificado baseado no seu v\u00ednculo com a universidade<\/li><li>clicar em Pr\u00f3ximo passo<\/li><\/ul><p>\u00a0<\/p><p>\u00a0<\/p><p><strong>Passo 3<\/strong>: Confirma\u00e7\u00e3o de informa\u00e7\u00f5es<\/p><p>\u00a0<\/p><ul><li>Termos de uso da conta de e-mail USP para uso individual<\/li><li>ap\u00f3s aceitar o termo de uso clicar em Pr\u00f3ximo passo<\/li><\/ul><p>\u00a0<\/p><p>\u00a0<\/p><p><strong>Passo 4<\/strong>: Confirma\u00e7\u00e3o de informa\u00e7\u00f5es<\/p><ul><li>Informa\u00e7\u00f5es de conta de e-mail<\/li><li>N\u00famero USP &#8211; verificar se o seu n\u00famero USP est\u00e1 correto<\/li><li>Novo email USP &#8211; verificar como ser\u00e1 criada a sua conta de e-mail\u00a0 (caso n\u00e3o gostar, clicar em Voltar )<\/li><li>Confirme a Senha \u00danica: digitar a sua senha \u00fanica<\/li><li>clicar em Confirmar e criar a conta<\/li><\/ul><p>\u00a0<\/p><p>\u00a0<\/p><p>Aguardar 30\u00a0 minutos para a cria\u00e7\u00e3o da sua caixa postal e libera\u00e7\u00e3o dos Apps do Gsuite USP<\/p><p>\u00a0<\/p><p>\u00a0<\/p><p>O acesso a caixa postal \u00e9 atrav\u00e9s do site <a href=\"http:\/\/email.usp.br\">http:\/\/email.usp.br<\/a><\/p>\t\t\t\t\t\t<\/div>\n\t\t\t\t<\/div>\n\t\t\t\t<div class=\"elementor-element elementor-element-7f1d54d elementor-widget elementor-widget-spacer\" data-id=\"7f1d54d\" data-element_type=\"widget\" data-widget_type=\"spacer.default\">\n\t\t\t\t<div class=\"elementor-widget-container\">\n\t\t\t\t\t<div class=\"elementor-spacer\">\n\t\t\t<div class=\"elementor-spacer-inner\"><\/div>\n\t\t<\/div>\n\t\t\t\t<\/div>\n\t\t\t\t<\/div>\n\t\t\t\t\t<\/div>\n\t\t<\/div>\n\t\t\t\t\t<\/div>\n\t\t<\/section>\n\t\t\t\t<\/div>\n\t\t","protected":false},"excerpt":{"rendered":"<p>Como solicitar (criar) um e-mail USP 1) Acessar o Portal ID USP em\u00a0id.usp.br\u00a0e clicar em\u00a0Entrar \u00a0 2) Informar o seu\u00a0N\u00famero&#46;&#46;&#46;<\/p>\n","protected":false},"author":23435,"featured_media":0,"parent":0,"menu_order":0,"comment_status":"closed","ping_status":"closed","template":"elementor_header_footer","meta":{"footnotes":"","_links_to":"","_links_to_target":""},"class_list":["post-246","page","type-page","status-publish","hentry"],"_links":{"self":[{"href":"https:\/\/sites.usp.br\/fft\/wp-json\/wp\/v2\/pages\/246","targetHints":{"allow":["GET"]}}],"collection":[{"href":"https:\/\/sites.usp.br\/fft\/wp-json\/wp\/v2\/pages"}],"about":[{"href":"https:\/\/sites.usp.br\/fft\/wp-json\/wp\/v2\/types\/page"}],"author":[{"embeddable":true,"href":"https:\/\/sites.usp.br\/fft\/wp-json\/wp\/v2\/users\/23435"}],"replies":[{"embeddable":true,"href":"https:\/\/sites.usp.br\/fft\/wp-json\/wp\/v2\/comments?post=246"}],"version-history":[{"count":4,"href":"https:\/\/sites.usp.br\/fft\/wp-json\/wp\/v2\/pages\/246\/revisions"}],"predecessor-version":[{"id":1638,"href":"https:\/\/sites.usp.br\/fft\/wp-json\/wp\/v2\/pages\/246\/revisions\/1638"}],"wp:attachment":[{"href":"https:\/\/sites.usp.br\/fft\/wp-json\/wp\/v2\/media?parent=246"}],"curies":[{"name":"wp","href":"https:\/\/api.w.org\/{rel}","templated":true}]}}