{"id":250,"date":"2023-02-07T18:21:46","date_gmt":"2023-02-07T20:21:46","guid":{"rendered":"https:\/\/sites.usp.br\/fft\/?page_id=250"},"modified":"2023-03-09T17:39:40","modified_gmt":"2023-03-09T19:39:40","slug":"disciplinas","status":"publish","type":"page","link":"https:\/\/sites.usp.br\/fft\/disciplinas\/","title":{"rendered":"Disciplinas"},"content":{"rendered":"\t\t<div data-elementor-type=\"wp-page\" data-elementor-id=\"250\" class=\"elementor elementor-250\" data-elementor-post-type=\"page\">\n\t\t\t\t\t\t<section class=\"elementor-section elementor-top-section elementor-element elementor-element-4816d716 elementor-section-boxed elementor-section-height-default elementor-section-height-default\" data-id=\"4816d716\" data-element_type=\"section\">\n\t\t\t\t\t\t<div class=\"elementor-container elementor-column-gap-default\">\n\t\t\t\t\t<div class=\"elementor-column elementor-col-100 elementor-top-column elementor-element elementor-element-393fcf6e\" data-id=\"393fcf6e\" data-element_type=\"column\">\n\t\t\t<div class=\"elementor-widget-wrap elementor-element-populated\">\n\t\t\t\t\t\t<div class=\"elementor-element elementor-element-9f7c8a1 elementor-widget elementor-widget-spacer\" data-id=\"9f7c8a1\" data-element_type=\"widget\" data-widget_type=\"spacer.default\">\n\t\t\t\t<div class=\"elementor-widget-container\">\n\t\t\t\t\t<div class=\"elementor-spacer\">\n\t\t\t<div class=\"elementor-spacer-inner\"><\/div>\n\t\t<\/div>\n\t\t\t\t<\/div>\n\t\t\t\t<\/div>\n\t\t\t\t<div class=\"elementor-element elementor-element-5f231a6 elementor-widget elementor-widget-heading\" data-id=\"5f231a6\" data-element_type=\"widget\" data-widget_type=\"heading.default\">\n\t\t\t\t<div class=\"elementor-widget-container\">\n\t\t\t<h2 class=\"elementor-heading-title elementor-size-default\">Disciplinas Oferecidas<\/h2>\t\t<\/div>\n\t\t\t\t<\/div>\n\t\t\t\t<div class=\"elementor-element elementor-element-12c24d34 elementor-widget elementor-widget-text-editor\" data-id=\"12c24d34\" data-element_type=\"widget\" data-widget_type=\"text-editor.default\">\n\t\t\t\t<div class=\"elementor-widget-container\">\n\t\t\t\t\t\t\t<p><a href=\"https:\/\/uspdigital.usp.br\/janus\/componente\/disciplinasOferecidasInicial.jsf?action=1&amp;tipo=T&amp;codcpg=9\">Disciplinas Oferecidas\u00a0dos Programas de P\u00f3s-Gradua\u00e7\u00e3o da FCF\/USP<\/a><\/p>\t\t\t\t\t\t<\/div>\n\t\t\t\t<\/div>\n\t\t\t\t\t<\/div>\n\t\t<\/div>\n\t\t\t\t\t<\/div>\n\t\t<\/section>\n\t\t\t\t<section class=\"elementor-section elementor-top-section elementor-element elementor-element-0b86659 elementor-section-boxed elementor-section-height-default elementor-section-height-default\" data-id=\"0b86659\" data-element_type=\"section\">\n\t\t\t\t\t\t<div class=\"elementor-container elementor-column-gap-default\">\n\t\t\t\t\t<div class=\"elementor-column elementor-col-100 elementor-top-column elementor-element elementor-element-44aeb62\" data-id=\"44aeb62\" data-element_type=\"column\">\n\t\t\t<div class=\"elementor-widget-wrap elementor-element-populated\">\n\t\t\t\t\t\t<div class=\"elementor-element elementor-element-1df2843 elementor-widget elementor-widget-spacer\" data-id=\"1df2843\" data-element_type=\"widget\" data-widget_type=\"spacer.default\">\n\t\t\t\t<div class=\"elementor-widget-container\">\n\t\t\t\t\t<div class=\"elementor-spacer\">\n\t\t\t<div class=\"elementor-spacer-inner\"><\/div>\n\t\t<\/div>\n\t\t\t\t<\/div>\n\t\t\t\t<\/div>\n\t\t\t\t\t<\/div>\n\t\t<\/div>\n\t\t\t\t\t<\/div>\n\t\t<\/section>\n\t\t\t\t<\/div>\n\t\t","protected":false},"excerpt":{"rendered":"<p>Disciplinas Oferecidas Disciplinas Oferecidas\u00a0dos Programas de P\u00f3s-Gradua\u00e7\u00e3o da FCF\/USP<\/p>\n","protected":false},"author":23435,"featured_media":0,"parent":0,"menu_order":0,"comment_status":"closed","ping_status":"closed","template":"elementor_header_footer","meta":{"footnotes":"","_links_to":"","_links_to_target":""},"class_list":["post-250","page","type-page","status-publish","hentry"],"_links":{"self":[{"href":"https:\/\/sites.usp.br\/fft\/wp-json\/wp\/v2\/pages\/250","targetHints":{"allow":["GET"]}}],"collection":[{"href":"https:\/\/sites.usp.br\/fft\/wp-json\/wp\/v2\/pages"}],"about":[{"href":"https:\/\/sites.usp.br\/fft\/wp-json\/wp\/v2\/types\/page"}],"author":[{"embeddable":true,"href":"https:\/\/sites.usp.br\/fft\/wp-json\/wp\/v2\/users\/23435"}],"replies":[{"embeddable":true,"href":"https:\/\/sites.usp.br\/fft\/wp-json\/wp\/v2\/comments?post=250"}],"version-history":[{"count":4,"href":"https:\/\/sites.usp.br\/fft\/wp-json\/wp\/v2\/pages\/250\/revisions"}],"predecessor-version":[{"id":1353,"href":"https:\/\/sites.usp.br\/fft\/wp-json\/wp\/v2\/pages\/250\/revisions\/1353"}],"wp:attachment":[{"href":"https:\/\/sites.usp.br\/fft\/wp-json\/wp\/v2\/media?parent=250"}],"curies":[{"name":"wp","href":"https:\/\/api.w.org\/{rel}","templated":true}]}}