{"id":291,"date":"2023-02-07T22:35:36","date_gmt":"2023-02-08T00:35:36","guid":{"rendered":"https:\/\/sites.usp.br\/fft\/?page_id=291"},"modified":"2023-03-09T17:38:01","modified_gmt":"2023-03-09T19:38:01","slug":"alunos-especiais","status":"publish","type":"page","link":"https:\/\/sites.usp.br\/fft\/alunos-especiais\/","title":{"rendered":"Alunos Especiais"},"content":{"rendered":"\t\t<div data-elementor-type=\"wp-page\" data-elementor-id=\"291\" class=\"elementor elementor-291\" data-elementor-post-type=\"page\">\n\t\t\t\t\t\t<section class=\"elementor-section elementor-top-section elementor-element elementor-element-6ce5d99a elementor-section-boxed elementor-section-height-default elementor-section-height-default\" data-id=\"6ce5d99a\" data-element_type=\"section\">\n\t\t\t\t\t\t<div class=\"elementor-container elementor-column-gap-default\">\n\t\t\t\t\t<div class=\"elementor-column elementor-col-100 elementor-top-column elementor-element elementor-element-621dfc76\" data-id=\"621dfc76\" data-element_type=\"column\">\n\t\t\t<div class=\"elementor-widget-wrap elementor-element-populated\">\n\t\t\t\t\t\t<div class=\"elementor-element elementor-element-a92abd3 elementor-widget elementor-widget-spacer\" data-id=\"a92abd3\" data-element_type=\"widget\" data-widget_type=\"spacer.default\">\n\t\t\t\t<div class=\"elementor-widget-container\">\n\t\t\t\t\t<div class=\"elementor-spacer\">\n\t\t\t<div class=\"elementor-spacer-inner\"><\/div>\n\t\t<\/div>\n\t\t\t\t<\/div>\n\t\t\t\t<\/div>\n\t\t\t\t<div class=\"elementor-element elementor-element-915b1d2 elementor-widget elementor-widget-heading\" data-id=\"915b1d2\" data-element_type=\"widget\" data-widget_type=\"heading.default\">\n\t\t\t\t<div class=\"elementor-widget-container\">\n\t\t\t<h2 class=\"elementor-heading-title elementor-size-default\">Alunos Especiais<\/h2>\t\t<\/div>\n\t\t\t\t<\/div>\n\t\t\t\t<div class=\"elementor-element elementor-element-79959a6f elementor-widget elementor-widget-text-editor\" data-id=\"79959a6f\" data-element_type=\"widget\" data-widget_type=\"text-editor.default\">\n\t\t\t\t<div class=\"elementor-widget-container\">\n\t\t\t\t\t\t\t<p><a href=\"http:\/\/www.fcf.usp.br\/arquivos\/departamentos\/EMY\/Of.%20100%20-%20Delibera%C3%A7%C3%A3o%20CPG%20-%20Inscri%C3%A7%C3%A3o%20Proc.SeletivoeAlunoEspecial.pdf\">MATR\u00cdCULA DE ALUNO ESPECIAL<\/a><\/p>\n<p>PER\u00cdODO: 21\/02 a 13\/03\/2022<\/p>\n<p><br><\/p>\n<p><\/p>\n<p><strong>Os Alunos Especiais s\u00e3o aqueles matriculados apenas em disciplinas isoladas, sem v\u00ednculo com o Programa de P\u00f3s-Gradua\u00e7\u00e3o em Farm\u00e1cia (Fisiopatologia e Toxicologia) da Faculdade de Ci\u00eancias Farmac\u00eauticas da Universidade de S\u00e3o Paulo.<\/strong><\/p>\n<p><strong><br><\/strong><\/p>\n<p>Antes de entrar com o pedido, verifique no oferecimento da disciplina a disponibilidade de vaga, acessando o&nbsp;<a href=\"http:\/\/www.fcf.usp.br\/departamentos\/subpagina.php?menu=17&amp;pagina=31&amp;subpagina=407&amp;departamento=2\" target=\"_blank\">link<\/a>:<\/p>\n<p><br><\/p>\n<p><\/p>\n<p>1.&nbsp;<strong>No ato da inscri\u00e7\u00e3o<\/strong>, o (a) candidato (a) deve apresentar os seguintes documentos:<\/p>\n<p><br><\/p>\n<p>a) Requerimento de Inscri\u00e7\u00e3o Aluno Especial (devidamente preenchido e assinado)&nbsp;N\u00e3o aceitaremos requerimento feito de pr\u00f3prio punho &#8220;a m\u00e3o&#8221;.<\/p>\n<p><strong><a href=\"http:\/\/www.fcf.usp.br\/arquivos\/departamentos\/EMY\/Req_AlunoEspecial_FFT_16.03.2021.doc\">REQUERIMENTO DE INSCRI\u00c7\u00c3O ALUNO ESPECIAL<\/a><\/strong><\/p>\n<p>b) C\u00e9dula de Identidade \u2013 RG (xerox simples);<\/p>\n<p>c) CPF (xerox simples) e<\/p>\n<p>d) Diploma do Curso de Gradua\u00e7\u00e3o (xerox simples \u2013 frente e verso).<\/p>\n<p><br><\/p>\n<p>1.2.&nbsp;<strong>Local de inscri\u00e7\u00e3o:<\/strong>&nbsp;Considerando as limita\u00e7\u00f5es de mobilidade devido \u00e0 pandemia de Covid-19, excepcionalmente, a Secretaria de P\u00f3s-Gradua\u00e7\u00e3o em Farm\u00e1cia (Fisiopatologia e Toxicologia) da Faculdade de Ci\u00eancias Farmac\u00eauticas da Universidade de S\u00e3o Paulo&nbsp;efetuar\u00e1 as inscri\u00e7\u00f5es para aluno especial de forma&nbsp;n\u00e3o-presencial por meio do e-mail (<strong><a href=\"mailto:pgfarma@usp.br\">pgac@usp.br<\/a><\/strong>), com o envio de toda documenta\u00e7\u00e3o sinalizada no item 1.<\/p>\n<p><br><\/p>\n<p>2.&nbsp;<strong>Taxa de inscri\u00e7\u00e3o:<\/strong>&nbsp;Conforme deliberado na Reuni\u00e3o da Comiss\u00e3o de P\u00f3s-Gradua\u00e7\u00e3o da FCF\/USP, em 11\/09\/2019, n\u00e3o ser\u00e1 cobrada taxa de inscri\u00e7\u00e3o.<\/p>\n<p><br><\/p>\n<p>3.<strong>&nbsp;Processo seletivo:<\/strong><\/p>\n<p>3.1.&nbsp;As inscri\u00e7\u00f5es ser\u00e3o recebidas pela Secretaria&nbsp;de P\u00f3s-Gradua\u00e7\u00e3o em Farm\u00e1cia (Fisiopatologia e Toxicologia) da FCF\/USP, conforme item 1.2 e, encaminhadas \u00e0&nbsp;CCP para aprova\u00e7\u00e3o, ouvido o docente respons\u00e1vel pela disciplina, nos termos do artigo 54 do Regimento de P\u00f3s-Gradua\u00e7\u00e3o;<br>3.2. Podem, a ju\u00edzo da CCP, ser admitidos para matr\u00edcula em disciplinas de P\u00f3s-Gradua\u00e7\u00e3o, na condi\u00e7\u00e3o de alunos especiais, alunos de gradua\u00e7\u00e3o da USP.<\/p>\n<p><br><\/p>\n<p>4.&nbsp;<strong>Matr\u00edcula:&nbsp;<\/strong>Ap\u00f3s aprova\u00e7\u00e3o da CCP&nbsp;a Secretaria do&nbsp;Programa efetuar\u00e1 a matr\u00edcula no Sistema J\u00e2nus.<\/p>\n<p>Obs.: O candidato receber\u00e1 o resultado de seu pedido, por meio do e-mail&nbsp;(<strong><a href=\"mailto:pgfarma@usp.br\">pgac@usp.br<\/a><\/strong>).<\/p>\n<p><br><\/p>\n<p><\/p>\n<p><br><\/p>\t\t\t\t\t\t<\/div>\n\t\t\t\t<\/div>\n\t\t\t\t\t<\/div>\n\t\t<\/div>\n\t\t\t\t\t<\/div>\n\t\t<\/section>\n\t\t\t\t<section class=\"elementor-section elementor-top-section elementor-element elementor-element-800b428 elementor-section-boxed elementor-section-height-default elementor-section-height-default\" data-id=\"800b428\" data-element_type=\"section\">\n\t\t\t\t\t\t<div class=\"elementor-container elementor-column-gap-default\">\n\t\t\t\t\t<div class=\"elementor-column elementor-col-100 elementor-top-column elementor-element elementor-element-53f76f7\" data-id=\"53f76f7\" data-element_type=\"column\">\n\t\t\t<div class=\"elementor-widget-wrap elementor-element-populated\">\n\t\t\t\t\t\t<div class=\"elementor-element elementor-element-2221bd8 elementor-widget elementor-widget-spacer\" data-id=\"2221bd8\" data-element_type=\"widget\" data-widget_type=\"spacer.default\">\n\t\t\t\t<div class=\"elementor-widget-container\">\n\t\t\t\t\t<div class=\"elementor-spacer\">\n\t\t\t<div class=\"elementor-spacer-inner\"><\/div>\n\t\t<\/div>\n\t\t\t\t<\/div>\n\t\t\t\t<\/div>\n\t\t\t\t\t<\/div>\n\t\t<\/div>\n\t\t\t\t\t<\/div>\n\t\t<\/section>\n\t\t\t\t<\/div>\n\t\t","protected":false},"excerpt":{"rendered":"<p>Alunos Especiais MATR\u00cdCULA DE ALUNO ESPECIAL PER\u00cdODO: 21\/02 a 13\/03\/2022 Os Alunos Especiais s\u00e3o aqueles matriculados apenas em disciplinas isoladas,&#46;&#46;&#46;<\/p>\n","protected":false},"author":23435,"featured_media":0,"parent":0,"menu_order":0,"comment_status":"closed","ping_status":"closed","template":"elementor_header_footer","meta":{"footnotes":"","_links_to":"","_links_to_target":""},"class_list":["post-291","page","type-page","status-publish","hentry"],"_links":{"self":[{"href":"https:\/\/sites.usp.br\/fft\/wp-json\/wp\/v2\/pages\/291","targetHints":{"allow":["GET"]}}],"collection":[{"href":"https:\/\/sites.usp.br\/fft\/wp-json\/wp\/v2\/pages"}],"about":[{"href":"https:\/\/sites.usp.br\/fft\/wp-json\/wp\/v2\/types\/page"}],"author":[{"embeddable":true,"href":"https:\/\/sites.usp.br\/fft\/wp-json\/wp\/v2\/users\/23435"}],"replies":[{"embeddable":true,"href":"https:\/\/sites.usp.br\/fft\/wp-json\/wp\/v2\/comments?post=291"}],"version-history":[{"count":5,"href":"https:\/\/sites.usp.br\/fft\/wp-json\/wp\/v2\/pages\/291\/revisions"}],"predecessor-version":[{"id":1609,"href":"https:\/\/sites.usp.br\/fft\/wp-json\/wp\/v2\/pages\/291\/revisions\/1609"}],"wp:attachment":[{"href":"https:\/\/sites.usp.br\/fft\/wp-json\/wp\/v2\/media?parent=291"}],"curies":[{"name":"wp","href":"https:\/\/api.w.org\/{rel}","templated":true}]}}