{"id":295,"date":"2023-02-07T22:37:09","date_gmt":"2023-02-08T00:37:09","guid":{"rendered":"https:\/\/sites.usp.br\/fft\/?page_id=295"},"modified":"2023-03-10T13:18:26","modified_gmt":"2023-03-10T15:18:26","slug":"egressos","status":"publish","type":"page","link":"https:\/\/sites.usp.br\/fft\/egressos\/","title":{"rendered":"Egressos"},"content":{"rendered":"\t\t<div data-elementor-type=\"wp-page\" data-elementor-id=\"295\" class=\"elementor elementor-295\" data-elementor-post-type=\"page\">\n\t\t\t\t\t\t<section class=\"elementor-section elementor-top-section elementor-element elementor-element-1ae18264 elementor-section-boxed elementor-section-height-default elementor-section-height-default\" data-id=\"1ae18264\" data-element_type=\"section\">\n\t\t\t\t\t\t<div class=\"elementor-container elementor-column-gap-default\">\n\t\t\t\t\t<div class=\"elementor-column elementor-col-100 elementor-top-column elementor-element elementor-element-e1c9bdc\" data-id=\"e1c9bdc\" data-element_type=\"column\">\n\t\t\t<div class=\"elementor-widget-wrap elementor-element-populated\">\n\t\t\t\t\t\t<div class=\"elementor-element elementor-element-6907a75 elementor-widget elementor-widget-spacer\" data-id=\"6907a75\" data-element_type=\"widget\" data-widget_type=\"spacer.default\">\n\t\t\t\t<div class=\"elementor-widget-container\">\n\t\t\t\t\t<div class=\"elementor-spacer\">\n\t\t\t<div class=\"elementor-spacer-inner\"><\/div>\n\t\t<\/div>\n\t\t\t\t<\/div>\n\t\t\t\t<\/div>\n\t\t\t\t<div class=\"elementor-element elementor-element-7031b9d elementor-widget elementor-widget-heading\" data-id=\"7031b9d\" data-element_type=\"widget\" data-widget_type=\"heading.default\">\n\t\t\t\t<div class=\"elementor-widget-container\">\n\t\t\t<h2 class=\"elementor-heading-title elementor-size-default\">Egressos<\/h2>\t\t<\/div>\n\t\t\t\t<\/div>\n\t\t\t\t<div class=\"elementor-element elementor-element-25c6a79 elementor-widget elementor-widget-text-editor\" data-id=\"25c6a79\" data-element_type=\"widget\" data-widget_type=\"text-editor.default\">\n\t\t\t\t<div class=\"elementor-widget-container\">\n\t\t\t\t\t\t\t<p><a href=\"http:\/\/www.fcf.usp.br\/arquivos\/20092022-115103.pdf\" target=\"_blank\" rel=\"noopener\">Egressos&nbsp;<\/a><\/p>\n<p>Para avalia\u00e7\u00e3o do Programa de P\u00f3s-Gradua\u00e7\u00e3o em Farm\u00e1cia (Fisiopatologia e Toxicologia) da Faculdade de Ci\u00eancias Farmac\u00eauticas da Universidade de S\u00e3o Paulo junto a CAPES \u00e9 muito importante que o egresso informe em rela\u00e7\u00e3o \u00e0 sua capacita\u00e7\u00e3o profissional e a sua inser\u00e7\u00e3o no mercado de trabalho, avaliando a efic\u00e1cia de sua forma\u00e7\u00e3o profissional.&nbsp;<\/p>\n<p><\/p>\n<p style=\"text-align: justify;\"><br><\/p><p style=\"text-align: justify;\">Fa\u00e7a o seu cadastro aqui<\/p>\n<p style=\"text-align: justify;\">\n<\/p><p style=\"text-align: justify;\"><br><\/p><p style=\"text-align: justify;\">Egressos&nbsp; 2017&nbsp; a 2023 (SP. 10.\/03\/2023)<\/p><p style=\"text-align: justify;\"><span style=\"color: var( --e-global-color-text ); font-family: Nunito, sans-serif; font-size: 17px; font-style: normal; font-variant-ligatures: normal; font-variant-caps: normal; font-weight: 400; text-align: start;\"><br><\/span><\/p><p style=\"text-align: justify;\"><span style=\"color: var( --e-global-color-text ); font-family: Nunito, sans-serif; font-size: 17px; font-style: normal; font-variant-ligatures: normal; font-variant-caps: normal; font-weight: 400; text-align: start;\">Ap\u00f3s a defesa, o aluno n\u00e3o ter\u00e1 mais acesso ao e-mail USP, ou seja, solicitamos que fa\u00e7a o cadastro no portal Alumni USP e pe\u00e7a novo e-mail xxxxxxx@alumi.usp.br.<\/span><br><\/p>\n<p style=\"text-align: justify;\">\n<\/p><p style=\"text-align: justify;\">\n<\/p>\t\t\t\t\t\t<\/div>\n\t\t\t\t<\/div>\n\t\t\t\t<div class=\"elementor-element elementor-element-c73d0d8 elementor-widget elementor-widget-spacer\" data-id=\"c73d0d8\" data-element_type=\"widget\" data-widget_type=\"spacer.default\">\n\t\t\t\t<div class=\"elementor-widget-container\">\n\t\t\t\t\t<div class=\"elementor-spacer\">\n\t\t\t<div class=\"elementor-spacer-inner\"><\/div>\n\t\t<\/div>\n\t\t\t\t<\/div>\n\t\t\t\t<\/div>\n\t\t\t\t<div class=\"elementor-element elementor-element-69215db elementor-widget elementor-widget-text-editor\" data-id=\"69215db\" data-element_type=\"widget\" data-widget_type=\"text-editor.default\">\n\t\t\t\t<div class=\"elementor-widget-container\">\n\t\t\t\t\t\t\t<p>Egressos Portal Alumni<\/p><p>\u00a0<\/p>\t\t\t\t\t\t<\/div>\n\t\t\t\t<\/div>\n\t\t\t\t\t<\/div>\n\t\t<\/div>\n\t\t\t\t\t<\/div>\n\t\t<\/section>\n\t\t\t\t<section class=\"elementor-section elementor-top-section elementor-element elementor-element-aa8bcda elementor-section-boxed elementor-section-height-default elementor-section-height-default\" data-id=\"aa8bcda\" data-element_type=\"section\">\n\t\t\t\t\t\t<div class=\"elementor-container elementor-column-gap-default\">\n\t\t\t\t\t<div class=\"elementor-column elementor-col-50 elementor-top-column elementor-element elementor-element-bc42889\" data-id=\"bc42889\" data-element_type=\"column\">\n\t\t\t<div class=\"elementor-widget-wrap elementor-element-populated\">\n\t\t\t\t\t\t<div class=\"elementor-element elementor-element-6ec9985 elementor-widget elementor-widget-image\" data-id=\"6ec9985\" data-element_type=\"widget\" data-widget_type=\"image.default\">\n\t\t\t\t<div class=\"elementor-widget-container\">\n\t\t\t\t\t\t\t\t\t\t\t\t\t\t<a href=\"https:\/\/www.alumni.usp.br\/\">\n\t\t\t\t\t\t\t<img decoding=\"async\" width=\"275\" height=\"68\" src=\"https:\/\/sites.usp.br\/fft\/wp-content\/uploads\/sites\/1251\/2023\/03\/Alumni-USP.jpg\" class=\"attachment-large size-large wp-image-649\" alt=\"\" \/>\t\t\t\t\t\t\t\t<\/a>\n\t\t\t\t\t\t\t\t\t\t\t\t\t<\/div>\n\t\t\t\t<\/div>\n\t\t\t\t\t<\/div>\n\t\t<\/div>\n\t\t\t\t<div class=\"elementor-column elementor-col-50 elementor-top-column elementor-element elementor-element-1a0c1aa\" data-id=\"1a0c1aa\" data-element_type=\"column\">\n\t\t\t<div class=\"elementor-widget-wrap\">\n\t\t\t\t\t\t\t<\/div>\n\t\t<\/div>\n\t\t\t\t\t<\/div>\n\t\t<\/section>\n\t\t\t\t<section class=\"elementor-section elementor-top-section elementor-element elementor-element-d53f8dc elementor-section-boxed elementor-section-height-default elementor-section-height-default\" data-id=\"d53f8dc\" data-element_type=\"section\">\n\t\t\t\t\t\t<div class=\"elementor-container elementor-column-gap-default\">\n\t\t\t\t\t<div class=\"elementor-column elementor-col-100 elementor-top-column elementor-element elementor-element-3375678\" data-id=\"3375678\" data-element_type=\"column\">\n\t\t\t<div class=\"elementor-widget-wrap elementor-element-populated\">\n\t\t\t\t\t\t<div class=\"elementor-element elementor-element-734ba47 elementor-widget elementor-widget-spacer\" data-id=\"734ba47\" data-element_type=\"widget\" data-widget_type=\"spacer.default\">\n\t\t\t\t<div class=\"elementor-widget-container\">\n\t\t\t\t\t<div class=\"elementor-spacer\">\n\t\t\t<div class=\"elementor-spacer-inner\"><\/div>\n\t\t<\/div>\n\t\t\t\t<\/div>\n\t\t\t\t<\/div>\n\t\t\t\t\t<\/div>\n\t\t<\/div>\n\t\t\t\t\t<\/div>\n\t\t<\/section>\n\t\t\t\t<\/div>\n\t\t","protected":false},"excerpt":{"rendered":"<p>Egressos Egressos&nbsp; Para avalia\u00e7\u00e3o do Programa de P\u00f3s-Gradua\u00e7\u00e3o em Farm\u00e1cia (Fisiopatologia e Toxicologia) da Faculdade de Ci\u00eancias Farmac\u00eauticas da Universidade&#46;&#46;&#46;<\/p>\n","protected":false},"author":23435,"featured_media":0,"parent":0,"menu_order":0,"comment_status":"closed","ping_status":"closed","template":"elementor_header_footer","meta":{"footnotes":"","_links_to":"","_links_to_target":""},"class_list":["post-295","page","type-page","status-publish","hentry"],"_links":{"self":[{"href":"https:\/\/sites.usp.br\/fft\/wp-json\/wp\/v2\/pages\/295","targetHints":{"allow":["GET"]}}],"collection":[{"href":"https:\/\/sites.usp.br\/fft\/wp-json\/wp\/v2\/pages"}],"about":[{"href":"https:\/\/sites.usp.br\/fft\/wp-json\/wp\/v2\/types\/page"}],"author":[{"embeddable":true,"href":"https:\/\/sites.usp.br\/fft\/wp-json\/wp\/v2\/users\/23435"}],"replies":[{"embeddable":true,"href":"https:\/\/sites.usp.br\/fft\/wp-json\/wp\/v2\/comments?post=295"}],"version-history":[{"count":4,"href":"https:\/\/sites.usp.br\/fft\/wp-json\/wp\/v2\/pages\/295\/revisions"}],"predecessor-version":[{"id":1669,"href":"https:\/\/sites.usp.br\/fft\/wp-json\/wp\/v2\/pages\/295\/revisions\/1669"}],"wp:attachment":[{"href":"https:\/\/sites.usp.br\/fft\/wp-json\/wp\/v2\/media?parent=295"}],"curies":[{"name":"wp","href":"https:\/\/api.w.org\/{rel}","templated":true}]}}