{"id":297,"date":"2023-02-07T22:37:40","date_gmt":"2023-02-08T00:37:40","guid":{"rendered":"https:\/\/sites.usp.br\/fft\/?page_id=297"},"modified":"2023-03-10T13:08:30","modified_gmt":"2023-03-10T15:08:30","slug":"teses-defendidas","status":"publish","type":"page","link":"https:\/\/sites.usp.br\/fft\/teses-defendidas\/","title":{"rendered":"Teses Defendidas"},"content":{"rendered":"\t\t<div data-elementor-type=\"wp-page\" data-elementor-id=\"297\" class=\"elementor elementor-297\" data-elementor-post-type=\"page\">\n\t\t\t\t\t\t<section class=\"elementor-section elementor-top-section elementor-element elementor-element-24a4c28c elementor-section-boxed elementor-section-height-default elementor-section-height-default\" data-id=\"24a4c28c\" data-element_type=\"section\">\n\t\t\t\t\t\t<div class=\"elementor-container elementor-column-gap-default\">\n\t\t\t\t\t<div class=\"elementor-column elementor-col-100 elementor-top-column elementor-element elementor-element-446b8fb\" data-id=\"446b8fb\" data-element_type=\"column\">\n\t\t\t<div class=\"elementor-widget-wrap elementor-element-populated\">\n\t\t\t\t\t\t<div class=\"elementor-element elementor-element-0b8811c elementor-widget elementor-widget-spacer\" data-id=\"0b8811c\" data-element_type=\"widget\" data-widget_type=\"spacer.default\">\n\t\t\t\t<div class=\"elementor-widget-container\">\n\t\t\t\t\t<div class=\"elementor-spacer\">\n\t\t\t<div class=\"elementor-spacer-inner\"><\/div>\n\t\t<\/div>\n\t\t\t\t<\/div>\n\t\t\t\t<\/div>\n\t\t\t\t<div class=\"elementor-element elementor-element-a180e33 elementor-widget elementor-widget-heading\" data-id=\"a180e33\" data-element_type=\"widget\" data-widget_type=\"heading.default\">\n\t\t\t\t<div class=\"elementor-widget-container\">\n\t\t\t<h2 class=\"elementor-heading-title elementor-size-default\">Teses defendidas<\/h2>\t\t<\/div>\n\t\t\t\t<\/div>\n\t\t\t\t<div class=\"elementor-element elementor-element-fd18e3d elementor-widget elementor-widget-text-editor\" data-id=\"fd18e3d\" data-element_type=\"widget\" data-widget_type=\"text-editor.default\">\n\t\t\t\t<div class=\"elementor-widget-container\">\n\t\t\t\t\t\t\t<p>Acesse a lista de Disserta\u00e7\u00f5es e Teses defendidas no Programa de P\u00f3s-Gradua\u00e7\u00e3o em Farm\u00e1cia\u00a0(Fisiopatologia e Toxicologia), ap\u00f3s 2005 na Biblioteca Teses USP<\/p>\t\t\t\t\t\t<\/div>\n\t\t\t\t<\/div>\n\t\t\t\t<div class=\"elementor-element elementor-element-1f40eaf elementor-widget elementor-widget-spacer\" data-id=\"1f40eaf\" data-element_type=\"widget\" data-widget_type=\"spacer.default\">\n\t\t\t\t<div class=\"elementor-widget-container\">\n\t\t\t\t\t<div class=\"elementor-spacer\">\n\t\t\t<div class=\"elementor-spacer-inner\"><\/div>\n\t\t<\/div>\n\t\t\t\t<\/div>\n\t\t\t\t<\/div>\n\t\t\t\t<div class=\"elementor-element elementor-element-40f330e4 elementor-widget elementor-widget-text-editor\" data-id=\"40f330e4\" data-element_type=\"widget\" data-widget_type=\"text-editor.default\">\n\t\t\t\t<div class=\"elementor-widget-container\">\n\t\t\t\t\t\t\t<h6><a href=\"https:\/\/teses.usp.br\/index.php?option=com_jumi&amp;fileid=9&amp;Itemid=159&amp;lang=pt-br&amp;id=9136&amp;prog=9003&amp;exp=0\" style=\"font-weight: 600;\"><img fetchpriority=\"high\" decoding=\"async\" src=\"http:\/\/www.fcf.usp.br\/arquivos\/departamentos\/EMY\/Imagens\/teses%20-%20an%C3%A1lises%20cl%C3%ADnicas_1.png\" alt=\"\" width=\"635\" height=\"83\"><\/a><br><\/h6><h6><br><\/h6>\n<h6><a href=\"https:\/\/teses.usp.br\/index.php?option=com_jumi&amp;fileid=9&amp;Itemid=159&amp;lang=pt-br&amp;id=9142&amp;prog=9003&amp;exp=0\"><img decoding=\"async\" src=\"http:\/\/www.fcf.usp.br\/arquivos\/departamentos\/EMY\/Imagens\/teses%20-%20fisiopatologia.png\" alt=\"\" width=\"635\" height=\"83\"><\/a><\/h6><h6><br><\/h6>\n<h6><a href=\"https:\/\/teses.usp.br\/index.php?option=com_jumi&amp;fileid=9&amp;Itemid=159&amp;lang=pt-br&amp;id=9143&amp;prog=9003&amp;exp=0\"><img decoding=\"async\" src=\"http:\/\/www.fcf.usp.br\/arquivos\/departamentos\/EMY\/Imagens\/teses%20-%20toxicologia.png\" alt=\"\" width=\"635\" height=\"83\"><\/a><\/h6>\t\t\t\t\t\t<\/div>\n\t\t\t\t<\/div>\n\t\t\t\t\t<\/div>\n\t\t<\/div>\n\t\t\t\t\t<\/div>\n\t\t<\/section>\n\t\t\t\t<section class=\"elementor-section elementor-top-section elementor-element elementor-element-3c49f08 elementor-section-boxed elementor-section-height-default elementor-section-height-default\" data-id=\"3c49f08\" data-element_type=\"section\">\n\t\t\t\t\t\t<div class=\"elementor-container elementor-column-gap-default\">\n\t\t\t\t\t<div class=\"elementor-column elementor-col-100 elementor-top-column elementor-element elementor-element-c9325f0\" data-id=\"c9325f0\" data-element_type=\"column\">\n\t\t\t<div class=\"elementor-widget-wrap elementor-element-populated\">\n\t\t\t\t\t\t<div class=\"elementor-element elementor-element-4565461 elementor-widget elementor-widget-text-editor\" data-id=\"4565461\" data-element_type=\"widget\" data-widget_type=\"text-editor.default\">\n\t\t\t\t<div class=\"elementor-widget-container\">\n\t\t\t\t\t\t\t<p><b>Lista de Teses e Disserta\u00e7\u00f5es defendidas &#8211; 01\/01\/1987 a 10\/03\/2023<\/b><\/p>\n<p><a href=\"https:\/\/sites.usp.br\/fft\/wp-content\/uploads\/sites\/1251\/2023\/03\/Lista-de-Teses-AC-1987-a-2023.pdf\">&#8211; \u00c1rea de An\u00e1lises Cl\u00ednicas<\/a>&nbsp;<\/p>\n<p><a href=\"https:\/\/sites.usp.br\/fft\/wp-content\/uploads\/sites\/1251\/2023\/03\/Lista-de-Teses-FIS-1987-a-2023.pdf\">&#8211; \u00c1rea de Fisiopatologia&nbsp;<\/a><\/p>\n<p><a href=\"https:\/\/sites.usp.br\/fft\/wp-content\/uploads\/sites\/1251\/2023\/03\/Lista-de-Teses-TOX-1987-a-2023.pdf\">&#8211; \u00c1rea de Toxicologia<\/a><\/p>\t\t\t\t\t\t<\/div>\n\t\t\t\t<\/div>\n\t\t\t\t\t<\/div>\n\t\t<\/div>\n\t\t\t\t\t<\/div>\n\t\t<\/section>\n\t\t\t\t<\/div>\n\t\t","protected":false},"excerpt":{"rendered":"<p>Teses defendidas Acesse a lista de Disserta\u00e7\u00f5es e Teses defendidas no Programa de P\u00f3s-Gradua\u00e7\u00e3o em Farm\u00e1cia\u00a0(Fisiopatologia e Toxicologia), ap\u00f3s 2005&#46;&#46;&#46;<\/p>\n","protected":false},"author":23435,"featured_media":0,"parent":0,"menu_order":0,"comment_status":"closed","ping_status":"closed","template":"elementor_header_footer","meta":{"footnotes":"","_links_to":"","_links_to_target":""},"class_list":["post-297","page","type-page","status-publish","hentry"],"_links":{"self":[{"href":"https:\/\/sites.usp.br\/fft\/wp-json\/wp\/v2\/pages\/297","targetHints":{"allow":["GET"]}}],"collection":[{"href":"https:\/\/sites.usp.br\/fft\/wp-json\/wp\/v2\/pages"}],"about":[{"href":"https:\/\/sites.usp.br\/fft\/wp-json\/wp\/v2\/types\/page"}],"author":[{"embeddable":true,"href":"https:\/\/sites.usp.br\/fft\/wp-json\/wp\/v2\/users\/23435"}],"replies":[{"embeddable":true,"href":"https:\/\/sites.usp.br\/fft\/wp-json\/wp\/v2\/comments?post=297"}],"version-history":[{"count":4,"href":"https:\/\/sites.usp.br\/fft\/wp-json\/wp\/v2\/pages\/297\/revisions"}],"predecessor-version":[{"id":1666,"href":"https:\/\/sites.usp.br\/fft\/wp-json\/wp\/v2\/pages\/297\/revisions\/1666"}],"wp:attachment":[{"href":"https:\/\/sites.usp.br\/fft\/wp-json\/wp\/v2\/media?parent=297"}],"curies":[{"name":"wp","href":"https:\/\/api.w.org\/{rel}","templated":true}]}}