{"id":299,"date":"2023-02-07T22:38:06","date_gmt":"2023-02-08T00:38:06","guid":{"rendered":"https:\/\/sites.usp.br\/fft\/?page_id=299"},"modified":"2023-03-09T17:48:28","modified_gmt":"2023-03-09T19:48:28","slug":"premios","status":"publish","type":"page","link":"https:\/\/sites.usp.br\/fft\/premios\/","title":{"rendered":"Pr\u00eamios"},"content":{"rendered":"\t\t<div data-elementor-type=\"wp-page\" data-elementor-id=\"299\" class=\"elementor elementor-299\" data-elementor-post-type=\"page\">\n\t\t\t\t\t\t<section class=\"elementor-section elementor-top-section elementor-element elementor-element-5e4f62f6 elementor-section-boxed elementor-section-height-default elementor-section-height-default\" data-id=\"5e4f62f6\" data-element_type=\"section\">\n\t\t\t\t\t\t<div class=\"elementor-container elementor-column-gap-default\">\n\t\t\t\t\t<div class=\"elementor-column elementor-col-100 elementor-top-column elementor-element elementor-element-4f3175aa\" data-id=\"4f3175aa\" data-element_type=\"column\">\n\t\t\t<div class=\"elementor-widget-wrap elementor-element-populated\">\n\t\t\t\t\t\t<div class=\"elementor-element elementor-element-1db94a2 elementor-widget elementor-widget-spacer\" data-id=\"1db94a2\" data-element_type=\"widget\" data-widget_type=\"spacer.default\">\n\t\t\t\t<div class=\"elementor-widget-container\">\n\t\t\t\t\t<div class=\"elementor-spacer\">\n\t\t\t<div class=\"elementor-spacer-inner\"><\/div>\n\t\t<\/div>\n\t\t\t\t<\/div>\n\t\t\t\t<\/div>\n\t\t\t\t<div class=\"elementor-element elementor-element-8f95f38 elementor-widget elementor-widget-heading\" data-id=\"8f95f38\" data-element_type=\"widget\" data-widget_type=\"heading.default\">\n\t\t\t\t<div class=\"elementor-widget-container\">\n\t\t\t<h2 class=\"elementor-heading-title elementor-size-default\">Pr\u00eamios<\/h2>\t\t<\/div>\n\t\t\t\t<\/div>\n\t\t\t\t<div class=\"elementor-element elementor-element-20c1c435 elementor-widget elementor-widget-text-editor\" data-id=\"20c1c435\" data-element_type=\"widget\" data-widget_type=\"text-editor.default\">\n\t\t\t\t<div class=\"elementor-widget-container\">\n\t\t\t\t\t\t\t<p>[2019]<\/p><p><a href=\"https:\/\/www.prpg.usp.br\/pt-br\/noticias\/5946-resultado-premio-tese-destaque-usp-2019\"><strong>Pr\u00eamio Tese Destaque USP &#8211; 2019<\/strong><\/a><\/p><p>Men\u00e7\u00e3o Honrosa:\u00a0<\/p><p><span style=\"font-family: Nunito, sans-serif; font-size: 17px; font-style: normal; font-variant-ligatures: normal; font-variant-caps: normal; font-weight: 400; color: var( --e-global-color-text );\">T\u00edtulo:\u00a0<\/span><a style=\"font-family: Nunito, sans-serif; font-size: 17px; font-style: normal; font-variant-ligatures: normal; font-variant-caps: normal; font-weight: 400;\" href=\"http:\/\/www.fcf.usp.br\/arquivos\/departamentos\/EMY\/Louise%20Cerdeira%20Premio_Tese_Usp%20(1).pdf\">\u201cAn\u00e1lise comparativa de Klebsiella pneumoniae multiresistente pertencente ao grupo clonal end\u00eamico de alto risco GC258\u201d<\/a><\/p><p><span style=\"font-family: Nunito, sans-serif; font-size: 17px; font-style: normal; font-variant-ligatures: normal; font-variant-caps: normal; font-weight: 400;\">Autora: Louise Teixeira Cerdeira<\/span><br \/><span style=\"font-family: Nunito, sans-serif; font-size: 17px; font-style: normal; font-variant-ligatures: normal; font-variant-caps: normal; font-weight: 400;\">Programa: Farm\u00e1cia (Fisiopatologia e Toxicologia) \u2013 FCF<\/span><br \/><span style=\"font-family: Nunito, sans-serif; font-size: 17px; font-style: normal; font-variant-ligatures: normal; font-variant-caps: normal; font-weight: 400;\">Orientador: Nilton Erbet Lincopan Huenuman<\/span><\/p><p><strong>\u00a0<\/strong><\/p><p><strong>[2021]\u00a0<\/strong><\/p><p><strong><a href=\"https:\/\/www.prpg.usp.br\/pt-br\/noticias\/7578-resultado-do-%E2%80%9Cpr%C3%AAmio-tese-destaque-usp-10%C2%AA-edi%C3%A7%C3%A3o\">Pr\u00eamio Tese Destaque USP &#8211; 10<\/a><\/strong>\u00aa<strong><a href=\"https:\/\/www.prpg.usp.br\/pt-br\/noticias\/7578-resultado-do-%E2%80%9Cpr%C3%AAmio-tese-destaque-usp-10%C2%AA-edi%C3%A7%C3%A3o\"> Edi\u00e7\u00e3o<\/a><\/strong><\/p><p><strong>Men\u00e7\u00e3o Honrosa:<\/strong><\/p><p>T\u00edtulo:\u00a0<a href=\"https:\/\/teses.usp.br\/teses\/disponiveis\/9\/9136\/tde-07052019-094708\/pt-br.php\">\u201cEfeitos da desnutri\u00e7\u00e3o prot\u00e9ica sobre o microambiente perivascular medular na regula\u00e7\u00e3o da hematopoese\u201d<\/a><\/p><p>Autor(a): Araceli Aparecida Hastreiter<\/p><p>Programa:\u00a0 Farm\u00e1cia (Fisiopatologia e Toxicologia) \u2013 FCF<\/p><p>Orientador(a): Ricardo Ambrosio Fock<\/p><p><strong>\u00a0<\/strong><\/p><p><strong>[2022]<\/strong><\/p><p><strong><a href=\"https:\/\/www.gov.br\/capes\/pt-br\/centrais-de-conteudo\/resultados-dos-editais\/11082022_Edital_1771916_EDITAL_11_RESULTADO_PREMIO_CAPES_DE_TESE.pdf\">Pr\u00eamio Capes de Tese &#8211; Edi\u00e7\u00e3o 2022<\/a><\/strong><\/p><p>Pr\u00eamio &#8211; \u00c1rea de Avalia\u00e7\u00e3o: Farm\u00e1cia<\/p><p>T\u00edtulo: <a href=\"https:\/\/www.teses.usp.br\/teses\/disponiveis\/9\/9136\/tde-05082021-094159\/publico\/Caetano_Padial_Sabino_DD_Original.pdf\">&#8220;Antimicrobial photodynamic inactivation mediated by methylene blue: analysis of inactivation kinetics and biochemical mechanisms&#8221;<\/a><\/p><p>Autor(a): Caetano Padial Sabino\u00a0<\/p><p>Programa:\u00a0 Farm\u00e1cia (Fisiopatologia e Toxicologia) &#8211; FCF<\/p><p>Orientador: NIlton Erbet Lincopan Huenuman<\/p><p>Coorientadora: Profa. Dra. Martha\u00a0 Sim\u00f5es Ribeiro<\/p><p>\u00a0<\/p><p style=\"font-style: normal; font-variant-ligatures: normal; font-variant-caps: normal; font-weight: 400; font-size: 17px; font-family: Nunito, sans-serif;\"><span style=\"font-weight: 600;\">[2022]<\/span><\/p><p><strong><a href=\"https:\/\/prpg.usp.br\/attachments\/article\/31\/Edital_PRPG_52_2022-Resultado-Premio-Video.pdf\">Pr\u00eamio V\u00eddeo P\u00f3s-Gradua\u00e7\u00e3o USP 2022<\/a><\/strong><\/p><p>Pr\u00eamio \u2013 \u00c1rea de Ci\u00eancias da Sa\u00fade II\u00a0<\/p><p>T\u00edtulo: <a href=\"https:\/\/www.youtube.com\/watch?v=I8e4GGV9AGU\">\u201cEdi\u00e7\u00e3o gen\u00f4mica aliada ao modelo de pele humana reconstru\u00edda como plataforma para estudos de doen\u00e7as da pele causadas por muta\u00e7\u00f5es gen\u00e9ticas\u201d<\/a><\/p><p>Autor(a): Julia Rezende da Silva\u00a0<\/p><p>Programa:\u00a0 Farm\u00e1cia (Fisiopatologia e Toxicologia) \u2013 FCF<\/p><p>Orientadora: Profa. Dra. Silvya Stuchi Maria Engler\u00a0<\/p><p>Coorientadora: Profa. Dra. \u00c9rica Aparecida de Oliveira<\/p>\t\t\t\t\t\t<\/div>\n\t\t\t\t<\/div>\n\t\t\t\t\t<\/div>\n\t\t<\/div>\n\t\t\t\t\t<\/div>\n\t\t<\/section>\n\t\t\t\t<section class=\"elementor-section elementor-top-section elementor-element elementor-element-ddbf150 elementor-section-boxed elementor-section-height-default elementor-section-height-default\" data-id=\"ddbf150\" data-element_type=\"section\">\n\t\t\t\t\t\t<div class=\"elementor-container elementor-column-gap-default\">\n\t\t\t\t\t<div class=\"elementor-column elementor-col-100 elementor-top-column elementor-element elementor-element-fcd89ec\" data-id=\"fcd89ec\" data-element_type=\"column\">\n\t\t\t<div class=\"elementor-widget-wrap elementor-element-populated\">\n\t\t\t\t\t\t<div class=\"elementor-element elementor-element-b7a895d elementor-widget elementor-widget-text-editor\" data-id=\"b7a895d\" data-element_type=\"widget\" data-widget_type=\"text-editor.default\">\n\t\t\t\t<div class=\"elementor-widget-container\">\n\t\t\t\t\t\t\t<p>Fotos:\u00a0<\/p>\t\t\t\t\t\t<\/div>\n\t\t\t\t<\/div>\n\t\t\t\t<div class=\"elementor-element elementor-element-241f8a2 elementor-widget elementor-widget-text-editor\" data-id=\"241f8a2\" data-element_type=\"widget\" data-widget_type=\"text-editor.default\">\n\t\t\t\t<div class=\"elementor-widget-container\">\n\t\t\t\t\t\t\t<p><a href=\"https:\/\/sites.usp.br\/fft\/wp-content\/uploads\/sites\/1251\/2023\/03\/foto-01.jpg\"><img fetchpriority=\"high\" decoding=\"async\" class=\"alignnone size-medium wp-image-1623\" src=\"https:\/\/sites.usp.br\/fft\/wp-content\/uploads\/sites\/1251\/2023\/03\/foto-01-225x300.jpg\" alt=\"\" width=\"225\" height=\"300\" srcset=\"https:\/\/sites.usp.br\/fft\/wp-content\/uploads\/sites\/1251\/2023\/03\/foto-01-225x300.jpg 225w, https:\/\/sites.usp.br\/fft\/wp-content\/uploads\/sites\/1251\/2023\/03\/foto-01-768x1024.jpg 768w, https:\/\/sites.usp.br\/fft\/wp-content\/uploads\/sites\/1251\/2023\/03\/foto-01-1152x1536.jpg 1152w, https:\/\/sites.usp.br\/fft\/wp-content\/uploads\/sites\/1251\/2023\/03\/foto-01-400x533.jpg 400w, https:\/\/sites.usp.br\/fft\/wp-content\/uploads\/sites\/1251\/2023\/03\/foto-01.jpg 1200w\" sizes=\"(max-width: 225px) 100vw, 225px\" \/><\/a><a href=\"https:\/\/sites.usp.br\/fft\/wp-content\/uploads\/sites\/1251\/2023\/03\/foto-02.jpg\"><img decoding=\"async\" class=\"alignnone size-medium wp-image-1627\" src=\"https:\/\/sites.usp.br\/fft\/wp-content\/uploads\/sites\/1251\/2023\/03\/foto-02-225x300.jpg\" alt=\"\" width=\"225\" height=\"300\" srcset=\"https:\/\/sites.usp.br\/fft\/wp-content\/uploads\/sites\/1251\/2023\/03\/foto-02-225x300.jpg 225w, https:\/\/sites.usp.br\/fft\/wp-content\/uploads\/sites\/1251\/2023\/03\/foto-02-768x1024.jpg 768w, https:\/\/sites.usp.br\/fft\/wp-content\/uploads\/sites\/1251\/2023\/03\/foto-02-1152x1536.jpg 1152w, https:\/\/sites.usp.br\/fft\/wp-content\/uploads\/sites\/1251\/2023\/03\/foto-02-400x533.jpg 400w, https:\/\/sites.usp.br\/fft\/wp-content\/uploads\/sites\/1251\/2023\/03\/foto-02.jpg 1200w\" sizes=\"(max-width: 225px) 100vw, 225px\" \/><\/a><a href=\"https:\/\/sites.usp.br\/fft\/wp-content\/uploads\/sites\/1251\/2023\/03\/foto-03.jpg\"><img decoding=\"async\" class=\"alignnone size-medium wp-image-1628\" src=\"https:\/\/sites.usp.br\/fft\/wp-content\/uploads\/sites\/1251\/2023\/03\/foto-03-225x300.jpg\" alt=\"\" width=\"225\" height=\"300\" srcset=\"https:\/\/sites.usp.br\/fft\/wp-content\/uploads\/sites\/1251\/2023\/03\/foto-03-225x300.jpg 225w, https:\/\/sites.usp.br\/fft\/wp-content\/uploads\/sites\/1251\/2023\/03\/foto-03-768x1024.jpg 768w, https:\/\/sites.usp.br\/fft\/wp-content\/uploads\/sites\/1251\/2023\/03\/foto-03-1152x1536.jpg 1152w, https:\/\/sites.usp.br\/fft\/wp-content\/uploads\/sites\/1251\/2023\/03\/foto-03-400x533.jpg 400w, https:\/\/sites.usp.br\/fft\/wp-content\/uploads\/sites\/1251\/2023\/03\/foto-03.jpg 1200w\" sizes=\"(max-width: 225px) 100vw, 225px\" \/><\/a>\u00a0 \u00a0 \u00a0\u00a0<\/p>\t\t\t\t\t\t<\/div>\n\t\t\t\t<\/div>\n\t\t\t\t<div class=\"elementor-element elementor-element-4fe96ef elementor-widget elementor-widget-spacer\" data-id=\"4fe96ef\" data-element_type=\"widget\" data-widget_type=\"spacer.default\">\n\t\t\t\t<div class=\"elementor-widget-container\">\n\t\t\t\t\t<div class=\"elementor-spacer\">\n\t\t\t<div class=\"elementor-spacer-inner\"><\/div>\n\t\t<\/div>\n\t\t\t\t<\/div>\n\t\t\t\t<\/div>\n\t\t\t\t\t<\/div>\n\t\t<\/div>\n\t\t\t\t\t<\/div>\n\t\t<\/section>\n\t\t\t\t<section class=\"elementor-section elementor-top-section elementor-element elementor-element-6f42621 elementor-section-boxed elementor-section-height-default elementor-section-height-default\" data-id=\"6f42621\" data-element_type=\"section\">\n\t\t\t\t\t\t<div class=\"elementor-container elementor-column-gap-default\">\n\t\t\t\t\t<div class=\"elementor-column elementor-col-100 elementor-top-column elementor-element elementor-element-fd5365e\" data-id=\"fd5365e\" data-element_type=\"column\">\n\t\t\t<div class=\"elementor-widget-wrap elementor-element-populated\">\n\t\t\t\t\t\t\t<\/div>\n\t\t<\/div>\n\t\t\t\t\t<\/div>\n\t\t<\/section>\n\t\t\t\t<\/div>\n\t\t","protected":false},"excerpt":{"rendered":"<p>Pr\u00eamios [2019] Pr\u00eamio Tese Destaque USP &#8211; 2019 Men\u00e7\u00e3o Honrosa:\u00a0 T\u00edtulo:\u00a0\u201cAn\u00e1lise comparativa de Klebsiella pneumoniae multiresistente pertencente ao grupo clonal&#46;&#46;&#46;<\/p>\n","protected":false},"author":23435,"featured_media":0,"parent":0,"menu_order":0,"comment_status":"closed","ping_status":"closed","template":"elementor_header_footer","meta":{"footnotes":"","_links_to":"","_links_to_target":""},"class_list":["post-299","page","type-page","status-publish","hentry"],"_links":{"self":[{"href":"https:\/\/sites.usp.br\/fft\/wp-json\/wp\/v2\/pages\/299","targetHints":{"allow":["GET"]}}],"collection":[{"href":"https:\/\/sites.usp.br\/fft\/wp-json\/wp\/v2\/pages"}],"about":[{"href":"https:\/\/sites.usp.br\/fft\/wp-json\/wp\/v2\/types\/page"}],"author":[{"embeddable":true,"href":"https:\/\/sites.usp.br\/fft\/wp-json\/wp\/v2\/users\/23435"}],"replies":[{"embeddable":true,"href":"https:\/\/sites.usp.br\/fft\/wp-json\/wp\/v2\/comments?post=299"}],"version-history":[{"count":5,"href":"https:\/\/sites.usp.br\/fft\/wp-json\/wp\/v2\/pages\/299\/revisions"}],"predecessor-version":[{"id":1631,"href":"https:\/\/sites.usp.br\/fft\/wp-json\/wp\/v2\/pages\/299\/revisions\/1631"}],"wp:attachment":[{"href":"https:\/\/sites.usp.br\/fft\/wp-json\/wp\/v2\/media?parent=299"}],"curies":[{"name":"wp","href":"https:\/\/api.w.org\/{rel}","templated":true}]}}