{"id":307,"date":"2023-02-07T22:40:22","date_gmt":"2023-02-08T00:40:22","guid":{"rendered":"https:\/\/sites.usp.br\/fft\/?page_id=307"},"modified":"2023-03-09T17:38:17","modified_gmt":"2023-03-09T19:38:17","slug":"auxilios-capes-proex","status":"publish","type":"page","link":"https:\/\/sites.usp.br\/fft\/auxilios-capes-proex\/","title":{"rendered":"Aux\u00edlios CAPES\/PROEX"},"content":{"rendered":"\t\t<div data-elementor-type=\"wp-page\" data-elementor-id=\"307\" class=\"elementor elementor-307\" data-elementor-post-type=\"page\">\n\t\t\t\t\t\t<section class=\"elementor-section elementor-top-section elementor-element elementor-element-88c03e7 elementor-section-boxed elementor-section-height-default elementor-section-height-default\" data-id=\"88c03e7\" data-element_type=\"section\">\n\t\t\t\t\t\t<div class=\"elementor-container elementor-column-gap-default\">\n\t\t\t\t\t<div class=\"elementor-column elementor-col-100 elementor-top-column elementor-element elementor-element-53f6bdf\" data-id=\"53f6bdf\" data-element_type=\"column\">\n\t\t\t<div class=\"elementor-widget-wrap elementor-element-populated\">\n\t\t\t\t\t\t<div class=\"elementor-element elementor-element-d77a82a elementor-widget elementor-widget-spacer\" data-id=\"d77a82a\" data-element_type=\"widget\" data-widget_type=\"spacer.default\">\n\t\t\t\t<div class=\"elementor-widget-container\">\n\t\t\t\t\t<div class=\"elementor-spacer\">\n\t\t\t<div class=\"elementor-spacer-inner\"><\/div>\n\t\t<\/div>\n\t\t\t\t<\/div>\n\t\t\t\t<\/div>\n\t\t\t\t\t<\/div>\n\t\t<\/div>\n\t\t\t\t\t<\/div>\n\t\t<\/section>\n\t\t\t\t<section class=\"elementor-section elementor-top-section elementor-element elementor-element-98afd8e elementor-section-boxed elementor-section-height-default elementor-section-height-default\" data-id=\"98afd8e\" data-element_type=\"section\">\n\t\t\t\t\t\t<div class=\"elementor-container elementor-column-gap-default\">\n\t\t\t\t\t<div class=\"elementor-column elementor-col-100 elementor-top-column elementor-element elementor-element-e918eb0\" data-id=\"e918eb0\" data-element_type=\"column\">\n\t\t\t<div class=\"elementor-widget-wrap elementor-element-populated\">\n\t\t\t\t\t\t<div class=\"elementor-element elementor-element-d1a1bb4 elementor-widget elementor-widget-heading\" data-id=\"d1a1bb4\" data-element_type=\"widget\" data-widget_type=\"heading.default\">\n\t\t\t\t<div class=\"elementor-widget-container\">\n\t\t\t<h2 class=\"elementor-heading-title elementor-size-default\">Aux\u00edlios CAPES\/PROEX<\/h2>\t\t<\/div>\n\t\t\t\t<\/div>\n\t\t\t\t<div class=\"elementor-element elementor-element-b004ed1 elementor-widget elementor-widget-text-editor\" data-id=\"b004ed1\" data-element_type=\"widget\" data-widget_type=\"text-editor.default\">\n\t\t\t\t<div class=\"elementor-widget-container\">\n\t\t\t\t\t\t\t<p>A CCP est\u00e1 recebendo pedido de manuten\u00e7\u00e3o de equipamentos (para uso de p\u00f3s-gradua\u00e7\u00e3o). Preencher o\u00a0<a href=\"https:\/\/sites.usp.br\/fft\/wp-content\/uploads\/sites\/1251\/2023\/03\/Requsicao-de-verba-atraves-do-proex.docx\" target=\"_blank\" rel=\"noopener\">formu<\/a><a href=\"http:\/\/www.fcf.usp.br\/arquivos\/20092022-135044.pdf\" target=\"_blank\" rel=\"noopener\">l\u00e1rio <\/a>e mandar\u00a0<span style=\"color: var( --e-global-color-text );\">3 or\u00e7amentos para pgac@usp.br.<\/span><\/p>\t\t\t\t\t\t<\/div>\n\t\t\t\t<\/div>\n\t\t\t\t\t<\/div>\n\t\t<\/div>\n\t\t\t\t\t<\/div>\n\t\t<\/section>\n\t\t\t\t<section class=\"elementor-section elementor-top-section elementor-element elementor-element-22c851a elementor-section-boxed elementor-section-height-default elementor-section-height-default\" data-id=\"22c851a\" data-element_type=\"section\">\n\t\t\t\t\t\t<div class=\"elementor-container elementor-column-gap-default\">\n\t\t\t\t\t<div class=\"elementor-column elementor-col-100 elementor-top-column elementor-element elementor-element-1bbd743\" data-id=\"1bbd743\" data-element_type=\"column\">\n\t\t\t<div class=\"elementor-widget-wrap elementor-element-populated\">\n\t\t\t\t\t\t<div class=\"elementor-element elementor-element-ff27652 elementor-widget elementor-widget-spacer\" data-id=\"ff27652\" data-element_type=\"widget\" data-widget_type=\"spacer.default\">\n\t\t\t\t<div class=\"elementor-widget-container\">\n\t\t\t\t\t<div class=\"elementor-spacer\">\n\t\t\t<div class=\"elementor-spacer-inner\"><\/div>\n\t\t<\/div>\n\t\t\t\t<\/div>\n\t\t\t\t<\/div>\n\t\t\t\t\t<\/div>\n\t\t<\/div>\n\t\t\t\t\t<\/div>\n\t\t<\/section>\n\t\t\t\t<\/div>\n\t\t","protected":false},"excerpt":{"rendered":"<p>Aux\u00edlios CAPES\/PROEX A CCP est\u00e1 recebendo pedido de manuten\u00e7\u00e3o de equipamentos (para uso de p\u00f3s-gradua\u00e7\u00e3o). Preencher o\u00a0formul\u00e1rio e mandar\u00a03 or\u00e7amentos&#46;&#46;&#46;<\/p>\n","protected":false},"author":23435,"featured_media":0,"parent":0,"menu_order":0,"comment_status":"closed","ping_status":"closed","template":"elementor_header_footer","meta":{"footnotes":"","_links_to":"","_links_to_target":""},"class_list":["post-307","page","type-page","status-publish","hentry"],"_links":{"self":[{"href":"https:\/\/sites.usp.br\/fft\/wp-json\/wp\/v2\/pages\/307","targetHints":{"allow":["GET"]}}],"collection":[{"href":"https:\/\/sites.usp.br\/fft\/wp-json\/wp\/v2\/pages"}],"about":[{"href":"https:\/\/sites.usp.br\/fft\/wp-json\/wp\/v2\/types\/page"}],"author":[{"embeddable":true,"href":"https:\/\/sites.usp.br\/fft\/wp-json\/wp\/v2\/users\/23435"}],"replies":[{"embeddable":true,"href":"https:\/\/sites.usp.br\/fft\/wp-json\/wp\/v2\/comments?post=307"}],"version-history":[{"count":4,"href":"https:\/\/sites.usp.br\/fft\/wp-json\/wp\/v2\/pages\/307\/revisions"}],"predecessor-version":[{"id":1622,"href":"https:\/\/sites.usp.br\/fft\/wp-json\/wp\/v2\/pages\/307\/revisions\/1622"}],"wp:attachment":[{"href":"https:\/\/sites.usp.br\/fft\/wp-json\/wp\/v2\/media?parent=307"}],"curies":[{"name":"wp","href":"https:\/\/api.w.org\/{rel}","templated":true}]}}