{"id":313,"date":"2023-02-07T22:42:57","date_gmt":"2023-02-08T00:42:57","guid":{"rendered":"https:\/\/sites.usp.br\/fft\/?page_id=313"},"modified":"2023-03-09T17:38:33","modified_gmt":"2023-03-09T19:38:33","slug":"convenios-dupla-titulacao","status":"publish","type":"page","link":"https:\/\/sites.usp.br\/fft\/convenios-dupla-titulacao\/","title":{"rendered":"Conv\u00eanios Dupla-Titula\u00e7\u00e3o"},"content":{"rendered":"\t\t<div data-elementor-type=\"wp-page\" data-elementor-id=\"313\" class=\"elementor elementor-313\" data-elementor-post-type=\"page\">\n\t\t\t\t\t\t<section class=\"elementor-section elementor-top-section elementor-element elementor-element-694cf085 elementor-section-boxed elementor-section-height-default elementor-section-height-default\" data-id=\"694cf085\" data-element_type=\"section\">\n\t\t\t\t\t\t<div class=\"elementor-container elementor-column-gap-default\">\n\t\t\t\t\t<div class=\"elementor-column elementor-col-100 elementor-top-column elementor-element elementor-element-226868c4\" data-id=\"226868c4\" data-element_type=\"column\">\n\t\t\t<div class=\"elementor-widget-wrap elementor-element-populated\">\n\t\t\t\t\t\t<div class=\"elementor-element elementor-element-6409f7c elementor-widget elementor-widget-spacer\" data-id=\"6409f7c\" data-element_type=\"widget\" data-widget_type=\"spacer.default\">\n\t\t\t\t<div class=\"elementor-widget-container\">\n\t\t\t\t\t<div class=\"elementor-spacer\">\n\t\t\t<div class=\"elementor-spacer-inner\"><\/div>\n\t\t<\/div>\n\t\t\t\t<\/div>\n\t\t\t\t<\/div>\n\t\t\t\t<div class=\"elementor-element elementor-element-c40372e elementor-widget elementor-widget-heading\" data-id=\"c40372e\" data-element_type=\"widget\" data-widget_type=\"heading.default\">\n\t\t\t\t<div class=\"elementor-widget-container\">\n\t\t\t<h2 class=\"elementor-heading-title elementor-size-default\">Conv\u00eanios de Dupla-Titula\u00e7\u00e3o FCF<\/h2>\t\t<\/div>\n\t\t\t\t<\/div>\n\t\t\t\t<div class=\"elementor-element elementor-element-2579968e elementor-widget elementor-widget-text-editor\" data-id=\"2579968e\" data-element_type=\"widget\" data-widget_type=\"text-editor.default\">\n\t\t\t\t<div class=\"elementor-widget-container\">\n\t\t\t\t\t\t\t<p><span style=\"color: var( --e-global-color-text );\">Conv\u00eanios de Dupla ou M\u00faltipla Titula\u00e7\u00e3o s\u00e3o acordos de coopera\u00e7\u00e3o internacionais que permitem aos alunos de institui\u00e7\u00f5es estrangeiras trocarem expertises em \u00e1reas afins e obterem diplomas reconhecidos pelas institui\u00e7\u00f5es envolvidas.<\/span><\/p><p><span style=\"color: var( --e-global-color-text );\">\u00a0<\/span><\/p><p>A lista de conv\u00eanios vigentes\u00a0para essa modalidade pode ser conferida em:\u00a0<a href=\"http:\/\/www.fcf.usp.br\/arquivos\/internacional\/CRInt\/Convenios%20Ativos%2007.10.20.pdf\">Conv\u00eanios Ativos<\/a><\/p><p>\u00a0<\/p><p>Para obter mais informa\u00e7\u00f5es sobre os Conv\u00eanios de Dupla-Titula\u00e7\u00e3o entre em contato com a\u00a0<a href=\"http:\/\/www.fcf.usp.br\/pos-graduacao\/\" target=\"_blank\" rel=\"noopener\">Secretaria de P\u00f3s-Gradua\u00e7\u00e3o<\/a>.<\/p><p>\u00a0<\/p>\t\t\t\t\t\t<\/div>\n\t\t\t\t<\/div>\n\t\t\t\t\t<\/div>\n\t\t<\/div>\n\t\t\t\t\t<\/div>\n\t\t<\/section>\n\t\t\t\t<section class=\"elementor-section elementor-top-section elementor-element elementor-element-06666e9 elementor-section-boxed elementor-section-height-default elementor-section-height-default\" data-id=\"06666e9\" data-element_type=\"section\">\n\t\t\t\t\t\t<div class=\"elementor-container elementor-column-gap-default\">\n\t\t\t\t\t<div class=\"elementor-column elementor-col-100 elementor-top-column elementor-element elementor-element-a47ca45\" data-id=\"a47ca45\" data-element_type=\"column\">\n\t\t\t<div class=\"elementor-widget-wrap elementor-element-populated\">\n\t\t\t\t\t\t<div class=\"elementor-element elementor-element-c617086 elementor-widget elementor-widget-spacer\" data-id=\"c617086\" data-element_type=\"widget\" data-widget_type=\"spacer.default\">\n\t\t\t\t<div class=\"elementor-widget-container\">\n\t\t\t\t\t<div class=\"elementor-spacer\">\n\t\t\t<div class=\"elementor-spacer-inner\"><\/div>\n\t\t<\/div>\n\t\t\t\t<\/div>\n\t\t\t\t<\/div>\n\t\t\t\t\t<\/div>\n\t\t<\/div>\n\t\t\t\t\t<\/div>\n\t\t<\/section>\n\t\t\t\t<\/div>\n\t\t","protected":false},"excerpt":{"rendered":"<p>Conv\u00eanios de Dupla-Titula\u00e7\u00e3o FCF Conv\u00eanios de Dupla ou M\u00faltipla Titula\u00e7\u00e3o s\u00e3o acordos de coopera\u00e7\u00e3o internacionais que permitem aos alunos de&#46;&#46;&#46;<\/p>\n","protected":false},"author":23435,"featured_media":0,"parent":0,"menu_order":0,"comment_status":"closed","ping_status":"closed","template":"elementor_header_footer","meta":{"footnotes":"","_links_to":"","_links_to_target":""},"class_list":["post-313","page","type-page","status-publish","hentry"],"_links":{"self":[{"href":"https:\/\/sites.usp.br\/fft\/wp-json\/wp\/v2\/pages\/313","targetHints":{"allow":["GET"]}}],"collection":[{"href":"https:\/\/sites.usp.br\/fft\/wp-json\/wp\/v2\/pages"}],"about":[{"href":"https:\/\/sites.usp.br\/fft\/wp-json\/wp\/v2\/types\/page"}],"author":[{"embeddable":true,"href":"https:\/\/sites.usp.br\/fft\/wp-json\/wp\/v2\/users\/23435"}],"replies":[{"embeddable":true,"href":"https:\/\/sites.usp.br\/fft\/wp-json\/wp\/v2\/comments?post=313"}],"version-history":[{"count":4,"href":"https:\/\/sites.usp.br\/fft\/wp-json\/wp\/v2\/pages\/313\/revisions"}],"predecessor-version":[{"id":1335,"href":"https:\/\/sites.usp.br\/fft\/wp-json\/wp\/v2\/pages\/313\/revisions\/1335"}],"wp:attachment":[{"href":"https:\/\/sites.usp.br\/fft\/wp-json\/wp\/v2\/media?parent=313"}],"curies":[{"name":"wp","href":"https:\/\/api.w.org\/{rel}","templated":true}]}}