{"id":329,"date":"2023-02-07T22:51:40","date_gmt":"2023-02-08T00:51:40","guid":{"rendered":"https:\/\/sites.usp.br\/fft\/?page_id=329"},"modified":"2023-03-09T17:41:26","modified_gmt":"2023-03-09T19:41:26","slug":"ccp","status":"publish","type":"page","link":"https:\/\/sites.usp.br\/fft\/ccp\/","title":{"rendered":"CCP"},"content":{"rendered":"\t\t<div data-elementor-type=\"wp-page\" data-elementor-id=\"329\" class=\"elementor elementor-329\" data-elementor-post-type=\"page\">\n\t\t\t\t\t\t<section class=\"elementor-section elementor-top-section elementor-element elementor-element-2dcc1e3 elementor-section-boxed elementor-section-height-default elementor-section-height-default\" data-id=\"2dcc1e3\" data-element_type=\"section\">\n\t\t\t\t\t\t<div class=\"elementor-container elementor-column-gap-default\">\n\t\t\t\t\t<div class=\"elementor-column elementor-col-100 elementor-top-column elementor-element elementor-element-1351c28e\" data-id=\"1351c28e\" data-element_type=\"column\">\n\t\t\t<div class=\"elementor-widget-wrap elementor-element-populated\">\n\t\t\t\t\t\t<div class=\"elementor-element elementor-element-bd5c958 elementor-widget elementor-widget-spacer\" data-id=\"bd5c958\" data-element_type=\"widget\" data-widget_type=\"spacer.default\">\n\t\t\t\t<div class=\"elementor-widget-container\">\n\t\t\t\t\t<div class=\"elementor-spacer\">\n\t\t\t<div class=\"elementor-spacer-inner\"><\/div>\n\t\t<\/div>\n\t\t\t\t<\/div>\n\t\t\t\t<\/div>\n\t\t\t\t<div class=\"elementor-element elementor-element-aaa6853 elementor-widget elementor-widget-heading\" data-id=\"aaa6853\" data-element_type=\"widget\" data-widget_type=\"heading.default\">\n\t\t\t\t<div class=\"elementor-widget-container\">\n\t\t\t<h2 class=\"elementor-heading-title elementor-size-default\">Calend\u00e1rio de Reuni\u00f5es 2023<\/h2>\t\t<\/div>\n\t\t\t\t<\/div>\n\t\t\t\t<div class=\"elementor-element elementor-element-42f4c1e elementor-widget elementor-widget-text-editor\" data-id=\"42f4c1e\" data-element_type=\"widget\" data-widget_type=\"text-editor.default\">\n\t\t\t\t<div class=\"elementor-widget-container\">\n\t\t\t\t\t\t\t<p><a href=\"https:\/\/sites.usp.br\/fft\/wp-content\/uploads\/sites\/1251\/2016\/05\/Calendario-de-Reunioes-CCP-2023-1.jpg\">Comiss\u00e3o Coordenadora do Programa (CCP) do Programa de P\u00f3s-Gradua\u00e7\u00e3o em Farm\u00e1cia (Fisiopatologia e Toxicologia) da FCF\/USP<\/a><\/p>\t\t\t\t\t\t<\/div>\n\t\t\t\t<\/div>\n\t\t\t\t\t<\/div>\n\t\t<\/div>\n\t\t\t\t\t<\/div>\n\t\t<\/section>\n\t\t\t\t<section class=\"elementor-section elementor-top-section elementor-element elementor-element-a16a7a3 elementor-section-boxed elementor-section-height-default elementor-section-height-default\" data-id=\"a16a7a3\" data-element_type=\"section\">\n\t\t\t\t\t\t<div class=\"elementor-container elementor-column-gap-default\">\n\t\t\t\t\t<div class=\"elementor-column elementor-col-100 elementor-top-column elementor-element elementor-element-49138df\" data-id=\"49138df\" data-element_type=\"column\">\n\t\t\t<div class=\"elementor-widget-wrap elementor-element-populated\">\n\t\t\t\t\t\t<div class=\"elementor-element elementor-element-3f93cde elementor-widget elementor-widget-spacer\" data-id=\"3f93cde\" data-element_type=\"widget\" data-widget_type=\"spacer.default\">\n\t\t\t\t<div class=\"elementor-widget-container\">\n\t\t\t\t\t<div class=\"elementor-spacer\">\n\t\t\t<div class=\"elementor-spacer-inner\"><\/div>\n\t\t<\/div>\n\t\t\t\t<\/div>\n\t\t\t\t<\/div>\n\t\t\t\t\t<\/div>\n\t\t<\/div>\n\t\t\t\t\t<\/div>\n\t\t<\/section>\n\t\t\t\t<\/div>\n\t\t","protected":false},"excerpt":{"rendered":"<p>Calend\u00e1rio de Reuni\u00f5es 2023 Comiss\u00e3o Coordenadora do Programa (CCP) do Programa de P\u00f3s-Gradua\u00e7\u00e3o em Farm\u00e1cia (Fisiopatologia e Toxicologia) da FCF\/USP<\/p>\n","protected":false},"author":23435,"featured_media":0,"parent":0,"menu_order":0,"comment_status":"closed","ping_status":"closed","template":"elementor_header_footer","meta":{"footnotes":"","_links_to":"","_links_to_target":""},"class_list":["post-329","page","type-page","status-publish","hentry"],"_links":{"self":[{"href":"https:\/\/sites.usp.br\/fft\/wp-json\/wp\/v2\/pages\/329","targetHints":{"allow":["GET"]}}],"collection":[{"href":"https:\/\/sites.usp.br\/fft\/wp-json\/wp\/v2\/pages"}],"about":[{"href":"https:\/\/sites.usp.br\/fft\/wp-json\/wp\/v2\/types\/page"}],"author":[{"embeddable":true,"href":"https:\/\/sites.usp.br\/fft\/wp-json\/wp\/v2\/users\/23435"}],"replies":[{"embeddable":true,"href":"https:\/\/sites.usp.br\/fft\/wp-json\/wp\/v2\/comments?post=329"}],"version-history":[{"count":5,"href":"https:\/\/sites.usp.br\/fft\/wp-json\/wp\/v2\/pages\/329\/revisions"}],"predecessor-version":[{"id":1323,"href":"https:\/\/sites.usp.br\/fft\/wp-json\/wp\/v2\/pages\/329\/revisions\/1323"}],"wp:attachment":[{"href":"https:\/\/sites.usp.br\/fft\/wp-json\/wp\/v2\/media?parent=329"}],"curies":[{"name":"wp","href":"https:\/\/api.w.org\/{rel}","templated":true}]}}