{"id":331,"date":"2023-02-07T22:52:07","date_gmt":"2023-02-08T00:52:07","guid":{"rendered":"https:\/\/sites.usp.br\/fft\/?page_id=331"},"modified":"2023-03-09T17:39:08","modified_gmt":"2023-03-09T19:39:08","slug":"cpg-fcf-usp","status":"publish","type":"page","link":"https:\/\/sites.usp.br\/fft\/cpg-fcf-usp\/","title":{"rendered":"CPG\/FCF\/USP"},"content":{"rendered":"\t\t<div data-elementor-type=\"wp-page\" data-elementor-id=\"331\" class=\"elementor elementor-331\" data-elementor-post-type=\"page\">\n\t\t\t\t\t\t<section class=\"elementor-section elementor-top-section elementor-element elementor-element-ae56772 elementor-section-boxed elementor-section-height-default elementor-section-height-default\" data-id=\"ae56772\" data-element_type=\"section\">\n\t\t\t\t\t\t<div class=\"elementor-container elementor-column-gap-default\">\n\t\t\t\t\t<div class=\"elementor-column elementor-col-100 elementor-top-column elementor-element elementor-element-a797378\" data-id=\"a797378\" data-element_type=\"column\">\n\t\t\t<div class=\"elementor-widget-wrap elementor-element-populated\">\n\t\t\t\t\t\t<div class=\"elementor-element elementor-element-70871af elementor-widget elementor-widget-spacer\" data-id=\"70871af\" data-element_type=\"widget\" data-widget_type=\"spacer.default\">\n\t\t\t\t<div class=\"elementor-widget-container\">\n\t\t\t\t\t<div class=\"elementor-spacer\">\n\t\t\t<div class=\"elementor-spacer-inner\"><\/div>\n\t\t<\/div>\n\t\t\t\t<\/div>\n\t\t\t\t<\/div>\n\t\t\t\t<div class=\"elementor-element elementor-element-5808db8 elementor-widget elementor-widget-heading\" data-id=\"5808db8\" data-element_type=\"widget\" data-widget_type=\"heading.default\">\n\t\t\t\t<div class=\"elementor-widget-container\">\n\t\t\t<h2 class=\"elementor-heading-title elementor-size-default\">Calend\u00e1rio de Reuni\u00f5es 2023<\/h2>\t\t<\/div>\n\t\t\t\t<\/div>\n\t\t\t\t<div class=\"elementor-element elementor-element-6b959d5 elementor-widget elementor-widget-text-editor\" data-id=\"6b959d5\" data-element_type=\"widget\" data-widget_type=\"text-editor.default\">\n\t\t\t\t<div class=\"elementor-widget-container\">\n\t\t\t\t\t\t\t<p><a href=\"https:\/\/sites.usp.br\/fft\/wp-content\/uploads\/sites\/1251\/2016\/05\/Calendario-CPG-2023.pdf\">Comiss\u00e3o de P\u00f3s-Gradua\u00e7\u00e3o da Faculdade de Ci\u00eancias Farmac\u00eauticas da Universidade de S\u00e3o Paulo<\/a><\/p>\t\t\t\t\t\t<\/div>\n\t\t\t\t<\/div>\n\t\t\t\t\t<\/div>\n\t\t<\/div>\n\t\t\t\t\t<\/div>\n\t\t<\/section>\n\t\t\t\t<section class=\"elementor-section elementor-top-section elementor-element elementor-element-3f21db3 elementor-section-boxed elementor-section-height-default elementor-section-height-default\" data-id=\"3f21db3\" data-element_type=\"section\">\n\t\t\t\t\t\t<div class=\"elementor-container elementor-column-gap-default\">\n\t\t\t\t\t<div class=\"elementor-column elementor-col-100 elementor-top-column elementor-element elementor-element-325e2fb\" data-id=\"325e2fb\" data-element_type=\"column\">\n\t\t\t<div class=\"elementor-widget-wrap elementor-element-populated\">\n\t\t\t\t\t\t<div class=\"elementor-element elementor-element-3da548d elementor-widget elementor-widget-spacer\" data-id=\"3da548d\" data-element_type=\"widget\" data-widget_type=\"spacer.default\">\n\t\t\t\t<div class=\"elementor-widget-container\">\n\t\t\t\t\t<div class=\"elementor-spacer\">\n\t\t\t<div class=\"elementor-spacer-inner\"><\/div>\n\t\t<\/div>\n\t\t\t\t<\/div>\n\t\t\t\t<\/div>\n\t\t\t\t\t<\/div>\n\t\t<\/div>\n\t\t\t\t\t<\/div>\n\t\t<\/section>\n\t\t\t\t<\/div>\n\t\t","protected":false},"excerpt":{"rendered":"<p>Calend\u00e1rio de Reuni\u00f5es 2023 Comiss\u00e3o de P\u00f3s-Gradua\u00e7\u00e3o da Faculdade de Ci\u00eancias Farmac\u00eauticas da Universidade de S\u00e3o Paulo<\/p>\n","protected":false},"author":23435,"featured_media":0,"parent":0,"menu_order":0,"comment_status":"closed","ping_status":"closed","template":"elementor_header_footer","meta":{"footnotes":"","_links_to":"","_links_to_target":""},"class_list":["post-331","page","type-page","status-publish","hentry"],"_links":{"self":[{"href":"https:\/\/sites.usp.br\/fft\/wp-json\/wp\/v2\/pages\/331","targetHints":{"allow":["GET"]}}],"collection":[{"href":"https:\/\/sites.usp.br\/fft\/wp-json\/wp\/v2\/pages"}],"about":[{"href":"https:\/\/sites.usp.br\/fft\/wp-json\/wp\/v2\/types\/page"}],"author":[{"embeddable":true,"href":"https:\/\/sites.usp.br\/fft\/wp-json\/wp\/v2\/users\/23435"}],"replies":[{"embeddable":true,"href":"https:\/\/sites.usp.br\/fft\/wp-json\/wp\/v2\/comments?post=331"}],"version-history":[{"count":5,"href":"https:\/\/sites.usp.br\/fft\/wp-json\/wp\/v2\/pages\/331\/revisions"}],"predecessor-version":[{"id":1344,"href":"https:\/\/sites.usp.br\/fft\/wp-json\/wp\/v2\/pages\/331\/revisions\/1344"}],"wp:attachment":[{"href":"https:\/\/sites.usp.br\/fft\/wp-json\/wp\/v2\/media?parent=331"}],"curies":[{"name":"wp","href":"https:\/\/api.w.org\/{rel}","templated":true}]}}