{"id":333,"date":"2023-02-07T22:52:38","date_gmt":"2023-02-08T00:52:38","guid":{"rendered":"https:\/\/sites.usp.br\/fft\/?page_id=333"},"modified":"2023-03-09T17:49:46","modified_gmt":"2023-03-09T19:49:46","slug":"prpg-usp","status":"publish","type":"page","link":"https:\/\/sites.usp.br\/fft\/prpg-usp\/","title":{"rendered":"PRPG\/USP"},"content":{"rendered":"\t\t<div data-elementor-type=\"wp-page\" data-elementor-id=\"333\" class=\"elementor elementor-333\" data-elementor-post-type=\"page\">\n\t\t\t\t\t\t<section class=\"elementor-section elementor-top-section elementor-element elementor-element-bde29a8 elementor-section-boxed elementor-section-height-default elementor-section-height-default\" data-id=\"bde29a8\" data-element_type=\"section\">\n\t\t\t\t\t\t<div class=\"elementor-container elementor-column-gap-default\">\n\t\t\t\t\t<div class=\"elementor-column elementor-col-100 elementor-top-column elementor-element elementor-element-d34a38d\" data-id=\"d34a38d\" data-element_type=\"column\">\n\t\t\t<div class=\"elementor-widget-wrap elementor-element-populated\">\n\t\t\t\t\t\t<div class=\"elementor-element elementor-element-b0c870d elementor-widget elementor-widget-spacer\" data-id=\"b0c870d\" data-element_type=\"widget\" data-widget_type=\"spacer.default\">\n\t\t\t\t<div class=\"elementor-widget-container\">\n\t\t\t\t\t<div class=\"elementor-spacer\">\n\t\t\t<div class=\"elementor-spacer-inner\"><\/div>\n\t\t<\/div>\n\t\t\t\t<\/div>\n\t\t\t\t<\/div>\n\t\t\t\t<div class=\"elementor-element elementor-element-ba6d6ee elementor-widget elementor-widget-heading\" data-id=\"ba6d6ee\" data-element_type=\"widget\" data-widget_type=\"heading.default\">\n\t\t\t\t<div class=\"elementor-widget-container\">\n\t\t\t<h2 class=\"elementor-heading-title elementor-size-default\">Calend\u00e1rios de Reuni\u00f5es 2023<\/h2>\t\t<\/div>\n\t\t\t\t<\/div>\n\t\t\t\t<div class=\"elementor-element elementor-element-bce7cf7 elementor-widget elementor-widget-text-editor\" data-id=\"bce7cf7\" data-element_type=\"widget\" data-widget_type=\"text-editor.default\">\n\t\t\t\t<div class=\"elementor-widget-container\">\n\t\t\t\t\t\t\t\n \t<li><a href=\"https:\/\/prpg.usp.br\/index.php\/pt-br\/todos-os-eventos?filter_from=2023-02-27&amp;filter_category=6\" target=\"_blank\" rel=\"noopener\">C\u00e2mara de Avalia\u00e7\u00e3<\/a>o<\/li>\n \t<li><a href=\"https:\/\/prpg.usp.br\/index.php\/pt-br\/todos-os-eventos?filter_from=2023-02-27&amp;filter_category=5\">C\u00e2mara Curricular<\/a><\/li>\n \t<li><a href=\"https:\/\/prpg.usp.br\/index.php\/pt-br\/todos-os-eventos?filter_from=2023-02-27&amp;filter_category=4\">C\u00e2mara de Normas e Recursos<\/a><\/li>\n\n<div><\/div>\t\t\t\t\t\t<\/div>\n\t\t\t\t<\/div>\n\t\t\t\t<div class=\"elementor-element elementor-element-0000e57 elementor-widget elementor-widget-spacer\" data-id=\"0000e57\" data-element_type=\"widget\" data-widget_type=\"spacer.default\">\n\t\t\t\t<div class=\"elementor-widget-container\">\n\t\t\t\t\t<div class=\"elementor-spacer\">\n\t\t\t<div class=\"elementor-spacer-inner\"><\/div>\n\t\t<\/div>\n\t\t\t\t<\/div>\n\t\t\t\t<\/div>\n\t\t\t\t\t<\/div>\n\t\t<\/div>\n\t\t\t\t\t<\/div>\n\t\t<\/section>\n\t\t\t\t<\/div>\n\t\t","protected":false},"excerpt":{"rendered":"<p>Calend\u00e1rios de Reuni\u00f5es 2023 C\u00e2mara de Avalia\u00e7\u00e3o C\u00e2mara Curricular C\u00e2mara de Normas e Recursos<\/p>\n","protected":false},"author":23435,"featured_media":0,"parent":0,"menu_order":0,"comment_status":"closed","ping_status":"closed","template":"elementor_header_footer","meta":{"footnotes":"","_links_to":"","_links_to_target":""},"class_list":["post-333","page","type-page","status-publish","hentry"],"_links":{"self":[{"href":"https:\/\/sites.usp.br\/fft\/wp-json\/wp\/v2\/pages\/333","targetHints":{"allow":["GET"]}}],"collection":[{"href":"https:\/\/sites.usp.br\/fft\/wp-json\/wp\/v2\/pages"}],"about":[{"href":"https:\/\/sites.usp.br\/fft\/wp-json\/wp\/v2\/types\/page"}],"author":[{"embeddable":true,"href":"https:\/\/sites.usp.br\/fft\/wp-json\/wp\/v2\/users\/23435"}],"replies":[{"embeddable":true,"href":"https:\/\/sites.usp.br\/fft\/wp-json\/wp\/v2\/comments?post=333"}],"version-history":[{"count":4,"href":"https:\/\/sites.usp.br\/fft\/wp-json\/wp\/v2\/pages\/333\/revisions"}],"predecessor-version":[{"id":1434,"href":"https:\/\/sites.usp.br\/fft\/wp-json\/wp\/v2\/pages\/333\/revisions\/1434"}],"wp:attachment":[{"href":"https:\/\/sites.usp.br\/fft\/wp-json\/wp\/v2\/media?parent=333"}],"curies":[{"name":"wp","href":"https:\/\/api.w.org\/{rel}","templated":true}]}}