{"id":641,"date":"2021-12-22T23:27:13","date_gmt":"2021-12-23T02:27:13","guid":{"rendered":"https:\/\/sites.usp.br\/filologia\/?page_id=641"},"modified":"2022-03-04T08:50:01","modified_gmt":"2022-03-04T11:50:01","slug":"scriptorium","status":"publish","type":"page","link":"https:\/\/sites.usp.br\/filologia\/scriptorium\/","title":{"rendered":"Sobre"},"content":{"rendered":"<h1 style=\"text-align: center;\"><span style=\"color: #000000;\"><em>Scriptorium<\/em><\/span><\/h1>\n<p>&nbsp;<\/p>\n<p style=\"text-align: center;\"><span style=\"color: #800000;\"><strong>Laborat\u00f3rio de Estudos Filol\u00f3gicos\u00a0<\/strong><\/span><\/p>\n<p>&nbsp;<\/p>\n<p style=\"text-align: center;\">O\u00a0<em><strong>Scriptorium<\/strong><\/em><strong>\u00a0<\/strong>\u2013 Laborat\u00f3rio de Estudos Filol\u00f3gicos da USP \u2013 nasceu em dezembro de 2021, ap\u00f3s o t\u00e9rmino do I Simp\u00f3sio Internacional Filologia e Humanidades, a fim de promover todo e qualquer evento organizado pelo professor Luiz Ant\u00f4nio Lindo, fil\u00f3logo na \u00e1rea de Filologia Rom\u00e2nica.<\/p>\n<p>&nbsp;<\/p>\n<p style=\"text-align: center;\">O intuito \u00e9 promover a \u00e1rea da Filologia por meio de Simp\u00f3sios, Congressos, Semin\u00e1rios, Palestras, entrevistas, defesas de mestrado e doutorado, bem como em publica\u00e7\u00f5es de artigos, disserta\u00e7\u00f5es, teses e livros.<\/p>\n<p>&nbsp;<\/p>\n<p style=\"text-align: center;\">O grupo dirigido pelo professor Lindo j\u00e1 desenvolveu tr\u00eas grandes eventos: a Semana de Filologia na USP, o mais longevo, com quase quinze edi\u00e7\u00f5es (neste caso, em parceria com outros docentes uspianos); o Simp\u00f3sio de Filologia e Cultura Latino-Americana e o Simp\u00f3sio Internacional Filologia e Humanidades, a cria\u00e7\u00e3o mais recente.<\/p>\n","protected":false},"excerpt":{"rendered":"<p>Scriptorium &nbsp; Laborat\u00f3rio de Estudos Filol\u00f3gicos\u00a0 &nbsp; O\u00a0Scriptorium\u00a0\u2013 Laborat\u00f3rio de Estudos Filol\u00f3gicos da USP \u2013 [&hellip;]<\/p>\n","protected":false},"author":649,"featured_media":0,"parent":0,"menu_order":0,"comment_status":"closed","ping_status":"closed","template":"","meta":{"footnotes":"","_links_to":"","_links_to_target":""},"class_list":["post-641","page","type-page","status-publish","hentry"],"_links":{"self":[{"href":"https:\/\/sites.usp.br\/filologia\/wp-json\/wp\/v2\/pages\/641","targetHints":{"allow":["GET"]}}],"collection":[{"href":"https:\/\/sites.usp.br\/filologia\/wp-json\/wp\/v2\/pages"}],"about":[{"href":"https:\/\/sites.usp.br\/filologia\/wp-json\/wp\/v2\/types\/page"}],"author":[{"embeddable":true,"href":"https:\/\/sites.usp.br\/filologia\/wp-json\/wp\/v2\/users\/649"}],"replies":[{"embeddable":true,"href":"https:\/\/sites.usp.br\/filologia\/wp-json\/wp\/v2\/comments?post=641"}],"version-history":[{"count":4,"href":"https:\/\/sites.usp.br\/filologia\/wp-json\/wp\/v2\/pages\/641\/revisions"}],"predecessor-version":[{"id":734,"href":"https:\/\/sites.usp.br\/filologia\/wp-json\/wp\/v2\/pages\/641\/revisions\/734"}],"wp:attachment":[{"href":"https:\/\/sites.usp.br\/filologia\/wp-json\/wp\/v2\/media?parent=641"}],"curies":[{"name":"wp","href":"https:\/\/api.w.org\/{rel}","templated":true}]}}