{"id":695,"date":"2021-12-23T10:48:08","date_gmt":"2021-12-23T13:48:08","guid":{"rendered":"https:\/\/sites.usp.br\/filologia\/?page_id=695"},"modified":"2021-12-23T13:51:12","modified_gmt":"2021-12-23T16:51:12","slug":"cursos","status":"publish","type":"page","link":"https:\/\/sites.usp.br\/filologia\/cursos\/","title":{"rendered":"Cursos"},"content":{"rendered":"<p>Todos os cursos relativos ao grupo <em>Scriptorium<\/em> ser\u00e3o promovidos neste espa\u00e7o. O professor Luiz Ant\u00f4nio Lindo atua na Gradua\u00e7\u00e3o e na P\u00f3s, e os estudantes membros do grupo come\u00e7ar\u00e3o a lan\u00e7ar cursos de extens\u00e3o no ano de 2022.<\/p>\n","protected":false},"excerpt":{"rendered":"<p>Todos os cursos relativos ao grupo Scriptorium ser\u00e3o promovidos neste espa\u00e7o. O professor Luiz Ant\u00f4nio [&hellip;]<\/p>\n","protected":false},"author":649,"featured_media":0,"parent":0,"menu_order":0,"comment_status":"closed","ping_status":"closed","template":"","meta":{"footnotes":"","_links_to":"","_links_to_target":""},"class_list":["post-695","page","type-page","status-publish","hentry"],"_links":{"self":[{"href":"https:\/\/sites.usp.br\/filologia\/wp-json\/wp\/v2\/pages\/695","targetHints":{"allow":["GET"]}}],"collection":[{"href":"https:\/\/sites.usp.br\/filologia\/wp-json\/wp\/v2\/pages"}],"about":[{"href":"https:\/\/sites.usp.br\/filologia\/wp-json\/wp\/v2\/types\/page"}],"author":[{"embeddable":true,"href":"https:\/\/sites.usp.br\/filologia\/wp-json\/wp\/v2\/users\/649"}],"replies":[{"embeddable":true,"href":"https:\/\/sites.usp.br\/filologia\/wp-json\/wp\/v2\/comments?post=695"}],"version-history":[{"count":2,"href":"https:\/\/sites.usp.br\/filologia\/wp-json\/wp\/v2\/pages\/695\/revisions"}],"predecessor-version":[{"id":713,"href":"https:\/\/sites.usp.br\/filologia\/wp-json\/wp\/v2\/pages\/695\/revisions\/713"}],"wp:attachment":[{"href":"https:\/\/sites.usp.br\/filologia\/wp-json\/wp\/v2\/media?parent=695"}],"curies":[{"name":"wp","href":"https:\/\/api.w.org\/{rel}","templated":true}]}}