{"id":698,"date":"2021-12-23T10:50:38","date_gmt":"2021-12-23T13:50:38","guid":{"rendered":"https:\/\/sites.usp.br\/filologia\/?page_id=698"},"modified":"2022-03-04T09:12:58","modified_gmt":"2022-03-04T12:12:58","slug":"extensao","status":"publish","type":"page","link":"https:\/\/sites.usp.br\/filologia\/extensao\/","title":{"rendered":"Extens\u00e3o"},"content":{"rendered":"<p style=\"text-align: center;\">Em prepara\u00e7\u00e3o. Primeiros cursos previstos para o in\u00edcio de 2022.<\/p>\n","protected":false},"excerpt":{"rendered":"<p>Em prepara\u00e7\u00e3o. Primeiros cursos previstos para o in\u00edcio de 2022.<\/p>\n","protected":false},"author":649,"featured_media":0,"parent":0,"menu_order":0,"comment_status":"closed","ping_status":"closed","template":"","meta":{"footnotes":"","_links_to":"","_links_to_target":""},"class_list":["post-698","page","type-page","status-publish","hentry"],"_links":{"self":[{"href":"https:\/\/sites.usp.br\/filologia\/wp-json\/wp\/v2\/pages\/698","targetHints":{"allow":["GET"]}}],"collection":[{"href":"https:\/\/sites.usp.br\/filologia\/wp-json\/wp\/v2\/pages"}],"about":[{"href":"https:\/\/sites.usp.br\/filologia\/wp-json\/wp\/v2\/types\/page"}],"author":[{"embeddable":true,"href":"https:\/\/sites.usp.br\/filologia\/wp-json\/wp\/v2\/users\/649"}],"replies":[{"embeddable":true,"href":"https:\/\/sites.usp.br\/filologia\/wp-json\/wp\/v2\/comments?post=698"}],"version-history":[{"count":2,"href":"https:\/\/sites.usp.br\/filologia\/wp-json\/wp\/v2\/pages\/698\/revisions"}],"predecessor-version":[{"id":738,"href":"https:\/\/sites.usp.br\/filologia\/wp-json\/wp\/v2\/pages\/698\/revisions\/738"}],"wp:attachment":[{"href":"https:\/\/sites.usp.br\/filologia\/wp-json\/wp\/v2\/media?parent=698"}],"curies":[{"name":"wp","href":"https:\/\/api.w.org\/{rel}","templated":true}]}}