{"id":774,"date":"2022-07-28T20:10:55","date_gmt":"2022-07-28T23:10:55","guid":{"rendered":"https:\/\/sites.usp.br\/filologia\/?page_id=774"},"modified":"2025-05-19T18:08:54","modified_gmt":"2025-05-19T21:08:54","slug":"ii-simposio-internacional-filologia-e-humanidades","status":"publish","type":"page","link":"https:\/\/sites.usp.br\/filologia\/","title":{"rendered":"Home"},"content":{"rendered":"<h2 style=\"text-align: center;\"><strong>Universidade de S\u00e3o Paulo<\/strong><\/h2>\n<p style=\"text-align: center;\"><strong>Faculdade de Filosofia, Letras e Ci\u00eancias Humanas<\/strong><\/p>\n<p style=\"text-align: center;\"><strong>Departamento de Letras Cl\u00e1ssicas e Vern\u00e1culas<\/strong><\/p>\n<h2 style=\"text-align: center;\"><\/h2>\n<h1 style=\"text-align: center;\"><span style=\"color: #ff0000;\">XVIII<\/span>\u00a0Semana de Filologia na USP<\/h1>\n<h3><\/h3>\n<h3 style=\"text-align: center;\"><strong>5, 6 e 7 de maio de 2025<\/strong><\/h3>\n<h3 style=\"text-align: center;\"><strong>9h \u00e0s 18h (hor\u00e1rio de Bras\u00edlia: UTC-3)<\/strong><\/h3>\n<h3><\/h3>\n<h3 style=\"text-align: center;\"><strong>Evento <\/strong><span style=\"color: #ff0000;\"><strong>ON-LINE<\/strong><\/span><\/h3>\n<p style=\"text-align: center;\">Transmiss\u00e3o via <span style=\"color: #ff0000;\"><strong>Meet<\/strong> <span style=\"color: #000000;\">pelo link: https:\/\/meet.google.com\/qhe-oezg-cto<\/span><\/span>\u00a0e retransmiss\u00e3o via <span style=\"color: #ff0000;\"><strong>Youtube<\/strong><\/span><\/p>\n<h3 style=\"text-align: center;\"><span style=\"color: #ff0000;\"><span style=\"color: #000000;\">Para acessar a grava\u00e7\u00e3o da transmiss\u00e3o:<\/span><\/span><\/h3>\n<p style=\"text-align: center;\"><span style=\"color: #ff0000;\"><a style=\"color: #ff0000;\" href=\"https:\/\/youtu.be\/NS1FdVO6Ufc\"> XVIII Semana de Filologia na USP (<\/a><a style=\"color: #ff0000;\" href=\"https:\/\/youtu.be\/NRZzCIJPu0E?si=4qhutjceILbbs1UK\">05.05.2025 &#8211; M<\/a><a style=\"color: #ff0000;\" href=\"https:\/\/youtu.be\/NS1FdVO6Ufc\">anh\u00e3) <\/a><\/span><\/p>\n<p style=\"text-align: center;\"><span style=\"color: #ff0000;\"><a style=\"color: #ff0000;\" href=\"https:\/\/youtu.be\/Hss_fOLgyUs\"> XVIII Semana de Filologia na USP (<\/a><a style=\"color: #ff0000;\" href=\"https:\/\/youtu.be\/NRZzCIJPu0E?si=4qhutjceILbbs1UK\">05.05.2025 &#8211; Tarde<\/a><a style=\"color: #ff0000;\" href=\"https:\/\/youtu.be\/Hss_fOLgyUs\">) <\/a><\/span><\/p>\n<p style=\"text-align: center;\"><span style=\"color: #ff0000;\"><a style=\"color: #ff0000;\" href=\"https:\/\/youtu.be\/E5c-ajM7G2Q?si=3GMAo4DDNA7w0jpe\"> XVIII Semana de Filologia na USP (<\/a><a style=\"color: #ff0000;\" href=\"https:\/\/youtu.be\/NRZzCIJPu0E?si=4qhutjceILbbs1UK\">06.05.2025 &#8211; M<\/a><a style=\"color: #ff0000;\" href=\"https:\/\/youtu.be\/E5c-ajM7G2Q?si=3GMAo4DDNA7w0jpe\">anh\u00e3) <\/a><\/span><\/p>\n<p style=\"text-align: center;\"><span style=\"color: #ff0000;\"><a style=\"color: #ff0000;\" href=\"https:\/\/youtu.be\/pc-GpyppXh8?si=a7TgNNnlchR_ROQs\"> XVIII Semana de Filologia na USP (<\/a><a style=\"color: #ff0000;\" href=\"https:\/\/youtu.be\/Y3l3F7kZ3bE\">06.05.2025 &#8211; Tarde<\/a><a style=\"color: #ff0000;\" href=\"https:\/\/youtu.be\/pc-GpyppXh8?si=a7TgNNnlchR_ROQs\">) <\/a><\/span><\/p>\n<p style=\"text-align: center;\"><span style=\"color: #ff0000;\"><a style=\"color: #ff0000;\" href=\"https:\/\/youtu.be\/Or5yO6O_mDQ\"> XVIII Semana de Filologia na USP (07.05.2025 &#8211; Tarde) <\/a><\/span><\/p>\n<p>&nbsp;<\/p>\n<h3 style=\"text-align: center;\"><span style=\"color: #ff0000;\"><span style=\"color: #000000;\">XVII Semana de Filologia na USP (2024):<\/span><\/span><\/h3>\n<p style=\"text-align: center;\"><span style=\"color: #ff0000;\"><a style=\"color: #ff0000;\" href=\"https:\/\/youtu.be\/8_K5oMulHD0?list=PL-A0PPdfxKswAJBs029hyLwWoefIBmTmu\"> XVII Semana de Filologia na USP (21.05.2024 &#8211; Manh\u00e3) <\/a><\/span><\/p>\n<p style=\"text-align: center;\"><span style=\"color: #ff0000;\"><a style=\"color: #ff0000;\" href=\"https:\/\/youtu.be\/CEi0-8J810k?si=majP4TqII-9Sn3IB\"> XVII Semana de Filologia na USP (21.05.2024 &#8211; Tarde) <\/a><\/span><\/p>\n<p style=\"text-align: center;\"><span style=\"color: #ff0000;\"><a style=\"color: #ff0000;\" href=\"https:\/\/youtu.be\/E5c-ajM7G2Q?si=3GMAo4DDNA7w0jpe\"> XVII Semana de Filologia na USP (22.05.2014 &#8211; Manh\u00e3) <\/a><\/span><\/p>\n<p style=\"text-align: center;\"><span style=\"color: #ff0000;\"><a style=\"color: #ff0000;\" href=\"https:\/\/youtu.be\/pc-GpyppXh8?si=a7TgNNnlchR_ROQs\"> XVII Semana de Filologia na USP (22.05.2024 &#8211; Tarde) <\/a><\/span><\/p>\n<p style=\"text-align: center;\"><span style=\"color: #ff0000;\"><a style=\"color: #ff0000;\" href=\"https:\/\/youtu.be\/NRZzCIJPu0E?si=4qhutjceILbbs1UK\"> XVII Semana de Filologia na USP (23.05.2024 &#8211; Manh\u00e3) <\/a><\/span><\/p>\n<p style=\"text-align: center;\"><a href=\"https:\/\/youtu.be\/YLP_E80enEM?si=FsfuPgAgWHc-O01j\"><span style=\"color: #ff0000;\"> XVII Semana de Filologia na USP (23.05.2024 &#8211; Tarde)<\/span> <\/a><\/p>\n<p style=\"text-align: center;\">Temas da Filologia, da Lingu\u00edstica e da Cultura, dos in\u00edcios aos tempos atuais, distribu\u00eddos pelas seguintes \u00e1reas:<\/p>\n<p style=\"text-align: center;\">Filologia; Lingu\u00edstica Hist\u00f3rica; Cr\u00edtica Textual; Estudos Liter\u00e1rios;\u00a0 Tradu\u00e7\u00e3o; Filosofia.<\/p>\n<p style=\"text-align: center;\">Palestras de professores convidados com a dura\u00e7\u00e3o de 45 minutos.<\/p>\n<p style=\"text-align: center;\">Comunica\u00e7\u00f5es de mestres e doutores, em forma\u00e7\u00e3o ou formados, com a dura\u00e7\u00e3o de 15 minutos.<\/p>\n<p style=\"text-align: center;\"><a href=\"https:\/\/sites.usp.br\/filologia\/wp-content\/uploads\/sites\/321\/2025\/04\/XVIIISEMANA_SCE.pdf\">Programa de Confer\u00eancias e de Comunica\u00e7\u00f5es<\/a><\/p>\n<p style=\"text-align: center;\">Haver\u00e1 emiss\u00e3o de certificado para ouvintes ass\u00edduos, sem necessidade de inscri\u00e7\u00e3o pr\u00e9via,<br \/>\nmediante comprova\u00e7\u00e3o de presen\u00e7a \u00e0s sess\u00f5es (frequ\u00eancia m\u00ednima de 70% ).<\/p>\n<p style=\"text-align: center;\"><strong>\u00a0<\/strong><\/p>\n<p style=\"text-align: center;\"><strong>Organiza\u00e7\u00e3o:\u00a0<\/strong><\/p>\n<p style=\"text-align: center;\">Prof. Dr. Luiz Ant\u00f4nio Lindo<\/p>\n<p style=\"text-align: center;\">Prof. Dr. Jos\u00e9 Rodrigues Seabra Filho<\/p>\n","protected":false},"excerpt":{"rendered":"<p>Universidade de S\u00e3o Paulo Faculdade de Filosofia, Letras e Ci\u00eancias Humanas Departamento de Letras Cl\u00e1ssicas [&hellip;]<\/p>\n","protected":false},"author":649,"featured_media":0,"parent":0,"menu_order":0,"comment_status":"closed","ping_status":"closed","template":"","meta":{"footnotes":"","_links_to":"","_links_to_target":""},"class_list":["post-774","page","type-page","status-publish","hentry"],"_links":{"self":[{"href":"https:\/\/sites.usp.br\/filologia\/wp-json\/wp\/v2\/pages\/774","targetHints":{"allow":["GET"]}}],"collection":[{"href":"https:\/\/sites.usp.br\/filologia\/wp-json\/wp\/v2\/pages"}],"about":[{"href":"https:\/\/sites.usp.br\/filologia\/wp-json\/wp\/v2\/types\/page"}],"author":[{"embeddable":true,"href":"https:\/\/sites.usp.br\/filologia\/wp-json\/wp\/v2\/users\/649"}],"replies":[{"embeddable":true,"href":"https:\/\/sites.usp.br\/filologia\/wp-json\/wp\/v2\/comments?post=774"}],"version-history":[{"count":5,"href":"https:\/\/sites.usp.br\/filologia\/wp-json\/wp\/v2\/pages\/774\/revisions"}],"predecessor-version":[{"id":893,"href":"https:\/\/sites.usp.br\/filologia\/wp-json\/wp\/v2\/pages\/774\/revisions\/893"}],"wp:attachment":[{"href":"https:\/\/sites.usp.br\/filologia\/wp-json\/wp\/v2\/media?parent=774"}],"curies":[{"name":"wp","href":"https:\/\/api.w.org\/{rel}","templated":true}]}}