{"id":229,"date":"2019-07-11T15:03:05","date_gmt":"2019-07-11T17:03:05","guid":{"rendered":"http:\/\/sites.usp.br\/financas\/?page_id=229"},"modified":"2022-08-22T09:05:16","modified_gmt":"2022-08-22T12:05:16","slug":"elementor-229","status":"publish","type":"page","link":"https:\/\/sites.usp.br\/financas\/","title":{"rendered":"Home"},"content":{"rendered":"\t\t<div data-elementor-type=\"wp-post\" data-elementor-id=\"229\" class=\"elementor elementor-229\">\n\t\t\t\t\t\t<section class=\"elementor-section elementor-top-section elementor-element elementor-element-508814c7 elementor-section-height-min-height elementor-section-content-middle elementor-section-stretched elementor-section-boxed elementor-section-height-default elementor-section-items-middle\" data-id=\"508814c7\" data-element_type=\"section\" data-settings=\"{&quot;background_background&quot;:&quot;classic&quot;,&quot;stretch_section&quot;:&quot;section-stretched&quot;}\">\n\t\t\t\t\t\t<div class=\"elementor-container elementor-column-gap-default\">\n\t\t\t\t\t<div class=\"elementor-column elementor-col-50 elementor-top-column elementor-element elementor-element-2b1ee579\" data-id=\"2b1ee579\" data-element_type=\"column\">\n\t\t\t<div class=\"elementor-widget-wrap elementor-element-populated\">\n\t\t\t\t\t\t<div class=\"elementor-element elementor-element-594090de elementor-widget-divider--view-line elementor-widget elementor-widget-divider\" data-id=\"594090de\" data-element_type=\"widget\" data-widget_type=\"divider.default\">\n\t\t\t\t<div class=\"elementor-widget-container\">\n\t\t\t\t\t<div class=\"elementor-divider\">\n\t\t\t<span class=\"elementor-divider-separator\">\n\t\t\t\t\t\t<\/span>\n\t\t<\/div>\n\t\t\t\t<\/div>\n\t\t\t\t<\/div>\n\t\t\t\t<div class=\"elementor-element elementor-element-69bee908 elementor-widget elementor-widget-heading\" data-id=\"69bee908\" data-element_type=\"widget\" data-widget_type=\"heading.default\">\n\t\t\t\t<div class=\"elementor-widget-container\">\n\t\t\t<h2 class=\"elementor-heading-title elementor-size-large\">An\u00e1lise Financeira<\/h2>\t\t<\/div>\n\t\t\t\t<\/div>\n\t\t\t\t<div class=\"elementor-element elementor-element-16e18399 elementor-widget elementor-widget-text-editor\" data-id=\"16e18399\" data-element_type=\"widget\" data-widget_type=\"text-editor.default\">\n\t\t\t\t<div class=\"elementor-widget-container\">\n\t\t\t\t\t\t\t<p>Apresenta a vis\u00e3o do gestor sobre a organiza\u00e7\u00e3o, a forma como ele observa a situa\u00e7\u00e3o financeira com a perspectiva dos diversos agentes envolvidos<br \/><br \/><\/p>\t\t\t\t\t\t<\/div>\n\t\t\t\t<\/div>\n\t\t\t\t<div class=\"elementor-element elementor-element-52d18400 elementor-widget elementor-widget-heading\" data-id=\"52d18400\" data-element_type=\"widget\" data-widget_type=\"heading.default\">\n\t\t\t\t<div class=\"elementor-widget-container\">\n\t\t\t<p class=\"elementor-heading-title elementor-size-medium\"><a href=\"https:\/\/sites.usp.br\/financas\/category\/disciplinas\/analise\/\">Read More<\/a><\/p>\t\t<\/div>\n\t\t\t\t<\/div>\n\t\t\t\t\t<\/div>\n\t\t<\/div>\n\t\t\t\t<div class=\"elementor-column elementor-col-50 elementor-top-column elementor-element elementor-element-395df6fd\" data-id=\"395df6fd\" data-element_type=\"column\">\n\t\t\t<div class=\"elementor-widget-wrap elementor-element-populated\">\n\t\t\t\t\t\t<div class=\"elementor-element elementor-element-7e6ef3b7 elementor-widget-divider--view-line elementor-widget elementor-widget-divider\" data-id=\"7e6ef3b7\" data-element_type=\"widget\" data-widget_type=\"divider.default\">\n\t\t\t\t<div class=\"elementor-widget-container\">\n\t\t\t\t\t<div class=\"elementor-divider\">\n\t\t\t<span class=\"elementor-divider-separator\">\n\t\t\t\t\t\t<\/span>\n\t\t<\/div>\n\t\t\t\t<\/div>\n\t\t\t\t<\/div>\n\t\t\t\t<div class=\"elementor-element elementor-element-652590b1 elementor-widget elementor-widget-heading\" data-id=\"652590b1\" data-element_type=\"widget\" data-widget_type=\"heading.default\">\n\t\t\t\t<div class=\"elementor-widget-container\">\n\t\t\t<h2 class=\"elementor-heading-title elementor-size-large\">Administra\u00e7\u00e3o financeira 1<\/h2>\t\t<\/div>\n\t\t\t\t<\/div>\n\t\t\t\t<div class=\"elementor-element elementor-element-42819e2b elementor-widget elementor-widget-text-editor\" data-id=\"42819e2b\" data-element_type=\"widget\" data-widget_type=\"text-editor.default\">\n\t\t\t\t<div class=\"elementor-widget-container\">\n\t\t\t\t\t\t\t<p>Discute as principais decis\u00f5es financeiras de curto prazo da organiza\u00e7\u00e3o. Apresentam-se decis\u00f5es de compras, estoques, cr\u00e9dito, pagamentos. Discutem-se os problemas enfrentados pela organiza\u00e7\u00e3o relativos ao financiamento do capital de giro.<\/p>\t\t\t\t\t\t<\/div>\n\t\t\t\t<\/div>\n\t\t\t\t<div class=\"elementor-element elementor-element-2e002d0e elementor-widget elementor-widget-heading\" data-id=\"2e002d0e\" data-element_type=\"widget\" data-widget_type=\"heading.default\">\n\t\t\t\t<div class=\"elementor-widget-container\">\n\t\t\t<p class=\"elementor-heading-title elementor-size-medium\"><a href=\"http:\/\/sites.usp.br\/financas\/aulas\/\">Mapa de Aulas<\/a><\/p>\t\t<\/div>\n\t\t\t\t<\/div>\n\t\t\t\t\t<\/div>\n\t\t<\/div>\n\t\t\t\t\t<\/div>\n\t\t<\/section>\n\t\t\t\t<section class=\"elementor-section elementor-top-section elementor-element elementor-element-9266219 elementor-section-stretched elementor-section-boxed elementor-section-height-default elementor-section-height-default\" data-id=\"9266219\" data-element_type=\"section\" data-settings=\"{&quot;stretch_section&quot;:&quot;section-stretched&quot;}\">\n\t\t\t\t\t\t<div class=\"elementor-container elementor-column-gap-default\">\n\t\t\t\t\t<div class=\"elementor-column elementor-col-50 elementor-top-column elementor-element elementor-element-b64ee09\" data-id=\"b64ee09\" data-element_type=\"column\">\n\t\t\t<div class=\"elementor-widget-wrap elementor-element-populated\">\n\t\t\t\t\t\t<div class=\"elementor-element elementor-element-117f019 elementor-widget-divider--view-line elementor-widget elementor-widget-divider\" data-id=\"117f019\" data-element_type=\"widget\" data-widget_type=\"divider.default\">\n\t\t\t\t<div class=\"elementor-widget-container\">\n\t\t\t\t\t<div class=\"elementor-divider\">\n\t\t\t<span class=\"elementor-divider-separator\">\n\t\t\t\t\t\t<\/span>\n\t\t<\/div>\n\t\t\t\t<\/div>\n\t\t\t\t<\/div>\n\t\t\t\t<div class=\"elementor-element elementor-element-b3da062 elementor-widget elementor-widget-heading\" data-id=\"b3da062\" data-element_type=\"widget\" data-widget_type=\"heading.default\">\n\t\t\t\t<div class=\"elementor-widget-container\">\n\t\t\t<h2 class=\"elementor-heading-title elementor-size-large\">administra\u00e7\u00e3o financeira 2<\/h2>\t\t<\/div>\n\t\t\t\t<\/div>\n\t\t\t\t<div class=\"elementor-element elementor-element-a9bf461 elementor-widget elementor-widget-text-editor\" data-id=\"a9bf461\" data-element_type=\"widget\" data-widget_type=\"text-editor.default\">\n\t\t\t\t<div class=\"elementor-widget-container\">\n\t\t\t\t\t\t\t<p>Veremos o funcionamento dos mercados financeiros, como seus agentes tomam decis\u00f5es, e como estas interferem nas decis\u00f5es de investimento e financiamento das empresas.<\/p>\t\t\t\t\t\t<\/div>\n\t\t\t\t<\/div>\n\t\t\t\t<div class=\"elementor-element elementor-element-393c884 elementor-widget elementor-widget-heading\" data-id=\"393c884\" data-element_type=\"widget\" data-widget_type=\"heading.default\">\n\t\t\t\t<div class=\"elementor-widget-container\">\n\t\t\t<p class=\"elementor-heading-title elementor-size-medium\"><a href=\"https:\/\/sites.usp.br\/financas\/category\/disciplinas\/adm-fin2\/\">MAPA DE AULAS<\/a><\/p>\t\t<\/div>\n\t\t\t\t<\/div>\n\t\t\t\t\t<\/div>\n\t\t<\/div>\n\t\t\t\t<div class=\"elementor-column elementor-col-50 elementor-top-column elementor-element elementor-element-1e5904f\" data-id=\"1e5904f\" data-element_type=\"column\">\n\t\t\t<div class=\"elementor-widget-wrap elementor-element-populated\">\n\t\t\t\t\t\t<div class=\"elementor-element elementor-element-ce0cc51 elementor-widget-divider--view-line elementor-widget elementor-widget-divider\" data-id=\"ce0cc51\" data-element_type=\"widget\" data-widget_type=\"divider.default\">\n\t\t\t\t<div class=\"elementor-widget-container\">\n\t\t\t\t\t<div class=\"elementor-divider\">\n\t\t\t<span class=\"elementor-divider-separator\">\n\t\t\t\t\t\t<\/span>\n\t\t<\/div>\n\t\t\t\t<\/div>\n\t\t\t\t<\/div>\n\t\t\t\t<div class=\"elementor-element elementor-element-89ba80b elementor-widget elementor-widget-heading\" data-id=\"89ba80b\" data-element_type=\"widget\" data-widget_type=\"heading.default\">\n\t\t\t\t<div class=\"elementor-widget-container\">\n\t\t\t<h2 class=\"elementor-heading-title elementor-size-large\">finan\u00e7as internacionais<\/h2>\t\t<\/div>\n\t\t\t\t<\/div>\n\t\t\t\t<div class=\"elementor-element elementor-element-3afcf2f elementor-widget elementor-widget-text-editor\" data-id=\"3afcf2f\" data-element_type=\"widget\" data-widget_type=\"text-editor.default\">\n\t\t\t\t<div class=\"elementor-widget-container\">\n\t\t\t\t\t\t\t<p>Discute as principais decis\u00f5es financeiras de curto prazo da organiza\u00e7\u00e3o. Apresentam-se decis\u00f5es de compras, estoques, cr\u00e9dito, pagamentos. Discutem-se os problemas enfrentados pela organiza\u00e7\u00e3o relativos ao financiamento do capital de giro.<\/p>\t\t\t\t\t\t<\/div>\n\t\t\t\t<\/div>\n\t\t\t\t<div class=\"elementor-element elementor-element-03b3316 elementor-widget elementor-widget-heading\" data-id=\"03b3316\" data-element_type=\"widget\" data-widget_type=\"heading.default\">\n\t\t\t\t<div class=\"elementor-widget-container\">\n\t\t\t<p class=\"elementor-heading-title elementor-size-medium\"><a href=\"https:\/\/sites.usp.br\/financas\/category\/fin-inter\/\">Read More<\/a><\/p>\t\t<\/div>\n\t\t\t\t<\/div>\n\t\t\t\t\t<\/div>\n\t\t<\/div>\n\t\t\t\t\t<\/div>\n\t\t<\/section>\n\t\t\t\t<section class=\"elementor-section elementor-top-section elementor-element elementor-element-1ece6863 elementor-section-height-min-height elementor-section-content-middle elementor-section-stretched elementor-section-boxed elementor-section-height-default elementor-section-items-middle\" data-id=\"1ece6863\" data-element_type=\"section\" data-settings=\"{&quot;background_background&quot;:&quot;classic&quot;,&quot;stretch_section&quot;:&quot;section-stretched&quot;}\">\n\t\t\t\t\t\t<div class=\"elementor-container elementor-column-gap-default\">\n\t\t\t\t\t<div class=\"elementor-column elementor-col-50 elementor-top-column elementor-element elementor-element-244cf59a\" data-id=\"244cf59a\" data-element_type=\"column\">\n\t\t\t<div class=\"elementor-widget-wrap elementor-element-populated\">\n\t\t\t\t\t\t<div class=\"elementor-element elementor-element-2429503e elementor-widget-divider--view-line elementor-widget elementor-widget-divider\" data-id=\"2429503e\" data-element_type=\"widget\" data-widget_type=\"divider.default\">\n\t\t\t\t<div class=\"elementor-widget-container\">\n\t\t\t\t\t<div class=\"elementor-divider\">\n\t\t\t<span class=\"elementor-divider-separator\">\n\t\t\t\t\t\t<\/span>\n\t\t<\/div>\n\t\t\t\t<\/div>\n\t\t\t\t<\/div>\n\t\t\t\t<div class=\"elementor-element elementor-element-3fbebf1f elementor-widget elementor-widget-heading\" data-id=\"3fbebf1f\" data-element_type=\"widget\" data-widget_type=\"heading.default\">\n\t\t\t\t<div class=\"elementor-widget-container\">\n\t\t\t<h2 class=\"elementor-heading-title elementor-size-large\">indicadores para gest\u00e3o<\/h2>\t\t<\/div>\n\t\t\t\t<\/div>\n\t\t\t\t<div class=\"elementor-element elementor-element-46bc5294 elementor-widget elementor-widget-text-editor\" data-id=\"46bc5294\" data-element_type=\"widget\" data-widget_type=\"text-editor.default\">\n\t\t\t\t<div class=\"elementor-widget-container\">\n\t\t\t\t\t\t\tI am text block. Click edit button to change this text. Lorem ipsum dolor sit amet, consectetur adipiscing elit. Ut elit tellus, luctus nec ullamcorper mattis, pulvinar dapibus leo.\t\t\t\t\t\t<\/div>\n\t\t\t\t<\/div>\n\t\t\t\t<div class=\"elementor-element elementor-element-1d4f6217 elementor-widget elementor-widget-heading\" data-id=\"1d4f6217\" data-element_type=\"widget\" data-widget_type=\"heading.default\">\n\t\t\t\t<div class=\"elementor-widget-container\">\n\t\t\t<p class=\"elementor-heading-title elementor-size-medium\"><a href=\"https:\/\/sites.usp.br\/financas\/category\/disciplinas\/indicadores\/\">Read More<\/a><\/p>\t\t<\/div>\n\t\t\t\t<\/div>\n\t\t\t\t\t<\/div>\n\t\t<\/div>\n\t\t\t\t<div class=\"elementor-column elementor-col-50 elementor-top-column elementor-element elementor-element-708d24b8\" data-id=\"708d24b8\" data-element_type=\"column\">\n\t\t\t<div class=\"elementor-widget-wrap elementor-element-populated\">\n\t\t\t\t\t\t<div class=\"elementor-element elementor-element-28302bad elementor-widget elementor-widget-image\" data-id=\"28302bad\" data-element_type=\"widget\" data-widget_type=\"image.default\">\n\t\t\t\t<div class=\"elementor-widget-container\">\n\t\t\t\t\t\t\t\t\t\t\t\t\t<img fetchpriority=\"high\" decoding=\"async\" width=\"512\" height=\"512\" src=\"https:\/\/sites.usp.br\/financas\/wp-content\/uploads\/sites\/563\/2019\/07\/1470399594_Web_Design.png\" class=\"attachment-full size-full wp-image-248\" alt=\"\" srcset=\"https:\/\/sites.usp.br\/financas\/wp-content\/uploads\/sites\/563\/2019\/07\/1470399594_Web_Design.png 512w, https:\/\/sites.usp.br\/financas\/wp-content\/uploads\/sites\/563\/2019\/07\/1470399594_Web_Design-150x150.png 150w, https:\/\/sites.usp.br\/financas\/wp-content\/uploads\/sites\/563\/2019\/07\/1470399594_Web_Design-300x300.png 300w, https:\/\/sites.usp.br\/financas\/wp-content\/uploads\/sites\/563\/2019\/07\/1470399594_Web_Design-45x45.png 45w, https:\/\/sites.usp.br\/financas\/wp-content\/uploads\/sites\/563\/2019\/07\/1470399594_Web_Design-200x200.png 200w, https:\/\/sites.usp.br\/financas\/wp-content\/uploads\/sites\/563\/2019\/07\/1470399594_Web_Design-400x400.png 400w\" sizes=\"(max-width: 512px) 100vw, 512px\" \/>\t\t\t\t\t\t\t\t\t\t\t\t\t<\/div>\n\t\t\t\t<\/div>\n\t\t\t\t\t<\/div>\n\t\t<\/div>\n\t\t\t\t\t<\/div>\n\t\t<\/section>\n\t\t\t\t<section class=\"elementor-section elementor-top-section elementor-element elementor-element-55113069 elementor-section-stretched elementor-section-boxed elementor-section-height-default elementor-section-height-default\" data-id=\"55113069\" data-element_type=\"section\" data-settings=\"{&quot;stretch_section&quot;:&quot;section-stretched&quot;}\">\n\t\t\t\t\t\t<div class=\"elementor-container elementor-column-gap-default\">\n\t\t\t\t\t<div class=\"elementor-column elementor-col-100 elementor-top-column elementor-element elementor-element-393a6807\" data-id=\"393a6807\" data-element_type=\"column\">\n\t\t\t<div class=\"elementor-widget-wrap elementor-element-populated\">\n\t\t\t\t\t\t<div class=\"elementor-element elementor-element-5022a11d elementor-widget elementor-widget-heading\" data-id=\"5022a11d\" data-element_type=\"widget\" data-widget_type=\"heading.default\">\n\t\t\t\t<div class=\"elementor-widget-container\">\n\t\t\t<h3 class=\"elementor-heading-title elementor-size-large\">caracter\u00edsticas dos cursos<\/h3>\t\t<\/div>\n\t\t\t\t<\/div>\n\t\t\t\t<div class=\"elementor-element elementor-element-5806002b elementor-widget-divider--view-line elementor-widget elementor-widget-divider\" data-id=\"5806002b\" data-element_type=\"widget\" data-widget_type=\"divider.default\">\n\t\t\t\t<div class=\"elementor-widget-container\">\n\t\t\t\t\t<div class=\"elementor-divider\">\n\t\t\t<span class=\"elementor-divider-separator\">\n\t\t\t\t\t\t<\/span>\n\t\t<\/div>\n\t\t\t\t<\/div>\n\t\t\t\t<\/div>\n\t\t\t\t<section class=\"elementor-section elementor-inner-section elementor-element elementor-element-6c863e75 elementor-section-boxed elementor-section-height-default elementor-section-height-default\" data-id=\"6c863e75\" data-element_type=\"section\">\n\t\t\t\t\t\t<div class=\"elementor-container elementor-column-gap-wider\">\n\t\t\t\t\t<div class=\"elementor-column elementor-col-50 elementor-inner-column elementor-element elementor-element-641249c5\" data-id=\"641249c5\" data-element_type=\"column\">\n\t\t\t<div class=\"elementor-widget-wrap elementor-element-populated\">\n\t\t\t\t\t\t<div class=\"elementor-element elementor-element-49dc4964 elementor-position-left elementor-vertical-align-middle elementor-widget elementor-widget-image-box\" data-id=\"49dc4964\" data-element_type=\"widget\" data-widget_type=\"image-box.default\">\n\t\t\t\t<div class=\"elementor-widget-container\">\n\t\t\t<div class=\"elementor-image-box-wrapper\"><figure class=\"elementor-image-box-img\"><img decoding=\"async\" width=\"128\" height=\"128\" src=\"https:\/\/sites.usp.br\/financas\/wp-content\/uploads\/sites\/563\/2019\/07\/1470399662_Marketing.png\" class=\"attachment-full size-full wp-image-249\" alt=\"\" srcset=\"https:\/\/sites.usp.br\/financas\/wp-content\/uploads\/sites\/563\/2019\/07\/1470399662_Marketing.png 128w, https:\/\/sites.usp.br\/financas\/wp-content\/uploads\/sites\/563\/2019\/07\/1470399662_Marketing-45x45.png 45w\" sizes=\"(max-width: 128px) 100vw, 128px\" \/><\/figure><div class=\"elementor-image-box-content\"><h3 class=\"elementor-image-box-title\">Abertos<\/h3><p class=\"elementor-image-box-description\">A USP \u00e9 uma institui\u00e7\u00e3o p\u00fablica, assim o conhecimento deve ser compartilhado.<\/p><\/div><\/div>\t\t<\/div>\n\t\t\t\t<\/div>\n\t\t\t\t<div class=\"elementor-element elementor-element-7b54c126 elementor-position-left elementor-vertical-align-middle elementor-widget elementor-widget-image-box\" data-id=\"7b54c126\" data-element_type=\"widget\" data-widget_type=\"image-box.default\">\n\t\t\t\t<div class=\"elementor-widget-container\">\n\t\t\t<div class=\"elementor-image-box-wrapper\"><figure class=\"elementor-image-box-img\"><img decoding=\"async\" width=\"128\" height=\"128\" src=\"https:\/\/sites.usp.br\/financas\/wp-content\/uploads\/sites\/563\/2019\/07\/1470399671_SEO.png\" class=\"attachment-full size-full wp-image-250\" alt=\"\" srcset=\"https:\/\/sites.usp.br\/financas\/wp-content\/uploads\/sites\/563\/2019\/07\/1470399671_SEO.png 128w, https:\/\/sites.usp.br\/financas\/wp-content\/uploads\/sites\/563\/2019\/07\/1470399671_SEO-45x45.png 45w\" sizes=\"(max-width: 128px) 100vw, 128px\" \/><\/figure><div class=\"elementor-image-box-content\"><h3 class=\"elementor-image-box-title\">Pesquis\u00e1veis<\/h3><p class=\"elementor-image-box-description\">Pode-se realizar buscas no site, o que torna muito mais r\u00e1pido e f\u00e1cil achar o que se procura<\/p><\/div><\/div>\t\t<\/div>\n\t\t\t\t<\/div>\n\t\t\t\t\t<\/div>\n\t\t<\/div>\n\t\t\t\t<div class=\"elementor-column elementor-col-50 elementor-inner-column elementor-element elementor-element-3c37a2d3\" data-id=\"3c37a2d3\" data-element_type=\"column\">\n\t\t\t<div class=\"elementor-widget-wrap elementor-element-populated\">\n\t\t\t\t\t\t<div class=\"elementor-element elementor-element-22af39c9 elementor-position-left elementor-vertical-align-middle elementor-widget elementor-widget-image-box\" data-id=\"22af39c9\" data-element_type=\"widget\" data-widget_type=\"image-box.default\">\n\t\t\t\t<div class=\"elementor-widget-container\">\n\t\t\t<div class=\"elementor-image-box-wrapper\"><figure class=\"elementor-image-box-img\"><img loading=\"lazy\" decoding=\"async\" width=\"128\" height=\"128\" src=\"https:\/\/sites.usp.br\/financas\/wp-content\/uploads\/sites\/563\/2019\/07\/1470399674_App_Development.png\" class=\"attachment-full size-full wp-image-252\" alt=\"\" srcset=\"https:\/\/sites.usp.br\/financas\/wp-content\/uploads\/sites\/563\/2019\/07\/1470399674_App_Development.png 128w, https:\/\/sites.usp.br\/financas\/wp-content\/uploads\/sites\/563\/2019\/07\/1470399674_App_Development-45x45.png 45w\" sizes=\"(max-width: 128px) 100vw, 128px\" \/><\/figure><div class=\"elementor-image-box-content\"><h3 class=\"elementor-image-box-title\">Modulares<\/h3><p class=\"elementor-image-box-description\">Os cursos s\u00e3o estruturados em m\u00f3dulos ou aulas que facilitam o aprendizado<\/p><\/div><\/div>\t\t<\/div>\n\t\t\t\t<\/div>\n\t\t\t\t<div class=\"elementor-element elementor-element-693a248 elementor-position-left elementor-vertical-align-middle elementor-widget elementor-widget-image-box\" data-id=\"693a248\" data-element_type=\"widget\" data-widget_type=\"image-box.default\">\n\t\t\t\t<div class=\"elementor-widget-container\">\n\t\t\t<div class=\"elementor-image-box-wrapper\"><figure class=\"elementor-image-box-img\"><img loading=\"lazy\" decoding=\"async\" width=\"128\" height=\"128\" src=\"https:\/\/sites.usp.br\/financas\/wp-content\/uploads\/sites\/563\/2019\/07\/1470399667_Newsletter.png\" class=\"attachment-full size-full wp-image-253\" alt=\"\" srcset=\"https:\/\/sites.usp.br\/financas\/wp-content\/uploads\/sites\/563\/2019\/07\/1470399667_Newsletter.png 128w, https:\/\/sites.usp.br\/financas\/wp-content\/uploads\/sites\/563\/2019\/07\/1470399667_Newsletter-45x45.png 45w\" sizes=\"(max-width: 128px) 100vw, 128px\" \/><\/figure><div class=\"elementor-image-box-content\"><h3 class=\"elementor-image-box-title\">Interativo<\/h3><p class=\"elementor-image-box-description\">H\u00e1 espa\u00e7os para intera\u00e7\u00e3o, troca de informa\u00e7\u00f5es, cr\u00edticas e sugest\u00f5es<\/p><\/div><\/div>\t\t<\/div>\n\t\t\t\t<\/div>\n\t\t\t\t\t<\/div>\n\t\t<\/div>\n\t\t\t\t\t<\/div>\n\t\t<\/section>\n\t\t\t\t\t<\/div>\n\t\t<\/div>\n\t\t\t\t\t<\/div>\n\t\t<\/section>\n\t\t\t\t<section class=\"elementor-section elementor-top-section elementor-element elementor-element-1f503401 elementor-section-boxed elementor-section-height-default elementor-section-height-default\" data-id=\"1f503401\" data-element_type=\"section\" data-settings=\"{&quot;background_background&quot;:&quot;classic&quot;}\">\n\t\t\t\t\t\t\t<div class=\"elementor-background-overlay\"><\/div>\n\t\t\t\t\t\t\t<div class=\"elementor-container elementor-column-gap-default\">\n\t\t\t\t\t<div class=\"elementor-column elementor-col-100 elementor-top-column elementor-element elementor-element-fe89f35\" data-id=\"fe89f35\" data-element_type=\"column\">\n\t\t\t<div class=\"elementor-widget-wrap elementor-element-populated\">\n\t\t\t\t\t\t<div class=\"elementor-element elementor-element-10359836 elementor-widget elementor-widget-heading\" data-id=\"10359836\" data-element_type=\"widget\" data-widget_type=\"heading.default\">\n\t\t\t\t<div class=\"elementor-widget-container\">\n\t\t\t<h2 class=\"elementor-heading-title elementor-size-large\">acompanhe mesmo sem ser aluno<\/h2>\t\t<\/div>\n\t\t\t\t<\/div>\n\t\t\t\t<div class=\"elementor-element elementor-element-e8b6849 elementor-widget elementor-widget-heading\" data-id=\"e8b6849\" data-element_type=\"widget\" data-widget_type=\"heading.default\">\n\t\t\t\t<div class=\"elementor-widget-container\">\n\t\t\t<p class=\"elementor-heading-title elementor-size-medium\">Convido voc\u00ea a participar assistindo as aulas, lendo o material, criticando e dando sugest\u00f5es. \nBasta se cadastrar.<\/p>\t\t<\/div>\n\t\t\t\t<\/div>\n\t\t\t\t<div class=\"elementor-element elementor-element-ad515ef elementor-widget elementor-widget-button\" data-id=\"ad515ef\" data-element_type=\"widget\" data-widget_type=\"button.default\">\n\t\t\t\t<div class=\"elementor-widget-container\">\n\t\t\t\t\t\t\t<div class=\"elementor-button-wrapper\">\n\t\t\t\t\t<a class=\"elementor-button elementor-button-link elementor-size-md\" href=\"#\">\n\t\t\t\t\t\t<span class=\"elementor-button-content-wrapper\">\n\t\t\t\t\t\t\t\t\t<span class=\"elementor-button-text\">Click me<\/span>\n\t\t\t\t\t<\/span>\n\t\t\t\t\t<\/a>\n\t\t\t\t<\/div>\n\t\t\t\t\t\t<\/div>\n\t\t\t\t<\/div>\n\t\t\t\t\t<\/div>\n\t\t<\/div>\n\t\t\t\t\t<\/div>\n\t\t<\/section>\n\t\t\t\t<\/div>\n\t\t","protected":false},"excerpt":{"rendered":"<p>An\u00e1lise Financeira Apresenta a vis\u00e3o do gestor sobre a organiza\u00e7\u00e3o, a forma como ele observa a situa\u00e7\u00e3o financeira com a perspectiva dos diversos agentes envolvidos Read More Administra\u00e7\u00e3o financeira 1 Discute as principais decis\u00f5es financeiras de curto prazo da organiza\u00e7\u00e3o. &hellip; <a href=\"https:\/\/sites.usp.br\/financas\/\">Continue reading <span class=\"meta-nav\">&rarr;<\/span><\/a><\/p>\n","protected":false},"author":1069,"featured_media":0,"parent":0,"menu_order":0,"comment_status":"closed","ping_status":"closed","template":"","meta":{"footnotes":"","_links_to":"","_links_to_target":""},"class_list":["post-229","page","type-page","status-publish","hentry"],"_links":{"self":[{"href":"https:\/\/sites.usp.br\/financas\/wp-json\/wp\/v2\/pages\/229","targetHints":{"allow":["GET"]}}],"collection":[{"href":"https:\/\/sites.usp.br\/financas\/wp-json\/wp\/v2\/pages"}],"about":[{"href":"https:\/\/sites.usp.br\/financas\/wp-json\/wp\/v2\/types\/page"}],"author":[{"embeddable":true,"href":"https:\/\/sites.usp.br\/financas\/wp-json\/wp\/v2\/users\/1069"}],"replies":[{"embeddable":true,"href":"https:\/\/sites.usp.br\/financas\/wp-json\/wp\/v2\/comments?post=229"}],"version-history":[{"count":4,"href":"https:\/\/sites.usp.br\/financas\/wp-json\/wp\/v2\/pages\/229\/revisions"}],"predecessor-version":[{"id":364,"href":"https:\/\/sites.usp.br\/financas\/wp-json\/wp\/v2\/pages\/229\/revisions\/364"}],"wp:attachment":[{"href":"https:\/\/sites.usp.br\/financas\/wp-json\/wp\/v2\/media?parent=229"}],"curies":[{"name":"wp","href":"https:\/\/api.w.org\/{rel}","templated":true}]}}