{"id":4335,"date":"2025-03-20T14:21:15","date_gmt":"2025-03-20T17:21:15","guid":{"rendered":"https:\/\/sites.usp.br\/fisica\/?page_id=4335"},"modified":"2025-09-24T09:29:56","modified_gmt":"2025-09-24T12:29:56","slug":"4335-2","status":"publish","type":"page","link":"https:\/\/sites.usp.br\/fisica\/4335-2\/","title":{"rendered":"Laborat\u00f3rios"},"content":{"rendered":"\t\t<div data-elementor-type=\"wp-page\" data-elementor-id=\"4335\" class=\"elementor elementor-4335\" data-elementor-post-type=\"page\">\n\t\t\t\t\t\t<section class=\"elementor-section elementor-top-section elementor-element elementor-element-5e40fed0 elementor-section-boxed elementor-section-height-default elementor-section-height-default\" data-id=\"5e40fed0\" data-element_type=\"section\">\n\t\t\t\t\t\t<div class=\"elementor-container elementor-column-gap-default\">\n\t\t\t\t\t<div class=\"elementor-column elementor-col-100 elementor-top-column elementor-element elementor-element-63f24187\" data-id=\"63f24187\" data-element_type=\"column\">\n\t\t\t<div class=\"elementor-widget-wrap elementor-element-populated\">\n\t\t\t\t\t\t<div class=\"elementor-element elementor-element-1e883ffc elementor-widget elementor-widget-text-editor\" data-id=\"1e883ffc\" data-element_type=\"widget\" data-widget_type=\"text-editor.default\">\n\t\t\t\t<div class=\"elementor-widget-container\">\n\t\t\t\t\t\t\t<ul><li style=\"text-align: left;\"><strong>LABORAT\u00d3RIOS DOS GRUPOS DE PESQUISA<\/strong><\/li><\/ul><table style=\"height: 2227px;\" width=\"1269\"><tbody><tr><td width=\"99\"><strong>BLOCO B2 &#8211; T\u00c9RREO<\/strong><\/td><td width=\"128\"><strong>DENOMINA\u00c7\u00c3O<\/strong><\/td><td width=\"123\"><strong>GRUPO VINCULADO<\/strong><\/td><td width=\"107\"><strong>DOCENTE RESPONS\u00c1VEL<\/strong><\/td><td width=\"114\"><strong>TELEFONE<\/strong><\/td><\/tr><tr><td width=\"99\">Salas 107, 107A<\/td><td width=\"128\">Laborat\u00f3rio de Sistemas Neurais (SisNe)<\/td><td width=\"123\"><a href=\"http:\/\/sisne.org\/\">SisNe<\/a><\/td><td width=\"107\">Prof. Ant\u00f4nio Carlos Roque da Silva Filho<\/td><td width=\"114\">(16) 3315 3859<\/td><\/tr><tr><td width=\"99\">Sala 107B<\/td><td width=\"128\">Laborat\u00f3rio de Fotobiof\u00edsica<\/td><td width=\"123\"><a href=\"https:\/\/sites.usp.br\/fotobiofisica\/\">Fotobiof\u00edsica<\/a><\/td><td width=\"107\">Profs. George Cunha Cardoso e Luciano Bachmann<\/td><td width=\"114\">(16) 3315 4441<\/td><\/tr><tr><td width=\"99\">Sala 107C<\/td><td width=\"128\">Grupo de Instrumenta\u00e7\u00e3o Fotobiom\u00e9dica<\/td><td width=\"123\"><a href=\"https:\/\/sites.usp.br\/fotobiofisica\/\">Fotobiof\u00edsica<\/a><\/td><td width=\"107\">Prof. George Cunha Cardoso<\/td><td width=\"114\">\u00a0<\/td><\/tr><tr><td width=\"99\">Salas 109, 111<\/td><td width=\"128\">Laborat\u00f3rio de Nanotecnologia e Dosimetria de Radia\u00e7\u00f5es<\/td><td width=\"123\"><a href=\"https:\/\/guidelli.wixsite.com\/nanodose\">NanoDose<\/a><\/td><td width=\"107\">Prof. \u00c9der Jos\u00e9 Guidelli<\/td><td width=\"114\">(16) 3315 4441<\/td><\/tr><tr><td width=\"99\">Sala 110<\/td><td width=\"128\">Laborat\u00f3rio de Espectroscopia Vibracional<\/td><td width=\"123\"><a href=\"https:\/\/sites.usp.br\/fotobiofisica\/\">Fotobiof\u00edsica<\/a><\/td><td width=\"107\">Prof. Luciano Bachmann<\/td><td width=\"114\">(16) 3315 3736<\/td><\/tr><tr><td width=\"99\">Sala 112<\/td><td width=\"128\">Laborat\u00f3rio de Dosimetria \u00d3ptica<\/td><td width=\"123\"><a href=\"https:\/\/sites.usp.br\/fotobiofisica\/\">Fotobiof\u00edsica<\/a><\/td><td width=\"107\">Prof. Luciano Bachmann<\/td><td width=\"114\">(16) 3315 0597<\/td><\/tr><tr><td width=\"99\">Salas 115, 123<\/td><td width=\"128\">Grupo de Imagens e Instrumenta\u00e7\u00e3o em Medicina Nuclear<\/td><td width=\"123\"><a href=\"https:\/\/sites.usp.br\/gimn\/\">GIMN<\/a><\/td><td width=\"107\">Prof. Eder Rezende Moraes<\/td><td width=\"114\">(16) 3315 4363<\/td><\/tr><tr><td width=\"99\">Sala 117<\/td><td width=\"128\">Laborat\u00f3rio de Biof\u00edsica Molecular<\/td><td width=\"123\"><a href=\"https:\/\/sites.usp.br\/lbm\/\">Laborat\u00f3rio de Biof\u00edsica Molecular<\/a><\/td><td width=\"107\">Profs. Ant\u00f4nio Jos\u00e9 da Costa filho e Jos\u00e9 Luiz de Souza Lopes<\/td><td width=\"114\">(16) 3315 3857<\/td><\/tr><tr><td width=\"99\">\u00a0<\/td><td width=\"128\">\u00a0<\/td><td width=\"123\">\u00a0<\/td><td width=\"107\">\u00a0<\/td><td width=\"114\">\u00a0<\/td><\/tr><tr><td width=\"99\"><strong>BLOCO B3 &#8211; T\u00c9RREO<\/strong><\/td><td width=\"128\"><strong>DENOMINA\u00c7\u00c3O<\/strong><\/td><td width=\"123\"><strong>GRUPO VINCULADO<\/strong><\/td><td width=\"107\"><strong>DOCENTE RESPONS\u00c1VEL<\/strong><\/td><td width=\"114\"><strong>TELEFONE<\/strong><\/td><\/tr><tr><td width=\"99\">Salas 100, 105<\/td><td width=\"128\">Laborat\u00f3rio de Imagem Fotoac\u00fastica (LaIF)<\/td><td width=\"123\"><a href=\"https:\/\/sites.usp.br\/giimus\/pt\/\">GIIMUS<\/a><\/td><td width=\"107\">Prof. Th\u00e9o Zerino Pavan<\/td><td width=\"114\">\u00a0<\/td><\/tr><tr><td width=\"99\">Salas 101, 103<\/td><td width=\"128\">Laboratorio de Ultrassom e Magnetismo (LUMA)<\/td><td width=\"123\"><a href=\"https:\/\/sites.usp.br\/giimus\/pt\/\">GIIMUS<\/a><\/td><td width=\"107\">Prof. Antonio Adilton Oliveira Carneiro<\/td><td width=\"114\">(16) 3315 3643<\/td><\/tr><tr><td width=\"99\">Salas 101A, 102, 104,106, 108<\/td><td width=\"128\">Laborat\u00f3rio de Biomagnetismo<\/td><td width=\"123\"><a href=\"https:\/\/biomaglab.wordpress.com\/\">BiomagLab<\/a><\/td><td width=\"107\">Prof. Oswaldo Baffa Filho<\/td><td width=\"114\">(16) 3315 3861<\/td><\/tr><tr><td width=\"99\">\u00a0<\/td><td width=\"128\">\u00a0<\/td><td width=\"123\">\u00a0<\/td><td width=\"107\">\u00a0<\/td><td width=\"114\">\u00a0<\/td><\/tr><tr><td width=\"99\"><strong>BLOCO B5 &#8211; SUPERIOR<\/strong><\/td><td width=\"128\"><strong>DENOMINA\u00c7\u00c3O<\/strong><\/td><td width=\"123\"><strong>GRUPO VINCULADO<\/strong><\/td><td width=\"107\"><strong>DOCENTE RESPONS\u00c1VEL<\/strong><\/td><td width=\"114\"><strong>TELEFONE<\/strong><\/td><\/tr><tr><td width=\"99\">Salas 401 e 403<\/td><td width=\"128\">Laborat\u00f3rio de Sensores e Materiais<\/td><td width=\"123\"><a href=\"https:\/\/sites.usp.br\/sensormat\/\">Sensormat<\/a><\/td><td width=\"107\">Prof. Marcelo Mulato<\/td><td width=\"114\">(16) 3315 4869<\/td><\/tr><tr><td width=\"99\">Sala 405<\/td><td width=\"128\">Laborat\u00f3rio Inbrain<\/td><td width=\"123\"><a href=\"https:\/\/www.inbrainlab.com\/\">Inbrain<\/a><\/td><td width=\"107\">Profa. Renata Ferranti Leoni<\/td><td width=\"114\">(16) 3315 4867<\/td><\/tr><tr><td width=\"99\">Sala 406<\/td><td width=\"128\">Laborat\u00f3rio de F\u00edsica Estat\u00edstica\u00a0 e Biologia e Computacional<\/td><td width=\"123\"><a href=\"https:\/\/fisestat.wordpress.com\/\">Grupo de F\u00edsica Estat\u00edstica Te\u00f3rica e Computacional<\/a><\/td><td width=\"107\">Profs. Nelson Augusto Alves , Ubiraci Pereira da Costa Nevesl, Fernando Fagundes Ferreira<\/td><td width=\"114\">(16) 3315 0385<\/td><\/tr><tr><td width=\"99\">Sala 407<\/td><td width=\"128\">Laborat\u00f3rio de Dosimetria aplicada \u00e0 Radioterapia Cl\u00ednica<\/td><td width=\"123\">DART-C<\/td><td width=\"107\">Profa. Juliana Fernandes Pavoni<\/td><td width=\"114\">(16) 3315 4867<\/td><\/tr><tr><td width=\"99\">Sala 408<\/td><td width=\"128\">Laborat\u00f3rio Inbrain<\/td><td width=\"123\"><a href=\"https:\/\/www.inbrainlab.com\/\">Inbrain<\/a><\/td><td width=\"107\">Prof. Carlos Ernesto Garrido Salmon<\/td><td width=\"114\">(16) 3315 3721<\/td><\/tr><tr><td width=\"99\">Sala 409<\/td><td width=\"128\">Laborat\u00f3rio SMART<\/td><td width=\"123\"><a href=\"https:\/\/pnicolucci2.wixsite.com\/smart\">SMART<\/a><\/td><td width=\"107\">Profa. Patr\u00edcia Nicolucci<\/td><td width=\"114\">(16) 3315 0079<\/td><\/tr><tr><td width=\"99\">Sala 410<\/td><td width=\"128\">Laborat\u00f3rio de F\u00edsica Estat\u00edstica e Biologia Computacional<\/td><td width=\"123\"><a href=\"https:\/\/fisestat.wordpress.com\/\">Grupo de F\u00edsica Estat\u00edstica Te\u00f3rica e Computacional<\/a><\/td><td width=\"107\">Prof. Osame Kinouchi Filho<\/td><td width=\"114\">(16) 3315 4870<\/td><\/tr><tr><td width=\"99\">Sala 411<\/td><td width=\"128\">Laborat\u00f3rio de Modelagem de Sistemas Complexos<\/td><td width=\"123\"><a href=\"https:\/\/sites.usp.br\/lmsc\/\">LMSC<\/a><\/td><td width=\"107\">Prof. Alexandre Souto Martinez<\/td><td width=\"114\">(16) 3315 4865<\/td><\/tr><tr><td width=\"99\">Salas 412, 414 e 416<\/td><td width=\"128\">Laborat\u00f3rio de F\u00edsica Radiol\u00f3gica e Dosimetria<\/td><td width=\"123\">LFRD<\/td><td width=\"107\">Prof. Martin Eduardo Poletti<\/td><td width=\"114\">(16) 3315 4871<\/td><\/tr><\/tbody><\/table><p>\u00a0<\/p><ul><li><strong>LABORAT\u00d3RIOS MULTIUSU\u00c1RIOS<\/strong><\/li><\/ul><p>\u00a0<\/p><table style=\"height: 613px;\" width=\"877\"><tbody><tr><td width=\"99\"><strong>BLOCO B2 &#8211; T\u00c9RREO<\/strong><\/td><td width=\"128\"><strong>DENOMINA\u00c7\u00c3O<\/strong><\/td><td width=\"123\"><strong>DOCENTE RESPONS\u00c1VEL<\/strong><\/td><td width=\"107\"><strong>TELEFONE\u00a0<\/strong><\/td><\/tr><tr><td width=\"99\">Salas 114 e 116<\/td><td width=\"128\">Laborat\u00f3rio de An\u00e1lise e Prepara\u00e7\u00e3o de Amostras<\/td><td width=\"123\">Prof. Antonio Jos\u00e9 da Costa Filho<\/td><td width=\"107\">(16) 3315 3857<\/td><\/tr><tr><td width=\"99\">Salas 118 e 120<\/td><td width=\"128\">Laborat\u00f3rio de Resson\u00e2ncia<\/td><td width=\"123\">Prof. \u00c9der Jose Guidelli<\/td><td width=\"107\">(16) 3315 3857<\/td><\/tr><tr><td width=\"99\">Sala 124<\/td><td width=\"128\">Laborat\u00f3rio de Fluoresc\u00eancia e Fotobiof\u00edsica<\/td><td width=\"123\">Prof. Luciano Bachmann<\/td><td width=\"107\">(16) 3315 3809<\/td><\/tr><tr><td width=\"99\"><strong>BLOCO B3 &#8211; T\u00c9RREO<\/strong><\/td><td width=\"128\">\u00a0<\/td><td width=\"123\">\u00a0<\/td><td width=\"107\">\u00a0<\/td><\/tr><tr><td width=\"99\">Sala 150<\/td><td width=\"128\">Laborat\u00f3rio de Radiodagn\u00f3stico<\/td><td width=\"123\">Prof. Martin Eduardo Poletti<\/td><td width=\"107\">(16) 3315 4365<\/td><\/tr><tr><td width=\"99\">Sala 153<\/td><td width=\"128\">Laborat\u00f3rio de Metrologia em Radiodiagn\u00f3stico<\/td><td width=\"123\">Prof. Martin Eduardo Poletti<\/td><td width=\"107\">(16) 3315 4365<\/td><\/tr><tr><td width=\"99\"><strong>BLOCO 6 &#8211; T\u00c9RREO<\/strong><\/td><td width=\"128\">\u00a0<\/td><td width=\"123\">\u00a0<\/td><td width=\"107\">\u00a0<\/td><\/tr><tr><td width=\"99\">\u00a0<\/td><td width=\"128\">Laborat\u00f3rio de Dosimetria Luminescente<\/td><td width=\"123\">Profa. Patricia Nicolucci<\/td><td width=\"107\">(16) 3315 3717<\/td><\/tr><\/tbody><\/table>\t\t\t\t\t\t<\/div>\n\t\t\t\t<\/div>\n\t\t\t\t\t<\/div>\n\t\t<\/div>\n\t\t\t\t\t<\/div>\n\t\t<\/section>\n\t\t\t\t<section class=\"elementor-section elementor-top-section elementor-element elementor-element-55b7493 elementor-section-boxed elementor-section-height-default elementor-section-height-default\" data-id=\"55b7493\" data-element_type=\"section\">\n\t\t\t\t\t\t<div class=\"elementor-container elementor-column-gap-default\">\n\t\t\t\t\t<div class=\"elementor-column elementor-col-100 elementor-top-column elementor-element elementor-element-8895c6c\" data-id=\"8895c6c\" data-element_type=\"column\">\n\t\t\t<div class=\"elementor-widget-wrap elementor-element-populated\">\n\t\t\t\t\t\t<div class=\"elementor-element elementor-element-062a203 elementor-widget elementor-widget-shortcode\" data-id=\"062a203\" data-element_type=\"widget\" data-widget_type=\"shortcode.default\">\n\t\t\t\t<div class=\"elementor-widget-container\">\n\t\t\t\t\t<div class=\"elementor-shortcode\"><div class=\"gtranslate_wrapper\" id=\"gt-wrapper-18802395\"><\/div><\/div>\n\t\t\t\t<\/div>\n\t\t\t\t<\/div>\n\t\t\t\t\t<\/div>\n\t\t<\/div>\n\t\t\t\t\t<\/div>\n\t\t<\/section>\n\t\t\t\t<\/div>\n\t\t","protected":false},"excerpt":{"rendered":"<p>LABORAT\u00d3RIOS DOS GRUPOS DE PESQUISA BLOCO B2 &#8211; T\u00c9RREO DENOMINA\u00c7\u00c3O GRUPO VINCULADO DOCENTE RESPONS\u00c1VEL TELEFONE Salas 107, 107A Laborat\u00f3rio de Sistemas Neurais (SisNe) SisNe Prof. Ant\u00f4nio Carlos Roque da Silva Filho (16) 3315 3859 Sala 107B Laborat\u00f3rio de Fotobiof\u00edsica Fotobiof\u00edsica Profs. George Cunha Cardoso e Luciano Bachmann (16) 3315 4441 Sala 107C Grupo de Instrumenta\u00e7\u00e3o [&hellip;]<\/p>\n","protected":false},"author":23839,"featured_media":0,"parent":0,"menu_order":0,"comment_status":"closed","ping_status":"closed","template":"","meta":{"_monsterinsights_skip_tracking":false,"_monsterinsights_sitenote_active":false,"_monsterinsights_sitenote_note":"","_monsterinsights_sitenote_category":0,"ocean_post_layout":"","ocean_both_sidebars_style":"","ocean_both_sidebars_content_width":0,"ocean_both_sidebars_sidebars_width":0,"ocean_sidebar":"0","ocean_second_sidebar":"0","ocean_disable_margins":"enable","ocean_add_body_class":"","ocean_shortcode_before_top_bar":"","ocean_shortcode_after_top_bar":"","ocean_shortcode_before_header":"","ocean_shortcode_after_header":"","ocean_has_shortcode":"","ocean_shortcode_after_title":"","ocean_shortcode_before_footer_widgets":"","ocean_shortcode_after_footer_widgets":"","ocean_shortcode_before_footer_bottom":"","ocean_shortcode_after_footer_bottom":"","ocean_display_top_bar":"default","ocean_display_header":"default","ocean_header_style":"","ocean_center_header_left_menu":"0","ocean_custom_header_template":"0","ocean_custom_logo":0,"ocean_custom_retina_logo":0,"ocean_custom_logo_max_width":0,"ocean_custom_logo_tablet_max_width":0,"ocean_custom_logo_mobile_max_width":0,"ocean_custom_logo_max_height":0,"ocean_custom_logo_tablet_max_height":0,"ocean_custom_logo_mobile_max_height":0,"ocean_header_custom_menu":"0","ocean_menu_typo_font_family":"0","ocean_menu_typo_font_subset":"","ocean_menu_typo_font_size":0,"ocean_menu_typo_font_size_tablet":0,"ocean_menu_typo_font_size_mobile":0,"ocean_menu_typo_font_size_unit":"px","ocean_menu_typo_font_weight":"","ocean_menu_typo_font_weight_tablet":"","ocean_menu_typo_font_weight_mobile":"","ocean_menu_typo_transform":"","ocean_menu_typo_transform_tablet":"","ocean_menu_typo_transform_mobile":"","ocean_menu_typo_line_height":0,"ocean_menu_typo_line_height_tablet":0,"ocean_menu_typo_line_height_mobile":0,"ocean_menu_typo_line_height_unit":"","ocean_menu_typo_spacing":0,"ocean_menu_typo_spacing_tablet":0,"ocean_menu_typo_spacing_mobile":0,"ocean_menu_typo_spacing_unit":"","ocean_menu_link_color":"","ocean_menu_link_color_hover":"","ocean_menu_link_color_active":"","ocean_menu_link_background":"","ocean_menu_link_hover_background":"","ocean_menu_link_active_background":"","ocean_menu_social_links_bg":"","ocean_menu_social_hover_links_bg":"","ocean_menu_social_links_color":"","ocean_menu_social_hover_links_color":"","ocean_disable_title":"default","ocean_disable_heading":"default","ocean_post_title":"","ocean_post_subheading":"","ocean_post_title_style":"","ocean_post_title_background_color":"","ocean_post_title_background":0,"ocean_post_title_bg_image_position":"","ocean_post_title_bg_image_attachment":"","ocean_post_title_bg_image_repeat":"","ocean_post_title_bg_image_size":"","ocean_post_title_height":0,"ocean_post_title_bg_overlay":0.5,"ocean_post_title_bg_overlay_color":"","ocean_disable_breadcrumbs":"default","ocean_breadcrumbs_color":"","ocean_breadcrumbs_separator_color":"","ocean_breadcrumbs_links_color":"","ocean_breadcrumbs_links_hover_color":"","ocean_display_footer_widgets":"default","ocean_display_footer_bottom":"default","ocean_custom_footer_template":"0","footnotes":"","_links_to":"","_links_to_target":""},"class_list":["post-4335","page","type-page","status-publish","hentry","entry"],"_links":{"self":[{"href":"https:\/\/sites.usp.br\/fisica\/wp-json\/wp\/v2\/pages\/4335","targetHints":{"allow":["GET"]}}],"collection":[{"href":"https:\/\/sites.usp.br\/fisica\/wp-json\/wp\/v2\/pages"}],"about":[{"href":"https:\/\/sites.usp.br\/fisica\/wp-json\/wp\/v2\/types\/page"}],"author":[{"embeddable":true,"href":"https:\/\/sites.usp.br\/fisica\/wp-json\/wp\/v2\/users\/23839"}],"replies":[{"embeddable":true,"href":"https:\/\/sites.usp.br\/fisica\/wp-json\/wp\/v2\/comments?post=4335"}],"version-history":[{"count":4,"href":"https:\/\/sites.usp.br\/fisica\/wp-json\/wp\/v2\/pages\/4335\/revisions"}],"predecessor-version":[{"id":4648,"href":"https:\/\/sites.usp.br\/fisica\/wp-json\/wp\/v2\/pages\/4335\/revisions\/4648"}],"wp:attachment":[{"href":"https:\/\/sites.usp.br\/fisica\/wp-json\/wp\/v2\/media?parent=4335"}],"curies":[{"name":"wp","href":"https:\/\/api.w.org\/{rel}","templated":true}]}}